{"id":35425,"date":"2020-04-24T10:08:45","date_gmt":"2020-04-24T09:08:45","guid":{"rendered":"https:\/\/www.anniesloan.com\/de\/?post_type=product&#038;p=35425"},"modified":"2025-07-17T08:30:41","modified_gmt":"2025-07-17T06:30:41","slug":"alles-in-farbe","status":"publish","type":"product","link":"https:\/\/www.anniesloan.com\/de\/produkt\/bucher\/alles-in-farbe\/","title":{"rendered":"Alles in Farbe"},"content":{"rendered":"","protected":false},"excerpt":{"rendered":"<p>In ihrem Buch zeigt Annie Sloan wie einfach alles in der Wohnung mit Farbe aufgepeppt werden kann \u2013 nicht nur W\u00e4nde und M\u00f6bel, sondern auch Fu\u00dfb\u00f6den, Textilien, Leuchten, Glas, Jalousien und vieles mehr.<\/p>\n<p>In drei Kapiteln pr\u00e4sentiert sie eine F\u00fclle von Ideen und praktischen Tipps f\u00fcr verschiedenste Untergr\u00fcnde. In 40 Projekten mit zahlreichen Fotos erkl\u00e4rt sie Schritt f\u00fcr Schritt unterschiedliche Arbeitsweisen zum Bemalen, Bedrucken, F\u00e4rben oder Schablonieren; auch ungew\u00f6hnlichere Methoden wie beispielsweise der Bildtransfer und das Vergolden werden ausf\u00fchrlich vorgestellt. Anhand ihrer speziell entwickelten Dekorationsfarben Chalk Paint\u2122 lernen Sie, harmonische Farbkombinationen f\u00fcr jeden Wohnstil zu entdecken und mithilfe der genauen Anleitungen auf Ihre eigene Kreativit\u00e4t zu vertrauen. Und das Beste: Sie brauchen weder spezielle Vorkenntnisse noch besonderes k\u00fcnstlerisches Talent, um mit den DIY-Projekten in diesem Buch Ihre Wohnung individuell zu gestalten.<\/p>\n<p>NEUBUCH Verlag: Cico Books (2017)<\/p>\n<p>Fotografie: Christopher Drake<\/p>\n","protected":false},"featured_media":35426,"template":"","meta":{"_acf_changed":false,"_relevanssi_hide_post":"","_relevanssi_hide_content":"","_relevanssi_pin_for_all":"","_relevanssi_pin_keywords":"","_relevanssi_unpin_keywords":"","_relevanssi_related_keywords":"","_relevanssi_related_include_ids":"","_relevanssi_related_exclude_ids":"","_relevanssi_related_no_append":"","_relevanssi_related_not_related":"","_relevanssi_related_posts":"","_relevanssi_noindex_reason":""},"product_brand":[],"product_cat":[65,1172,66],"product_tag":[],"class_list":{"0":"post-35425","1":"product","2":"type-product","3":"status-publish","4":"has-post-thumbnail","6":"product_cat-geschenkideen-und-sets","7":"product_cat-geschenke-unter-30e","8":"product_cat-bucher","9":"product_shipping_class-warenpost","11":"first","12":"instock","13":"taxable","14":"shipping-taxable","15":"purchasable","16":"product-type-simple"},"acf":[],"yoast_head":"<!-- This site is optimized with the Yoast SEO Premium plugin v26.5 (Yoast SEO v26.5) - https:\/\/yoast.com\/wordpress\/plugins\/seo\/ -->\n<title>Alles in Farbe | Buch von Annie Sloan | Annie Sloan DE<\/title>\n<meta name=\"description\" content=\"In diesem Buch von Annie Sloan finden Sie in 40 Schritt-f\u00fcr-Schritt-Anleitungen Anwendungsideen f\u00fcr dekorative Farben, die Sie nie f\u00fcr m\u00f6glich gehalten h\u00e4tten.\" \/>\n<meta name=\"robots\" content=\"index, follow, max-snippet:-1, max-image-preview:large, max-video-preview:-1\" \/>\n<link rel=\"canonical\" href=\"https:\/\/www.anniesloan.com\/de\/produkt\/bucher\/alles-in-farbe\/\" \/>\n<meta property=\"og:locale\" content=\"de_DE\" \/>\n<meta property=\"og:type\" content=\"article\" \/>\n<meta property=\"og:title\" content=\"Alles in Farbe\" \/>\n<meta property=\"og:description\" content=\"In diesem Buch von Annie Sloan finden Sie in 40 Schritt-f\u00fcr-Schritt-Anleitungen Anwendungsideen f\u00fcr dekorative Farben, die Sie nie f\u00fcr m\u00f6glich gehalten h\u00e4tten.\" \/>\n<meta property=\"og:url\" content=\"https:\/\/www.anniesloan.com\/de\/produkt\/bucher\/alles-in-farbe\/\" \/>\n<meta property=\"og:site_name\" content=\"Annie Sloan DE\" \/>\n<meta property=\"article:modified_time\" content=\"2025-07-17T06:30:41+00:00\" \/>\n<meta property=\"og:image\" content=\"https:\/\/www.anniesloan.com\/de\/wp-content\/uploads\/sites\/3\/2021\/07\/Alles-in-Farbe-published-by-DVA-Annie-Sloan-Paints-Everything-translated-to-German-front-cover-2500.jpg\" \/>\n\t<meta property=\"og:image:width\" content=\"1280\" \/>\n\t<meta property=\"og:image:height\" content=\"1024\" \/>\n\t<meta property=\"og:image:type\" content=\"image\/jpeg\" \/>\n<meta name=\"twitter:card\" content=\"summary_large_image\" \/>\n<meta name=\"twitter:label1\" content=\"Price\" \/>\n\t<meta name=\"twitter:data1\" content=\"29.99&euro;\" \/>\n\t<meta name=\"twitter:label2\" content=\"Availability\" \/>\n\t<meta name=\"twitter:data2\" content=\"In stock\" \/>\n<script type=\"application\/ld+json\" class=\"yoast-schema-graph\">{\"@context\":\"https:\/\/schema.org\",\"@graph\":[{\"@type\":\"WebPage\",\"@id\":\"https:\/\/www.anniesloan.com\/de\/produkt\/bucher\/alles-in-farbe\/\",\"url\":\"https:\/\/www.anniesloan.com\/de\/produkt\/bucher\/alles-in-farbe\/\",\"name\":\"Alles in Farbe | Buch von Annie Sloan | Annie Sloan DE\",\"isPartOf\":{\"@id\":\"https:\/\/www.anniesloan.com\/de\/#website\"},\"primaryImageOfPage\":{\"@id\":\"https:\/\/www.anniesloan.com\/de\/produkt\/bucher\/alles-in-farbe\/#primaryimage\"},\"image\":{\"@id\":\"https:\/\/www.anniesloan.com\/de\/produkt\/bucher\/alles-in-farbe\/#primaryimage\"},\"thumbnailUrl\":\"https:\/\/www.anniesloan.com\/de\/wp-content\/uploads\/sites\/3\/2021\/07\/Alles-in-Farbe-published-by-DVA-Annie-Sloan-Paints-Everything-translated-to-German-front-cover-2500.jpg\",\"datePublished\":\"2020-04-24T09:08:45+00:00\",\"dateModified\":\"2025-07-17T06:30:41+00:00\",\"description\":\"In diesem Buch von Annie Sloan finden Sie in 40 Schritt-f\u00fcr-Schritt-Anleitungen Anwendungsideen f\u00fcr dekorative Farben, die Sie nie f\u00fcr m\u00f6glich gehalten h\u00e4tten.\",\"breadcrumb\":{\"@id\":\"https:\/\/www.anniesloan.com\/de\/produkt\/bucher\/alles-in-farbe\/#breadcrumb\"},\"inLanguage\":\"de-DE\",\"potentialAction\":[{\"@type\":\"ReadAction\",\"target\":[\"https:\/\/www.anniesloan.com\/de\/produkt\/bucher\/alles-in-farbe\/\"]}]},{\"@type\":\"ImageObject\",\"inLanguage\":\"de-DE\",\"@id\":\"https:\/\/www.anniesloan.com\/de\/produkt\/bucher\/alles-in-farbe\/#primaryimage\",\"url\":\"https:\/\/www.anniesloan.com\/de\/wp-content\/uploads\/sites\/3\/2021\/07\/Alles-in-Farbe-published-by-DVA-Annie-Sloan-Paints-Everything-translated-to-German-front-cover-2500.jpg\",\"contentUrl\":\"https:\/\/www.anniesloan.com\/de\/wp-content\/uploads\/sites\/3\/2021\/07\/Alles-in-Farbe-published-by-DVA-Annie-Sloan-Paints-Everything-translated-to-German-front-cover-2500.jpg\",\"width\":1280,\"height\":1024},{\"@type\":\"BreadcrumbList\",\"@id\":\"https:\/\/www.anniesloan.com\/de\/produkt\/bucher\/alles-in-farbe\/#breadcrumb\",\"itemListElement\":[{\"@type\":\"ListItem\",\"position\":1,\"name\":\"Produkte\",\"item\":\"https:\/\/www.anniesloan.com\/de\/produkte\/\"},{\"@type\":\"ListItem\",\"position\":2,\"name\":\"B\u00fccher\",\"item\":\"https:\/\/www.anniesloan.com\/de\/produkte\/bucher\/\"},{\"@type\":\"ListItem\",\"position\":3,\"name\":\"Alles in Farbe\"}]},{\"@type\":\"WebSite\",\"@id\":\"https:\/\/www.anniesloan.com\/de\/#website\",\"url\":\"https:\/\/www.anniesloan.com\/de\/\",\"name\":\"Annie Sloan DE\",\"description\":\"Die Heimat der Chalk Paint\u2122\",\"potentialAction\":[{\"@type\":\"SearchAction\",\"target\":{\"@type\":\"EntryPoint\",\"urlTemplate\":\"https:\/\/www.anniesloan.com\/de\/?s={search_term_string}\"},\"query-input\":{\"@type\":\"PropertyValueSpecification\",\"valueRequired\":true,\"valueName\":\"search_term_string\"}}],\"inLanguage\":\"de-DE\"}]}<\/script>\n<meta property=\"product:price:amount\" content=\"29.99\" \/>\n<meta property=\"product:price:currency\" content=\"EUR\" \/>\n<meta property=\"og:availability\" content=\"instock\" \/>\n<meta property=\"product:availability\" content=\"instock\" \/>\n<meta property=\"product:retailer_item_id\" content=\"BPEV059.DE01.01\" \/>\n<meta property=\"product:condition\" content=\"new\" \/>\n<!-- \/ Yoast SEO Premium plugin. -->","yoast_head_json":{"title":"Alles in Farbe | Buch von Annie Sloan | Annie Sloan DE","description":"In diesem Buch von Annie Sloan finden Sie in 40 Schritt-f\u00fcr-Schritt-Anleitungen Anwendungsideen f\u00fcr dekorative Farben, die Sie nie f\u00fcr m\u00f6glich gehalten h\u00e4tten.","robots":{"index":"index","follow":"follow","max-snippet":"max-snippet:-1","max-image-preview":"max-image-preview:large","max-video-preview":"max-video-preview:-1"},"canonical":"https:\/\/www.anniesloan.com\/de\/produkt\/bucher\/alles-in-farbe\/","og_locale":"de_DE","og_type":"article","og_title":"Alles in Farbe","og_description":"In diesem Buch von Annie Sloan finden Sie in 40 Schritt-f\u00fcr-Schritt-Anleitungen Anwendungsideen f\u00fcr dekorative Farben, die Sie nie f\u00fcr m\u00f6glich gehalten h\u00e4tten.","og_url":"https:\/\/www.anniesloan.com\/de\/produkt\/bucher\/alles-in-farbe\/","og_site_name":"Annie Sloan DE","article_modified_time":"2025-07-17T06:30:41+00:00","og_image":[{"width":1280,"height":1024,"url":"https:\/\/www.anniesloan.com\/de\/wp-content\/uploads\/sites\/3\/2021\/07\/Alles-in-Farbe-published-by-DVA-Annie-Sloan-Paints-Everything-translated-to-German-front-cover-2500.jpg","type":"image\/jpeg"}],"twitter_card":"summary_large_image","twitter_misc":{"Price":"29.99&euro;","Availability":"In stock"},"schema":{"@context":"https:\/\/schema.org","@graph":[{"@type":"WebPage","@id":"https:\/\/www.anniesloan.com\/de\/produkt\/bucher\/alles-in-farbe\/","url":"https:\/\/www.anniesloan.com\/de\/produkt\/bucher\/alles-in-farbe\/","name":"Alles in Farbe | Buch von Annie Sloan | Annie Sloan DE","isPartOf":{"@id":"https:\/\/www.anniesloan.com\/de\/#website"},"primaryImageOfPage":{"@id":"https:\/\/www.anniesloan.com\/de\/produkt\/bucher\/alles-in-farbe\/#primaryimage"},"image":{"@id":"https:\/\/www.anniesloan.com\/de\/produkt\/bucher\/alles-in-farbe\/#primaryimage"},"thumbnailUrl":"https:\/\/www.anniesloan.com\/de\/wp-content\/uploads\/sites\/3\/2021\/07\/Alles-in-Farbe-published-by-DVA-Annie-Sloan-Paints-Everything-translated-to-German-front-cover-2500.jpg","datePublished":"2020-04-24T09:08:45+00:00","dateModified":"2025-07-17T06:30:41+00:00","description":"In diesem Buch von Annie Sloan finden Sie in 40 Schritt-f\u00fcr-Schritt-Anleitungen Anwendungsideen f\u00fcr dekorative Farben, die Sie nie f\u00fcr m\u00f6glich gehalten h\u00e4tten.","breadcrumb":{"@id":"https:\/\/www.anniesloan.com\/de\/produkt\/bucher\/alles-in-farbe\/#breadcrumb"},"inLanguage":"de-DE","potentialAction":[{"@type":"ReadAction","target":["https:\/\/www.anniesloan.com\/de\/produkt\/bucher\/alles-in-farbe\/"]}]},{"@type":"ImageObject","inLanguage":"de-DE","@id":"https:\/\/www.anniesloan.com\/de\/produkt\/bucher\/alles-in-farbe\/#primaryimage","url":"https:\/\/www.anniesloan.com\/de\/wp-content\/uploads\/sites\/3\/2021\/07\/Alles-in-Farbe-published-by-DVA-Annie-Sloan-Paints-Everything-translated-to-German-front-cover-2500.jpg","contentUrl":"https:\/\/www.anniesloan.com\/de\/wp-content\/uploads\/sites\/3\/2021\/07\/Alles-in-Farbe-published-by-DVA-Annie-Sloan-Paints-Everything-translated-to-German-front-cover-2500.jpg","width":1280,"height":1024},{"@type":"BreadcrumbList","@id":"https:\/\/www.anniesloan.com\/de\/produkt\/bucher\/alles-in-farbe\/#breadcrumb","itemListElement":[{"@type":"ListItem","position":1,"name":"Produkte","item":"https:\/\/www.anniesloan.com\/de\/produkte\/"},{"@type":"ListItem","position":2,"name":"B\u00fccher","item":"https:\/\/www.anniesloan.com\/de\/produkte\/bucher\/"},{"@type":"ListItem","position":3,"name":"Alles in Farbe"}]},{"@type":"WebSite","@id":"https:\/\/www.anniesloan.com\/de\/#website","url":"https:\/\/www.anniesloan.com\/de\/","name":"Annie Sloan DE","description":"Die Heimat der Chalk Paint\u2122","potentialAction":[{"@type":"SearchAction","target":{"@type":"EntryPoint","urlTemplate":"https:\/\/www.anniesloan.com\/de\/?s={search_term_string}"},"query-input":{"@type":"PropertyValueSpecification","valueRequired":true,"valueName":"search_term_string"}}],"inLanguage":"de-DE"}]},"product_price_amount":"29.99","product_price_currency":"EUR","og_availability":"instock","product_availability":"instock","product_retailer_item_id":"BPEV059.DE01.01","product_condition":"new"},"_links":{"self":[{"href":"https:\/\/www.anniesloan.com\/de\/wp-json\/wp\/v2\/product\/35425","targetHints":{"allow":["GET"]}}],"collection":[{"href":"https:\/\/www.anniesloan.com\/de\/wp-json\/wp\/v2\/product"}],"about":[{"href":"https:\/\/www.anniesloan.com\/de\/wp-json\/wp\/v2\/types\/product"}],"wp:featuredmedia":[{"embeddable":true,"href":"https:\/\/www.anniesloan.com\/de\/wp-json\/wp\/v2\/media\/35426"}],"wp:attachment":[{"href":"https:\/\/www.anniesloan.com\/de\/wp-json\/wp\/v2\/media?parent=35425"}],"wp:term":[{"taxonomy":"product_brand","embeddable":true,"href":"https:\/\/www.anniesloan.com\/de\/wp-json\/wp\/v2\/product_brand?post=35425"},{"taxonomy":"product_cat","embeddable":true,"href":"https:\/\/www.anniesloan.com\/de\/wp-json\/wp\/v2\/product_cat?post=35425"},{"taxonomy":"product_tag","embeddable":true,"href":"https:\/\/www.anniesloan.com\/de\/wp-json\/wp\/v2\/product_tag?post=35425"}],"curies":[{"name":"wp","href":"https:\/\/api.w.org\/{rel}","templated":true}]}}