{"id":22172,"date":"2021-01-20T10:46:59","date_gmt":"2021-01-20T09:46:59","guid":{"rendered":"https:\/\/www.anniesloan.com\/product\/capri-pink\/"},"modified":"2026-04-29T12:32:00","modified_gmt":"2026-04-29T10:32:00","slug":"capri-pink","status":"publish","type":"product","link":"https:\/\/www.anniesloan.com\/de\/produkt\/chalk-paint\/rosa\/capri-pink\/","title":{"rendered":"Capri Pink"},"content":{"rendered":"","protected":false},"excerpt":{"rendered":"<p>Das nach dem exklusiven italienischen Inselresort benannte Capri Pink findet Inspiration in den lebendigen, leuchtenden Rosat\u00f6nen, die sich in den Folklorefarben rund um den Globus wiederfinden, von mexikanischen Textilien \u00fcber pakistanische Fahrzeugkunst bis hin zu den Inneneinrichtungen der traditionellen Wagen der Roma. Capri Pink ist ein kr\u00e4ftiges Pink mit Tiefe und Energie, provokativ und fesselnd zugleich. Es eignet sich wunderbar als Akzentfarbe neben k\u00fchlen, hellen Farbt\u00f6nen, f\u00fcr eine farbliche Symphonie mit anderen Rot- und Rosat\u00f6nen oder zur Ummalung warmer Kakaofarbt\u00f6ne f\u00fcr eine effektvolle Eleganz.<\/p>\n","protected":false},"featured_media":38656,"template":"","meta":{"_acf_changed":false,"_relevanssi_hide_post":"","_relevanssi_hide_content":"","_relevanssi_pin_for_all":"","_relevanssi_pin_keywords":"","_relevanssi_unpin_keywords":"","_relevanssi_related_keywords":"","_relevanssi_related_include_ids":"","_relevanssi_related_exclude_ids":"","_relevanssi_related_no_append":"","_relevanssi_related_not_related":"","_relevanssi_related_posts":"","_relevanssi_noindex_reason":""},"product_brand":[],"product_cat":[19,28],"product_tag":[20],"class_list":{"0":"post-22172","1":"product","2":"type-product","3":"status-publish","4":"has-post-thumbnail","6":"product_cat-chalk-paint","7":"product_cat-rosa","8":"product_tag-chalk-paint","9":"product_shipping_class-dhl","10":"pa_colour-filter-rosa","11":"pa_finish-chalk-paint","12":"pa_size-1-liter","13":"pa_size-120-ml","14":"pa_size-500-ml","16":"first","17":"instock","18":"taxable","19":"shipping-taxable","20":"purchasable","21":"product-type-variable"},"acf":[],"yoast_head":"<!-- This site is optimized with the Yoast SEO Premium plugin v26.5 (Yoast SEO v26.5) - https:\/\/yoast.com\/wordpress\/plugins\/seo\/ -->\n<title>Ein leuchtendes, kr\u00e4ftiges Chalk Paint\u2122 Pink | Capri Pink | Annie Sloan DE<\/title>\n<meta name=\"description\" content=\"Sie m\u00f6chten ein kr\u00e4ftiges Chalk Paint\u2122 Pink f\u00fcr Ihre M\u00f6bel? Kaufen Sie das nach dem exklusiven italienischen Inselresort benannte Capri Pink von Annie Sloan.\" \/>\n<meta name=\"robots\" content=\"index, follow, max-snippet:-1, max-image-preview:large, max-video-preview:-1\" \/>\n<link rel=\"canonical\" href=\"https:\/\/www.anniesloan.com\/de\/produkt\/chalk-paint\/rosa\/capri-pink\/\" \/>\n<meta property=\"og:locale\" content=\"de_DE\" \/>\n<meta property=\"og:type\" content=\"article\" \/>\n<meta property=\"og:title\" content=\"Capri Pink\" \/>\n<meta property=\"og:description\" content=\"Sie m\u00f6chten ein kr\u00e4ftiges Chalk Paint\u2122 Pink f\u00fcr Ihre M\u00f6bel? Kaufen Sie das nach dem exklusiven italienischen Inselresort benannte Capri Pink von Annie Sloan.\" \/>\n<meta property=\"og:url\" content=\"https:\/\/www.anniesloan.com\/de\/produkt\/chalk-paint\/rosa\/capri-pink\/\" \/>\n<meta property=\"og:site_name\" content=\"Annie Sloan DE\" \/>\n<meta property=\"article:modified_time\" content=\"2026-04-29T10:32:00+00:00\" \/>\n<meta property=\"og:image\" content=\"https:\/\/www.anniesloan.com\/de\/wp-content\/uploads\/sites\/3\/2021\/09\/NEWRGB-72dpi-Capri-Pink.jpg\" \/>\n\t<meta property=\"og:image:width\" content=\"1224\" \/>\n\t<meta property=\"og:image:height\" content=\"936\" \/>\n\t<meta property=\"og:image:type\" content=\"image\/jpeg\" \/>\n<meta name=\"twitter:card\" content=\"summary_large_image\" \/>\n<meta name=\"twitter:label1\" content=\"Availability\" \/>\n\t<meta name=\"twitter:data1\" content=\"In stock\" \/>\n<script type=\"application\/ld+json\" class=\"yoast-schema-graph\">{\"@context\":\"https:\/\/schema.org\",\"@graph\":[{\"@type\":\"WebPage\",\"@id\":\"https:\/\/www.anniesloan.com\/de\/produkt\/chalk-paint\/rosa\/capri-pink\/\",\"url\":\"https:\/\/www.anniesloan.com\/de\/produkt\/chalk-paint\/rosa\/capri-pink\/\",\"name\":\"Ein leuchtendes, kr\u00e4ftiges Chalk Paint\u2122 Pink | Capri Pink | Annie Sloan DE\",\"isPartOf\":{\"@id\":\"https:\/\/www.anniesloan.com\/de\/#website\"},\"primaryImageOfPage\":{\"@id\":\"https:\/\/www.anniesloan.com\/de\/produkt\/chalk-paint\/rosa\/capri-pink\/#primaryimage\"},\"image\":{\"@id\":\"https:\/\/www.anniesloan.com\/de\/produkt\/chalk-paint\/rosa\/capri-pink\/#primaryimage\"},\"thumbnailUrl\":\"https:\/\/www.anniesloan.com\/de\/wp-content\/uploads\/sites\/3\/2021\/09\/NEWRGB-72dpi-Capri-Pink.jpg\",\"datePublished\":\"2021-01-20T09:46:59+00:00\",\"dateModified\":\"2026-04-29T10:32:00+00:00\",\"description\":\"Sie m\u00f6chten ein kr\u00e4ftiges Chalk Paint\u2122 Pink f\u00fcr Ihre M\u00f6bel? Kaufen Sie das nach dem exklusiven italienischen Inselresort benannte Capri Pink von Annie Sloan.\",\"breadcrumb\":{\"@id\":\"https:\/\/www.anniesloan.com\/de\/produkt\/chalk-paint\/rosa\/capri-pink\/#breadcrumb\"},\"inLanguage\":\"de-DE\",\"potentialAction\":[{\"@type\":\"ReadAction\",\"target\":[\"https:\/\/www.anniesloan.com\/de\/produkt\/chalk-paint\/rosa\/capri-pink\/\"]}]},{\"@type\":\"ImageObject\",\"inLanguage\":\"de-DE\",\"@id\":\"https:\/\/www.anniesloan.com\/de\/produkt\/chalk-paint\/rosa\/capri-pink\/#primaryimage\",\"url\":\"https:\/\/www.anniesloan.com\/de\/wp-content\/uploads\/sites\/3\/2021\/09\/NEWRGB-72dpi-Capri-Pink.jpg\",\"contentUrl\":\"https:\/\/www.anniesloan.com\/de\/wp-content\/uploads\/sites\/3\/2021\/09\/NEWRGB-72dpi-Capri-Pink.jpg\",\"width\":1224,\"height\":936,\"caption\":\"Annie Sloan Paint Swatch Capri Pink\"},{\"@type\":\"BreadcrumbList\",\"@id\":\"https:\/\/www.anniesloan.com\/de\/produkt\/chalk-paint\/rosa\/capri-pink\/#breadcrumb\",\"itemListElement\":[{\"@type\":\"ListItem\",\"position\":1,\"name\":\"Produkte\",\"item\":\"https:\/\/www.anniesloan.com\/de\/produkte\/\"},{\"@type\":\"ListItem\",\"position\":2,\"name\":\"Chalk Paint\",\"item\":\"https:\/\/www.anniesloan.com\/de\/produkte\/chalk-paint\/\"},{\"@type\":\"ListItem\",\"position\":3,\"name\":\"Chalk Paint in Rosa\",\"item\":\"https:\/\/www.anniesloan.com\/de\/produkte\/chalk-paint\/rosa\/\"},{\"@type\":\"ListItem\",\"position\":4,\"name\":\"Capri Pink\"}]},{\"@type\":\"WebSite\",\"@id\":\"https:\/\/www.anniesloan.com\/de\/#website\",\"url\":\"https:\/\/www.anniesloan.com\/de\/\",\"name\":\"Annie Sloan DE\",\"description\":\"Die Heimat der Chalk Paint\u2122\",\"potentialAction\":[{\"@type\":\"SearchAction\",\"target\":{\"@type\":\"EntryPoint\",\"urlTemplate\":\"https:\/\/www.anniesloan.com\/de\/?s={search_term_string}\"},\"query-input\":{\"@type\":\"PropertyValueSpecification\",\"valueRequired\":true,\"valueName\":\"search_term_string\"}}],\"inLanguage\":\"de-DE\"}]}<\/script>\n<meta property=\"og:availability\" content=\"instock\" \/>\n<meta property=\"product:availability\" content=\"instock\" \/>\n<meta property=\"product:retailer_item_id\" content=\"CAPRI-PINK-CHALK-PAINT\" \/>\n<meta property=\"product:condition\" content=\"new\" \/>\n<!-- \/ Yoast SEO Premium plugin. -->","yoast_head_json":{"title":"Ein leuchtendes, kr\u00e4ftiges Chalk Paint\u2122 Pink | Capri Pink | Annie Sloan DE","description":"Sie m\u00f6chten ein kr\u00e4ftiges Chalk Paint\u2122 Pink f\u00fcr Ihre M\u00f6bel? Kaufen Sie das nach dem exklusiven italienischen Inselresort benannte Capri Pink von Annie Sloan.","robots":{"index":"index","follow":"follow","max-snippet":"max-snippet:-1","max-image-preview":"max-image-preview:large","max-video-preview":"max-video-preview:-1"},"canonical":"https:\/\/www.anniesloan.com\/de\/produkt\/chalk-paint\/rosa\/capri-pink\/","og_locale":"de_DE","og_type":"article","og_title":"Capri Pink","og_description":"Sie m\u00f6chten ein kr\u00e4ftiges Chalk Paint\u2122 Pink f\u00fcr Ihre M\u00f6bel? Kaufen Sie das nach dem exklusiven italienischen Inselresort benannte Capri Pink von Annie Sloan.","og_url":"https:\/\/www.anniesloan.com\/de\/produkt\/chalk-paint\/rosa\/capri-pink\/","og_site_name":"Annie Sloan DE","article_modified_time":"2026-04-29T10:32:00+00:00","og_image":[{"width":1224,"height":936,"url":"https:\/\/www.anniesloan.com\/de\/wp-content\/uploads\/sites\/3\/2021\/09\/NEWRGB-72dpi-Capri-Pink.jpg","type":"image\/jpeg"}],"twitter_card":"summary_large_image","twitter_misc":{"Availability":"In stock"},"schema":{"@context":"https:\/\/schema.org","@graph":[{"@type":"WebPage","@id":"https:\/\/www.anniesloan.com\/de\/produkt\/chalk-paint\/rosa\/capri-pink\/","url":"https:\/\/www.anniesloan.com\/de\/produkt\/chalk-paint\/rosa\/capri-pink\/","name":"Ein leuchtendes, kr\u00e4ftiges Chalk Paint\u2122 Pink | Capri Pink | Annie Sloan DE","isPartOf":{"@id":"https:\/\/www.anniesloan.com\/de\/#website"},"primaryImageOfPage":{"@id":"https:\/\/www.anniesloan.com\/de\/produkt\/chalk-paint\/rosa\/capri-pink\/#primaryimage"},"image":{"@id":"https:\/\/www.anniesloan.com\/de\/produkt\/chalk-paint\/rosa\/capri-pink\/#primaryimage"},"thumbnailUrl":"https:\/\/www.anniesloan.com\/de\/wp-content\/uploads\/sites\/3\/2021\/09\/NEWRGB-72dpi-Capri-Pink.jpg","datePublished":"2021-01-20T09:46:59+00:00","dateModified":"2026-04-29T10:32:00+00:00","description":"Sie m\u00f6chten ein kr\u00e4ftiges Chalk Paint\u2122 Pink f\u00fcr Ihre M\u00f6bel? Kaufen Sie das nach dem exklusiven italienischen Inselresort benannte Capri Pink von Annie Sloan.","breadcrumb":{"@id":"https:\/\/www.anniesloan.com\/de\/produkt\/chalk-paint\/rosa\/capri-pink\/#breadcrumb"},"inLanguage":"de-DE","potentialAction":[{"@type":"ReadAction","target":["https:\/\/www.anniesloan.com\/de\/produkt\/chalk-paint\/rosa\/capri-pink\/"]}]},{"@type":"ImageObject","inLanguage":"de-DE","@id":"https:\/\/www.anniesloan.com\/de\/produkt\/chalk-paint\/rosa\/capri-pink\/#primaryimage","url":"https:\/\/www.anniesloan.com\/de\/wp-content\/uploads\/sites\/3\/2021\/09\/NEWRGB-72dpi-Capri-Pink.jpg","contentUrl":"https:\/\/www.anniesloan.com\/de\/wp-content\/uploads\/sites\/3\/2021\/09\/NEWRGB-72dpi-Capri-Pink.jpg","width":1224,"height":936,"caption":"Annie Sloan Paint Swatch Capri Pink"},{"@type":"BreadcrumbList","@id":"https:\/\/www.anniesloan.com\/de\/produkt\/chalk-paint\/rosa\/capri-pink\/#breadcrumb","itemListElement":[{"@type":"ListItem","position":1,"name":"Produkte","item":"https:\/\/www.anniesloan.com\/de\/produkte\/"},{"@type":"ListItem","position":2,"name":"Chalk Paint","item":"https:\/\/www.anniesloan.com\/de\/produkte\/chalk-paint\/"},{"@type":"ListItem","position":3,"name":"Chalk Paint in Rosa","item":"https:\/\/www.anniesloan.com\/de\/produkte\/chalk-paint\/rosa\/"},{"@type":"ListItem","position":4,"name":"Capri Pink"}]},{"@type":"WebSite","@id":"https:\/\/www.anniesloan.com\/de\/#website","url":"https:\/\/www.anniesloan.com\/de\/","name":"Annie Sloan DE","description":"Die Heimat der Chalk Paint\u2122","potentialAction":[{"@type":"SearchAction","target":{"@type":"EntryPoint","urlTemplate":"https:\/\/www.anniesloan.com\/de\/?s={search_term_string}"},"query-input":{"@type":"PropertyValueSpecification","valueRequired":true,"valueName":"search_term_string"}}],"inLanguage":"de-DE"}]},"og_availability":"instock","product_availability":"instock","product_retailer_item_id":"CAPRI-PINK-CHALK-PAINT","product_condition":"new"},"_links":{"self":[{"href":"https:\/\/www.anniesloan.com\/de\/wp-json\/wp\/v2\/product\/22172","targetHints":{"allow":["GET"]}}],"collection":[{"href":"https:\/\/www.anniesloan.com\/de\/wp-json\/wp\/v2\/product"}],"about":[{"href":"https:\/\/www.anniesloan.com\/de\/wp-json\/wp\/v2\/types\/product"}],"wp:featuredmedia":[{"embeddable":true,"href":"https:\/\/www.anniesloan.com\/de\/wp-json\/wp\/v2\/media\/38656"}],"wp:attachment":[{"href":"https:\/\/www.anniesloan.com\/de\/wp-json\/wp\/v2\/media?parent=22172"}],"wp:term":[{"taxonomy":"product_brand","embeddable":true,"href":"https:\/\/www.anniesloan.com\/de\/wp-json\/wp\/v2\/product_brand?post=22172"},{"taxonomy":"product_cat","embeddable":true,"href":"https:\/\/www.anniesloan.com\/de\/wp-json\/wp\/v2\/product_cat?post=22172"},{"taxonomy":"product_tag","embeddable":true,"href":"https:\/\/www.anniesloan.com\/de\/wp-json\/wp\/v2\/product_tag?post=22172"}],"curies":[{"name":"wp","href":"https:\/\/api.w.org\/{rel}","templated":true}]}}