{"id":22137,"date":"2020-12-03T17:44:21","date_gmt":"2020-12-03T16:44:21","guid":{"rendered":"https:\/\/www.anniesloan.com\/product\/apron\/"},"modified":"2026-04-16T09:30:45","modified_gmt":"2026-04-16T07:30:45","slug":"schuerze","status":"publish","type":"product","link":"https:\/\/www.anniesloan.com\/de\/produkt\/pinsel-und-zubehor\/schuerze\/","title":{"rendered":"ANNIE SLOAN SCH\u00dcRZE"},"content":{"rendered":"","protected":false},"excerpt":{"rendered":"<div class=\"[ c-ProductSingleDetail__description ] [ c-PageContent ]\">\n<p>Hier stellen wir Ihnen die Annie Sloan Sch\u00fcrze vor, wie sie von Annie selbst (und ihrer Familie) getragen wird.<\/p>\n<p>Das weiche, graue geschmirgelte Baumwollleinen der Annie Sloan Sch\u00fcrze mit den farblich abgesetzten Sch\u00fcrzenb\u00e4ndern in Gr\u00fcn sorgt f\u00fcr einen angenehmen und praktischen Tragekomfort. Die gro\u00dfe, doppelte Vordertasche ist ideal, um Dosen\u00f6ffner, R\u00fchrst\u00e4be oder Pinsel aufzubewahren, und die verstellbare Halsl\u00e4nge bedeutet, dass die Sch\u00fcrze f\u00fcr jede K\u00f6rpergr\u00f6\u00dfe geeignet ist.<\/p>\n<p>Mit dem charakteristischen Schriftzug von Annie Sloan in Silber ist klar, welche Farben Sie verwenden und welchem G\u00fctesiegel Sie vertrauen. Jede Sch\u00fcrze wird mit einem praktischen Baumwollbeutel mit Kordelzug geliefert, damit Sie sie bei Ihren Farbabenteuern einfach mitnehmen k\u00f6nnen. Ein ideales Geschenk f\u00fcr jeden angehenden oder etablierten K\u00fcnstler.<\/p>\n<\/div>\n","protected":false},"featured_media":22138,"template":"","meta":{"_acf_changed":false,"_relevanssi_hide_post":"","_relevanssi_hide_content":"","_relevanssi_pin_for_all":"","_relevanssi_pin_keywords":"","_relevanssi_unpin_keywords":"","_relevanssi_related_keywords":"","_relevanssi_related_include_ids":"","_relevanssi_related_exclude_ids":"","_relevanssi_related_no_append":"","_relevanssi_related_not_related":"","_relevanssi_related_posts":"","_relevanssi_noindex_reason":""},"product_brand":[],"product_cat":[57,65,1172],"product_tag":[69],"class_list":{"0":"post-22137","1":"product","2":"type-product","3":"status-publish","4":"has-post-thumbnail","6":"product_cat-pinsel-und-zubehor","7":"product_cat-geschenkideen-und-sets","8":"product_cat-geschenke-unter-30e","9":"product_tag-apron","10":"product_shipping_class-warenpost","12":"first","13":"instock","14":"taxable","15":"shipping-taxable","16":"purchasable","17":"product-type-simple"},"acf":[],"yoast_head":"<!-- This site is optimized with the Yoast SEO Premium plugin v26.5 (Yoast SEO v26.5) - https:\/\/yoast.com\/wordpress\/plugins\/seo\/ -->\n<title>Die ANNIE SLOAN SCH\u00dcRZE | Zubeh\u00f6r &amp; Accessoires | Annie Sloan DE<\/title>\n<meta name=\"description\" content=\"Erfahren Sie, warum die Annie Sloan Sch\u00fcrze aus weichem Baumwollleinen mit praktischem Beutel das ideale Geschenk f\u00fcr angehende und erfahrene Maler ist.\" \/>\n<meta name=\"robots\" content=\"index, follow, max-snippet:-1, max-image-preview:large, max-video-preview:-1\" \/>\n<link rel=\"canonical\" href=\"https:\/\/www.anniesloan.com\/de\/produkt\/pinsel-und-zubehor\/schuerze\/\" \/>\n<meta property=\"og:locale\" content=\"de_DE\" \/>\n<meta property=\"og:type\" content=\"article\" \/>\n<meta property=\"og:title\" content=\"ANNIE SLOAN SCH\u00dcRZE\" \/>\n<meta property=\"og:description\" content=\"Erfahren Sie, warum die Annie Sloan Sch\u00fcrze aus weichem Baumwollleinen mit praktischem Beutel das ideale Geschenk f\u00fcr angehende und erfahrene Maler ist.\" \/>\n<meta property=\"og:url\" content=\"https:\/\/www.anniesloan.com\/de\/produkt\/pinsel-und-zubehor\/schuerze\/\" \/>\n<meta property=\"og:site_name\" content=\"Annie Sloan DE\" \/>\n<meta property=\"article:modified_time\" content=\"2026-04-16T07:30:45+00:00\" \/>\n<meta property=\"og:image\" content=\"https:\/\/www.anniesloan.com\/de\/wp-content\/uploads\/sites\/3\/2021\/05\/The-Annie-Sloan-Apron-2500.jpg\" \/>\n\t<meta property=\"og:image:width\" content=\"1280\" \/>\n\t<meta property=\"og:image:height\" content=\"1024\" \/>\n\t<meta property=\"og:image:type\" content=\"image\/jpeg\" \/>\n<meta name=\"twitter:card\" content=\"summary_large_image\" \/>\n<meta name=\"twitter:label1\" content=\"Price\" \/>\n\t<meta name=\"twitter:data1\" content=\"21.95&euro;\" \/>\n\t<meta name=\"twitter:label2\" content=\"Availability\" \/>\n\t<meta name=\"twitter:data2\" content=\"In stock\" \/>\n<script type=\"application\/ld+json\" class=\"yoast-schema-graph\">{\"@context\":\"https:\/\/schema.org\",\"@graph\":[{\"@type\":\"WebPage\",\"@id\":\"https:\/\/www.anniesloan.com\/de\/produkt\/pinsel-und-zubehor\/schuerze\/\",\"url\":\"https:\/\/www.anniesloan.com\/de\/produkt\/pinsel-und-zubehor\/schuerze\/\",\"name\":\"Die ANNIE SLOAN SCH\u00dcRZE | Zubeh\u00f6r & Accessoires | Annie Sloan DE\",\"isPartOf\":{\"@id\":\"https:\/\/www.anniesloan.com\/de\/#website\"},\"primaryImageOfPage\":{\"@id\":\"https:\/\/www.anniesloan.com\/de\/produkt\/pinsel-und-zubehor\/schuerze\/#primaryimage\"},\"image\":{\"@id\":\"https:\/\/www.anniesloan.com\/de\/produkt\/pinsel-und-zubehor\/schuerze\/#primaryimage\"},\"thumbnailUrl\":\"https:\/\/www.anniesloan.com\/de\/wp-content\/uploads\/sites\/3\/2021\/05\/The-Annie-Sloan-Apron-2500.jpg\",\"datePublished\":\"2020-12-03T16:44:21+00:00\",\"dateModified\":\"2026-04-16T07:30:45+00:00\",\"description\":\"Erfahren Sie, warum die Annie Sloan Sch\u00fcrze aus weichem Baumwollleinen mit praktischem Beutel das ideale Geschenk f\u00fcr angehende und erfahrene Maler ist.\",\"breadcrumb\":{\"@id\":\"https:\/\/www.anniesloan.com\/de\/produkt\/pinsel-und-zubehor\/schuerze\/#breadcrumb\"},\"inLanguage\":\"de-DE\",\"potentialAction\":[{\"@type\":\"ReadAction\",\"target\":[\"https:\/\/www.anniesloan.com\/de\/produkt\/pinsel-und-zubehor\/schuerze\/\"]}]},{\"@type\":\"ImageObject\",\"inLanguage\":\"de-DE\",\"@id\":\"https:\/\/www.anniesloan.com\/de\/produkt\/pinsel-und-zubehor\/schuerze\/#primaryimage\",\"url\":\"https:\/\/www.anniesloan.com\/de\/wp-content\/uploads\/sites\/3\/2021\/05\/The-Annie-Sloan-Apron-2500.jpg\",\"contentUrl\":\"https:\/\/www.anniesloan.com\/de\/wp-content\/uploads\/sites\/3\/2021\/05\/The-Annie-Sloan-Apron-2500.jpg\",\"width\":1280,\"height\":1024,\"caption\":\"The Annie Sloan Apron in grey and green linen\"},{\"@type\":\"BreadcrumbList\",\"@id\":\"https:\/\/www.anniesloan.com\/de\/produkt\/pinsel-und-zubehor\/schuerze\/#breadcrumb\",\"itemListElement\":[{\"@type\":\"ListItem\",\"position\":1,\"name\":\"Produkte\",\"item\":\"https:\/\/www.anniesloan.com\/de\/produkte\/\"},{\"@type\":\"ListItem\",\"position\":2,\"name\":\"Pinsel und Zubeh\u00f6r\",\"item\":\"https:\/\/www.anniesloan.com\/de\/produkte\/pinsel-und-zubehor\/\"},{\"@type\":\"ListItem\",\"position\":3,\"name\":\"ANNIE SLOAN SCH\u00dcRZE\"}]},{\"@type\":\"WebSite\",\"@id\":\"https:\/\/www.anniesloan.com\/de\/#website\",\"url\":\"https:\/\/www.anniesloan.com\/de\/\",\"name\":\"Annie Sloan DE\",\"description\":\"Die Heimat der Chalk Paint\u2122\",\"potentialAction\":[{\"@type\":\"SearchAction\",\"target\":{\"@type\":\"EntryPoint\",\"urlTemplate\":\"https:\/\/www.anniesloan.com\/de\/?s={search_term_string}\"},\"query-input\":{\"@type\":\"PropertyValueSpecification\",\"valueRequired\":true,\"valueName\":\"search_term_string\"}}],\"inLanguage\":\"de-DE\"}]}<\/script>\n<meta property=\"product:price:amount\" content=\"21.95\" \/>\n<meta property=\"product:price:currency\" content=\"EUR\" \/>\n<meta property=\"og:availability\" content=\"instock\" \/>\n<meta property=\"product:availability\" content=\"instock\" \/>\n<meta property=\"product:retailer_item_id\" content=\"ASCLAT002.XX01.01\" \/>\n<meta property=\"product:condition\" content=\"new\" \/>\n<!-- \/ Yoast SEO Premium plugin. -->","yoast_head_json":{"title":"Die ANNIE SLOAN SCH\u00dcRZE | Zubeh\u00f6r & Accessoires | Annie Sloan DE","description":"Erfahren Sie, warum die Annie Sloan Sch\u00fcrze aus weichem Baumwollleinen mit praktischem Beutel das ideale Geschenk f\u00fcr angehende und erfahrene Maler ist.","robots":{"index":"index","follow":"follow","max-snippet":"max-snippet:-1","max-image-preview":"max-image-preview:large","max-video-preview":"max-video-preview:-1"},"canonical":"https:\/\/www.anniesloan.com\/de\/produkt\/pinsel-und-zubehor\/schuerze\/","og_locale":"de_DE","og_type":"article","og_title":"ANNIE SLOAN SCH\u00dcRZE","og_description":"Erfahren Sie, warum die Annie Sloan Sch\u00fcrze aus weichem Baumwollleinen mit praktischem Beutel das ideale Geschenk f\u00fcr angehende und erfahrene Maler ist.","og_url":"https:\/\/www.anniesloan.com\/de\/produkt\/pinsel-und-zubehor\/schuerze\/","og_site_name":"Annie Sloan DE","article_modified_time":"2026-04-16T07:30:45+00:00","og_image":[{"width":1280,"height":1024,"url":"https:\/\/www.anniesloan.com\/de\/wp-content\/uploads\/sites\/3\/2021\/05\/The-Annie-Sloan-Apron-2500.jpg","type":"image\/jpeg"}],"twitter_card":"summary_large_image","twitter_misc":{"Price":"21.95&euro;","Availability":"In stock"},"schema":{"@context":"https:\/\/schema.org","@graph":[{"@type":"WebPage","@id":"https:\/\/www.anniesloan.com\/de\/produkt\/pinsel-und-zubehor\/schuerze\/","url":"https:\/\/www.anniesloan.com\/de\/produkt\/pinsel-und-zubehor\/schuerze\/","name":"Die ANNIE SLOAN SCH\u00dcRZE | Zubeh\u00f6r & Accessoires | Annie Sloan DE","isPartOf":{"@id":"https:\/\/www.anniesloan.com\/de\/#website"},"primaryImageOfPage":{"@id":"https:\/\/www.anniesloan.com\/de\/produkt\/pinsel-und-zubehor\/schuerze\/#primaryimage"},"image":{"@id":"https:\/\/www.anniesloan.com\/de\/produkt\/pinsel-und-zubehor\/schuerze\/#primaryimage"},"thumbnailUrl":"https:\/\/www.anniesloan.com\/de\/wp-content\/uploads\/sites\/3\/2021\/05\/The-Annie-Sloan-Apron-2500.jpg","datePublished":"2020-12-03T16:44:21+00:00","dateModified":"2026-04-16T07:30:45+00:00","description":"Erfahren Sie, warum die Annie Sloan Sch\u00fcrze aus weichem Baumwollleinen mit praktischem Beutel das ideale Geschenk f\u00fcr angehende und erfahrene Maler ist.","breadcrumb":{"@id":"https:\/\/www.anniesloan.com\/de\/produkt\/pinsel-und-zubehor\/schuerze\/#breadcrumb"},"inLanguage":"de-DE","potentialAction":[{"@type":"ReadAction","target":["https:\/\/www.anniesloan.com\/de\/produkt\/pinsel-und-zubehor\/schuerze\/"]}]},{"@type":"ImageObject","inLanguage":"de-DE","@id":"https:\/\/www.anniesloan.com\/de\/produkt\/pinsel-und-zubehor\/schuerze\/#primaryimage","url":"https:\/\/www.anniesloan.com\/de\/wp-content\/uploads\/sites\/3\/2021\/05\/The-Annie-Sloan-Apron-2500.jpg","contentUrl":"https:\/\/www.anniesloan.com\/de\/wp-content\/uploads\/sites\/3\/2021\/05\/The-Annie-Sloan-Apron-2500.jpg","width":1280,"height":1024,"caption":"The Annie Sloan Apron in grey and green linen"},{"@type":"BreadcrumbList","@id":"https:\/\/www.anniesloan.com\/de\/produkt\/pinsel-und-zubehor\/schuerze\/#breadcrumb","itemListElement":[{"@type":"ListItem","position":1,"name":"Produkte","item":"https:\/\/www.anniesloan.com\/de\/produkte\/"},{"@type":"ListItem","position":2,"name":"Pinsel und Zubeh\u00f6r","item":"https:\/\/www.anniesloan.com\/de\/produkte\/pinsel-und-zubehor\/"},{"@type":"ListItem","position":3,"name":"ANNIE SLOAN SCH\u00dcRZE"}]},{"@type":"WebSite","@id":"https:\/\/www.anniesloan.com\/de\/#website","url":"https:\/\/www.anniesloan.com\/de\/","name":"Annie Sloan DE","description":"Die Heimat der Chalk Paint\u2122","potentialAction":[{"@type":"SearchAction","target":{"@type":"EntryPoint","urlTemplate":"https:\/\/www.anniesloan.com\/de\/?s={search_term_string}"},"query-input":{"@type":"PropertyValueSpecification","valueRequired":true,"valueName":"search_term_string"}}],"inLanguage":"de-DE"}]},"product_price_amount":"21.95","product_price_currency":"EUR","og_availability":"instock","product_availability":"instock","product_retailer_item_id":"ASCLAT002.XX01.01","product_condition":"new"},"_links":{"self":[{"href":"https:\/\/www.anniesloan.com\/de\/wp-json\/wp\/v2\/product\/22137","targetHints":{"allow":["GET"]}}],"collection":[{"href":"https:\/\/www.anniesloan.com\/de\/wp-json\/wp\/v2\/product"}],"about":[{"href":"https:\/\/www.anniesloan.com\/de\/wp-json\/wp\/v2\/types\/product"}],"wp:featuredmedia":[{"embeddable":true,"href":"https:\/\/www.anniesloan.com\/de\/wp-json\/wp\/v2\/media\/22138"}],"wp:attachment":[{"href":"https:\/\/www.anniesloan.com\/de\/wp-json\/wp\/v2\/media?parent=22137"}],"wp:term":[{"taxonomy":"product_brand","embeddable":true,"href":"https:\/\/www.anniesloan.com\/de\/wp-json\/wp\/v2\/product_brand?post=22137"},{"taxonomy":"product_cat","embeddable":true,"href":"https:\/\/www.anniesloan.com\/de\/wp-json\/wp\/v2\/product_cat?post=22137"},{"taxonomy":"product_tag","embeddable":true,"href":"https:\/\/www.anniesloan.com\/de\/wp-json\/wp\/v2\/product_tag?post=22137"}],"curies":[{"name":"wp","href":"https:\/\/api.w.org\/{rel}","templated":true}]}}