{"id":21993,"date":"2020-04-22T16:49:19","date_gmt":"2020-04-22T15:49:19","guid":{"rendered":"https:\/\/www.anniesloan.com\/product\/the-colourist-issue-four\/"},"modified":"2026-02-19T10:36:17","modified_gmt":"2026-02-19T09:36:17","slug":"the-colourist-ausgabe-vier","status":"publish","type":"product","link":"https:\/\/www.anniesloan.com\/de\/produkt\/bucher\/the-colourist-ausgabe-vier\/","title":{"rendered":"The Colourist AUSGABE 4"},"content":{"rendered":"","protected":false},"excerpt":{"rendered":"<div class=\"[ c-ProductSingleDetail__description ] [ c-PageContent ]\">\n<p>The Colourist ist ein einzigartiges Bookazine (mit Artikeln \u00e4hnlich wie in einem Magazin aber ohne Werbung, wie in einem Buch), das Annie Sloans Leidenschaft f\u00fcr Farbe gewidmet ist. Es ist eine zweimal j\u00e4hrlich erscheinende Publikation zum Sammeln mit 132 sorgf\u00e4ltig zusammengestellten Seiten in einem attraktiven Einband.<\/p>\n<p>Mit der vierten Ausgabe unseres Bookazines The Colourist feiern wir das 30-j\u00e4hrige Jubil\u00e4um der Chalk Paint\u2122 von Annie Sloan. Diese Ausgabe besch\u00e4ftigt sich mit der neutralen Farbpalette von Old White und Graphite, mit einem Hauch von Lem Lem und stellt mit dem neuen Perlglanzlack ein einzigartiges, brandneues Produkt f\u00fcr das Jubil\u00e4umsjahr 2020 vor!<\/p>\n<p>Zu den Themen auf den Hochglanzseiten dieser Ausgabe geh\u00f6ren die Reportage von Round Top in Texas, USA, welches ein Paradies f\u00fcr Antiquit\u00e4tenliebhaber ist. Des Weiteren finden Sie Einblicke in die Wohnung von M\u00f6belk\u00fcnstlerin Ildiko Horvath, die raumsparende Einrichtung von Trudy Ooymans Hausboot in Holland, und eine Reise durch Farleys House, eine wahrhaftig k\u00fcnstlerische Fundgrube.<\/p>\n<p>Ganz im Trend finden Sie im The Colourist Ausgabe 4, die angesagten Toile-de-Jouy-Muster dieser Saison und deren Einsatzm\u00f6glichkeiten, sowie ein kostenloses Decoupage-Papier von Annies speziell entworfenem Oxford Toile.<\/p>\n<\/div>\n","protected":false},"featured_media":21994,"template":"","meta":{"_acf_changed":false,"_relevanssi_hide_post":"","_relevanssi_hide_content":"","_relevanssi_pin_for_all":"","_relevanssi_pin_keywords":"","_relevanssi_unpin_keywords":"","_relevanssi_related_keywords":"","_relevanssi_related_include_ids":"","_relevanssi_related_exclude_ids":"","_relevanssi_related_no_append":"","_relevanssi_related_not_related":"","_relevanssi_related_posts":"","_relevanssi_noindex_reason":""},"product_brand":[],"product_cat":[66],"product_tag":[],"class_list":{"0":"post-21993","1":"product","2":"type-product","3":"status-publish","4":"has-post-thumbnail","6":"product_cat-bucher","7":"product_shipping_class-warenpost","9":"first","10":"instock","11":"taxable","12":"shipping-taxable","13":"purchasable","14":"product-type-simple"},"acf":[],"yoast_head":"<!-- This site is optimized with the Yoast SEO Premium plugin v26.5 (Yoast SEO v26.5) - https:\/\/yoast.com\/wordpress\/plugins\/seo\/ -->\n<title>The Colourist AUSGABE 4 | Buch von Annie Sloan | Annie Sloan DE<\/title>\n<meta name=\"description\" content=\"The Colourist ist das einzigartige, halbj\u00e4hrlich erscheinende Bookazine zum Sammeln, das Annie Sloans Leidenschaft f\u00fcr Farbe gewidmet ist \u2013 hier die Ausgabe 4.\" \/>\n<meta name=\"robots\" content=\"index, follow, max-snippet:-1, max-image-preview:large, max-video-preview:-1\" \/>\n<link rel=\"canonical\" href=\"https:\/\/www.anniesloan.com\/de\/produkt\/bucher\/the-colourist-ausgabe-vier\/\" \/>\n<meta property=\"og:locale\" content=\"de_DE\" \/>\n<meta property=\"og:type\" content=\"article\" \/>\n<meta property=\"og:title\" content=\"The Colourist AUSGABE 4\" \/>\n<meta property=\"og:description\" content=\"The Colourist ist das einzigartige, halbj\u00e4hrlich erscheinende Bookazine zum Sammeln, das Annie Sloans Leidenschaft f\u00fcr Farbe gewidmet ist \u2013 hier die Ausgabe 4.\" \/>\n<meta property=\"og:url\" content=\"https:\/\/www.anniesloan.com\/de\/produkt\/bucher\/the-colourist-ausgabe-vier\/\" \/>\n<meta property=\"og:site_name\" content=\"Annie Sloan DE\" \/>\n<meta property=\"article:modified_time\" content=\"2026-02-19T09:36:17+00:00\" \/>\n<meta property=\"og:image\" content=\"https:\/\/www.anniesloan.com\/de\/wp-content\/uploads\/sites\/3\/2021\/05\/The-Colourist-Issue-4-by-Annie-Sloan-cover-2800-scaled-1.jpg\" \/>\n\t<meta property=\"og:image:width\" content=\"1280\" \/>\n\t<meta property=\"og:image:height\" content=\"1024\" \/>\n\t<meta property=\"og:image:type\" content=\"image\/jpeg\" \/>\n<meta name=\"twitter:card\" content=\"summary_large_image\" \/>\n<meta name=\"twitter:label1\" content=\"Price\" \/>\n\t<meta name=\"twitter:data1\" content=\"12.95&euro;\" \/>\n\t<meta name=\"twitter:label2\" content=\"Availability\" \/>\n\t<meta name=\"twitter:data2\" content=\"In stock\" \/>\n<script type=\"application\/ld+json\" class=\"yoast-schema-graph\">{\"@context\":\"https:\/\/schema.org\",\"@graph\":[{\"@type\":\"WebPage\",\"@id\":\"https:\/\/www.anniesloan.com\/de\/produkt\/bucher\/the-colourist-ausgabe-vier\/\",\"url\":\"https:\/\/www.anniesloan.com\/de\/produkt\/bucher\/the-colourist-ausgabe-vier\/\",\"name\":\"The Colourist AUSGABE 4 | Buch von Annie Sloan | Annie Sloan DE\",\"isPartOf\":{\"@id\":\"https:\/\/www.anniesloan.com\/de\/#website\"},\"primaryImageOfPage\":{\"@id\":\"https:\/\/www.anniesloan.com\/de\/produkt\/bucher\/the-colourist-ausgabe-vier\/#primaryimage\"},\"image\":{\"@id\":\"https:\/\/www.anniesloan.com\/de\/produkt\/bucher\/the-colourist-ausgabe-vier\/#primaryimage\"},\"thumbnailUrl\":\"https:\/\/www.anniesloan.com\/de\/wp-content\/uploads\/sites\/3\/2021\/05\/The-Colourist-Issue-4-by-Annie-Sloan-cover-2800-scaled-1.jpg\",\"datePublished\":\"2020-04-22T15:49:19+00:00\",\"dateModified\":\"2026-02-19T09:36:17+00:00\",\"description\":\"The Colourist ist das einzigartige, halbj\u00e4hrlich erscheinende Bookazine zum Sammeln, das Annie Sloans Leidenschaft f\u00fcr Farbe gewidmet ist \u2013 hier die Ausgabe 4.\",\"breadcrumb\":{\"@id\":\"https:\/\/www.anniesloan.com\/de\/produkt\/bucher\/the-colourist-ausgabe-vier\/#breadcrumb\"},\"inLanguage\":\"de-DE\",\"potentialAction\":[{\"@type\":\"ReadAction\",\"target\":[\"https:\/\/www.anniesloan.com\/de\/produkt\/bucher\/the-colourist-ausgabe-vier\/\"]}]},{\"@type\":\"ImageObject\",\"inLanguage\":\"de-DE\",\"@id\":\"https:\/\/www.anniesloan.com\/de\/produkt\/bucher\/the-colourist-ausgabe-vier\/#primaryimage\",\"url\":\"https:\/\/www.anniesloan.com\/de\/wp-content\/uploads\/sites\/3\/2021\/05\/The-Colourist-Issue-4-by-Annie-Sloan-cover-2800-scaled-1.jpg\",\"contentUrl\":\"https:\/\/www.anniesloan.com\/de\/wp-content\/uploads\/sites\/3\/2021\/05\/The-Colourist-Issue-4-by-Annie-Sloan-cover-2800-scaled-1.jpg\",\"width\":1280,\"height\":1024,\"caption\":\"The Colourist Issue 4 by Annie Sloan front cover\"},{\"@type\":\"BreadcrumbList\",\"@id\":\"https:\/\/www.anniesloan.com\/de\/produkt\/bucher\/the-colourist-ausgabe-vier\/#breadcrumb\",\"itemListElement\":[{\"@type\":\"ListItem\",\"position\":1,\"name\":\"Produkte\",\"item\":\"https:\/\/www.anniesloan.com\/de\/produkte\/\"},{\"@type\":\"ListItem\",\"position\":2,\"name\":\"B\u00fccher\",\"item\":\"https:\/\/www.anniesloan.com\/de\/produkte\/bucher\/\"},{\"@type\":\"ListItem\",\"position\":3,\"name\":\"The Colourist AUSGABE 4\"}]},{\"@type\":\"WebSite\",\"@id\":\"https:\/\/www.anniesloan.com\/de\/#website\",\"url\":\"https:\/\/www.anniesloan.com\/de\/\",\"name\":\"Annie Sloan DE\",\"description\":\"Die Heimat der Chalk Paint\u2122\",\"potentialAction\":[{\"@type\":\"SearchAction\",\"target\":{\"@type\":\"EntryPoint\",\"urlTemplate\":\"https:\/\/www.anniesloan.com\/de\/?s={search_term_string}\"},\"query-input\":{\"@type\":\"PropertyValueSpecification\",\"valueRequired\":true,\"valueName\":\"search_term_string\"}}],\"inLanguage\":\"de-DE\"}]}<\/script>\n<meta property=\"product:price:amount\" content=\"12.95\" \/>\n<meta property=\"product:price:currency\" content=\"EUR\" \/>\n<meta property=\"og:availability\" content=\"instock\" \/>\n<meta property=\"product:availability\" content=\"instock\" \/>\n<meta property=\"product:retailer_item_id\" content=\"TCTB001.2001.09\" \/>\n<meta property=\"product:condition\" content=\"new\" \/>\n<!-- \/ Yoast SEO Premium plugin. -->","yoast_head_json":{"title":"The Colourist AUSGABE 4 | Buch von Annie Sloan | Annie Sloan DE","description":"The Colourist ist das einzigartige, halbj\u00e4hrlich erscheinende Bookazine zum Sammeln, das Annie Sloans Leidenschaft f\u00fcr Farbe gewidmet ist \u2013 hier die Ausgabe 4.","robots":{"index":"index","follow":"follow","max-snippet":"max-snippet:-1","max-image-preview":"max-image-preview:large","max-video-preview":"max-video-preview:-1"},"canonical":"https:\/\/www.anniesloan.com\/de\/produkt\/bucher\/the-colourist-ausgabe-vier\/","og_locale":"de_DE","og_type":"article","og_title":"The Colourist AUSGABE 4","og_description":"The Colourist ist das einzigartige, halbj\u00e4hrlich erscheinende Bookazine zum Sammeln, das Annie Sloans Leidenschaft f\u00fcr Farbe gewidmet ist \u2013 hier die Ausgabe 4.","og_url":"https:\/\/www.anniesloan.com\/de\/produkt\/bucher\/the-colourist-ausgabe-vier\/","og_site_name":"Annie Sloan DE","article_modified_time":"2026-02-19T09:36:17+00:00","og_image":[{"width":1280,"height":1024,"url":"https:\/\/www.anniesloan.com\/de\/wp-content\/uploads\/sites\/3\/2021\/05\/The-Colourist-Issue-4-by-Annie-Sloan-cover-2800-scaled-1.jpg","type":"image\/jpeg"}],"twitter_card":"summary_large_image","twitter_misc":{"Price":"12.95&euro;","Availability":"In stock"},"schema":{"@context":"https:\/\/schema.org","@graph":[{"@type":"WebPage","@id":"https:\/\/www.anniesloan.com\/de\/produkt\/bucher\/the-colourist-ausgabe-vier\/","url":"https:\/\/www.anniesloan.com\/de\/produkt\/bucher\/the-colourist-ausgabe-vier\/","name":"The Colourist AUSGABE 4 | Buch von Annie Sloan | Annie Sloan DE","isPartOf":{"@id":"https:\/\/www.anniesloan.com\/de\/#website"},"primaryImageOfPage":{"@id":"https:\/\/www.anniesloan.com\/de\/produkt\/bucher\/the-colourist-ausgabe-vier\/#primaryimage"},"image":{"@id":"https:\/\/www.anniesloan.com\/de\/produkt\/bucher\/the-colourist-ausgabe-vier\/#primaryimage"},"thumbnailUrl":"https:\/\/www.anniesloan.com\/de\/wp-content\/uploads\/sites\/3\/2021\/05\/The-Colourist-Issue-4-by-Annie-Sloan-cover-2800-scaled-1.jpg","datePublished":"2020-04-22T15:49:19+00:00","dateModified":"2026-02-19T09:36:17+00:00","description":"The Colourist ist das einzigartige, halbj\u00e4hrlich erscheinende Bookazine zum Sammeln, das Annie Sloans Leidenschaft f\u00fcr Farbe gewidmet ist \u2013 hier die Ausgabe 4.","breadcrumb":{"@id":"https:\/\/www.anniesloan.com\/de\/produkt\/bucher\/the-colourist-ausgabe-vier\/#breadcrumb"},"inLanguage":"de-DE","potentialAction":[{"@type":"ReadAction","target":["https:\/\/www.anniesloan.com\/de\/produkt\/bucher\/the-colourist-ausgabe-vier\/"]}]},{"@type":"ImageObject","inLanguage":"de-DE","@id":"https:\/\/www.anniesloan.com\/de\/produkt\/bucher\/the-colourist-ausgabe-vier\/#primaryimage","url":"https:\/\/www.anniesloan.com\/de\/wp-content\/uploads\/sites\/3\/2021\/05\/The-Colourist-Issue-4-by-Annie-Sloan-cover-2800-scaled-1.jpg","contentUrl":"https:\/\/www.anniesloan.com\/de\/wp-content\/uploads\/sites\/3\/2021\/05\/The-Colourist-Issue-4-by-Annie-Sloan-cover-2800-scaled-1.jpg","width":1280,"height":1024,"caption":"The Colourist Issue 4 by Annie Sloan front cover"},{"@type":"BreadcrumbList","@id":"https:\/\/www.anniesloan.com\/de\/produkt\/bucher\/the-colourist-ausgabe-vier\/#breadcrumb","itemListElement":[{"@type":"ListItem","position":1,"name":"Produkte","item":"https:\/\/www.anniesloan.com\/de\/produkte\/"},{"@type":"ListItem","position":2,"name":"B\u00fccher","item":"https:\/\/www.anniesloan.com\/de\/produkte\/bucher\/"},{"@type":"ListItem","position":3,"name":"The Colourist AUSGABE 4"}]},{"@type":"WebSite","@id":"https:\/\/www.anniesloan.com\/de\/#website","url":"https:\/\/www.anniesloan.com\/de\/","name":"Annie Sloan DE","description":"Die Heimat der Chalk Paint\u2122","potentialAction":[{"@type":"SearchAction","target":{"@type":"EntryPoint","urlTemplate":"https:\/\/www.anniesloan.com\/de\/?s={search_term_string}"},"query-input":{"@type":"PropertyValueSpecification","valueRequired":true,"valueName":"search_term_string"}}],"inLanguage":"de-DE"}]},"product_price_amount":"12.95","product_price_currency":"EUR","og_availability":"instock","product_availability":"instock","product_retailer_item_id":"TCTB001.2001.09","product_condition":"new"},"_links":{"self":[{"href":"https:\/\/www.anniesloan.com\/de\/wp-json\/wp\/v2\/product\/21993","targetHints":{"allow":["GET"]}}],"collection":[{"href":"https:\/\/www.anniesloan.com\/de\/wp-json\/wp\/v2\/product"}],"about":[{"href":"https:\/\/www.anniesloan.com\/de\/wp-json\/wp\/v2\/types\/product"}],"wp:featuredmedia":[{"embeddable":true,"href":"https:\/\/www.anniesloan.com\/de\/wp-json\/wp\/v2\/media\/21994"}],"wp:attachment":[{"href":"https:\/\/www.anniesloan.com\/de\/wp-json\/wp\/v2\/media?parent=21993"}],"wp:term":[{"taxonomy":"product_brand","embeddable":true,"href":"https:\/\/www.anniesloan.com\/de\/wp-json\/wp\/v2\/product_brand?post=21993"},{"taxonomy":"product_cat","embeddable":true,"href":"https:\/\/www.anniesloan.com\/de\/wp-json\/wp\/v2\/product_cat?post=21993"},{"taxonomy":"product_tag","embeddable":true,"href":"https:\/\/www.anniesloan.com\/de\/wp-json\/wp\/v2\/product_tag?post=21993"}],"curies":[{"name":"wp","href":"https:\/\/api.w.org\/{rel}","templated":true}]}}