{"id":21895,"date":"2020-02-10T11:38:55","date_gmt":"2020-02-10T10:38:55","guid":{"rendered":"https:\/\/www.anniesloan.com\/product\/graphite-plus-old-white\/"},"modified":"2024-12-02T16:25:33","modified_gmt":"2024-12-02T15:25:33","slug":"graphite-plus-old-white","status":"publish","type":"product","link":"https:\/\/www.anniesloan.com\/de\/produkt\/stoffe\/halbleinen\/graphite-plus-old-white\/","title":{"rendered":"Graphite + Old White"},"content":{"rendered":"","protected":false},"excerpt":{"rendered":"<div class=\"[ c-ProductSingleDetail__description ] [ c-PageContent ]\">\n<p>Graphite + Old White ist eine der Farbkombinationen der Annie Sloan Halbleinen-Stoffkollektion. Annie Sloan hat diese Stoffkollektion so entwickelt, dass sie mit den Farben der Chalk Paint\u2122 Palette erg\u00e4nzend harmoniert. Jeder der Halbleinenstoffe ist aus Garnen gewebt, die in zwei Farben der Chalk Paint\u2122 Palette gef\u00e4rbt sind, eine Farbe f\u00fcr die Schussgarne und die andere f\u00fcr die Kettgarne.<\/p>\n<p>Die Halbleinenstoffe werden in einer Familienweberei in Prato in der Toskana gewebt, was dem Annie Sloan Firmenethos entspricht, d. h. mit qualitativ hochwertigen und auf ethische Werte ausgerichteten Zulieferern zusammenzuarbeiten sowie kleine Unternehmen zu unterst\u00fctzen.<\/p>\n<p>Die Optik und Struktur von Leinen in Verbindung mit der Festigkeit und Geschmeidigkeit von Baumwolle machen die Stoffe zum einen haltbar genug zur Verwendung f\u00fcr Polsterarbeiten und zum anderen weich genug zum Drapieren. Abschlie\u00dfend wird den Stoffen durch einen besonderen Trocknungsvorgang eine wunderbar weiche Stoffstruktur verliehen.<\/p>\n<p>F\u00fcr R\u00fcckfragen und Gratismuster senden Sie bitte eine E-Mail an fabric@anniesloan.com.<\/p>\n<p>Verkauf pro Meter.<\/p>\n<\/div>\n","protected":false},"featured_media":21835,"template":"","meta":{"_acf_changed":false,"_relevanssi_hide_post":"","_relevanssi_hide_content":"","_relevanssi_pin_for_all":"","_relevanssi_pin_keywords":"","_relevanssi_unpin_keywords":"","_relevanssi_related_keywords":"","_relevanssi_related_include_ids":"","_relevanssi_related_exclude_ids":"","_relevanssi_related_no_append":"","_relevanssi_related_not_related":"","_relevanssi_related_posts":"","_relevanssi_noindex_reason":""},"product_brand":[],"product_cat":[61,67],"product_tag":[],"class_list":{"0":"post-21895","1":"product","2":"type-product","3":"status-publish","4":"has-post-thumbnail","6":"product_cat-stoffe","7":"product_cat-halbleinen","8":"product_shipping_class-dhl","9":"pa_colour-filter-grau","10":"pa_colour-filter-neutral","12":"first","13":"instock","14":"taxable","15":"shipping-taxable","16":"purchasable","17":"product-type-simple"},"acf":[],"yoast_head":"<!-- This site is optimized with the Yoast SEO Premium plugin v26.5 (Yoast SEO v26.5) - https:\/\/yoast.com\/wordpress\/plugins\/seo\/ -->\n<title>Graphite + Old White | Halbleinen-Stoffkollektion | Annie Sloan DE<\/title>\n<meta name=\"description\" content=\"Graphite + Old White ist eine der Farbkombinationen der Annie Sloan Halbleinen-Stoffkollektion.\" \/>\n<meta name=\"robots\" content=\"index, follow, max-snippet:-1, max-image-preview:large, max-video-preview:-1\" \/>\n<link rel=\"canonical\" href=\"https:\/\/www.anniesloan.com\/de\/produkt\/stoffe\/halbleinen\/graphite-plus-old-white\/\" \/>\n<meta property=\"og:locale\" content=\"de_DE\" \/>\n<meta property=\"og:type\" content=\"article\" \/>\n<meta property=\"og:title\" content=\"Graphite + Old White\" \/>\n<meta property=\"og:description\" content=\"Graphite + Old White ist eine der Farbkombinationen der Annie Sloan Halbleinen-Stoffkollektion.\" \/>\n<meta property=\"og:url\" content=\"https:\/\/www.anniesloan.com\/de\/produkt\/stoffe\/halbleinen\/graphite-plus-old-white\/\" \/>\n<meta property=\"og:site_name\" content=\"Annie Sloan DE\" \/>\n<meta property=\"article:modified_time\" content=\"2024-12-02T15:25:33+00:00\" \/>\n<meta property=\"og:image\" content=\"https:\/\/www.anniesloan.com\/de\/wp-content\/uploads\/sites\/3\/2021\/05\/Linen-Union-in-Graphite-Old-White-fabric-by-Annie-Sloan-2000.jpg\" \/>\n\t<meta property=\"og:image:width\" content=\"1279\" \/>\n\t<meta property=\"og:image:height\" content=\"1024\" \/>\n\t<meta property=\"og:image:type\" content=\"image\/jpeg\" \/>\n<meta name=\"twitter:card\" content=\"summary_large_image\" \/>\n<meta name=\"twitter:label1\" content=\"Price\" \/>\n\t<meta name=\"twitter:data1\" content=\"59.95&euro;\" \/>\n\t<meta name=\"twitter:label2\" content=\"Availability\" \/>\n\t<meta name=\"twitter:data2\" content=\"In stock\" \/>\n<script type=\"application\/ld+json\" class=\"yoast-schema-graph\">{\"@context\":\"https:\/\/schema.org\",\"@graph\":[{\"@type\":\"WebPage\",\"@id\":\"https:\/\/www.anniesloan.com\/de\/produkt\/stoffe\/halbleinen\/graphite-plus-old-white\/\",\"url\":\"https:\/\/www.anniesloan.com\/de\/produkt\/stoffe\/halbleinen\/graphite-plus-old-white\/\",\"name\":\"Graphite + Old White | Halbleinen-Stoffkollektion | Annie Sloan DE\",\"isPartOf\":{\"@id\":\"https:\/\/www.anniesloan.com\/de\/#website\"},\"primaryImageOfPage\":{\"@id\":\"https:\/\/www.anniesloan.com\/de\/produkt\/stoffe\/halbleinen\/graphite-plus-old-white\/#primaryimage\"},\"image\":{\"@id\":\"https:\/\/www.anniesloan.com\/de\/produkt\/stoffe\/halbleinen\/graphite-plus-old-white\/#primaryimage\"},\"thumbnailUrl\":\"https:\/\/www.anniesloan.com\/de\/wp-content\/uploads\/sites\/3\/2021\/05\/Linen-Union-in-Graphite-Old-White-fabric-by-Annie-Sloan-2000.jpg\",\"datePublished\":\"2020-02-10T10:38:55+00:00\",\"dateModified\":\"2024-12-02T15:25:33+00:00\",\"description\":\"Graphite + Old White ist eine der Farbkombinationen der Annie Sloan Halbleinen-Stoffkollektion.\",\"breadcrumb\":{\"@id\":\"https:\/\/www.anniesloan.com\/de\/produkt\/stoffe\/halbleinen\/graphite-plus-old-white\/#breadcrumb\"},\"inLanguage\":\"de-DE\",\"potentialAction\":[{\"@type\":\"ReadAction\",\"target\":[\"https:\/\/www.anniesloan.com\/de\/produkt\/stoffe\/halbleinen\/graphite-plus-old-white\/\"]}]},{\"@type\":\"ImageObject\",\"inLanguage\":\"de-DE\",\"@id\":\"https:\/\/www.anniesloan.com\/de\/produkt\/stoffe\/halbleinen\/graphite-plus-old-white\/#primaryimage\",\"url\":\"https:\/\/www.anniesloan.com\/de\/wp-content\/uploads\/sites\/3\/2021\/05\/Linen-Union-in-Graphite-Old-White-fabric-by-Annie-Sloan-2000.jpg\",\"contentUrl\":\"https:\/\/www.anniesloan.com\/de\/wp-content\/uploads\/sites\/3\/2021\/05\/Linen-Union-in-Graphite-Old-White-fabric-by-Annie-Sloan-2000.jpg\",\"width\":1279,\"height\":1024,\"caption\":\"Linen Union in Graphite + Old White fabric by Annie Sloan\"},{\"@type\":\"BreadcrumbList\",\"@id\":\"https:\/\/www.anniesloan.com\/de\/produkt\/stoffe\/halbleinen\/graphite-plus-old-white\/#breadcrumb\",\"itemListElement\":[{\"@type\":\"ListItem\",\"position\":1,\"name\":\"Produkte\",\"item\":\"https:\/\/www.anniesloan.com\/de\/produkte\/\"},{\"@type\":\"ListItem\",\"position\":2,\"name\":\"Stoffe\",\"item\":\"https:\/\/www.anniesloan.com\/de\/produkte\/stoffe\/\"},{\"@type\":\"ListItem\",\"position\":3,\"name\":\"Halbleinen\",\"item\":\"https:\/\/www.anniesloan.com\/de\/produkte\/stoffe\/halbleinen\/\"},{\"@type\":\"ListItem\",\"position\":4,\"name\":\"Graphite + Old White\"}]},{\"@type\":\"WebSite\",\"@id\":\"https:\/\/www.anniesloan.com\/de\/#website\",\"url\":\"https:\/\/www.anniesloan.com\/de\/\",\"name\":\"Annie Sloan DE\",\"description\":\"Die Heimat der Chalk Paint\u2122\",\"potentialAction\":[{\"@type\":\"SearchAction\",\"target\":{\"@type\":\"EntryPoint\",\"urlTemplate\":\"https:\/\/www.anniesloan.com\/de\/?s={search_term_string}\"},\"query-input\":{\"@type\":\"PropertyValueSpecification\",\"valueRequired\":true,\"valueName\":\"search_term_string\"}}],\"inLanguage\":\"de-DE\"}]}<\/script>\n<meta property=\"product:price:amount\" content=\"59.95\" \/>\n<meta property=\"product:price:currency\" content=\"EUR\" \/>\n<meta property=\"og:availability\" content=\"instock\" \/>\n<meta property=\"product:availability\" content=\"instock\" \/>\n<meta property=\"product:retailer_item_id\" content=\"F301GOW.MT01.09\" \/>\n<meta property=\"product:condition\" content=\"new\" \/>\n<!-- \/ Yoast SEO Premium plugin. -->","yoast_head_json":{"title":"Graphite + Old White | Halbleinen-Stoffkollektion | Annie Sloan DE","description":"Graphite + Old White ist eine der Farbkombinationen der Annie Sloan Halbleinen-Stoffkollektion.","robots":{"index":"index","follow":"follow","max-snippet":"max-snippet:-1","max-image-preview":"max-image-preview:large","max-video-preview":"max-video-preview:-1"},"canonical":"https:\/\/www.anniesloan.com\/de\/produkt\/stoffe\/halbleinen\/graphite-plus-old-white\/","og_locale":"de_DE","og_type":"article","og_title":"Graphite + Old White","og_description":"Graphite + Old White ist eine der Farbkombinationen der Annie Sloan Halbleinen-Stoffkollektion.","og_url":"https:\/\/www.anniesloan.com\/de\/produkt\/stoffe\/halbleinen\/graphite-plus-old-white\/","og_site_name":"Annie Sloan DE","article_modified_time":"2024-12-02T15:25:33+00:00","og_image":[{"width":1279,"height":1024,"url":"https:\/\/www.anniesloan.com\/de\/wp-content\/uploads\/sites\/3\/2021\/05\/Linen-Union-in-Graphite-Old-White-fabric-by-Annie-Sloan-2000.jpg","type":"image\/jpeg"}],"twitter_card":"summary_large_image","twitter_misc":{"Price":"59.95&euro;","Availability":"In stock"},"schema":{"@context":"https:\/\/schema.org","@graph":[{"@type":"WebPage","@id":"https:\/\/www.anniesloan.com\/de\/produkt\/stoffe\/halbleinen\/graphite-plus-old-white\/","url":"https:\/\/www.anniesloan.com\/de\/produkt\/stoffe\/halbleinen\/graphite-plus-old-white\/","name":"Graphite + Old White | Halbleinen-Stoffkollektion | Annie Sloan DE","isPartOf":{"@id":"https:\/\/www.anniesloan.com\/de\/#website"},"primaryImageOfPage":{"@id":"https:\/\/www.anniesloan.com\/de\/produkt\/stoffe\/halbleinen\/graphite-plus-old-white\/#primaryimage"},"image":{"@id":"https:\/\/www.anniesloan.com\/de\/produkt\/stoffe\/halbleinen\/graphite-plus-old-white\/#primaryimage"},"thumbnailUrl":"https:\/\/www.anniesloan.com\/de\/wp-content\/uploads\/sites\/3\/2021\/05\/Linen-Union-in-Graphite-Old-White-fabric-by-Annie-Sloan-2000.jpg","datePublished":"2020-02-10T10:38:55+00:00","dateModified":"2024-12-02T15:25:33+00:00","description":"Graphite + Old White ist eine der Farbkombinationen der Annie Sloan Halbleinen-Stoffkollektion.","breadcrumb":{"@id":"https:\/\/www.anniesloan.com\/de\/produkt\/stoffe\/halbleinen\/graphite-plus-old-white\/#breadcrumb"},"inLanguage":"de-DE","potentialAction":[{"@type":"ReadAction","target":["https:\/\/www.anniesloan.com\/de\/produkt\/stoffe\/halbleinen\/graphite-plus-old-white\/"]}]},{"@type":"ImageObject","inLanguage":"de-DE","@id":"https:\/\/www.anniesloan.com\/de\/produkt\/stoffe\/halbleinen\/graphite-plus-old-white\/#primaryimage","url":"https:\/\/www.anniesloan.com\/de\/wp-content\/uploads\/sites\/3\/2021\/05\/Linen-Union-in-Graphite-Old-White-fabric-by-Annie-Sloan-2000.jpg","contentUrl":"https:\/\/www.anniesloan.com\/de\/wp-content\/uploads\/sites\/3\/2021\/05\/Linen-Union-in-Graphite-Old-White-fabric-by-Annie-Sloan-2000.jpg","width":1279,"height":1024,"caption":"Linen Union in Graphite + Old White fabric by Annie Sloan"},{"@type":"BreadcrumbList","@id":"https:\/\/www.anniesloan.com\/de\/produkt\/stoffe\/halbleinen\/graphite-plus-old-white\/#breadcrumb","itemListElement":[{"@type":"ListItem","position":1,"name":"Produkte","item":"https:\/\/www.anniesloan.com\/de\/produkte\/"},{"@type":"ListItem","position":2,"name":"Stoffe","item":"https:\/\/www.anniesloan.com\/de\/produkte\/stoffe\/"},{"@type":"ListItem","position":3,"name":"Halbleinen","item":"https:\/\/www.anniesloan.com\/de\/produkte\/stoffe\/halbleinen\/"},{"@type":"ListItem","position":4,"name":"Graphite + Old White"}]},{"@type":"WebSite","@id":"https:\/\/www.anniesloan.com\/de\/#website","url":"https:\/\/www.anniesloan.com\/de\/","name":"Annie Sloan DE","description":"Die Heimat der Chalk Paint\u2122","potentialAction":[{"@type":"SearchAction","target":{"@type":"EntryPoint","urlTemplate":"https:\/\/www.anniesloan.com\/de\/?s={search_term_string}"},"query-input":{"@type":"PropertyValueSpecification","valueRequired":true,"valueName":"search_term_string"}}],"inLanguage":"de-DE"}]},"product_price_amount":"59.95","product_price_currency":"EUR","og_availability":"instock","product_availability":"instock","product_retailer_item_id":"F301GOW.MT01.09","product_condition":"new"},"_links":{"self":[{"href":"https:\/\/www.anniesloan.com\/de\/wp-json\/wp\/v2\/product\/21895","targetHints":{"allow":["GET"]}}],"collection":[{"href":"https:\/\/www.anniesloan.com\/de\/wp-json\/wp\/v2\/product"}],"about":[{"href":"https:\/\/www.anniesloan.com\/de\/wp-json\/wp\/v2\/types\/product"}],"wp:featuredmedia":[{"embeddable":true,"href":"https:\/\/www.anniesloan.com\/de\/wp-json\/wp\/v2\/media\/21835"}],"wp:attachment":[{"href":"https:\/\/www.anniesloan.com\/de\/wp-json\/wp\/v2\/media?parent=21895"}],"wp:term":[{"taxonomy":"product_brand","embeddable":true,"href":"https:\/\/www.anniesloan.com\/de\/wp-json\/wp\/v2\/product_brand?post=21895"},{"taxonomy":"product_cat","embeddable":true,"href":"https:\/\/www.anniesloan.com\/de\/wp-json\/wp\/v2\/product_cat?post=21895"},{"taxonomy":"product_tag","embeddable":true,"href":"https:\/\/www.anniesloan.com\/de\/wp-json\/wp\/v2\/product_tag?post=21895"}],"curies":[{"name":"wp","href":"https:\/\/api.w.org\/{rel}","templated":true}]}}