{"id":21783,"date":"2020-02-10T10:12:33","date_gmt":"2020-02-10T09:12:33","guid":{"rendered":"https:\/\/www.anniesloan.com\/product\/quick-and-easy-paint-transformations\/"},"modified":"2026-01-23T12:32:41","modified_gmt":"2026-01-23T11:32:41","slug":"quick-and-easy-paint-transformations","status":"publish","type":"product","link":"https:\/\/www.anniesloan.com\/de\/produkt\/bucher\/quick-and-easy-paint-transformations\/","title":{"rendered":"Quick and Easy Paint Transformations"},"content":{"rendered":"","protected":false},"excerpt":{"rendered":"<div class=\"[ c-ProductSingleDetail__description ] [ c-PageContent ]\">\n<p>Mit diesem Buch in einer Hand und einem Pinsel in der anderen kann man lernen, wie unterschiedliche Oberfl\u00e4chen und Effekte mit Farben erzielt werden k\u00f6nnen, um allt\u00e4gliche R\u00e4ume und Einrichtung in etwas Besonderes zu verwandeln, und all das zum Preis einer Dose Chalk Paint\u2122.<\/p>\n<p>Quick and Easy Paint Transformations erkl\u00e4rt 50 unterschiedliche Projekte Schritt f\u00fcr Schritt, sodass zahllose Techniken wie Farblasieren, Shabby Chic und Patinieren, Farbeffekte, Schablonenarbeit, Drucken, Lackieren und Glasieren erlernt werden k\u00f6nnen.<\/p>\n<p>Herausgegeben von Cico Books mit inspirierenden Fotografien von Christopher Drake.<\/p>\n<\/div>\n","protected":false},"featured_media":21784,"template":"","meta":{"_acf_changed":false,"_relevanssi_hide_post":"","_relevanssi_hide_content":"","_relevanssi_pin_for_all":"","_relevanssi_pin_keywords":"","_relevanssi_unpin_keywords":"","_relevanssi_related_keywords":"","_relevanssi_related_include_ids":"","_relevanssi_related_exclude_ids":"","_relevanssi_related_no_append":"","_relevanssi_related_not_related":"","_relevanssi_related_posts":"","_relevanssi_noindex_reason":""},"product_brand":[],"product_cat":[65,1172,66],"product_tag":[],"class_list":{"0":"post-21783","1":"product","2":"type-product","3":"status-publish","4":"has-post-thumbnail","6":"product_cat-geschenkideen-und-sets","7":"product_cat-geschenke-unter-30e","8":"product_cat-bucher","9":"product_shipping_class-warenpost","11":"first","12":"instock","13":"taxable","14":"shipping-taxable","15":"purchasable","16":"product-type-simple"},"acf":[],"yoast_head":"<!-- This site is optimized with the Yoast SEO Premium plugin v26.5 (Yoast SEO v26.5) - https:\/\/yoast.com\/wordpress\/plugins\/seo\/ -->\n<title>Quick and Easy Paint Transformations | Bucher | Annie Sloan DE<\/title>\n<meta name=\"description\" content=\"\u201eQuick and Easy Paint Transformations&quot; erkl\u00e4rt in 50 unterschiedlichen Projekten Schritt f\u00fcr Schritt, wie Sie verschiedene Oberfl\u00e4chen und Effekte erzielen.\" \/>\n<meta name=\"robots\" content=\"index, follow, max-snippet:-1, max-image-preview:large, max-video-preview:-1\" \/>\n<link rel=\"canonical\" href=\"https:\/\/www.anniesloan.com\/de\/produkt\/bucher\/quick-and-easy-paint-transformations\/\" \/>\n<meta property=\"og:locale\" content=\"de_DE\" \/>\n<meta property=\"og:type\" content=\"article\" \/>\n<meta property=\"og:title\" content=\"Quick and Easy Paint Transformations\" \/>\n<meta property=\"og:description\" content=\"\u201eQuick and Easy Paint Transformations&quot; erkl\u00e4rt in 50 unterschiedlichen Projekten Schritt f\u00fcr Schritt, wie Sie verschiedene Oberfl\u00e4chen und Effekte erzielen.\" \/>\n<meta property=\"og:url\" content=\"https:\/\/www.anniesloan.com\/de\/produkt\/bucher\/quick-and-easy-paint-transformations\/\" \/>\n<meta property=\"og:site_name\" content=\"Annie Sloan DE\" \/>\n<meta property=\"article:modified_time\" content=\"2026-01-23T11:32:41+00:00\" \/>\n<meta property=\"og:image\" content=\"https:\/\/www.anniesloan.com\/de\/wp-content\/uploads\/sites\/3\/2021\/05\/Quick-and-Easy-Paint-Transformations-by-Annie-Sloan-book-published-by-Cico-front-cover-2500.jpg\" \/>\n\t<meta property=\"og:image:width\" content=\"1280\" \/>\n\t<meta property=\"og:image:height\" content=\"1024\" \/>\n\t<meta property=\"og:image:type\" content=\"image\/jpeg\" \/>\n<meta name=\"twitter:card\" content=\"summary_large_image\" \/>\n<meta name=\"twitter:label1\" content=\"Price\" \/>\n\t<meta name=\"twitter:data1\" content=\"19.95&euro;\" \/>\n\t<meta name=\"twitter:label2\" content=\"Availability\" \/>\n\t<meta name=\"twitter:data2\" content=\"In stock\" \/>\n<script type=\"application\/ld+json\" class=\"yoast-schema-graph\">{\"@context\":\"https:\/\/schema.org\",\"@graph\":[{\"@type\":\"WebPage\",\"@id\":\"https:\/\/www.anniesloan.com\/de\/produkt\/bucher\/quick-and-easy-paint-transformations\/\",\"url\":\"https:\/\/www.anniesloan.com\/de\/produkt\/bucher\/quick-and-easy-paint-transformations\/\",\"name\":\"Quick and Easy Paint Transformations | Bucher | Annie Sloan DE\",\"isPartOf\":{\"@id\":\"https:\/\/www.anniesloan.com\/de\/#website\"},\"primaryImageOfPage\":{\"@id\":\"https:\/\/www.anniesloan.com\/de\/produkt\/bucher\/quick-and-easy-paint-transformations\/#primaryimage\"},\"image\":{\"@id\":\"https:\/\/www.anniesloan.com\/de\/produkt\/bucher\/quick-and-easy-paint-transformations\/#primaryimage\"},\"thumbnailUrl\":\"https:\/\/www.anniesloan.com\/de\/wp-content\/uploads\/sites\/3\/2021\/05\/Quick-and-Easy-Paint-Transformations-by-Annie-Sloan-book-published-by-Cico-front-cover-2500.jpg\",\"datePublished\":\"2020-02-10T09:12:33+00:00\",\"dateModified\":\"2026-01-23T11:32:41+00:00\",\"description\":\"\u201eQuick and Easy Paint Transformations\\\" erkl\u00e4rt in 50 unterschiedlichen Projekten Schritt f\u00fcr Schritt, wie Sie verschiedene Oberfl\u00e4chen und Effekte erzielen.\",\"breadcrumb\":{\"@id\":\"https:\/\/www.anniesloan.com\/de\/produkt\/bucher\/quick-and-easy-paint-transformations\/#breadcrumb\"},\"inLanguage\":\"de-DE\",\"potentialAction\":[{\"@type\":\"ReadAction\",\"target\":[\"https:\/\/www.anniesloan.com\/de\/produkt\/bucher\/quick-and-easy-paint-transformations\/\"]}]},{\"@type\":\"ImageObject\",\"inLanguage\":\"de-DE\",\"@id\":\"https:\/\/www.anniesloan.com\/de\/produkt\/bucher\/quick-and-easy-paint-transformations\/#primaryimage\",\"url\":\"https:\/\/www.anniesloan.com\/de\/wp-content\/uploads\/sites\/3\/2021\/05\/Quick-and-Easy-Paint-Transformations-by-Annie-Sloan-book-published-by-Cico-front-cover-2500.jpg\",\"contentUrl\":\"https:\/\/www.anniesloan.com\/de\/wp-content\/uploads\/sites\/3\/2021\/05\/Quick-and-Easy-Paint-Transformations-by-Annie-Sloan-book-published-by-Cico-front-cover-2500.jpg\",\"width\":1280,\"height\":1024,\"caption\":\"Quick and Easy Paint Transformations by Annie Sloan book published by Cico front cover\"},{\"@type\":\"BreadcrumbList\",\"@id\":\"https:\/\/www.anniesloan.com\/de\/produkt\/bucher\/quick-and-easy-paint-transformations\/#breadcrumb\",\"itemListElement\":[{\"@type\":\"ListItem\",\"position\":1,\"name\":\"Produkte\",\"item\":\"https:\/\/www.anniesloan.com\/de\/produkte\/\"},{\"@type\":\"ListItem\",\"position\":2,\"name\":\"B\u00fccher\",\"item\":\"https:\/\/www.anniesloan.com\/de\/produkte\/bucher\/\"},{\"@type\":\"ListItem\",\"position\":3,\"name\":\"Quick and Easy Paint Transformations\"}]},{\"@type\":\"WebSite\",\"@id\":\"https:\/\/www.anniesloan.com\/de\/#website\",\"url\":\"https:\/\/www.anniesloan.com\/de\/\",\"name\":\"Annie Sloan DE\",\"description\":\"Die Heimat der Chalk Paint\u2122\",\"potentialAction\":[{\"@type\":\"SearchAction\",\"target\":{\"@type\":\"EntryPoint\",\"urlTemplate\":\"https:\/\/www.anniesloan.com\/de\/?s={search_term_string}\"},\"query-input\":{\"@type\":\"PropertyValueSpecification\",\"valueRequired\":true,\"valueName\":\"search_term_string\"}}],\"inLanguage\":\"de-DE\"}]}<\/script>\n<meta property=\"product:price:amount\" content=\"19.95\" \/>\n<meta property=\"product:price:currency\" content=\"EUR\" \/>\n<meta property=\"og:availability\" content=\"instock\" \/>\n<meta property=\"product:availability\" content=\"instock\" \/>\n<meta property=\"product:retailer_item_id\" content=\"BTRN053.GB01.01\" \/>\n<meta property=\"product:condition\" content=\"new\" \/>\n<!-- \/ Yoast SEO Premium plugin. -->","yoast_head_json":{"title":"Quick and Easy Paint Transformations | Bucher | Annie Sloan DE","description":"\u201eQuick and Easy Paint Transformations\" erkl\u00e4rt in 50 unterschiedlichen Projekten Schritt f\u00fcr Schritt, wie Sie verschiedene Oberfl\u00e4chen und Effekte erzielen.","robots":{"index":"index","follow":"follow","max-snippet":"max-snippet:-1","max-image-preview":"max-image-preview:large","max-video-preview":"max-video-preview:-1"},"canonical":"https:\/\/www.anniesloan.com\/de\/produkt\/bucher\/quick-and-easy-paint-transformations\/","og_locale":"de_DE","og_type":"article","og_title":"Quick and Easy Paint Transformations","og_description":"\u201eQuick and Easy Paint Transformations\" erkl\u00e4rt in 50 unterschiedlichen Projekten Schritt f\u00fcr Schritt, wie Sie verschiedene Oberfl\u00e4chen und Effekte erzielen.","og_url":"https:\/\/www.anniesloan.com\/de\/produkt\/bucher\/quick-and-easy-paint-transformations\/","og_site_name":"Annie Sloan DE","article_modified_time":"2026-01-23T11:32:41+00:00","og_image":[{"width":1280,"height":1024,"url":"https:\/\/www.anniesloan.com\/de\/wp-content\/uploads\/sites\/3\/2021\/05\/Quick-and-Easy-Paint-Transformations-by-Annie-Sloan-book-published-by-Cico-front-cover-2500.jpg","type":"image\/jpeg"}],"twitter_card":"summary_large_image","twitter_misc":{"Price":"19.95&euro;","Availability":"In stock"},"schema":{"@context":"https:\/\/schema.org","@graph":[{"@type":"WebPage","@id":"https:\/\/www.anniesloan.com\/de\/produkt\/bucher\/quick-and-easy-paint-transformations\/","url":"https:\/\/www.anniesloan.com\/de\/produkt\/bucher\/quick-and-easy-paint-transformations\/","name":"Quick and Easy Paint Transformations | Bucher | Annie Sloan DE","isPartOf":{"@id":"https:\/\/www.anniesloan.com\/de\/#website"},"primaryImageOfPage":{"@id":"https:\/\/www.anniesloan.com\/de\/produkt\/bucher\/quick-and-easy-paint-transformations\/#primaryimage"},"image":{"@id":"https:\/\/www.anniesloan.com\/de\/produkt\/bucher\/quick-and-easy-paint-transformations\/#primaryimage"},"thumbnailUrl":"https:\/\/www.anniesloan.com\/de\/wp-content\/uploads\/sites\/3\/2021\/05\/Quick-and-Easy-Paint-Transformations-by-Annie-Sloan-book-published-by-Cico-front-cover-2500.jpg","datePublished":"2020-02-10T09:12:33+00:00","dateModified":"2026-01-23T11:32:41+00:00","description":"\u201eQuick and Easy Paint Transformations\" erkl\u00e4rt in 50 unterschiedlichen Projekten Schritt f\u00fcr Schritt, wie Sie verschiedene Oberfl\u00e4chen und Effekte erzielen.","breadcrumb":{"@id":"https:\/\/www.anniesloan.com\/de\/produkt\/bucher\/quick-and-easy-paint-transformations\/#breadcrumb"},"inLanguage":"de-DE","potentialAction":[{"@type":"ReadAction","target":["https:\/\/www.anniesloan.com\/de\/produkt\/bucher\/quick-and-easy-paint-transformations\/"]}]},{"@type":"ImageObject","inLanguage":"de-DE","@id":"https:\/\/www.anniesloan.com\/de\/produkt\/bucher\/quick-and-easy-paint-transformations\/#primaryimage","url":"https:\/\/www.anniesloan.com\/de\/wp-content\/uploads\/sites\/3\/2021\/05\/Quick-and-Easy-Paint-Transformations-by-Annie-Sloan-book-published-by-Cico-front-cover-2500.jpg","contentUrl":"https:\/\/www.anniesloan.com\/de\/wp-content\/uploads\/sites\/3\/2021\/05\/Quick-and-Easy-Paint-Transformations-by-Annie-Sloan-book-published-by-Cico-front-cover-2500.jpg","width":1280,"height":1024,"caption":"Quick and Easy Paint Transformations by Annie Sloan book published by Cico front cover"},{"@type":"BreadcrumbList","@id":"https:\/\/www.anniesloan.com\/de\/produkt\/bucher\/quick-and-easy-paint-transformations\/#breadcrumb","itemListElement":[{"@type":"ListItem","position":1,"name":"Produkte","item":"https:\/\/www.anniesloan.com\/de\/produkte\/"},{"@type":"ListItem","position":2,"name":"B\u00fccher","item":"https:\/\/www.anniesloan.com\/de\/produkte\/bucher\/"},{"@type":"ListItem","position":3,"name":"Quick and Easy Paint Transformations"}]},{"@type":"WebSite","@id":"https:\/\/www.anniesloan.com\/de\/#website","url":"https:\/\/www.anniesloan.com\/de\/","name":"Annie Sloan DE","description":"Die Heimat der Chalk Paint\u2122","potentialAction":[{"@type":"SearchAction","target":{"@type":"EntryPoint","urlTemplate":"https:\/\/www.anniesloan.com\/de\/?s={search_term_string}"},"query-input":{"@type":"PropertyValueSpecification","valueRequired":true,"valueName":"search_term_string"}}],"inLanguage":"de-DE"}]},"product_price_amount":"19.95","product_price_currency":"EUR","og_availability":"instock","product_availability":"instock","product_retailer_item_id":"BTRN053.GB01.01","product_condition":"new"},"_links":{"self":[{"href":"https:\/\/www.anniesloan.com\/de\/wp-json\/wp\/v2\/product\/21783","targetHints":{"allow":["GET"]}}],"collection":[{"href":"https:\/\/www.anniesloan.com\/de\/wp-json\/wp\/v2\/product"}],"about":[{"href":"https:\/\/www.anniesloan.com\/de\/wp-json\/wp\/v2\/types\/product"}],"wp:featuredmedia":[{"embeddable":true,"href":"https:\/\/www.anniesloan.com\/de\/wp-json\/wp\/v2\/media\/21784"}],"wp:attachment":[{"href":"https:\/\/www.anniesloan.com\/de\/wp-json\/wp\/v2\/media?parent=21783"}],"wp:term":[{"taxonomy":"product_brand","embeddable":true,"href":"https:\/\/www.anniesloan.com\/de\/wp-json\/wp\/v2\/product_brand?post=21783"},{"taxonomy":"product_cat","embeddable":true,"href":"https:\/\/www.anniesloan.com\/de\/wp-json\/wp\/v2\/product_cat?post=21783"},{"taxonomy":"product_tag","embeddable":true,"href":"https:\/\/www.anniesloan.com\/de\/wp-json\/wp\/v2\/product_tag?post=21783"}],"curies":[{"name":"wp","href":"https:\/\/api.w.org\/{rel}","templated":true}]}}