{"id":21613,"date":"2020-02-10T10:12:33","date_gmt":"2020-02-10T09:12:33","guid":{"rendered":"https:\/\/www.anniesloan.com\/product\/annie-sloan-paints-everything-french\/"},"modified":"2026-01-13T07:10:46","modified_gmt":"2026-01-13T06:10:46","slug":"annie-sloan-paints-everything-french","status":"publish","type":"product","link":"https:\/\/www.anniesloan.com\/de\/produkt\/bucher\/annie-sloan-paints-everything-french\/","title":{"rendered":"Annie Sloan Paints Everything &#8211; French"},"content":{"rendered":"","protected":false},"excerpt":{"rendered":"<h3>Peinture D\u00e9corative<\/h3>\n<p>Annie Sloans Buch Annie Sloan Paints Everything, \u00fcbersetzt ins Franz\u00f6sische.<\/p>\n<p><em>40 projets cr\u00e9atifs pour customiser tissus, sols, murs et meubles.\u00a0Laissez-vous guider et d\u00e9couvrez comment utiliser Chalk Paint d\u2019une fa\u00e7on que vous n\u2019auriez jamais imagin\u00e9e.<\/em><\/p>\n<p><em>Canap\u00e9 dor\u00e9, coussin imprim\u00e9, tapis au pochoir, mur en tissu\u2026 \u00c0 travers 40\u00a0projets originaux, Annie Sloan vous livre tout son savoir-faire et ses astuces pour personnaliser votre int\u00e9rieur tout en d\u00e9couvrant diff\u00e9rents styles et techniques.<\/em><\/p>\n<p>Ver\u00f6ffentlicht von CICO Books mit Auftragsfotografie von Christopher Drake. Herausgeber: Dessain und Tolra.<\/p>\n","protected":false},"featured_media":21614,"template":"","meta":{"_acf_changed":false,"_relevanssi_hide_post":"","_relevanssi_hide_content":"","_relevanssi_pin_for_all":"","_relevanssi_pin_keywords":"","_relevanssi_unpin_keywords":"","_relevanssi_related_keywords":"","_relevanssi_related_include_ids":"","_relevanssi_related_exclude_ids":"","_relevanssi_related_no_append":"","_relevanssi_related_not_related":"","_relevanssi_related_posts":"","_relevanssi_noindex_reason":""},"product_brand":[],"product_cat":[66],"product_tag":[],"class_list":{"0":"post-21613","1":"product","2":"type-product","3":"status-publish","4":"has-post-thumbnail","6":"product_cat-bucher","7":"product_shipping_class-warenpost","9":"first","10":"outofstock","11":"taxable","12":"shipping-taxable","13":"purchasable","14":"product-type-simple"},"acf":[],"yoast_head":"<!-- This site is optimized with the Yoast SEO Premium plugin v26.5 (Yoast SEO v26.5) - https:\/\/yoast.com\/wordpress\/plugins\/seo\/ -->\n<title>Annie Sloan Paints Everything - French | Livre par Annie Sloan | Annie Sloan DE<\/title>\n<meta name=\"description\" content=\"Le livre d\u2019Annie Sloan, \u00ab\u00a0Annie Sloan Paints Everything\u00a0\u00bb, traduit en fran\u00e7ais. Annie Sloan vous guide pas \u00e0 pas dans 40 projets innovants et vous conseille sur l\u2019utilisation de Chalk Paint\u2122.\" \/>\n<meta name=\"robots\" content=\"index, follow, max-snippet:-1, max-image-preview:large, max-video-preview:-1\" \/>\n<link rel=\"canonical\" href=\"https:\/\/www.anniesloan.com\/de\/produkt\/bucher\/annie-sloan-paints-everything-french\/\" \/>\n<meta property=\"og:locale\" content=\"de_DE\" \/>\n<meta property=\"og:type\" content=\"article\" \/>\n<meta property=\"og:title\" content=\"Annie Sloan Paints Everything - French\" \/>\n<meta property=\"og:description\" content=\"Le livre d\u2019Annie Sloan, \u00ab\u00a0Annie Sloan Paints Everything\u00a0\u00bb, traduit en fran\u00e7ais. Annie Sloan vous guide pas \u00e0 pas dans 40 projets innovants et vous conseille sur l\u2019utilisation de Chalk Paint\u2122.\" \/>\n<meta property=\"og:url\" content=\"https:\/\/www.anniesloan.com\/de\/produkt\/bucher\/annie-sloan-paints-everything-french\/\" \/>\n<meta property=\"og:site_name\" content=\"Annie Sloan DE\" \/>\n<meta property=\"article:modified_time\" content=\"2026-01-13T06:10:46+00:00\" \/>\n<meta property=\"og:image\" content=\"https:\/\/www.anniesloan.com\/de\/wp-content\/uploads\/sites\/3\/2021\/05\/Annie-Sloan-Paints-Everything-french-translation-Peinture-Decorative-cover-2500.jpg\" \/>\n\t<meta property=\"og:image:width\" content=\"1280\" \/>\n\t<meta property=\"og:image:height\" content=\"1024\" \/>\n\t<meta property=\"og:image:type\" content=\"image\/jpeg\" \/>\n<meta name=\"twitter:card\" content=\"summary_large_image\" \/>\n<meta name=\"twitter:label1\" content=\"Price\" \/>\n\t<meta name=\"twitter:data1\" content=\"19.95&euro;\" \/>\n\t<meta name=\"twitter:label2\" content=\"Availability\" \/>\n\t<meta name=\"twitter:data2\" content=\"Out of stock\" \/>\n<script type=\"application\/ld+json\" class=\"yoast-schema-graph\">{\"@context\":\"https:\/\/schema.org\",\"@graph\":[{\"@type\":\"WebPage\",\"@id\":\"https:\/\/www.anniesloan.com\/de\/produkt\/bucher\/annie-sloan-paints-everything-french\/\",\"url\":\"https:\/\/www.anniesloan.com\/de\/produkt\/bucher\/annie-sloan-paints-everything-french\/\",\"name\":\"Annie Sloan Paints Everything - French | Livre par Annie Sloan | Annie Sloan DE\",\"isPartOf\":{\"@id\":\"https:\/\/www.anniesloan.com\/de\/#website\"},\"primaryImageOfPage\":{\"@id\":\"https:\/\/www.anniesloan.com\/de\/produkt\/bucher\/annie-sloan-paints-everything-french\/#primaryimage\"},\"image\":{\"@id\":\"https:\/\/www.anniesloan.com\/de\/produkt\/bucher\/annie-sloan-paints-everything-french\/#primaryimage\"},\"thumbnailUrl\":\"https:\/\/www.anniesloan.com\/de\/wp-content\/uploads\/sites\/3\/2021\/05\/Annie-Sloan-Paints-Everything-french-translation-Peinture-Decorative-cover-2500.jpg\",\"datePublished\":\"2020-02-10T09:12:33+00:00\",\"dateModified\":\"2026-01-13T06:10:46+00:00\",\"description\":\"Le livre d\u2019Annie Sloan, \u00ab\u00a0Annie Sloan Paints Everything\u00a0\u00bb, traduit en fran\u00e7ais. Annie Sloan vous guide pas \u00e0 pas dans 40 projets innovants et vous conseille sur l\u2019utilisation de Chalk Paint\u2122.\",\"breadcrumb\":{\"@id\":\"https:\/\/www.anniesloan.com\/de\/produkt\/bucher\/annie-sloan-paints-everything-french\/#breadcrumb\"},\"inLanguage\":\"de-DE\",\"potentialAction\":[{\"@type\":\"ReadAction\",\"target\":[\"https:\/\/www.anniesloan.com\/de\/produkt\/bucher\/annie-sloan-paints-everything-french\/\"]}]},{\"@type\":\"ImageObject\",\"inLanguage\":\"de-DE\",\"@id\":\"https:\/\/www.anniesloan.com\/de\/produkt\/bucher\/annie-sloan-paints-everything-french\/#primaryimage\",\"url\":\"https:\/\/www.anniesloan.com\/de\/wp-content\/uploads\/sites\/3\/2021\/05\/Annie-Sloan-Paints-Everything-french-translation-Peinture-Decorative-cover-2500.jpg\",\"contentUrl\":\"https:\/\/www.anniesloan.com\/de\/wp-content\/uploads\/sites\/3\/2021\/05\/Annie-Sloan-Paints-Everything-french-translation-Peinture-Decorative-cover-2500.jpg\",\"width\":1280,\"height\":1024,\"caption\":\"Annie Sloan Paints Everything translated into French - Peinture D\u00e9corative - book front cover\"},{\"@type\":\"BreadcrumbList\",\"@id\":\"https:\/\/www.anniesloan.com\/de\/produkt\/bucher\/annie-sloan-paints-everything-french\/#breadcrumb\",\"itemListElement\":[{\"@type\":\"ListItem\",\"position\":1,\"name\":\"Produkte\",\"item\":\"https:\/\/www.anniesloan.com\/de\/produkte\/\"},{\"@type\":\"ListItem\",\"position\":2,\"name\":\"B\u00fccher\",\"item\":\"https:\/\/www.anniesloan.com\/de\/produkte\/bucher\/\"},{\"@type\":\"ListItem\",\"position\":3,\"name\":\"Annie Sloan Paints Everything &#8211; French\"}]},{\"@type\":\"WebSite\",\"@id\":\"https:\/\/www.anniesloan.com\/de\/#website\",\"url\":\"https:\/\/www.anniesloan.com\/de\/\",\"name\":\"Annie Sloan DE\",\"description\":\"Die Heimat der Chalk Paint\u2122\",\"potentialAction\":[{\"@type\":\"SearchAction\",\"target\":{\"@type\":\"EntryPoint\",\"urlTemplate\":\"https:\/\/www.anniesloan.com\/de\/?s={search_term_string}\"},\"query-input\":{\"@type\":\"PropertyValueSpecification\",\"valueRequired\":true,\"valueName\":\"search_term_string\"}}],\"inLanguage\":\"de-DE\"}]}<\/script>\n<meta property=\"product:price:amount\" content=\"19.95\" \/>\n<meta property=\"product:price:currency\" content=\"EUR\" \/>\n<meta property=\"og:availability\" content=\"out of stock\" \/>\n<meta property=\"product:availability\" content=\"out of stock\" \/>\n<meta property=\"product:retailer_item_id\" content=\"BPEV059.FR01.01\" \/>\n<meta property=\"product:condition\" content=\"new\" \/>\n<!-- \/ Yoast SEO Premium plugin. -->","yoast_head_json":{"title":"Annie Sloan Paints Everything - French | Livre par Annie Sloan | Annie Sloan DE","description":"Le livre d\u2019Annie Sloan, \u00ab\u00a0Annie Sloan Paints Everything\u00a0\u00bb, traduit en fran\u00e7ais. Annie Sloan vous guide pas \u00e0 pas dans 40 projets innovants et vous conseille sur l\u2019utilisation de Chalk Paint\u2122.","robots":{"index":"index","follow":"follow","max-snippet":"max-snippet:-1","max-image-preview":"max-image-preview:large","max-video-preview":"max-video-preview:-1"},"canonical":"https:\/\/www.anniesloan.com\/de\/produkt\/bucher\/annie-sloan-paints-everything-french\/","og_locale":"de_DE","og_type":"article","og_title":"Annie Sloan Paints Everything - French","og_description":"Le livre d\u2019Annie Sloan, \u00ab\u00a0Annie Sloan Paints Everything\u00a0\u00bb, traduit en fran\u00e7ais. Annie Sloan vous guide pas \u00e0 pas dans 40 projets innovants et vous conseille sur l\u2019utilisation de Chalk Paint\u2122.","og_url":"https:\/\/www.anniesloan.com\/de\/produkt\/bucher\/annie-sloan-paints-everything-french\/","og_site_name":"Annie Sloan DE","article_modified_time":"2026-01-13T06:10:46+00:00","og_image":[{"width":1280,"height":1024,"url":"https:\/\/www.anniesloan.com\/de\/wp-content\/uploads\/sites\/3\/2021\/05\/Annie-Sloan-Paints-Everything-french-translation-Peinture-Decorative-cover-2500.jpg","type":"image\/jpeg"}],"twitter_card":"summary_large_image","twitter_misc":{"Price":"19.95&euro;","Availability":"Out of stock"},"schema":{"@context":"https:\/\/schema.org","@graph":[{"@type":"WebPage","@id":"https:\/\/www.anniesloan.com\/de\/produkt\/bucher\/annie-sloan-paints-everything-french\/","url":"https:\/\/www.anniesloan.com\/de\/produkt\/bucher\/annie-sloan-paints-everything-french\/","name":"Annie Sloan Paints Everything - French | Livre par Annie Sloan | Annie Sloan DE","isPartOf":{"@id":"https:\/\/www.anniesloan.com\/de\/#website"},"primaryImageOfPage":{"@id":"https:\/\/www.anniesloan.com\/de\/produkt\/bucher\/annie-sloan-paints-everything-french\/#primaryimage"},"image":{"@id":"https:\/\/www.anniesloan.com\/de\/produkt\/bucher\/annie-sloan-paints-everything-french\/#primaryimage"},"thumbnailUrl":"https:\/\/www.anniesloan.com\/de\/wp-content\/uploads\/sites\/3\/2021\/05\/Annie-Sloan-Paints-Everything-french-translation-Peinture-Decorative-cover-2500.jpg","datePublished":"2020-02-10T09:12:33+00:00","dateModified":"2026-01-13T06:10:46+00:00","description":"Le livre d\u2019Annie Sloan, \u00ab\u00a0Annie Sloan Paints Everything\u00a0\u00bb, traduit en fran\u00e7ais. Annie Sloan vous guide pas \u00e0 pas dans 40 projets innovants et vous conseille sur l\u2019utilisation de Chalk Paint\u2122.","breadcrumb":{"@id":"https:\/\/www.anniesloan.com\/de\/produkt\/bucher\/annie-sloan-paints-everything-french\/#breadcrumb"},"inLanguage":"de-DE","potentialAction":[{"@type":"ReadAction","target":["https:\/\/www.anniesloan.com\/de\/produkt\/bucher\/annie-sloan-paints-everything-french\/"]}]},{"@type":"ImageObject","inLanguage":"de-DE","@id":"https:\/\/www.anniesloan.com\/de\/produkt\/bucher\/annie-sloan-paints-everything-french\/#primaryimage","url":"https:\/\/www.anniesloan.com\/de\/wp-content\/uploads\/sites\/3\/2021\/05\/Annie-Sloan-Paints-Everything-french-translation-Peinture-Decorative-cover-2500.jpg","contentUrl":"https:\/\/www.anniesloan.com\/de\/wp-content\/uploads\/sites\/3\/2021\/05\/Annie-Sloan-Paints-Everything-french-translation-Peinture-Decorative-cover-2500.jpg","width":1280,"height":1024,"caption":"Annie Sloan Paints Everything translated into French - Peinture D\u00e9corative - book front cover"},{"@type":"BreadcrumbList","@id":"https:\/\/www.anniesloan.com\/de\/produkt\/bucher\/annie-sloan-paints-everything-french\/#breadcrumb","itemListElement":[{"@type":"ListItem","position":1,"name":"Produkte","item":"https:\/\/www.anniesloan.com\/de\/produkte\/"},{"@type":"ListItem","position":2,"name":"B\u00fccher","item":"https:\/\/www.anniesloan.com\/de\/produkte\/bucher\/"},{"@type":"ListItem","position":3,"name":"Annie Sloan Paints Everything &#8211; French"}]},{"@type":"WebSite","@id":"https:\/\/www.anniesloan.com\/de\/#website","url":"https:\/\/www.anniesloan.com\/de\/","name":"Annie Sloan DE","description":"Die Heimat der Chalk Paint\u2122","potentialAction":[{"@type":"SearchAction","target":{"@type":"EntryPoint","urlTemplate":"https:\/\/www.anniesloan.com\/de\/?s={search_term_string}"},"query-input":{"@type":"PropertyValueSpecification","valueRequired":true,"valueName":"search_term_string"}}],"inLanguage":"de-DE"}]},"product_price_amount":"19.95","product_price_currency":"EUR","og_availability":"out of stock","product_availability":"out of stock","product_retailer_item_id":"BPEV059.FR01.01","product_condition":"new"},"_links":{"self":[{"href":"https:\/\/www.anniesloan.com\/de\/wp-json\/wp\/v2\/product\/21613","targetHints":{"allow":["GET"]}}],"collection":[{"href":"https:\/\/www.anniesloan.com\/de\/wp-json\/wp\/v2\/product"}],"about":[{"href":"https:\/\/www.anniesloan.com\/de\/wp-json\/wp\/v2\/types\/product"}],"wp:featuredmedia":[{"embeddable":true,"href":"https:\/\/www.anniesloan.com\/de\/wp-json\/wp\/v2\/media\/21614"}],"wp:attachment":[{"href":"https:\/\/www.anniesloan.com\/de\/wp-json\/wp\/v2\/media?parent=21613"}],"wp:term":[{"taxonomy":"product_brand","embeddable":true,"href":"https:\/\/www.anniesloan.com\/de\/wp-json\/wp\/v2\/product_brand?post=21613"},{"taxonomy":"product_cat","embeddable":true,"href":"https:\/\/www.anniesloan.com\/de\/wp-json\/wp\/v2\/product_cat?post=21613"},{"taxonomy":"product_tag","embeddable":true,"href":"https:\/\/www.anniesloan.com\/de\/wp-json\/wp\/v2\/product_tag?post=21613"}],"curies":[{"name":"wp","href":"https:\/\/api.w.org\/{rel}","templated":true}]}}