{"id":21596,"date":"2020-02-10T10:12:33","date_gmt":"2020-02-10T09:12:33","guid":{"rendered":"https:\/\/www.anniesloan.com\/product\/annie-sloan-paints-everything\/"},"modified":"2026-01-28T11:31:11","modified_gmt":"2026-01-28T10:31:11","slug":"annie-sloan-paints-everything","status":"publish","type":"product","link":"https:\/\/www.anniesloan.com\/de\/produkt\/bucher\/annie-sloan-paints-everything\/","title":{"rendered":"Annie Sloan Paints Everything"},"content":{"rendered":"","protected":false},"excerpt":{"rendered":"<div class=\"[ c-ProductSingleDetail__description ] [ c-PageContent ]\">\n<p>In ihrem neuesten Buch zeigt Ihnen Annie Sloan Schritt f\u00fcr Schritt anhand 40 verschiedener Projekte Anwendungen f\u00fcr dekorative Farben, die Sie nie f\u00fcr m\u00f6glich gehalten h\u00e4tten. Erlernen Sie unterschiedliche Arbeitsweisen zum Bedrucken, Schablonieren, Vergolden, Bildtransfer und F\u00e4rben von Stoffen und erschlie\u00dfen Sie sich das Geheimnis, das Beste aus Ihren Chalk Paint\u2122 Farben zu machen. Finden Sie au\u00dferdem heraus, wie Sie mit harmonischen Farbkombinationen verschiedene Wohnstile untermalen und wie Sie ihrer Kreativit\u00e4t beim freih\u00e4ndigen Musterzeichnen freien Lauf lassen. Ganz unabh\u00e4ngig davon, wie gut Sie sich mit DIY-Techniken auskennen, hilft Ihnen Annie Sloan Paints Everything dabei, den nat\u00fcrlich eleganten und individuellen Wohnraumstil zu erschaffen, den Sie sich schon immer ertr\u00e4umt haben.<\/p>\n<p>Dieses Buch ist auch auf Deutsch erh\u00e4ltlich \u2013\u00a0<a href=\"https:\/\/www.anniesloan.com\/de\/produkt\/bucher\/alles-in-farbe\/\">Alles in Farbe<\/a>.<\/p>\n<p>Annie Sloan Paints Everything, herausgegeben von CICO Books. Photographie von Christopher Drake \u00a9 CICO Books<\/p>\n<\/div>\n","protected":false},"featured_media":21597,"template":"","meta":{"_acf_changed":false,"_relevanssi_hide_post":"","_relevanssi_hide_content":"","_relevanssi_pin_for_all":"","_relevanssi_pin_keywords":"","_relevanssi_unpin_keywords":"","_relevanssi_related_keywords":"","_relevanssi_related_include_ids":"","_relevanssi_related_exclude_ids":"","_relevanssi_related_no_append":"","_relevanssi_related_not_related":"","_relevanssi_related_posts":"","_relevanssi_noindex_reason":""},"product_brand":[],"product_cat":[66],"product_tag":[],"class_list":{"0":"post-21596","1":"product","2":"type-product","3":"status-publish","4":"has-post-thumbnail","6":"product_cat-bucher","7":"product_shipping_class-warenpost","9":"first","10":"instock","11":"taxable","12":"shipping-taxable","13":"purchasable","14":"product-type-simple"},"acf":[],"yoast_head":"<!-- This site is optimized with the Yoast SEO Premium plugin v26.5 (Yoast SEO v26.5) - https:\/\/yoast.com\/wordpress\/plugins\/seo\/ -->\n<title>Annie Sloan Paints Everything | Buch von Annie Sloan | Annie Sloan DE<\/title>\n<meta name=\"description\" content=\"In diesem Buch von Annie Sloan, \u00fcbersetzt ins Englische, finden Sie in 40 Schritt-f\u00fcr-Schritt-Anleitungen Anwendungsideen f\u00fcr dekorative Farben.\" \/>\n<meta name=\"robots\" content=\"index, follow, max-snippet:-1, max-image-preview:large, max-video-preview:-1\" \/>\n<link rel=\"canonical\" href=\"https:\/\/www.anniesloan.com\/de\/produkt\/bucher\/annie-sloan-paints-everything\/\" \/>\n<meta property=\"og:locale\" content=\"de_DE\" \/>\n<meta property=\"og:type\" content=\"article\" \/>\n<meta property=\"og:title\" content=\"Annie Sloan Paints Everything\" \/>\n<meta property=\"og:description\" content=\"In diesem Buch von Annie Sloan, \u00fcbersetzt ins Englische, finden Sie in 40 Schritt-f\u00fcr-Schritt-Anleitungen Anwendungsideen f\u00fcr dekorative Farben.\" \/>\n<meta property=\"og:url\" content=\"https:\/\/www.anniesloan.com\/de\/produkt\/bucher\/annie-sloan-paints-everything\/\" \/>\n<meta property=\"og:site_name\" content=\"Annie Sloan DE\" \/>\n<meta property=\"article:modified_time\" content=\"2026-01-28T10:31:11+00:00\" \/>\n<meta property=\"og:image\" content=\"https:\/\/www.anniesloan.com\/de\/wp-content\/uploads\/sites\/3\/2021\/05\/Annie-Sloan-Paints-Everything-Book-Cover-2500.jpg\" \/>\n\t<meta property=\"og:image:width\" content=\"1280\" \/>\n\t<meta property=\"og:image:height\" content=\"1024\" \/>\n\t<meta property=\"og:image:type\" content=\"image\/jpeg\" \/>\n<meta name=\"twitter:card\" content=\"summary_large_image\" \/>\n<meta name=\"twitter:label1\" content=\"Price\" \/>\n\t<meta name=\"twitter:data1\" content=\"19.95&euro;\" \/>\n\t<meta name=\"twitter:label2\" content=\"Availability\" \/>\n\t<meta name=\"twitter:data2\" content=\"In stock\" \/>\n<script type=\"application\/ld+json\" class=\"yoast-schema-graph\">{\"@context\":\"https:\/\/schema.org\",\"@graph\":[{\"@type\":\"WebPage\",\"@id\":\"https:\/\/www.anniesloan.com\/de\/produkt\/bucher\/annie-sloan-paints-everything\/\",\"url\":\"https:\/\/www.anniesloan.com\/de\/produkt\/bucher\/annie-sloan-paints-everything\/\",\"name\":\"Annie Sloan Paints Everything | Buch von Annie Sloan | Annie Sloan DE\",\"isPartOf\":{\"@id\":\"https:\/\/www.anniesloan.com\/de\/#website\"},\"primaryImageOfPage\":{\"@id\":\"https:\/\/www.anniesloan.com\/de\/produkt\/bucher\/annie-sloan-paints-everything\/#primaryimage\"},\"image\":{\"@id\":\"https:\/\/www.anniesloan.com\/de\/produkt\/bucher\/annie-sloan-paints-everything\/#primaryimage\"},\"thumbnailUrl\":\"https:\/\/www.anniesloan.com\/de\/wp-content\/uploads\/sites\/3\/2021\/05\/Annie-Sloan-Paints-Everything-Book-Cover-2500.jpg\",\"datePublished\":\"2020-02-10T09:12:33+00:00\",\"dateModified\":\"2026-01-28T10:31:11+00:00\",\"description\":\"In diesem Buch von Annie Sloan, \u00fcbersetzt ins Englische, finden Sie in 40 Schritt-f\u00fcr-Schritt-Anleitungen Anwendungsideen f\u00fcr dekorative Farben.\",\"breadcrumb\":{\"@id\":\"https:\/\/www.anniesloan.com\/de\/produkt\/bucher\/annie-sloan-paints-everything\/#breadcrumb\"},\"inLanguage\":\"de-DE\",\"potentialAction\":[{\"@type\":\"ReadAction\",\"target\":[\"https:\/\/www.anniesloan.com\/de\/produkt\/bucher\/annie-sloan-paints-everything\/\"]}]},{\"@type\":\"ImageObject\",\"inLanguage\":\"de-DE\",\"@id\":\"https:\/\/www.anniesloan.com\/de\/produkt\/bucher\/annie-sloan-paints-everything\/#primaryimage\",\"url\":\"https:\/\/www.anniesloan.com\/de\/wp-content\/uploads\/sites\/3\/2021\/05\/Annie-Sloan-Paints-Everything-Book-Cover-2500.jpg\",\"contentUrl\":\"https:\/\/www.anniesloan.com\/de\/wp-content\/uploads\/sites\/3\/2021\/05\/Annie-Sloan-Paints-Everything-Book-Cover-2500.jpg\",\"width\":1280,\"height\":1024,\"caption\":\"Annie Sloan Paints Everything book front cover\"},{\"@type\":\"BreadcrumbList\",\"@id\":\"https:\/\/www.anniesloan.com\/de\/produkt\/bucher\/annie-sloan-paints-everything\/#breadcrumb\",\"itemListElement\":[{\"@type\":\"ListItem\",\"position\":1,\"name\":\"Produkte\",\"item\":\"https:\/\/www.anniesloan.com\/de\/produkte\/\"},{\"@type\":\"ListItem\",\"position\":2,\"name\":\"B\u00fccher\",\"item\":\"https:\/\/www.anniesloan.com\/de\/produkte\/bucher\/\"},{\"@type\":\"ListItem\",\"position\":3,\"name\":\"Annie Sloan Paints Everything\"}]},{\"@type\":\"WebSite\",\"@id\":\"https:\/\/www.anniesloan.com\/de\/#website\",\"url\":\"https:\/\/www.anniesloan.com\/de\/\",\"name\":\"Annie Sloan DE\",\"description\":\"Die Heimat der Chalk Paint\u2122\",\"potentialAction\":[{\"@type\":\"SearchAction\",\"target\":{\"@type\":\"EntryPoint\",\"urlTemplate\":\"https:\/\/www.anniesloan.com\/de\/?s={search_term_string}\"},\"query-input\":{\"@type\":\"PropertyValueSpecification\",\"valueRequired\":true,\"valueName\":\"search_term_string\"}}],\"inLanguage\":\"de-DE\"}]}<\/script>\n<meta property=\"product:price:amount\" content=\"19.95\" \/>\n<meta property=\"product:price:currency\" content=\"EUR\" \/>\n<meta property=\"og:availability\" content=\"instock\" \/>\n<meta property=\"product:availability\" content=\"instock\" \/>\n<meta property=\"product:retailer_item_id\" content=\"BPEV059.GB01.01\" \/>\n<meta property=\"product:condition\" content=\"new\" \/>\n<!-- \/ Yoast SEO Premium plugin. -->","yoast_head_json":{"title":"Annie Sloan Paints Everything | Buch von Annie Sloan | Annie Sloan DE","description":"In diesem Buch von Annie Sloan, \u00fcbersetzt ins Englische, finden Sie in 40 Schritt-f\u00fcr-Schritt-Anleitungen Anwendungsideen f\u00fcr dekorative Farben.","robots":{"index":"index","follow":"follow","max-snippet":"max-snippet:-1","max-image-preview":"max-image-preview:large","max-video-preview":"max-video-preview:-1"},"canonical":"https:\/\/www.anniesloan.com\/de\/produkt\/bucher\/annie-sloan-paints-everything\/","og_locale":"de_DE","og_type":"article","og_title":"Annie Sloan Paints Everything","og_description":"In diesem Buch von Annie Sloan, \u00fcbersetzt ins Englische, finden Sie in 40 Schritt-f\u00fcr-Schritt-Anleitungen Anwendungsideen f\u00fcr dekorative Farben.","og_url":"https:\/\/www.anniesloan.com\/de\/produkt\/bucher\/annie-sloan-paints-everything\/","og_site_name":"Annie Sloan DE","article_modified_time":"2026-01-28T10:31:11+00:00","og_image":[{"width":1280,"height":1024,"url":"https:\/\/www.anniesloan.com\/de\/wp-content\/uploads\/sites\/3\/2021\/05\/Annie-Sloan-Paints-Everything-Book-Cover-2500.jpg","type":"image\/jpeg"}],"twitter_card":"summary_large_image","twitter_misc":{"Price":"19.95&euro;","Availability":"In stock"},"schema":{"@context":"https:\/\/schema.org","@graph":[{"@type":"WebPage","@id":"https:\/\/www.anniesloan.com\/de\/produkt\/bucher\/annie-sloan-paints-everything\/","url":"https:\/\/www.anniesloan.com\/de\/produkt\/bucher\/annie-sloan-paints-everything\/","name":"Annie Sloan Paints Everything | Buch von Annie Sloan | Annie Sloan DE","isPartOf":{"@id":"https:\/\/www.anniesloan.com\/de\/#website"},"primaryImageOfPage":{"@id":"https:\/\/www.anniesloan.com\/de\/produkt\/bucher\/annie-sloan-paints-everything\/#primaryimage"},"image":{"@id":"https:\/\/www.anniesloan.com\/de\/produkt\/bucher\/annie-sloan-paints-everything\/#primaryimage"},"thumbnailUrl":"https:\/\/www.anniesloan.com\/de\/wp-content\/uploads\/sites\/3\/2021\/05\/Annie-Sloan-Paints-Everything-Book-Cover-2500.jpg","datePublished":"2020-02-10T09:12:33+00:00","dateModified":"2026-01-28T10:31:11+00:00","description":"In diesem Buch von Annie Sloan, \u00fcbersetzt ins Englische, finden Sie in 40 Schritt-f\u00fcr-Schritt-Anleitungen Anwendungsideen f\u00fcr dekorative Farben.","breadcrumb":{"@id":"https:\/\/www.anniesloan.com\/de\/produkt\/bucher\/annie-sloan-paints-everything\/#breadcrumb"},"inLanguage":"de-DE","potentialAction":[{"@type":"ReadAction","target":["https:\/\/www.anniesloan.com\/de\/produkt\/bucher\/annie-sloan-paints-everything\/"]}]},{"@type":"ImageObject","inLanguage":"de-DE","@id":"https:\/\/www.anniesloan.com\/de\/produkt\/bucher\/annie-sloan-paints-everything\/#primaryimage","url":"https:\/\/www.anniesloan.com\/de\/wp-content\/uploads\/sites\/3\/2021\/05\/Annie-Sloan-Paints-Everything-Book-Cover-2500.jpg","contentUrl":"https:\/\/www.anniesloan.com\/de\/wp-content\/uploads\/sites\/3\/2021\/05\/Annie-Sloan-Paints-Everything-Book-Cover-2500.jpg","width":1280,"height":1024,"caption":"Annie Sloan Paints Everything book front cover"},{"@type":"BreadcrumbList","@id":"https:\/\/www.anniesloan.com\/de\/produkt\/bucher\/annie-sloan-paints-everything\/#breadcrumb","itemListElement":[{"@type":"ListItem","position":1,"name":"Produkte","item":"https:\/\/www.anniesloan.com\/de\/produkte\/"},{"@type":"ListItem","position":2,"name":"B\u00fccher","item":"https:\/\/www.anniesloan.com\/de\/produkte\/bucher\/"},{"@type":"ListItem","position":3,"name":"Annie Sloan Paints Everything"}]},{"@type":"WebSite","@id":"https:\/\/www.anniesloan.com\/de\/#website","url":"https:\/\/www.anniesloan.com\/de\/","name":"Annie Sloan DE","description":"Die Heimat der Chalk Paint\u2122","potentialAction":[{"@type":"SearchAction","target":{"@type":"EntryPoint","urlTemplate":"https:\/\/www.anniesloan.com\/de\/?s={search_term_string}"},"query-input":{"@type":"PropertyValueSpecification","valueRequired":true,"valueName":"search_term_string"}}],"inLanguage":"de-DE"}]},"product_price_amount":"19.95","product_price_currency":"EUR","og_availability":"instock","product_availability":"instock","product_retailer_item_id":"BPEV059.GB01.01","product_condition":"new"},"_links":{"self":[{"href":"https:\/\/www.anniesloan.com\/de\/wp-json\/wp\/v2\/product\/21596","targetHints":{"allow":["GET"]}}],"collection":[{"href":"https:\/\/www.anniesloan.com\/de\/wp-json\/wp\/v2\/product"}],"about":[{"href":"https:\/\/www.anniesloan.com\/de\/wp-json\/wp\/v2\/types\/product"}],"wp:featuredmedia":[{"embeddable":true,"href":"https:\/\/www.anniesloan.com\/de\/wp-json\/wp\/v2\/media\/21597"}],"wp:attachment":[{"href":"https:\/\/www.anniesloan.com\/de\/wp-json\/wp\/v2\/media?parent=21596"}],"wp:term":[{"taxonomy":"product_brand","embeddable":true,"href":"https:\/\/www.anniesloan.com\/de\/wp-json\/wp\/v2\/product_brand?post=21596"},{"taxonomy":"product_cat","embeddable":true,"href":"https:\/\/www.anniesloan.com\/de\/wp-json\/wp\/v2\/product_cat?post=21596"},{"taxonomy":"product_tag","embeddable":true,"href":"https:\/\/www.anniesloan.com\/de\/wp-json\/wp\/v2\/product_tag?post=21596"}],"curies":[{"name":"wp","href":"https:\/\/api.w.org\/{rel}","templated":true}]}}