{"id":21523,"date":"2020-02-10T09:39:29","date_gmt":"2020-02-10T08:39:29","guid":{"rendered":"https:\/\/www.anniesloan.com\/product\/charleston-paint-your-own-keepsake-box\/"},"modified":"2025-10-06T10:30:45","modified_gmt":"2025-10-06T08:30:45","slug":"charleston-geschenkset","status":"publish","type":"product","link":"https:\/\/www.anniesloan.com\/de\/produkt\/geschenkideen-und-sets\/charleston-geschenkset\/","title":{"rendered":"\u201eANNIE SLOAN UND CHARLESTON\u201c: GESCHENKSET"},"content":{"rendered":"","protected":false},"excerpt":{"rendered":"<div class=\"[ c-ProductSingleDetail__description ] [ c-PageContent ]\">\n<p>Annie hat drei Farben in limitierter Auflage entworfen, die durch den spielerischen Gebrauch der Farben im Charleston Haus inspiriert wurden. Die kleine Holzkiste zum Bemalen beinhaltet diese drei Farben:<\/p>\n<p><strong>Firle:<\/strong>\u00a0ein frisches, klares und lebhaftes Gr\u00fcn.<\/p>\n<p><strong>Rodmell:<\/strong>\u00a0ein tiefes Pflaumenviolett.<\/p>\n<p><strong>Tilton:<\/strong>\u00a0ein tiefer, erdiger Senffarbton.<\/p>\n<p>Das Geschenkset beinhaltet 120-ml-Dosen Chalk Paint\u2122 in Rodmell, Tilton und Firle sowie die zwei neutralen T\u00f6ne, Original und Graphite. Zus\u00e4tzlich enth\u00e4lt es eine 120-ml-Projektdose Chalk Paint\u2122 Wax \u2013 Transparent, ein Wachstuch, zwei Detailpinsel (ein gro\u00dfer Rundpinsel und ein gro\u00dfer Flachpinsel) sowie ein Ideenbuch. Die Farben sind mehr als ausreichend, um den kleinen Holzkasten farblich nach Ihren W\u00fcnschen zu gestalten.<\/p>\n<p>Weitere Informationen zu Annies Zusammenarbeit mit Charleston finden Sie auf der Seite\u00a0<a href=\"https:\/\/www.anniesloan.com\/de\/kooperationen\/charleston\/\">Annie Sloan und Charleston<\/a>.<\/p>\n<\/div>\n","protected":false},"featured_media":21495,"template":"","meta":{"_acf_changed":false,"_relevanssi_hide_post":"","_relevanssi_hide_content":"","_relevanssi_pin_for_all":"","_relevanssi_pin_keywords":"","_relevanssi_unpin_keywords":"","_relevanssi_related_keywords":"","_relevanssi_related_include_ids":"","_relevanssi_related_exclude_ids":"","_relevanssi_related_no_append":"","_relevanssi_related_not_related":"","_relevanssi_related_posts":"","_relevanssi_noindex_reason":""},"product_brand":[],"product_cat":[65],"product_tag":[],"class_list":{"0":"post-21523","1":"product","2":"type-product","3":"status-publish","4":"has-post-thumbnail","6":"product_cat-geschenkideen-und-sets","7":"product_shipping_class-dhl","9":"first","10":"instock","11":"taxable","12":"shipping-taxable","13":"purchasable","14":"product-type-simple"},"acf":[],"yoast_head":"<!-- This site is optimized with the Yoast SEO Premium plugin v26.5 (Yoast SEO v26.5) - https:\/\/yoast.com\/wordpress\/plugins\/seo\/ -->\n<title>\u201eANNIE SLOAN UND CHARLESTON\u201c: GESCHENKSET | Annie Sloan DE<\/title>\n<meta name=\"description\" content=\"Das Annie Sloan und Charleston Geschenkset enth\u00e4lt die drei Charleston-Farben Firle, Rodmell und Tilton (limitierte Auflage), Neutralfarben, Wachs und Pinsel.\" \/>\n<meta name=\"robots\" content=\"index, follow, max-snippet:-1, max-image-preview:large, max-video-preview:-1\" \/>\n<link rel=\"canonical\" href=\"https:\/\/www.anniesloan.com\/de\/produkt\/geschenkideen-und-sets\/charleston-geschenkset\/\" \/>\n<meta property=\"og:locale\" content=\"de_DE\" \/>\n<meta property=\"og:type\" content=\"article\" \/>\n<meta property=\"og:title\" content=\"\u201eANNIE SLOAN UND CHARLESTON\u201c: GESCHENKSET\" \/>\n<meta property=\"og:description\" content=\"Das Annie Sloan und Charleston Geschenkset enth\u00e4lt die drei Charleston-Farben Firle, Rodmell und Tilton (limitierte Auflage), Neutralfarben, Wachs und Pinsel.\" \/>\n<meta property=\"og:url\" content=\"https:\/\/www.anniesloan.com\/de\/produkt\/geschenkideen-und-sets\/charleston-geschenkset\/\" \/>\n<meta property=\"og:site_name\" content=\"Annie Sloan DE\" \/>\n<meta property=\"article:modified_time\" content=\"2025-10-06T08:30:45+00:00\" \/>\n<meta property=\"og:image\" content=\"https:\/\/www.anniesloan.com\/de\/wp-content\/uploads\/sites\/3\/2021\/05\/Annie-Sloan-with-Charleston-Keepsake-Box-with-Firle-Rodmell-and-Tilton-2500.jpg\" \/>\n\t<meta property=\"og:image:width\" content=\"1280\" \/>\n\t<meta property=\"og:image:height\" content=\"1024\" \/>\n\t<meta property=\"og:image:type\" content=\"image\/jpeg\" \/>\n<meta name=\"twitter:card\" content=\"summary_large_image\" \/>\n<meta name=\"twitter:label1\" content=\"Price\" \/>\n\t<meta name=\"twitter:data1\" content=\"79.95&euro;\" \/>\n\t<meta name=\"twitter:label2\" content=\"Availability\" \/>\n\t<meta name=\"twitter:data2\" content=\"In stock\" \/>\n<script type=\"application\/ld+json\" class=\"yoast-schema-graph\">{\"@context\":\"https:\/\/schema.org\",\"@graph\":[{\"@type\":\"WebPage\",\"@id\":\"https:\/\/www.anniesloan.com\/de\/produkt\/geschenkideen-und-sets\/charleston-geschenkset\/\",\"url\":\"https:\/\/www.anniesloan.com\/de\/produkt\/geschenkideen-und-sets\/charleston-geschenkset\/\",\"name\":\"\u201eANNIE SLOAN UND CHARLESTON\u201c: GESCHENKSET | Annie Sloan DE\",\"isPartOf\":{\"@id\":\"https:\/\/www.anniesloan.com\/de\/#website\"},\"primaryImageOfPage\":{\"@id\":\"https:\/\/www.anniesloan.com\/de\/produkt\/geschenkideen-und-sets\/charleston-geschenkset\/#primaryimage\"},\"image\":{\"@id\":\"https:\/\/www.anniesloan.com\/de\/produkt\/geschenkideen-und-sets\/charleston-geschenkset\/#primaryimage\"},\"thumbnailUrl\":\"https:\/\/www.anniesloan.com\/de\/wp-content\/uploads\/sites\/3\/2021\/05\/Annie-Sloan-with-Charleston-Keepsake-Box-with-Firle-Rodmell-and-Tilton-2500.jpg\",\"datePublished\":\"2020-02-10T08:39:29+00:00\",\"dateModified\":\"2025-10-06T08:30:45+00:00\",\"description\":\"Das Annie Sloan und Charleston Geschenkset enth\u00e4lt die drei Charleston-Farben Firle, Rodmell und Tilton (limitierte Auflage), Neutralfarben, Wachs und Pinsel.\",\"breadcrumb\":{\"@id\":\"https:\/\/www.anniesloan.com\/de\/produkt\/geschenkideen-und-sets\/charleston-geschenkset\/#breadcrumb\"},\"inLanguage\":\"de-DE\",\"potentialAction\":[{\"@type\":\"ReadAction\",\"target\":[\"https:\/\/www.anniesloan.com\/de\/produkt\/geschenkideen-und-sets\/charleston-geschenkset\/\"]}]},{\"@type\":\"ImageObject\",\"inLanguage\":\"de-DE\",\"@id\":\"https:\/\/www.anniesloan.com\/de\/produkt\/geschenkideen-und-sets\/charleston-geschenkset\/#primaryimage\",\"url\":\"https:\/\/www.anniesloan.com\/de\/wp-content\/uploads\/sites\/3\/2021\/05\/Annie-Sloan-with-Charleston-Keepsake-Box-with-Firle-Rodmell-and-Tilton-2500.jpg\",\"contentUrl\":\"https:\/\/www.anniesloan.com\/de\/wp-content\/uploads\/sites\/3\/2021\/05\/Annie-Sloan-with-Charleston-Keepsake-Box-with-Firle-Rodmell-and-Tilton-2500.jpg\",\"width\":1280,\"height\":1024,\"caption\":\"Annie Sloan with Charleston Keepsake Box with Chalk Paint\u00ae in Firle, Rodmell, Tilton, Graphite and Original\"},{\"@type\":\"BreadcrumbList\",\"@id\":\"https:\/\/www.anniesloan.com\/de\/produkt\/geschenkideen-und-sets\/charleston-geschenkset\/#breadcrumb\",\"itemListElement\":[{\"@type\":\"ListItem\",\"position\":1,\"name\":\"Produkte\",\"item\":\"https:\/\/www.anniesloan.com\/de\/produkte\/\"},{\"@type\":\"ListItem\",\"position\":2,\"name\":\"Geschenkideen und Sets\",\"item\":\"https:\/\/www.anniesloan.com\/de\/produkte\/geschenkideen-und-sets\/\"},{\"@type\":\"ListItem\",\"position\":3,\"name\":\"\u201eANNIE SLOAN UND CHARLESTON\u201c: GESCHENKSET\"}]},{\"@type\":\"WebSite\",\"@id\":\"https:\/\/www.anniesloan.com\/de\/#website\",\"url\":\"https:\/\/www.anniesloan.com\/de\/\",\"name\":\"Annie Sloan DE\",\"description\":\"Die Heimat der Chalk Paint\u2122\",\"potentialAction\":[{\"@type\":\"SearchAction\",\"target\":{\"@type\":\"EntryPoint\",\"urlTemplate\":\"https:\/\/www.anniesloan.com\/de\/?s={search_term_string}\"},\"query-input\":{\"@type\":\"PropertyValueSpecification\",\"valueRequired\":true,\"valueName\":\"search_term_string\"}}],\"inLanguage\":\"de-DE\"}]}<\/script>\n<meta property=\"product:price:amount\" content=\"79.95\" \/>\n<meta property=\"product:price:currency\" content=\"EUR\" \/>\n<meta property=\"og:availability\" content=\"instock\" \/>\n<meta property=\"product:availability\" content=\"instock\" \/>\n<meta property=\"product:retailer_item_id\" content=\"CHWS001.XXXX.09\" \/>\n<meta property=\"product:condition\" content=\"new\" \/>\n<!-- \/ Yoast SEO Premium plugin. -->","yoast_head_json":{"title":"\u201eANNIE SLOAN UND CHARLESTON\u201c: GESCHENKSET | Annie Sloan DE","description":"Das Annie Sloan und Charleston Geschenkset enth\u00e4lt die drei Charleston-Farben Firle, Rodmell und Tilton (limitierte Auflage), Neutralfarben, Wachs und Pinsel.","robots":{"index":"index","follow":"follow","max-snippet":"max-snippet:-1","max-image-preview":"max-image-preview:large","max-video-preview":"max-video-preview:-1"},"canonical":"https:\/\/www.anniesloan.com\/de\/produkt\/geschenkideen-und-sets\/charleston-geschenkset\/","og_locale":"de_DE","og_type":"article","og_title":"\u201eANNIE SLOAN UND CHARLESTON\u201c: GESCHENKSET","og_description":"Das Annie Sloan und Charleston Geschenkset enth\u00e4lt die drei Charleston-Farben Firle, Rodmell und Tilton (limitierte Auflage), Neutralfarben, Wachs und Pinsel.","og_url":"https:\/\/www.anniesloan.com\/de\/produkt\/geschenkideen-und-sets\/charleston-geschenkset\/","og_site_name":"Annie Sloan DE","article_modified_time":"2025-10-06T08:30:45+00:00","og_image":[{"width":1280,"height":1024,"url":"https:\/\/www.anniesloan.com\/de\/wp-content\/uploads\/sites\/3\/2021\/05\/Annie-Sloan-with-Charleston-Keepsake-Box-with-Firle-Rodmell-and-Tilton-2500.jpg","type":"image\/jpeg"}],"twitter_card":"summary_large_image","twitter_misc":{"Price":"79.95&euro;","Availability":"In stock"},"schema":{"@context":"https:\/\/schema.org","@graph":[{"@type":"WebPage","@id":"https:\/\/www.anniesloan.com\/de\/produkt\/geschenkideen-und-sets\/charleston-geschenkset\/","url":"https:\/\/www.anniesloan.com\/de\/produkt\/geschenkideen-und-sets\/charleston-geschenkset\/","name":"\u201eANNIE SLOAN UND CHARLESTON\u201c: GESCHENKSET | Annie Sloan DE","isPartOf":{"@id":"https:\/\/www.anniesloan.com\/de\/#website"},"primaryImageOfPage":{"@id":"https:\/\/www.anniesloan.com\/de\/produkt\/geschenkideen-und-sets\/charleston-geschenkset\/#primaryimage"},"image":{"@id":"https:\/\/www.anniesloan.com\/de\/produkt\/geschenkideen-und-sets\/charleston-geschenkset\/#primaryimage"},"thumbnailUrl":"https:\/\/www.anniesloan.com\/de\/wp-content\/uploads\/sites\/3\/2021\/05\/Annie-Sloan-with-Charleston-Keepsake-Box-with-Firle-Rodmell-and-Tilton-2500.jpg","datePublished":"2020-02-10T08:39:29+00:00","dateModified":"2025-10-06T08:30:45+00:00","description":"Das Annie Sloan und Charleston Geschenkset enth\u00e4lt die drei Charleston-Farben Firle, Rodmell und Tilton (limitierte Auflage), Neutralfarben, Wachs und Pinsel.","breadcrumb":{"@id":"https:\/\/www.anniesloan.com\/de\/produkt\/geschenkideen-und-sets\/charleston-geschenkset\/#breadcrumb"},"inLanguage":"de-DE","potentialAction":[{"@type":"ReadAction","target":["https:\/\/www.anniesloan.com\/de\/produkt\/geschenkideen-und-sets\/charleston-geschenkset\/"]}]},{"@type":"ImageObject","inLanguage":"de-DE","@id":"https:\/\/www.anniesloan.com\/de\/produkt\/geschenkideen-und-sets\/charleston-geschenkset\/#primaryimage","url":"https:\/\/www.anniesloan.com\/de\/wp-content\/uploads\/sites\/3\/2021\/05\/Annie-Sloan-with-Charleston-Keepsake-Box-with-Firle-Rodmell-and-Tilton-2500.jpg","contentUrl":"https:\/\/www.anniesloan.com\/de\/wp-content\/uploads\/sites\/3\/2021\/05\/Annie-Sloan-with-Charleston-Keepsake-Box-with-Firle-Rodmell-and-Tilton-2500.jpg","width":1280,"height":1024,"caption":"Annie Sloan with Charleston Keepsake Box with Chalk Paint\u00ae in Firle, Rodmell, Tilton, Graphite and Original"},{"@type":"BreadcrumbList","@id":"https:\/\/www.anniesloan.com\/de\/produkt\/geschenkideen-und-sets\/charleston-geschenkset\/#breadcrumb","itemListElement":[{"@type":"ListItem","position":1,"name":"Produkte","item":"https:\/\/www.anniesloan.com\/de\/produkte\/"},{"@type":"ListItem","position":2,"name":"Geschenkideen und Sets","item":"https:\/\/www.anniesloan.com\/de\/produkte\/geschenkideen-und-sets\/"},{"@type":"ListItem","position":3,"name":"\u201eANNIE SLOAN UND CHARLESTON\u201c: GESCHENKSET"}]},{"@type":"WebSite","@id":"https:\/\/www.anniesloan.com\/de\/#website","url":"https:\/\/www.anniesloan.com\/de\/","name":"Annie Sloan DE","description":"Die Heimat der Chalk Paint\u2122","potentialAction":[{"@type":"SearchAction","target":{"@type":"EntryPoint","urlTemplate":"https:\/\/www.anniesloan.com\/de\/?s={search_term_string}"},"query-input":{"@type":"PropertyValueSpecification","valueRequired":true,"valueName":"search_term_string"}}],"inLanguage":"de-DE"}]},"product_price_amount":"79.95","product_price_currency":"EUR","og_availability":"instock","product_availability":"instock","product_retailer_item_id":"CHWS001.XXXX.09","product_condition":"new"},"_links":{"self":[{"href":"https:\/\/www.anniesloan.com\/de\/wp-json\/wp\/v2\/product\/21523","targetHints":{"allow":["GET"]}}],"collection":[{"href":"https:\/\/www.anniesloan.com\/de\/wp-json\/wp\/v2\/product"}],"about":[{"href":"https:\/\/www.anniesloan.com\/de\/wp-json\/wp\/v2\/types\/product"}],"wp:featuredmedia":[{"embeddable":true,"href":"https:\/\/www.anniesloan.com\/de\/wp-json\/wp\/v2\/media\/21495"}],"wp:attachment":[{"href":"https:\/\/www.anniesloan.com\/de\/wp-json\/wp\/v2\/media?parent=21523"}],"wp:term":[{"taxonomy":"product_brand","embeddable":true,"href":"https:\/\/www.anniesloan.com\/de\/wp-json\/wp\/v2\/product_brand?post=21523"},{"taxonomy":"product_cat","embeddable":true,"href":"https:\/\/www.anniesloan.com\/de\/wp-json\/wp\/v2\/product_cat?post=21523"},{"taxonomy":"product_tag","embeddable":true,"href":"https:\/\/www.anniesloan.com\/de\/wp-json\/wp\/v2\/product_tag?post=21523"}],"curies":[{"name":"wp","href":"https:\/\/api.w.org\/{rel}","templated":true}]}}