{"id":21486,"date":"2020-02-10T09:39:29","date_gmt":"2020-02-10T08:39:29","guid":{"rendered":"https:\/\/www.anniesloan.com\/product\/charleston-decorative-paint-set-in-rodmell\/"},"modified":"2026-02-20T08:30:50","modified_gmt":"2026-02-20T07:30:50","slug":"charleston-dekorationsfarbenset-in-rodmell","status":"publish","type":"product","link":"https:\/\/www.anniesloan.com\/de\/produkt\/geschenkideen-und-sets\/charleston-dekorationsfarbenset-in-rodmell\/","title":{"rendered":"\u201eANNIE SLOAN UND CHARLESTON\u201c: DEKORATIONSFARBENSET IN RODMELL"},"content":{"rendered":"","protected":false},"excerpt":{"rendered":"<div class=\"[ c-ProductSingleDetail__description ] [ c-PageContent ]\">\n<p>Annie hat drei Farben in limitierter Auflage entworfen, die von dem spielerischen Gebrauch von Farben und Farbt\u00f6nen im gesamten Charleston Farmhouse inspiriert sind. Jede dieser Farben ist in einem Dekorationsfarbenset erh\u00e4ltlich.<\/p>\n<p>Dieses Set beinhaltet eine 120-ml-Dose Rodmell Chalk Paint\u2122. Rodmell ist ein Pflaumenviolett, das von den in D\u00e4mmerungsfarben get\u00fcnchten W\u00e4nden des Charleston Ateliers, das \u00fcber 50 Jahre hinweg kreativer Mittelpunkt des Farmhauses war, inspiriert ist.<\/p>\n<p>Zus\u00e4tzlich zu Rodmell sind in diesem Set zwei komplement\u00e4re Farben enthalten: 120-ml-Dosen Chalk Paint\u2122 Greek Blue und Original, eine 120-ml-Projektdose Chalk Paint\u2122 Wax \u2013 Transparent sowie ein Ideenhandbuch. Dies ist ausreichend f\u00fcr ein Projekt wie zum Beispiel einen Stuhl oder einen kleinen Beistelltisch.<\/p>\n<p>Weitere Informationen zu Annies Zusammenarbeit mit Charleston finden Sie auf der Seite\u00a0<a href=\"https:\/\/www.anniesloan.com\/de\/kooperationen\/charleston\/\">Annie Sloan und Charleston<\/a>.<\/p>\n<\/div>\n<div class=\"[ c-ProductSingleDetail__not-available ] [ mb-60-40 ]\">\n<p class=\"franklin-gothic-book-18-15\">Dieses Produkt ist in Ihrem Land derzeit nicht online erh\u00e4ltlich.<\/p>\n<\/div>\n","protected":false},"featured_media":21487,"template":"","meta":{"_acf_changed":false,"_relevanssi_hide_post":"","_relevanssi_hide_content":"","_relevanssi_pin_for_all":"","_relevanssi_pin_keywords":"","_relevanssi_unpin_keywords":"","_relevanssi_related_keywords":"","_relevanssi_related_include_ids":"","_relevanssi_related_exclude_ids":"","_relevanssi_related_no_append":"","_relevanssi_related_not_related":"","_relevanssi_related_posts":"","_relevanssi_noindex_reason":""},"product_brand":[],"product_cat":[65,1174],"product_tag":[],"class_list":{"0":"post-21486","1":"product","2":"type-product","3":"status-publish","4":"has-post-thumbnail","6":"product_cat-geschenkideen-und-sets","7":"product_cat-geschenke-unter-50e","8":"product_shipping_class-dhl","10":"first","11":"instock","12":"taxable","13":"shipping-taxable","14":"purchasable","15":"product-type-simple"},"acf":[],"yoast_head":"<!-- This site is optimized with the Yoast SEO Premium plugin v26.5 (Yoast SEO v26.5) - https:\/\/yoast.com\/wordpress\/plugins\/seo\/ -->\n<title>\u201eANNIE SLOAN UND CHARLESTON\u201c: DEKORATIONSFARBENSET IN RODMELL | Annie Sloan DE<\/title>\n<meta name=\"description\" content=\"Dieses Farbenset in Rodmell, inspiriert von der Bloomsbury Group in Charleston, enth\u00e4lt drei Chalk Paint\u2122 Farben und Wachs \u2013 ausreichend f\u00fcr einen Stuhl!\" \/>\n<meta name=\"robots\" content=\"index, follow, max-snippet:-1, max-image-preview:large, max-video-preview:-1\" \/>\n<link rel=\"canonical\" href=\"https:\/\/www.anniesloan.com\/de\/produkt\/geschenkideen-und-sets\/charleston-dekorationsfarbenset-in-rodmell\/\" \/>\n<meta property=\"og:locale\" content=\"de_DE\" \/>\n<meta property=\"og:type\" content=\"article\" \/>\n<meta property=\"og:title\" content=\"\u201eANNIE SLOAN UND CHARLESTON\u201c: DEKORATIONSFARBENSET IN RODMELL\" \/>\n<meta property=\"og:description\" content=\"Dieses Farbenset in Rodmell, inspiriert von der Bloomsbury Group in Charleston, enth\u00e4lt drei Chalk Paint\u2122 Farben und Wachs \u2013 ausreichend f\u00fcr einen Stuhl!\" \/>\n<meta property=\"og:url\" content=\"https:\/\/www.anniesloan.com\/de\/produkt\/geschenkideen-und-sets\/charleston-dekorationsfarbenset-in-rodmell\/\" \/>\n<meta property=\"og:site_name\" content=\"Annie Sloan DE\" \/>\n<meta property=\"article:modified_time\" content=\"2026-02-20T07:30:50+00:00\" \/>\n<meta property=\"og:image\" content=\"https:\/\/www.anniesloan.com\/de\/wp-content\/uploads\/sites\/3\/2021\/05\/Annie-Sloan-with-Charleston-Decorative-Paint-Set-in-Rodmell-2500.jpg\" \/>\n\t<meta property=\"og:image:width\" content=\"1280\" \/>\n\t<meta property=\"og:image:height\" content=\"1024\" \/>\n\t<meta property=\"og:image:type\" content=\"image\/jpeg\" \/>\n<meta name=\"twitter:card\" content=\"summary_large_image\" \/>\n<meta name=\"twitter:label1\" content=\"Price\" \/>\n\t<meta name=\"twitter:data1\" content=\"39.95&euro;\" \/>\n\t<meta name=\"twitter:label2\" content=\"Availability\" \/>\n\t<meta name=\"twitter:data2\" content=\"In stock\" \/>\n<script type=\"application\/ld+json\" class=\"yoast-schema-graph\">{\"@context\":\"https:\/\/schema.org\",\"@graph\":[{\"@type\":\"WebPage\",\"@id\":\"https:\/\/www.anniesloan.com\/de\/produkt\/geschenkideen-und-sets\/charleston-dekorationsfarbenset-in-rodmell\/\",\"url\":\"https:\/\/www.anniesloan.com\/de\/produkt\/geschenkideen-und-sets\/charleston-dekorationsfarbenset-in-rodmell\/\",\"name\":\"\u201eANNIE SLOAN UND CHARLESTON\u201c: DEKORATIONSFARBENSET IN RODMELL | Annie Sloan DE\",\"isPartOf\":{\"@id\":\"https:\/\/www.anniesloan.com\/de\/#website\"},\"primaryImageOfPage\":{\"@id\":\"https:\/\/www.anniesloan.com\/de\/produkt\/geschenkideen-und-sets\/charleston-dekorationsfarbenset-in-rodmell\/#primaryimage\"},\"image\":{\"@id\":\"https:\/\/www.anniesloan.com\/de\/produkt\/geschenkideen-und-sets\/charleston-dekorationsfarbenset-in-rodmell\/#primaryimage\"},\"thumbnailUrl\":\"https:\/\/www.anniesloan.com\/de\/wp-content\/uploads\/sites\/3\/2021\/05\/Annie-Sloan-with-Charleston-Decorative-Paint-Set-in-Rodmell-2500.jpg\",\"datePublished\":\"2020-02-10T08:39:29+00:00\",\"dateModified\":\"2026-02-20T07:30:50+00:00\",\"description\":\"Dieses Farbenset in Rodmell, inspiriert von der Bloomsbury Group in Charleston, enth\u00e4lt drei Chalk Paint\u2122 Farben und Wachs \u2013 ausreichend f\u00fcr einen Stuhl!\",\"breadcrumb\":{\"@id\":\"https:\/\/www.anniesloan.com\/de\/produkt\/geschenkideen-und-sets\/charleston-dekorationsfarbenset-in-rodmell\/#breadcrumb\"},\"inLanguage\":\"de-DE\",\"potentialAction\":[{\"@type\":\"ReadAction\",\"target\":[\"https:\/\/www.anniesloan.com\/de\/produkt\/geschenkideen-und-sets\/charleston-dekorationsfarbenset-in-rodmell\/\"]}]},{\"@type\":\"ImageObject\",\"inLanguage\":\"de-DE\",\"@id\":\"https:\/\/www.anniesloan.com\/de\/produkt\/geschenkideen-und-sets\/charleston-dekorationsfarbenset-in-rodmell\/#primaryimage\",\"url\":\"https:\/\/www.anniesloan.com\/de\/wp-content\/uploads\/sites\/3\/2021\/05\/Annie-Sloan-with-Charleston-Decorative-Paint-Set-in-Rodmell-2500.jpg\",\"contentUrl\":\"https:\/\/www.anniesloan.com\/de\/wp-content\/uploads\/sites\/3\/2021\/05\/Annie-Sloan-with-Charleston-Decorative-Paint-Set-in-Rodmell-2500.jpg\",\"width\":1280,\"height\":1024,\"caption\":\"Annie Sloan with Charleston Decorative Paint Set in Rodmell, Greek Blue and Original\"},{\"@type\":\"BreadcrumbList\",\"@id\":\"https:\/\/www.anniesloan.com\/de\/produkt\/geschenkideen-und-sets\/charleston-dekorationsfarbenset-in-rodmell\/#breadcrumb\",\"itemListElement\":[{\"@type\":\"ListItem\",\"position\":1,\"name\":\"Produkte\",\"item\":\"https:\/\/www.anniesloan.com\/de\/produkte\/\"},{\"@type\":\"ListItem\",\"position\":2,\"name\":\"Geschenkideen und Sets\",\"item\":\"https:\/\/www.anniesloan.com\/de\/produkte\/geschenkideen-und-sets\/\"},{\"@type\":\"ListItem\",\"position\":3,\"name\":\"\u201eANNIE SLOAN UND CHARLESTON\u201c: DEKORATIONSFARBENSET IN RODMELL\"}]},{\"@type\":\"WebSite\",\"@id\":\"https:\/\/www.anniesloan.com\/de\/#website\",\"url\":\"https:\/\/www.anniesloan.com\/de\/\",\"name\":\"Annie Sloan DE\",\"description\":\"Die Heimat der Chalk Paint\u2122\",\"potentialAction\":[{\"@type\":\"SearchAction\",\"target\":{\"@type\":\"EntryPoint\",\"urlTemplate\":\"https:\/\/www.anniesloan.com\/de\/?s={search_term_string}\"},\"query-input\":{\"@type\":\"PropertyValueSpecification\",\"valueRequired\":true,\"valueName\":\"search_term_string\"}}],\"inLanguage\":\"de-DE\"}]}<\/script>\n<meta property=\"product:price:amount\" content=\"39.95\" \/>\n<meta property=\"product:price:currency\" content=\"EUR\" \/>\n<meta property=\"og:availability\" content=\"instock\" \/>\n<meta property=\"product:availability\" content=\"instock\" \/>\n<meta property=\"product:retailer_item_id\" content=\"CHPS001.XXXX.09\" \/>\n<meta property=\"product:condition\" content=\"new\" \/>\n<!-- \/ Yoast SEO Premium plugin. -->","yoast_head_json":{"title":"\u201eANNIE SLOAN UND CHARLESTON\u201c: DEKORATIONSFARBENSET IN RODMELL | Annie Sloan DE","description":"Dieses Farbenset in Rodmell, inspiriert von der Bloomsbury Group in Charleston, enth\u00e4lt drei Chalk Paint\u2122 Farben und Wachs \u2013 ausreichend f\u00fcr einen Stuhl!","robots":{"index":"index","follow":"follow","max-snippet":"max-snippet:-1","max-image-preview":"max-image-preview:large","max-video-preview":"max-video-preview:-1"},"canonical":"https:\/\/www.anniesloan.com\/de\/produkt\/geschenkideen-und-sets\/charleston-dekorationsfarbenset-in-rodmell\/","og_locale":"de_DE","og_type":"article","og_title":"\u201eANNIE SLOAN UND CHARLESTON\u201c: DEKORATIONSFARBENSET IN RODMELL","og_description":"Dieses Farbenset in Rodmell, inspiriert von der Bloomsbury Group in Charleston, enth\u00e4lt drei Chalk Paint\u2122 Farben und Wachs \u2013 ausreichend f\u00fcr einen Stuhl!","og_url":"https:\/\/www.anniesloan.com\/de\/produkt\/geschenkideen-und-sets\/charleston-dekorationsfarbenset-in-rodmell\/","og_site_name":"Annie Sloan DE","article_modified_time":"2026-02-20T07:30:50+00:00","og_image":[{"width":1280,"height":1024,"url":"https:\/\/www.anniesloan.com\/de\/wp-content\/uploads\/sites\/3\/2021\/05\/Annie-Sloan-with-Charleston-Decorative-Paint-Set-in-Rodmell-2500.jpg","type":"image\/jpeg"}],"twitter_card":"summary_large_image","twitter_misc":{"Price":"39.95&euro;","Availability":"In stock"},"schema":{"@context":"https:\/\/schema.org","@graph":[{"@type":"WebPage","@id":"https:\/\/www.anniesloan.com\/de\/produkt\/geschenkideen-und-sets\/charleston-dekorationsfarbenset-in-rodmell\/","url":"https:\/\/www.anniesloan.com\/de\/produkt\/geschenkideen-und-sets\/charleston-dekorationsfarbenset-in-rodmell\/","name":"\u201eANNIE SLOAN UND CHARLESTON\u201c: DEKORATIONSFARBENSET IN RODMELL | Annie Sloan DE","isPartOf":{"@id":"https:\/\/www.anniesloan.com\/de\/#website"},"primaryImageOfPage":{"@id":"https:\/\/www.anniesloan.com\/de\/produkt\/geschenkideen-und-sets\/charleston-dekorationsfarbenset-in-rodmell\/#primaryimage"},"image":{"@id":"https:\/\/www.anniesloan.com\/de\/produkt\/geschenkideen-und-sets\/charleston-dekorationsfarbenset-in-rodmell\/#primaryimage"},"thumbnailUrl":"https:\/\/www.anniesloan.com\/de\/wp-content\/uploads\/sites\/3\/2021\/05\/Annie-Sloan-with-Charleston-Decorative-Paint-Set-in-Rodmell-2500.jpg","datePublished":"2020-02-10T08:39:29+00:00","dateModified":"2026-02-20T07:30:50+00:00","description":"Dieses Farbenset in Rodmell, inspiriert von der Bloomsbury Group in Charleston, enth\u00e4lt drei Chalk Paint\u2122 Farben und Wachs \u2013 ausreichend f\u00fcr einen Stuhl!","breadcrumb":{"@id":"https:\/\/www.anniesloan.com\/de\/produkt\/geschenkideen-und-sets\/charleston-dekorationsfarbenset-in-rodmell\/#breadcrumb"},"inLanguage":"de-DE","potentialAction":[{"@type":"ReadAction","target":["https:\/\/www.anniesloan.com\/de\/produkt\/geschenkideen-und-sets\/charleston-dekorationsfarbenset-in-rodmell\/"]}]},{"@type":"ImageObject","inLanguage":"de-DE","@id":"https:\/\/www.anniesloan.com\/de\/produkt\/geschenkideen-und-sets\/charleston-dekorationsfarbenset-in-rodmell\/#primaryimage","url":"https:\/\/www.anniesloan.com\/de\/wp-content\/uploads\/sites\/3\/2021\/05\/Annie-Sloan-with-Charleston-Decorative-Paint-Set-in-Rodmell-2500.jpg","contentUrl":"https:\/\/www.anniesloan.com\/de\/wp-content\/uploads\/sites\/3\/2021\/05\/Annie-Sloan-with-Charleston-Decorative-Paint-Set-in-Rodmell-2500.jpg","width":1280,"height":1024,"caption":"Annie Sloan with Charleston Decorative Paint Set in Rodmell, Greek Blue and Original"},{"@type":"BreadcrumbList","@id":"https:\/\/www.anniesloan.com\/de\/produkt\/geschenkideen-und-sets\/charleston-dekorationsfarbenset-in-rodmell\/#breadcrumb","itemListElement":[{"@type":"ListItem","position":1,"name":"Produkte","item":"https:\/\/www.anniesloan.com\/de\/produkte\/"},{"@type":"ListItem","position":2,"name":"Geschenkideen und Sets","item":"https:\/\/www.anniesloan.com\/de\/produkte\/geschenkideen-und-sets\/"},{"@type":"ListItem","position":3,"name":"\u201eANNIE SLOAN UND CHARLESTON\u201c: DEKORATIONSFARBENSET IN RODMELL"}]},{"@type":"WebSite","@id":"https:\/\/www.anniesloan.com\/de\/#website","url":"https:\/\/www.anniesloan.com\/de\/","name":"Annie Sloan DE","description":"Die Heimat der Chalk Paint\u2122","potentialAction":[{"@type":"SearchAction","target":{"@type":"EntryPoint","urlTemplate":"https:\/\/www.anniesloan.com\/de\/?s={search_term_string}"},"query-input":{"@type":"PropertyValueSpecification","valueRequired":true,"valueName":"search_term_string"}}],"inLanguage":"de-DE"}]},"product_price_amount":"39.95","product_price_currency":"EUR","og_availability":"instock","product_availability":"instock","product_retailer_item_id":"CHPS001.XXXX.09","product_condition":"new"},"_links":{"self":[{"href":"https:\/\/www.anniesloan.com\/de\/wp-json\/wp\/v2\/product\/21486","targetHints":{"allow":["GET"]}}],"collection":[{"href":"https:\/\/www.anniesloan.com\/de\/wp-json\/wp\/v2\/product"}],"about":[{"href":"https:\/\/www.anniesloan.com\/de\/wp-json\/wp\/v2\/types\/product"}],"wp:featuredmedia":[{"embeddable":true,"href":"https:\/\/www.anniesloan.com\/de\/wp-json\/wp\/v2\/media\/21487"}],"wp:attachment":[{"href":"https:\/\/www.anniesloan.com\/de\/wp-json\/wp\/v2\/media?parent=21486"}],"wp:term":[{"taxonomy":"product_brand","embeddable":true,"href":"https:\/\/www.anniesloan.com\/de\/wp-json\/wp\/v2\/product_brand?post=21486"},{"taxonomy":"product_cat","embeddable":true,"href":"https:\/\/www.anniesloan.com\/de\/wp-json\/wp\/v2\/product_cat?post=21486"},{"taxonomy":"product_tag","embeddable":true,"href":"https:\/\/www.anniesloan.com\/de\/wp-json\/wp\/v2\/product_tag?post=21486"}],"curies":[{"name":"wp","href":"https:\/\/api.w.org\/{rel}","templated":true}]}}