{"id":21416,"date":"2020-02-10T10:39:29","date_gmt":"2020-02-10T09:39:29","guid":{"rendered":"https:\/\/www.anniesloan.com\/product\/annie-sloan-gift-card\/"},"modified":"2025-04-14T15:55:38","modified_gmt":"2025-04-14T13:55:38","slug":"annie-sloan-e-gift-card","status":"publish","type":"product","link":"https:\/\/www.anniesloan.com\/de\/produkt\/geschenkideen-und-sets\/annie-sloan-e-gift-card\/","title":{"rendered":"Annie Sloan Digitale Geschenkkarte"},"content":{"rendered":"","protected":false},"excerpt":{"rendered":"<p>Verschenken Sie Kreativit\u00e4t mit einer Geschenkkarte von Annie Sloan!<\/p>\n<p>M\u00f6chten Sie eine physische Geschenkkarte? Besuchen Sie einen unserer teilnehmenden H\u00e4ndler und w\u00e4hlen Sie aus sechs stilvollen Designs. Auf der R\u00fcckseite ist Platz f\u00fcr Ihre pers\u00f6nliche Nachricht. Kontaktieren Sie Ihren lokalen H\u00e4ndler, um die Verf\u00fcgbarkeit zu pr\u00fcfen, kaufen Sie die Karte vor Ort \u2013 und fertig! <\/p>\n<p>Bitte beachten Sie: Geschenkkarten k\u00f6nnen nur in dem Gesch\u00e4ft eingel\u00f6st werden, in dem sie gekauft wurden, und nur f\u00fcr Annie Sloan Produkte. Wenn Sie lieber einen digitalen Gutschein m\u00f6chten (per E-Mail zugestellt), w\u00e4hlen Sie unten den Betrag aus und senden Sie ihn direkt an den Empf\u00e4nger oder an sich selbst! Digitale Gutscheine sind nur online im offiziellen Annie Sloan Shop einl\u00f6sbar und nicht bei unseren H\u00e4ndlern vor Ort. Es gelten die vollst\u00e4ndigen AGB.<\/p>\n","protected":false},"featured_media":48312,"template":"","meta":{"_acf_changed":false,"_relevanssi_hide_post":"","_relevanssi_hide_content":"","_relevanssi_pin_for_all":"","_relevanssi_pin_keywords":"","_relevanssi_unpin_keywords":"","_relevanssi_related_keywords":"","_relevanssi_related_include_ids":"","_relevanssi_related_exclude_ids":"","_relevanssi_related_no_append":"","_relevanssi_related_not_related":"","_relevanssi_related_posts":"","_relevanssi_noindex_reason":""},"product_brand":[],"product_cat":[65],"product_tag":[],"class_list":{"0":"post-21416","1":"product","2":"type-product","3":"status-publish","4":"has-post-thumbnail","6":"product_cat-geschenkideen-und-sets","7":"product_shipping_class-warenpost","9":"first","10":"instock","11":"purchasable","12":"product-type-variable"},"acf":[],"yoast_head":"<!-- This site is optimized with the Yoast SEO Premium plugin v26.5 (Yoast SEO v26.5) - https:\/\/yoast.com\/wordpress\/plugins\/seo\/ -->\n<title>Annie Sloan Digitale Geschenkkarte | Annie Sloan DE<\/title>\n<meta name=\"robots\" content=\"index, follow, max-snippet:-1, max-image-preview:large, max-video-preview:-1\" \/>\n<link rel=\"canonical\" href=\"https:\/\/www.anniesloan.com\/de\/produkt\/geschenkideen-und-sets\/annie-sloan-e-gift-card\/\" \/>\n<meta property=\"og:locale\" content=\"de_DE\" \/>\n<meta property=\"og:type\" content=\"article\" \/>\n<meta property=\"og:title\" content=\"Annie Sloan Digitale Geschenkkarte\" \/>\n<meta property=\"og:description\" content=\"Verschenken Sie Kreativit\u00e4t mit einer Geschenkkarte von Annie Sloan!  M\u00f6chten Sie eine physische Geschenkkarte? Besuchen Sie einen unserer teilnehmenden H\u00e4ndler und w\u00e4hlen Sie aus sechs stilvollen Designs. Auf der R\u00fcckseite ist Platz f\u00fcr Ihre pers\u00f6nliche Nachricht. Kontaktieren Sie Ihren lokalen H\u00e4ndler, um die Verf\u00fcgbarkeit zu pr\u00fcfen, kaufen Sie die Karte vor Ort \u2013 und fertig!   Bitte beachten Sie: Geschenkkarten k\u00f6nnen nur in dem Gesch\u00e4ft eingel\u00f6st werden, in dem sie gekauft wurden, und nur f\u00fcr Annie Sloan Produkte. Wenn Sie lieber einen digitalen Gutschein m\u00f6chten (per E-Mail zugestellt), w\u00e4hlen Sie unten den Betrag aus und senden Sie ihn direkt an den Empf\u00e4nger oder an sich selbst! Digitale Gutscheine sind nur online im offiziellen Annie Sloan Shop einl\u00f6sbar und nicht bei unseren H\u00e4ndlern vor Ort. Es gelten die vollst\u00e4ndigen AGB.\" \/>\n<meta property=\"og:url\" content=\"https:\/\/www.anniesloan.com\/de\/produkt\/geschenkideen-und-sets\/annie-sloan-e-gift-card\/\" \/>\n<meta property=\"og:site_name\" content=\"Annie Sloan DE\" \/>\n<meta property=\"article:modified_time\" content=\"2025-04-14T13:55:38+00:00\" \/>\n<meta property=\"og:image\" content=\"https:\/\/www.anniesloan.com\/de\/wp-content\/uploads\/sites\/3\/2025\/04\/250018-Gift-Card-Asset-1200x842pxDN.jpg\" \/>\n\t<meta property=\"og:image:width\" content=\"1200\" \/>\n\t<meta property=\"og:image:height\" content=\"842\" \/>\n\t<meta property=\"og:image:type\" content=\"image\/jpeg\" \/>\n<meta name=\"twitter:card\" content=\"summary_large_image\" \/>\n<meta name=\"twitter:label1\" content=\"Availability\" \/>\n\t<meta name=\"twitter:data1\" content=\"In stock\" \/>\n<script type=\"application\/ld+json\" class=\"yoast-schema-graph\">{\"@context\":\"https:\/\/schema.org\",\"@graph\":[{\"@type\":\"WebPage\",\"@id\":\"https:\/\/www.anniesloan.com\/de\/produkt\/geschenkideen-und-sets\/annie-sloan-e-gift-card\/\",\"url\":\"https:\/\/www.anniesloan.com\/de\/produkt\/geschenkideen-und-sets\/annie-sloan-e-gift-card\/\",\"name\":\"Annie Sloan Digitale Geschenkkarte | Annie Sloan DE\",\"isPartOf\":{\"@id\":\"https:\/\/www.anniesloan.com\/de\/#website\"},\"primaryImageOfPage\":{\"@id\":\"https:\/\/www.anniesloan.com\/de\/produkt\/geschenkideen-und-sets\/annie-sloan-e-gift-card\/#primaryimage\"},\"image\":{\"@id\":\"https:\/\/www.anniesloan.com\/de\/produkt\/geschenkideen-und-sets\/annie-sloan-e-gift-card\/#primaryimage\"},\"thumbnailUrl\":\"https:\/\/www.anniesloan.com\/de\/wp-content\/uploads\/sites\/3\/2025\/04\/250018-Gift-Card-Asset-1200x842pxDN.jpg\",\"datePublished\":\"2020-02-10T09:39:29+00:00\",\"dateModified\":\"2025-04-14T13:55:38+00:00\",\"breadcrumb\":{\"@id\":\"https:\/\/www.anniesloan.com\/de\/produkt\/geschenkideen-und-sets\/annie-sloan-e-gift-card\/#breadcrumb\"},\"inLanguage\":\"de-DE\",\"potentialAction\":[{\"@type\":\"ReadAction\",\"target\":[\"https:\/\/www.anniesloan.com\/de\/produkt\/geschenkideen-und-sets\/annie-sloan-e-gift-card\/\"]}]},{\"@type\":\"ImageObject\",\"inLanguage\":\"de-DE\",\"@id\":\"https:\/\/www.anniesloan.com\/de\/produkt\/geschenkideen-und-sets\/annie-sloan-e-gift-card\/#primaryimage\",\"url\":\"https:\/\/www.anniesloan.com\/de\/wp-content\/uploads\/sites\/3\/2025\/04\/250018-Gift-Card-Asset-1200x842pxDN.jpg\",\"contentUrl\":\"https:\/\/www.anniesloan.com\/de\/wp-content\/uploads\/sites\/3\/2025\/04\/250018-Gift-Card-Asset-1200x842pxDN.jpg\",\"width\":1200,\"height\":842,\"caption\":\"Annie Sloan E-Gift Card\"},{\"@type\":\"BreadcrumbList\",\"@id\":\"https:\/\/www.anniesloan.com\/de\/produkt\/geschenkideen-und-sets\/annie-sloan-e-gift-card\/#breadcrumb\",\"itemListElement\":[{\"@type\":\"ListItem\",\"position\":1,\"name\":\"Produkte\",\"item\":\"https:\/\/www.anniesloan.com\/de\/produkte\/\"},{\"@type\":\"ListItem\",\"position\":2,\"name\":\"Geschenkideen und Sets\",\"item\":\"https:\/\/www.anniesloan.com\/de\/produkte\/geschenkideen-und-sets\/\"},{\"@type\":\"ListItem\",\"position\":3,\"name\":\"Annie Sloan Digitale Geschenkkarte\"}]},{\"@type\":\"WebSite\",\"@id\":\"https:\/\/www.anniesloan.com\/de\/#website\",\"url\":\"https:\/\/www.anniesloan.com\/de\/\",\"name\":\"Annie Sloan DE\",\"description\":\"Die Heimat der Chalk Paint\u2122\",\"publisher\":{\"@id\":\"https:\/\/www.anniesloan.com\/de\/#organization\"},\"potentialAction\":[{\"@type\":\"SearchAction\",\"target\":{\"@type\":\"EntryPoint\",\"urlTemplate\":\"https:\/\/www.anniesloan.com\/de\/?s={search_term_string}\"},\"query-input\":{\"@type\":\"PropertyValueSpecification\",\"valueRequired\":true,\"valueName\":\"search_term_string\"}}],\"inLanguage\":\"de-DE\"},{\"@type\":\"Organization\",\"@id\":\"https:\/\/www.anniesloan.com\/de\/#organization\",\"name\":\"Annie Sloan\",\"url\":\"https:\/\/www.anniesloan.com\/de\/\",\"logo\":{\"@type\":\"ImageObject\",\"inLanguage\":\"de-DE\",\"@id\":\"https:\/\/www.anniesloan.com\/de\/#\/schema\/logo\/image\/\",\"url\":\"https:\/\/www.anniesloan.com\/de\/wp-content\/uploads\/sites\/3\/2021\/07\/anniesloan-logo.jpg\",\"contentUrl\":\"https:\/\/www.anniesloan.com\/de\/wp-content\/uploads\/sites\/3\/2021\/07\/anniesloan-logo.jpg\",\"width\":1200,\"height\":361,\"caption\":\"Annie Sloan\"},\"image\":{\"@id\":\"https:\/\/www.anniesloan.com\/de\/#\/schema\/logo\/image\/\"}}]}<\/script>\n<meta property=\"og:availability\" content=\"instock\" \/>\n<meta property=\"product:availability\" content=\"instock\" \/>\n<meta property=\"product:retailer_item_id\" content=\"GCHS001.XXXX.01\" \/>\n<meta property=\"product:condition\" content=\"new\" \/>\n<!-- \/ Yoast SEO Premium plugin. -->","yoast_head_json":{"title":"Annie Sloan Digitale Geschenkkarte | Annie Sloan DE","robots":{"index":"index","follow":"follow","max-snippet":"max-snippet:-1","max-image-preview":"max-image-preview:large","max-video-preview":"max-video-preview:-1"},"canonical":"https:\/\/www.anniesloan.com\/de\/produkt\/geschenkideen-und-sets\/annie-sloan-e-gift-card\/","og_locale":"de_DE","og_type":"article","og_title":"Annie Sloan Digitale Geschenkkarte","og_description":"Verschenken Sie Kreativit\u00e4t mit einer Geschenkkarte von Annie Sloan!  M\u00f6chten Sie eine physische Geschenkkarte? Besuchen Sie einen unserer teilnehmenden H\u00e4ndler und w\u00e4hlen Sie aus sechs stilvollen Designs. Auf der R\u00fcckseite ist Platz f\u00fcr Ihre pers\u00f6nliche Nachricht. Kontaktieren Sie Ihren lokalen H\u00e4ndler, um die Verf\u00fcgbarkeit zu pr\u00fcfen, kaufen Sie die Karte vor Ort \u2013 und fertig!   Bitte beachten Sie: Geschenkkarten k\u00f6nnen nur in dem Gesch\u00e4ft eingel\u00f6st werden, in dem sie gekauft wurden, und nur f\u00fcr Annie Sloan Produkte. Wenn Sie lieber einen digitalen Gutschein m\u00f6chten (per E-Mail zugestellt), w\u00e4hlen Sie unten den Betrag aus und senden Sie ihn direkt an den Empf\u00e4nger oder an sich selbst! Digitale Gutscheine sind nur online im offiziellen Annie Sloan Shop einl\u00f6sbar und nicht bei unseren H\u00e4ndlern vor Ort. Es gelten die vollst\u00e4ndigen AGB.","og_url":"https:\/\/www.anniesloan.com\/de\/produkt\/geschenkideen-und-sets\/annie-sloan-e-gift-card\/","og_site_name":"Annie Sloan DE","article_modified_time":"2025-04-14T13:55:38+00:00","og_image":[{"width":1200,"height":842,"url":"https:\/\/www.anniesloan.com\/de\/wp-content\/uploads\/sites\/3\/2025\/04\/250018-Gift-Card-Asset-1200x842pxDN.jpg","type":"image\/jpeg"}],"twitter_card":"summary_large_image","twitter_misc":{"Availability":"In stock"},"schema":{"@context":"https:\/\/schema.org","@graph":[{"@type":"WebPage","@id":"https:\/\/www.anniesloan.com\/de\/produkt\/geschenkideen-und-sets\/annie-sloan-e-gift-card\/","url":"https:\/\/www.anniesloan.com\/de\/produkt\/geschenkideen-und-sets\/annie-sloan-e-gift-card\/","name":"Annie Sloan Digitale Geschenkkarte | Annie Sloan DE","isPartOf":{"@id":"https:\/\/www.anniesloan.com\/de\/#website"},"primaryImageOfPage":{"@id":"https:\/\/www.anniesloan.com\/de\/produkt\/geschenkideen-und-sets\/annie-sloan-e-gift-card\/#primaryimage"},"image":{"@id":"https:\/\/www.anniesloan.com\/de\/produkt\/geschenkideen-und-sets\/annie-sloan-e-gift-card\/#primaryimage"},"thumbnailUrl":"https:\/\/www.anniesloan.com\/de\/wp-content\/uploads\/sites\/3\/2025\/04\/250018-Gift-Card-Asset-1200x842pxDN.jpg","datePublished":"2020-02-10T09:39:29+00:00","dateModified":"2025-04-14T13:55:38+00:00","breadcrumb":{"@id":"https:\/\/www.anniesloan.com\/de\/produkt\/geschenkideen-und-sets\/annie-sloan-e-gift-card\/#breadcrumb"},"inLanguage":"de-DE","potentialAction":[{"@type":"ReadAction","target":["https:\/\/www.anniesloan.com\/de\/produkt\/geschenkideen-und-sets\/annie-sloan-e-gift-card\/"]}]},{"@type":"ImageObject","inLanguage":"de-DE","@id":"https:\/\/www.anniesloan.com\/de\/produkt\/geschenkideen-und-sets\/annie-sloan-e-gift-card\/#primaryimage","url":"https:\/\/www.anniesloan.com\/de\/wp-content\/uploads\/sites\/3\/2025\/04\/250018-Gift-Card-Asset-1200x842pxDN.jpg","contentUrl":"https:\/\/www.anniesloan.com\/de\/wp-content\/uploads\/sites\/3\/2025\/04\/250018-Gift-Card-Asset-1200x842pxDN.jpg","width":1200,"height":842,"caption":"Annie Sloan E-Gift Card"},{"@type":"BreadcrumbList","@id":"https:\/\/www.anniesloan.com\/de\/produkt\/geschenkideen-und-sets\/annie-sloan-e-gift-card\/#breadcrumb","itemListElement":[{"@type":"ListItem","position":1,"name":"Produkte","item":"https:\/\/www.anniesloan.com\/de\/produkte\/"},{"@type":"ListItem","position":2,"name":"Geschenkideen und Sets","item":"https:\/\/www.anniesloan.com\/de\/produkte\/geschenkideen-und-sets\/"},{"@type":"ListItem","position":3,"name":"Annie Sloan Digitale Geschenkkarte"}]},{"@type":"WebSite","@id":"https:\/\/www.anniesloan.com\/de\/#website","url":"https:\/\/www.anniesloan.com\/de\/","name":"Annie Sloan DE","description":"Die Heimat der Chalk Paint\u2122","publisher":{"@id":"https:\/\/www.anniesloan.com\/de\/#organization"},"potentialAction":[{"@type":"SearchAction","target":{"@type":"EntryPoint","urlTemplate":"https:\/\/www.anniesloan.com\/de\/?s={search_term_string}"},"query-input":{"@type":"PropertyValueSpecification","valueRequired":true,"valueName":"search_term_string"}}],"inLanguage":"de-DE"},{"@type":"Organization","@id":"https:\/\/www.anniesloan.com\/de\/#organization","name":"Annie Sloan","url":"https:\/\/www.anniesloan.com\/de\/","logo":{"@type":"ImageObject","inLanguage":"de-DE","@id":"https:\/\/www.anniesloan.com\/de\/#\/schema\/logo\/image\/","url":"https:\/\/www.anniesloan.com\/de\/wp-content\/uploads\/sites\/3\/2021\/07\/anniesloan-logo.jpg","contentUrl":"https:\/\/www.anniesloan.com\/de\/wp-content\/uploads\/sites\/3\/2021\/07\/anniesloan-logo.jpg","width":1200,"height":361,"caption":"Annie Sloan"},"image":{"@id":"https:\/\/www.anniesloan.com\/de\/#\/schema\/logo\/image\/"}}]},"og_availability":"instock","product_availability":"instock","product_retailer_item_id":"GCHS001.XXXX.01","product_condition":"new"},"_links":{"self":[{"href":"https:\/\/www.anniesloan.com\/de\/wp-json\/wp\/v2\/product\/21416","targetHints":{"allow":["GET"]}}],"collection":[{"href":"https:\/\/www.anniesloan.com\/de\/wp-json\/wp\/v2\/product"}],"about":[{"href":"https:\/\/www.anniesloan.com\/de\/wp-json\/wp\/v2\/types\/product"}],"wp:featuredmedia":[{"embeddable":true,"href":"https:\/\/www.anniesloan.com\/de\/wp-json\/wp\/v2\/media\/48312"}],"wp:attachment":[{"href":"https:\/\/www.anniesloan.com\/de\/wp-json\/wp\/v2\/media?parent=21416"}],"wp:term":[{"taxonomy":"product_brand","embeddable":true,"href":"https:\/\/www.anniesloan.com\/de\/wp-json\/wp\/v2\/product_brand?post=21416"},{"taxonomy":"product_cat","embeddable":true,"href":"https:\/\/www.anniesloan.com\/de\/wp-json\/wp\/v2\/product_cat?post=21416"},{"taxonomy":"product_tag","embeddable":true,"href":"https:\/\/www.anniesloan.com\/de\/wp-json\/wp\/v2\/product_tag?post=21416"}],"curies":[{"name":"wp","href":"https:\/\/api.w.org\/{rel}","templated":true}]}}