{"id":21311,"date":"2020-02-07T17:59:01","date_gmt":"2020-02-07T16:59:01","guid":{"rendered":"https:\/\/www.anniesloan.com\/product\/tacit-in-duck-egg-blue\/"},"modified":"2024-12-02T16:25:30","modified_gmt":"2024-12-02T15:25:30","slug":"tacit-in-duck-egg-blue","status":"publish","type":"product","link":"https:\/\/www.anniesloan.com\/de\/produkt\/stoffe\/bedruckte-stoffe\/tacit-in-duck-egg-blue\/","title":{"rendered":"Tacit in Duck Egg Blue"},"content":{"rendered":"","protected":false},"excerpt":{"rendered":"<p>Dieses Design ist in den Farben Duck Egg Blue und Old White gehalten. Annie Sloan hat dieses Muster mit Chalk Paint\u2122 entworfen, Inspriation f\u00fcr sie waren Linoldrucke von K\u00fcnstlern und Designern der 1930er Jahre. Hieroglyphen, Buchstaben, Zahlen und Formen bilden ein Fl\u00e4chenmuster, das sowohl als Hingucker in Szene gesetzt werden, als auch einen ruhigen Hintergrund bilden kann. Der Stoff eignet sich f\u00fcr Heimtextilien wie Vorh\u00e4nge, Rollos, Kissen und Polsterarbeiten.<\/p>\n<p>F\u00fcr R\u00fcckfragen und Gratismuster senden Sie bitte eine Email an fabric@anniesloan.com<\/p>\n<p>Verkauf pro Meter.<\/p>\n","protected":false},"featured_media":21312,"template":"","meta":{"_acf_changed":false,"_relevanssi_hide_post":"","_relevanssi_hide_content":"","_relevanssi_pin_for_all":"","_relevanssi_pin_keywords":"","_relevanssi_unpin_keywords":"","_relevanssi_related_keywords":"","_relevanssi_related_include_ids":"","_relevanssi_related_exclude_ids":"","_relevanssi_related_no_append":"","_relevanssi_related_not_related":"","_relevanssi_related_posts":"","_relevanssi_noindex_reason":""},"product_brand":[],"product_cat":[61,62],"product_tag":[],"class_list":{"0":"post-21311","1":"product","2":"type-product","3":"status-publish","4":"has-post-thumbnail","6":"product_cat-stoffe","7":"product_cat-bedruckte-stoffe","8":"product_shipping_class-dhl","9":"pa_colour-filter-blau","10":"pa_colour-filter-gruen","12":"first","13":"instock","14":"taxable","15":"shipping-taxable","16":"purchasable","17":"product-type-simple"},"acf":[],"yoast_head":"<!-- This site is optimized with the Yoast SEO Premium plugin v26.5 (Yoast SEO v26.5) - https:\/\/yoast.com\/wordpress\/plugins\/seo\/ -->\n<title>Tacit in Duck Egg Blue | Stoffe | Annie Sloan DE<\/title>\n<meta name=\"description\" content=\"Annie Sloan hat dieses moderne Design in Chalk Paint\u2122 entworfen und Hieroglyphen, Buchstaben, Zahlen und Formen auf Duck Egg Blue gedruckt.\" \/>\n<meta name=\"robots\" content=\"index, follow, max-snippet:-1, max-image-preview:large, max-video-preview:-1\" \/>\n<link rel=\"canonical\" href=\"https:\/\/www.anniesloan.com\/de\/produkt\/stoffe\/bedruckte-stoffe\/tacit-in-duck-egg-blue\/\" \/>\n<meta property=\"og:locale\" content=\"de_DE\" \/>\n<meta property=\"og:type\" content=\"article\" \/>\n<meta property=\"og:title\" content=\"Tacit in Duck Egg Blue\" \/>\n<meta property=\"og:description\" content=\"Annie Sloan hat dieses moderne Design in Chalk Paint\u2122 entworfen und Hieroglyphen, Buchstaben, Zahlen und Formen auf Duck Egg Blue gedruckt.\" \/>\n<meta property=\"og:url\" content=\"https:\/\/www.anniesloan.com\/de\/produkt\/stoffe\/bedruckte-stoffe\/tacit-in-duck-egg-blue\/\" \/>\n<meta property=\"og:site_name\" content=\"Annie Sloan DE\" \/>\n<meta property=\"article:modified_time\" content=\"2024-12-02T15:25:30+00:00\" \/>\n<meta property=\"og:image\" content=\"https:\/\/www.anniesloan.com\/de\/wp-content\/uploads\/sites\/3\/2021\/05\/Tacit-in-Duck-Egg-Blue-fabric-by-Annie-Sloan-1170.jpg\" \/>\n\t<meta property=\"og:image:width\" content=\"1170\" \/>\n\t<meta property=\"og:image:height\" content=\"936\" \/>\n\t<meta property=\"og:image:type\" content=\"image\/jpeg\" \/>\n<meta name=\"twitter:card\" content=\"summary_large_image\" \/>\n<meta name=\"twitter:label1\" content=\"Price\" \/>\n\t<meta name=\"twitter:data1\" content=\"69.95&euro;\" \/>\n\t<meta name=\"twitter:label2\" content=\"Availability\" \/>\n\t<meta name=\"twitter:data2\" content=\"In stock\" \/>\n<script type=\"application\/ld+json\" class=\"yoast-schema-graph\">{\"@context\":\"https:\/\/schema.org\",\"@graph\":[{\"@type\":\"WebPage\",\"@id\":\"https:\/\/www.anniesloan.com\/de\/produkt\/stoffe\/bedruckte-stoffe\/tacit-in-duck-egg-blue\/\",\"url\":\"https:\/\/www.anniesloan.com\/de\/produkt\/stoffe\/bedruckte-stoffe\/tacit-in-duck-egg-blue\/\",\"name\":\"Tacit in Duck Egg Blue | Stoffe | Annie Sloan DE\",\"isPartOf\":{\"@id\":\"https:\/\/www.anniesloan.com\/de\/#website\"},\"primaryImageOfPage\":{\"@id\":\"https:\/\/www.anniesloan.com\/de\/produkt\/stoffe\/bedruckte-stoffe\/tacit-in-duck-egg-blue\/#primaryimage\"},\"image\":{\"@id\":\"https:\/\/www.anniesloan.com\/de\/produkt\/stoffe\/bedruckte-stoffe\/tacit-in-duck-egg-blue\/#primaryimage\"},\"thumbnailUrl\":\"https:\/\/www.anniesloan.com\/de\/wp-content\/uploads\/sites\/3\/2021\/05\/Tacit-in-Duck-Egg-Blue-fabric-by-Annie-Sloan-1170.jpg\",\"datePublished\":\"2020-02-07T16:59:01+00:00\",\"dateModified\":\"2024-12-02T15:25:30+00:00\",\"description\":\"Annie Sloan hat dieses moderne Design in Chalk Paint\u2122 entworfen und Hieroglyphen, Buchstaben, Zahlen und Formen auf Duck Egg Blue gedruckt.\",\"breadcrumb\":{\"@id\":\"https:\/\/www.anniesloan.com\/de\/produkt\/stoffe\/bedruckte-stoffe\/tacit-in-duck-egg-blue\/#breadcrumb\"},\"inLanguage\":\"de-DE\",\"potentialAction\":[{\"@type\":\"ReadAction\",\"target\":[\"https:\/\/www.anniesloan.com\/de\/produkt\/stoffe\/bedruckte-stoffe\/tacit-in-duck-egg-blue\/\"]}]},{\"@type\":\"ImageObject\",\"inLanguage\":\"de-DE\",\"@id\":\"https:\/\/www.anniesloan.com\/de\/produkt\/stoffe\/bedruckte-stoffe\/tacit-in-duck-egg-blue\/#primaryimage\",\"url\":\"https:\/\/www.anniesloan.com\/de\/wp-content\/uploads\/sites\/3\/2021\/05\/Tacit-in-Duck-Egg-Blue-fabric-by-Annie-Sloan-1170.jpg\",\"contentUrl\":\"https:\/\/www.anniesloan.com\/de\/wp-content\/uploads\/sites\/3\/2021\/05\/Tacit-in-Duck-Egg-Blue-fabric-by-Annie-Sloan-1170.jpg\",\"width\":1170,\"height\":936,\"caption\":\"Tacit in Duck Egg Blue fabric by Annie Sloan\"},{\"@type\":\"BreadcrumbList\",\"@id\":\"https:\/\/www.anniesloan.com\/de\/produkt\/stoffe\/bedruckte-stoffe\/tacit-in-duck-egg-blue\/#breadcrumb\",\"itemListElement\":[{\"@type\":\"ListItem\",\"position\":1,\"name\":\"Produkte\",\"item\":\"https:\/\/www.anniesloan.com\/de\/produkte\/\"},{\"@type\":\"ListItem\",\"position\":2,\"name\":\"Stoffe\",\"item\":\"https:\/\/www.anniesloan.com\/de\/produkte\/stoffe\/\"},{\"@type\":\"ListItem\",\"position\":3,\"name\":\"Bedruckte Stoffe\",\"item\":\"https:\/\/www.anniesloan.com\/de\/produkte\/stoffe\/bedruckte-stoffe\/\"},{\"@type\":\"ListItem\",\"position\":4,\"name\":\"Tacit in Duck Egg Blue\"}]},{\"@type\":\"WebSite\",\"@id\":\"https:\/\/www.anniesloan.com\/de\/#website\",\"url\":\"https:\/\/www.anniesloan.com\/de\/\",\"name\":\"Annie Sloan DE\",\"description\":\"Die Heimat der Chalk Paint\u2122\",\"potentialAction\":[{\"@type\":\"SearchAction\",\"target\":{\"@type\":\"EntryPoint\",\"urlTemplate\":\"https:\/\/www.anniesloan.com\/de\/?s={search_term_string}\"},\"query-input\":{\"@type\":\"PropertyValueSpecification\",\"valueRequired\":true,\"valueName\":\"search_term_string\"}}],\"inLanguage\":\"de-DE\"}]}<\/script>\n<meta property=\"product:price:amount\" content=\"69.95\" \/>\n<meta property=\"product:price:currency\" content=\"EUR\" \/>\n<meta property=\"og:availability\" content=\"instock\" \/>\n<meta property=\"product:availability\" content=\"instock\" \/>\n<meta property=\"product:retailer_item_id\" content=\"F101TDEB.MT01.09\" \/>\n<meta property=\"product:condition\" content=\"new\" \/>\n<!-- \/ Yoast SEO Premium plugin. -->","yoast_head_json":{"title":"Tacit in Duck Egg Blue | Stoffe | Annie Sloan DE","description":"Annie Sloan hat dieses moderne Design in Chalk Paint\u2122 entworfen und Hieroglyphen, Buchstaben, Zahlen und Formen auf Duck Egg Blue gedruckt.","robots":{"index":"index","follow":"follow","max-snippet":"max-snippet:-1","max-image-preview":"max-image-preview:large","max-video-preview":"max-video-preview:-1"},"canonical":"https:\/\/www.anniesloan.com\/de\/produkt\/stoffe\/bedruckte-stoffe\/tacit-in-duck-egg-blue\/","og_locale":"de_DE","og_type":"article","og_title":"Tacit in Duck Egg Blue","og_description":"Annie Sloan hat dieses moderne Design in Chalk Paint\u2122 entworfen und Hieroglyphen, Buchstaben, Zahlen und Formen auf Duck Egg Blue gedruckt.","og_url":"https:\/\/www.anniesloan.com\/de\/produkt\/stoffe\/bedruckte-stoffe\/tacit-in-duck-egg-blue\/","og_site_name":"Annie Sloan DE","article_modified_time":"2024-12-02T15:25:30+00:00","og_image":[{"width":1170,"height":936,"url":"https:\/\/www.anniesloan.com\/de\/wp-content\/uploads\/sites\/3\/2021\/05\/Tacit-in-Duck-Egg-Blue-fabric-by-Annie-Sloan-1170.jpg","type":"image\/jpeg"}],"twitter_card":"summary_large_image","twitter_misc":{"Price":"69.95&euro;","Availability":"In stock"},"schema":{"@context":"https:\/\/schema.org","@graph":[{"@type":"WebPage","@id":"https:\/\/www.anniesloan.com\/de\/produkt\/stoffe\/bedruckte-stoffe\/tacit-in-duck-egg-blue\/","url":"https:\/\/www.anniesloan.com\/de\/produkt\/stoffe\/bedruckte-stoffe\/tacit-in-duck-egg-blue\/","name":"Tacit in Duck Egg Blue | Stoffe | Annie Sloan DE","isPartOf":{"@id":"https:\/\/www.anniesloan.com\/de\/#website"},"primaryImageOfPage":{"@id":"https:\/\/www.anniesloan.com\/de\/produkt\/stoffe\/bedruckte-stoffe\/tacit-in-duck-egg-blue\/#primaryimage"},"image":{"@id":"https:\/\/www.anniesloan.com\/de\/produkt\/stoffe\/bedruckte-stoffe\/tacit-in-duck-egg-blue\/#primaryimage"},"thumbnailUrl":"https:\/\/www.anniesloan.com\/de\/wp-content\/uploads\/sites\/3\/2021\/05\/Tacit-in-Duck-Egg-Blue-fabric-by-Annie-Sloan-1170.jpg","datePublished":"2020-02-07T16:59:01+00:00","dateModified":"2024-12-02T15:25:30+00:00","description":"Annie Sloan hat dieses moderne Design in Chalk Paint\u2122 entworfen und Hieroglyphen, Buchstaben, Zahlen und Formen auf Duck Egg Blue gedruckt.","breadcrumb":{"@id":"https:\/\/www.anniesloan.com\/de\/produkt\/stoffe\/bedruckte-stoffe\/tacit-in-duck-egg-blue\/#breadcrumb"},"inLanguage":"de-DE","potentialAction":[{"@type":"ReadAction","target":["https:\/\/www.anniesloan.com\/de\/produkt\/stoffe\/bedruckte-stoffe\/tacit-in-duck-egg-blue\/"]}]},{"@type":"ImageObject","inLanguage":"de-DE","@id":"https:\/\/www.anniesloan.com\/de\/produkt\/stoffe\/bedruckte-stoffe\/tacit-in-duck-egg-blue\/#primaryimage","url":"https:\/\/www.anniesloan.com\/de\/wp-content\/uploads\/sites\/3\/2021\/05\/Tacit-in-Duck-Egg-Blue-fabric-by-Annie-Sloan-1170.jpg","contentUrl":"https:\/\/www.anniesloan.com\/de\/wp-content\/uploads\/sites\/3\/2021\/05\/Tacit-in-Duck-Egg-Blue-fabric-by-Annie-Sloan-1170.jpg","width":1170,"height":936,"caption":"Tacit in Duck Egg Blue fabric by Annie Sloan"},{"@type":"BreadcrumbList","@id":"https:\/\/www.anniesloan.com\/de\/produkt\/stoffe\/bedruckte-stoffe\/tacit-in-duck-egg-blue\/#breadcrumb","itemListElement":[{"@type":"ListItem","position":1,"name":"Produkte","item":"https:\/\/www.anniesloan.com\/de\/produkte\/"},{"@type":"ListItem","position":2,"name":"Stoffe","item":"https:\/\/www.anniesloan.com\/de\/produkte\/stoffe\/"},{"@type":"ListItem","position":3,"name":"Bedruckte Stoffe","item":"https:\/\/www.anniesloan.com\/de\/produkte\/stoffe\/bedruckte-stoffe\/"},{"@type":"ListItem","position":4,"name":"Tacit in Duck Egg Blue"}]},{"@type":"WebSite","@id":"https:\/\/www.anniesloan.com\/de\/#website","url":"https:\/\/www.anniesloan.com\/de\/","name":"Annie Sloan DE","description":"Die Heimat der Chalk Paint\u2122","potentialAction":[{"@type":"SearchAction","target":{"@type":"EntryPoint","urlTemplate":"https:\/\/www.anniesloan.com\/de\/?s={search_term_string}"},"query-input":{"@type":"PropertyValueSpecification","valueRequired":true,"valueName":"search_term_string"}}],"inLanguage":"de-DE"}]},"product_price_amount":"69.95","product_price_currency":"EUR","og_availability":"instock","product_availability":"instock","product_retailer_item_id":"F101TDEB.MT01.09","product_condition":"new"},"_links":{"self":[{"href":"https:\/\/www.anniesloan.com\/de\/wp-json\/wp\/v2\/product\/21311","targetHints":{"allow":["GET"]}}],"collection":[{"href":"https:\/\/www.anniesloan.com\/de\/wp-json\/wp\/v2\/product"}],"about":[{"href":"https:\/\/www.anniesloan.com\/de\/wp-json\/wp\/v2\/types\/product"}],"wp:featuredmedia":[{"embeddable":true,"href":"https:\/\/www.anniesloan.com\/de\/wp-json\/wp\/v2\/media\/21312"}],"wp:attachment":[{"href":"https:\/\/www.anniesloan.com\/de\/wp-json\/wp\/v2\/media?parent=21311"}],"wp:term":[{"taxonomy":"product_brand","embeddable":true,"href":"https:\/\/www.anniesloan.com\/de\/wp-json\/wp\/v2\/product_brand?post=21311"},{"taxonomy":"product_cat","embeddable":true,"href":"https:\/\/www.anniesloan.com\/de\/wp-json\/wp\/v2\/product_cat?post=21311"},{"taxonomy":"product_tag","embeddable":true,"href":"https:\/\/www.anniesloan.com\/de\/wp-json\/wp\/v2\/product_tag?post=21311"}],"curies":[{"name":"wp","href":"https:\/\/api.w.org\/{rel}","templated":true}]}}