{"id":21097,"date":"2020-02-07T16:24:32","date_gmt":"2020-02-07T15:24:32","guid":{"rendered":"https:\/\/www.anniesloan.com\/product\/sponge-rollers\/"},"modified":"2026-04-17T16:33:29","modified_gmt":"2026-04-17T14:33:29","slug":"schaumstoffrollen","status":"publish","type":"product","link":"https:\/\/www.anniesloan.com\/de\/produkt\/pinsel-und-zubehor\/schaumstoffrollen\/","title":{"rendered":"Schaumstoffrollen"},"content":{"rendered":"","protected":false},"excerpt":{"rendered":"<p>Unsere hochwertigen Schaumstoffrollen sind die perfekte Erg\u00e4nzung zur Schablonenkollektion von Annie Sloan. Erh\u00e4ltlich in klein und gro\u00df, jeweils mit einem ergonomischen Holzgriff.<\/p>\n<p>Es sind auch Ersatzpackungen f\u00fcr die Schaumrollen in beiden Gr\u00f6\u00dfen erh\u00e4ltlich, die sieben Ersatzrollen pro Packung enthalten.<\/p>\n<p>Kleine Ersatzrolle : 5 cm<\/p>\n<p>Gro\u00dfe Ersatzrolle : 10 cm<\/p>\n","protected":false},"featured_media":21098,"template":"","meta":{"_acf_changed":false,"_relevanssi_hide_post":"","_relevanssi_hide_content":"","_relevanssi_pin_for_all":"","_relevanssi_pin_keywords":"","_relevanssi_unpin_keywords":"","_relevanssi_related_keywords":"","_relevanssi_related_include_ids":"","_relevanssi_related_exclude_ids":"","_relevanssi_related_no_append":"","_relevanssi_related_not_related":"","_relevanssi_related_posts":"","_relevanssi_noindex_reason":""},"product_brand":[],"product_cat":[57,65,1175,1173],"product_tag":[],"class_list":{"0":"post-21097","1":"product","2":"type-product","3":"status-publish","4":"has-post-thumbnail","6":"product_cat-pinsel-und-zubehor","7":"product_cat-geschenkideen-und-sets","8":"product_cat-geschenke-unter-15e","9":"product_cat-nikolaus-adventsgeschenke","10":"product_shipping_class-warenpost","12":"first","13":"instock","14":"taxable","15":"shipping-taxable","16":"purchasable","17":"product-type-variable"},"acf":[],"yoast_head":"<!-- This site is optimized with the Yoast SEO Premium plugin v26.5 (Yoast SEO v26.5) - https:\/\/yoast.com\/wordpress\/plugins\/seo\/ -->\n<title>Schaumstoffrollen | Annie Sloan DE<\/title>\n<meta name=\"description\" content=\"Die hochwertigen Schaumstoffrollen von Annie Sloan k\u00f6nnen zum Schablonieren, Malen, Drucken und f\u00fcr vieles mehr verwendet werden.\" \/>\n<meta name=\"robots\" content=\"index, follow, max-snippet:-1, max-image-preview:large, max-video-preview:-1\" \/>\n<link rel=\"canonical\" href=\"https:\/\/www.anniesloan.com\/de\/produkt\/pinsel-und-zubehor\/schaumstoffrollen\/\" \/>\n<meta property=\"og:locale\" content=\"de_DE\" \/>\n<meta property=\"og:type\" content=\"article\" \/>\n<meta property=\"og:title\" content=\"Schaumstoffrollen\" \/>\n<meta property=\"og:description\" content=\"Die hochwertigen Schaumstoffrollen von Annie Sloan k\u00f6nnen zum Schablonieren, Malen, Drucken und f\u00fcr vieles mehr verwendet werden.\" \/>\n<meta property=\"og:url\" content=\"https:\/\/www.anniesloan.com\/de\/produkt\/pinsel-und-zubehor\/schaumstoffrollen\/\" \/>\n<meta property=\"og:site_name\" content=\"Annie Sloan DE\" \/>\n<meta property=\"article:modified_time\" content=\"2026-04-17T14:33:29+00:00\" \/>\n<meta property=\"og:image\" content=\"https:\/\/www.anniesloan.com\/de\/wp-content\/uploads\/sites\/3\/2021\/05\/Annie-Sloan-Sponge-Rollers-in-Large-and-Small-with-packaging-3000-v2-scaled-1.jpg\" \/>\n\t<meta property=\"og:image:width\" content=\"1280\" \/>\n\t<meta property=\"og:image:height\" content=\"1024\" \/>\n\t<meta property=\"og:image:type\" content=\"image\/jpeg\" \/>\n<meta name=\"twitter:card\" content=\"summary_large_image\" \/>\n<meta name=\"twitter:label1\" content=\"Availability\" \/>\n\t<meta name=\"twitter:data1\" content=\"In stock\" \/>\n<script type=\"application\/ld+json\" class=\"yoast-schema-graph\">{\"@context\":\"https:\/\/schema.org\",\"@graph\":[{\"@type\":\"WebPage\",\"@id\":\"https:\/\/www.anniesloan.com\/de\/produkt\/pinsel-und-zubehor\/schaumstoffrollen\/\",\"url\":\"https:\/\/www.anniesloan.com\/de\/produkt\/pinsel-und-zubehor\/schaumstoffrollen\/\",\"name\":\"Schaumstoffrollen | Annie Sloan DE\",\"isPartOf\":{\"@id\":\"https:\/\/www.anniesloan.com\/de\/#website\"},\"primaryImageOfPage\":{\"@id\":\"https:\/\/www.anniesloan.com\/de\/produkt\/pinsel-und-zubehor\/schaumstoffrollen\/#primaryimage\"},\"image\":{\"@id\":\"https:\/\/www.anniesloan.com\/de\/produkt\/pinsel-und-zubehor\/schaumstoffrollen\/#primaryimage\"},\"thumbnailUrl\":\"https:\/\/www.anniesloan.com\/de\/wp-content\/uploads\/sites\/3\/2021\/05\/Annie-Sloan-Sponge-Rollers-in-Large-and-Small-with-packaging-3000-v2-scaled-1.jpg\",\"datePublished\":\"2020-02-07T15:24:32+00:00\",\"dateModified\":\"2026-04-17T14:33:29+00:00\",\"description\":\"Die hochwertigen Schaumstoffrollen von Annie Sloan k\u00f6nnen zum Schablonieren, Malen, Drucken und f\u00fcr vieles mehr verwendet werden.\",\"breadcrumb\":{\"@id\":\"https:\/\/www.anniesloan.com\/de\/produkt\/pinsel-und-zubehor\/schaumstoffrollen\/#breadcrumb\"},\"inLanguage\":\"de-DE\",\"potentialAction\":[{\"@type\":\"ReadAction\",\"target\":[\"https:\/\/www.anniesloan.com\/de\/produkt\/pinsel-und-zubehor\/schaumstoffrollen\/\"]}]},{\"@type\":\"ImageObject\",\"inLanguage\":\"de-DE\",\"@id\":\"https:\/\/www.anniesloan.com\/de\/produkt\/pinsel-und-zubehor\/schaumstoffrollen\/#primaryimage\",\"url\":\"https:\/\/www.anniesloan.com\/de\/wp-content\/uploads\/sites\/3\/2021\/05\/Annie-Sloan-Sponge-Rollers-in-Large-and-Small-with-packaging-3000-v2-scaled-1.jpg\",\"contentUrl\":\"https:\/\/www.anniesloan.com\/de\/wp-content\/uploads\/sites\/3\/2021\/05\/Annie-Sloan-Sponge-Rollers-in-Large-and-Small-with-packaging-3000-v2-scaled-1.jpg\",\"width\":1280,\"height\":1024,\"caption\":\"Annie Sloan Small and Large Sponge Roller with packaging\"},{\"@type\":\"BreadcrumbList\",\"@id\":\"https:\/\/www.anniesloan.com\/de\/produkt\/pinsel-und-zubehor\/schaumstoffrollen\/#breadcrumb\",\"itemListElement\":[{\"@type\":\"ListItem\",\"position\":1,\"name\":\"Produkte\",\"item\":\"https:\/\/www.anniesloan.com\/de\/produkte\/\"},{\"@type\":\"ListItem\",\"position\":2,\"name\":\"Pinsel und Zubeh\u00f6r\",\"item\":\"https:\/\/www.anniesloan.com\/de\/produkte\/pinsel-und-zubehor\/\"},{\"@type\":\"ListItem\",\"position\":3,\"name\":\"Schaumstoffrollen\"}]},{\"@type\":\"WebSite\",\"@id\":\"https:\/\/www.anniesloan.com\/de\/#website\",\"url\":\"https:\/\/www.anniesloan.com\/de\/\",\"name\":\"Annie Sloan DE\",\"description\":\"Die Heimat der Chalk Paint\u2122\",\"potentialAction\":[{\"@type\":\"SearchAction\",\"target\":{\"@type\":\"EntryPoint\",\"urlTemplate\":\"https:\/\/www.anniesloan.com\/de\/?s={search_term_string}\"},\"query-input\":{\"@type\":\"PropertyValueSpecification\",\"valueRequired\":true,\"valueName\":\"search_term_string\"}}],\"inLanguage\":\"de-DE\"}]}<\/script>\n<meta property=\"og:availability\" content=\"instock\" \/>\n<meta property=\"product:availability\" content=\"instock\" \/>\n<meta property=\"product:retailer_item_id\" content=\"SPONGE-ROLLERS\" \/>\n<meta property=\"product:condition\" content=\"new\" \/>\n<!-- \/ Yoast SEO Premium plugin. -->","yoast_head_json":{"title":"Schaumstoffrollen | Annie Sloan DE","description":"Die hochwertigen Schaumstoffrollen von Annie Sloan k\u00f6nnen zum Schablonieren, Malen, Drucken und f\u00fcr vieles mehr verwendet werden.","robots":{"index":"index","follow":"follow","max-snippet":"max-snippet:-1","max-image-preview":"max-image-preview:large","max-video-preview":"max-video-preview:-1"},"canonical":"https:\/\/www.anniesloan.com\/de\/produkt\/pinsel-und-zubehor\/schaumstoffrollen\/","og_locale":"de_DE","og_type":"article","og_title":"Schaumstoffrollen","og_description":"Die hochwertigen Schaumstoffrollen von Annie Sloan k\u00f6nnen zum Schablonieren, Malen, Drucken und f\u00fcr vieles mehr verwendet werden.","og_url":"https:\/\/www.anniesloan.com\/de\/produkt\/pinsel-und-zubehor\/schaumstoffrollen\/","og_site_name":"Annie Sloan DE","article_modified_time":"2026-04-17T14:33:29+00:00","og_image":[{"width":1280,"height":1024,"url":"https:\/\/www.anniesloan.com\/de\/wp-content\/uploads\/sites\/3\/2021\/05\/Annie-Sloan-Sponge-Rollers-in-Large-and-Small-with-packaging-3000-v2-scaled-1.jpg","type":"image\/jpeg"}],"twitter_card":"summary_large_image","twitter_misc":{"Availability":"In stock"},"schema":{"@context":"https:\/\/schema.org","@graph":[{"@type":"WebPage","@id":"https:\/\/www.anniesloan.com\/de\/produkt\/pinsel-und-zubehor\/schaumstoffrollen\/","url":"https:\/\/www.anniesloan.com\/de\/produkt\/pinsel-und-zubehor\/schaumstoffrollen\/","name":"Schaumstoffrollen | Annie Sloan DE","isPartOf":{"@id":"https:\/\/www.anniesloan.com\/de\/#website"},"primaryImageOfPage":{"@id":"https:\/\/www.anniesloan.com\/de\/produkt\/pinsel-und-zubehor\/schaumstoffrollen\/#primaryimage"},"image":{"@id":"https:\/\/www.anniesloan.com\/de\/produkt\/pinsel-und-zubehor\/schaumstoffrollen\/#primaryimage"},"thumbnailUrl":"https:\/\/www.anniesloan.com\/de\/wp-content\/uploads\/sites\/3\/2021\/05\/Annie-Sloan-Sponge-Rollers-in-Large-and-Small-with-packaging-3000-v2-scaled-1.jpg","datePublished":"2020-02-07T15:24:32+00:00","dateModified":"2026-04-17T14:33:29+00:00","description":"Die hochwertigen Schaumstoffrollen von Annie Sloan k\u00f6nnen zum Schablonieren, Malen, Drucken und f\u00fcr vieles mehr verwendet werden.","breadcrumb":{"@id":"https:\/\/www.anniesloan.com\/de\/produkt\/pinsel-und-zubehor\/schaumstoffrollen\/#breadcrumb"},"inLanguage":"de-DE","potentialAction":[{"@type":"ReadAction","target":["https:\/\/www.anniesloan.com\/de\/produkt\/pinsel-und-zubehor\/schaumstoffrollen\/"]}]},{"@type":"ImageObject","inLanguage":"de-DE","@id":"https:\/\/www.anniesloan.com\/de\/produkt\/pinsel-und-zubehor\/schaumstoffrollen\/#primaryimage","url":"https:\/\/www.anniesloan.com\/de\/wp-content\/uploads\/sites\/3\/2021\/05\/Annie-Sloan-Sponge-Rollers-in-Large-and-Small-with-packaging-3000-v2-scaled-1.jpg","contentUrl":"https:\/\/www.anniesloan.com\/de\/wp-content\/uploads\/sites\/3\/2021\/05\/Annie-Sloan-Sponge-Rollers-in-Large-and-Small-with-packaging-3000-v2-scaled-1.jpg","width":1280,"height":1024,"caption":"Annie Sloan Small and Large Sponge Roller with packaging"},{"@type":"BreadcrumbList","@id":"https:\/\/www.anniesloan.com\/de\/produkt\/pinsel-und-zubehor\/schaumstoffrollen\/#breadcrumb","itemListElement":[{"@type":"ListItem","position":1,"name":"Produkte","item":"https:\/\/www.anniesloan.com\/de\/produkte\/"},{"@type":"ListItem","position":2,"name":"Pinsel und Zubeh\u00f6r","item":"https:\/\/www.anniesloan.com\/de\/produkte\/pinsel-und-zubehor\/"},{"@type":"ListItem","position":3,"name":"Schaumstoffrollen"}]},{"@type":"WebSite","@id":"https:\/\/www.anniesloan.com\/de\/#website","url":"https:\/\/www.anniesloan.com\/de\/","name":"Annie Sloan DE","description":"Die Heimat der Chalk Paint\u2122","potentialAction":[{"@type":"SearchAction","target":{"@type":"EntryPoint","urlTemplate":"https:\/\/www.anniesloan.com\/de\/?s={search_term_string}"},"query-input":{"@type":"PropertyValueSpecification","valueRequired":true,"valueName":"search_term_string"}}],"inLanguage":"de-DE"}]},"og_availability":"instock","product_availability":"instock","product_retailer_item_id":"SPONGE-ROLLERS","product_condition":"new"},"_links":{"self":[{"href":"https:\/\/www.anniesloan.com\/de\/wp-json\/wp\/v2\/product\/21097","targetHints":{"allow":["GET"]}}],"collection":[{"href":"https:\/\/www.anniesloan.com\/de\/wp-json\/wp\/v2\/product"}],"about":[{"href":"https:\/\/www.anniesloan.com\/de\/wp-json\/wp\/v2\/types\/product"}],"wp:featuredmedia":[{"embeddable":true,"href":"https:\/\/www.anniesloan.com\/de\/wp-json\/wp\/v2\/media\/21098"}],"wp:attachment":[{"href":"https:\/\/www.anniesloan.com\/de\/wp-json\/wp\/v2\/media?parent=21097"}],"wp:term":[{"taxonomy":"product_brand","embeddable":true,"href":"https:\/\/www.anniesloan.com\/de\/wp-json\/wp\/v2\/product_brand?post=21097"},{"taxonomy":"product_cat","embeddable":true,"href":"https:\/\/www.anniesloan.com\/de\/wp-json\/wp\/v2\/product_cat?post=21097"},{"taxonomy":"product_tag","embeddable":true,"href":"https:\/\/www.anniesloan.com\/de\/wp-json\/wp\/v2\/product_tag?post=21097"}],"curies":[{"name":"wp","href":"https:\/\/api.w.org\/{rel}","templated":true}]}}