{"id":21075,"date":"2020-02-07T16:21:48","date_gmt":"2020-02-07T15:21:48","guid":{"rendered":"https:\/\/www.anniesloan.com\/product\/mixmat\/"},"modified":"2026-04-22T08:30:56","modified_gmt":"2026-04-22T06:30:56","slug":"mixmat","status":"publish","type":"product","link":"https:\/\/www.anniesloan.com\/de\/produkt\/pinsel-und-zubehor\/mixmat\/","title":{"rendered":"MixMat"},"content":{"rendered":"","protected":false},"excerpt":{"rendered":"<p>Die Annie Sloan MixMat ist die erste ihrer Art \u2013 perfekt f\u00fcr kreative Arbeiten mit Chalk Paint\u2122. Die MixMat aus silikonartigem Material h\u00e4lt Farbe auf ihrer Oberfl\u00e4che, ohne dass die sie herunterl\u00e4uft, und kann zum Mischen der Farbe, zum Eintauchen der Schaumstoffrollen, f\u00fcr Stempelarbeiten und zu praktisch jedem anderen Einsatzzweck verwendet werden.<\/p>\n<p>Die MixMat zeigt das f\u00fcr Annie typische Farbdreieck und Illustrationen aus Annies Skizzenbuch.<\/p>\n","protected":false},"featured_media":39182,"template":"","meta":{"_acf_changed":false,"_relevanssi_hide_post":"","_relevanssi_hide_content":"","_relevanssi_pin_for_all":"","_relevanssi_pin_keywords":"","_relevanssi_unpin_keywords":"","_relevanssi_related_keywords":"","_relevanssi_related_include_ids":"","_relevanssi_related_exclude_ids":"","_relevanssi_related_no_append":"","_relevanssi_related_not_related":"","_relevanssi_related_posts":"","_relevanssi_noindex_reason":""},"product_brand":[],"product_cat":[57,65,1172,1173],"product_tag":[],"class_list":{"0":"post-21075","1":"product","2":"type-product","3":"status-publish","4":"has-post-thumbnail","6":"product_cat-pinsel-und-zubehor","7":"product_cat-geschenkideen-und-sets","8":"product_cat-geschenke-unter-30e","9":"product_cat-nikolaus-adventsgeschenke","10":"product_shipping_class-dhl","12":"first","13":"instock","14":"taxable","15":"shipping-taxable","16":"purchasable","17":"product-type-simple"},"acf":[],"yoast_head":"<!-- This site is optimized with the Yoast SEO Premium plugin v26.5 (Yoast SEO v26.5) - https:\/\/yoast.com\/wordpress\/plugins\/seo\/ -->\n<title>MixMat | Pinsel und Zubeh\u00f6r | Annie Sloan DE<\/title>\n<meta name=\"description\" content=\"Die aus einem silikon\u00e4hnlichen Material hergestellte Annie Sloan MixMat kann zum Farbmischen, Stempeln und f\u00fcr vieles mehr verwendet werden!\" \/>\n<meta name=\"robots\" content=\"index, follow, max-snippet:-1, max-image-preview:large, max-video-preview:-1\" \/>\n<link rel=\"canonical\" href=\"https:\/\/www.anniesloan.com\/de\/produkt\/pinsel-und-zubehor\/mixmat\/\" \/>\n<meta property=\"og:locale\" content=\"de_DE\" \/>\n<meta property=\"og:type\" content=\"article\" \/>\n<meta property=\"og:title\" content=\"MixMat\" \/>\n<meta property=\"og:description\" content=\"Die aus einem silikon\u00e4hnlichen Material hergestellte Annie Sloan MixMat kann zum Farbmischen, Stempeln und f\u00fcr vieles mehr verwendet werden!\" \/>\n<meta property=\"og:url\" content=\"https:\/\/www.anniesloan.com\/de\/produkt\/pinsel-und-zubehor\/mixmat\/\" \/>\n<meta property=\"og:site_name\" content=\"Annie Sloan DE\" \/>\n<meta property=\"article:modified_time\" content=\"2026-04-22T06:30:56+00:00\" \/>\n<meta property=\"og:image\" content=\"https:\/\/www.anniesloan.com\/de\/wp-content\/uploads\/sites\/3\/2020\/02\/220237_WIP_Mixmat_Cutout_1280x1024.png\" \/>\n\t<meta property=\"og:image:width\" content=\"1280\" \/>\n\t<meta property=\"og:image:height\" content=\"1024\" \/>\n\t<meta property=\"og:image:type\" content=\"image\/png\" \/>\n<meta name=\"twitter:card\" content=\"summary_large_image\" \/>\n<meta name=\"twitter:label1\" content=\"Price\" \/>\n\t<meta name=\"twitter:data1\" content=\"24.95&euro;\" \/>\n\t<meta name=\"twitter:label2\" content=\"Availability\" \/>\n\t<meta name=\"twitter:data2\" content=\"In stock\" \/>\n<script type=\"application\/ld+json\" class=\"yoast-schema-graph\">{\"@context\":\"https:\/\/schema.org\",\"@graph\":[{\"@type\":\"WebPage\",\"@id\":\"https:\/\/www.anniesloan.com\/de\/produkt\/pinsel-und-zubehor\/mixmat\/\",\"url\":\"https:\/\/www.anniesloan.com\/de\/produkt\/pinsel-und-zubehor\/mixmat\/\",\"name\":\"MixMat | Pinsel und Zubeh\u00f6r | Annie Sloan DE\",\"isPartOf\":{\"@id\":\"https:\/\/www.anniesloan.com\/de\/#website\"},\"primaryImageOfPage\":{\"@id\":\"https:\/\/www.anniesloan.com\/de\/produkt\/pinsel-und-zubehor\/mixmat\/#primaryimage\"},\"image\":{\"@id\":\"https:\/\/www.anniesloan.com\/de\/produkt\/pinsel-und-zubehor\/mixmat\/#primaryimage\"},\"thumbnailUrl\":\"https:\/\/www.anniesloan.com\/de\/wp-content\/uploads\/sites\/3\/2020\/02\/220237_WIP_Mixmat_Cutout_1280x1024.png\",\"datePublished\":\"2020-02-07T15:21:48+00:00\",\"dateModified\":\"2026-04-22T06:30:56+00:00\",\"description\":\"Die aus einem silikon\u00e4hnlichen Material hergestellte Annie Sloan MixMat kann zum Farbmischen, Stempeln und f\u00fcr vieles mehr verwendet werden!\",\"breadcrumb\":{\"@id\":\"https:\/\/www.anniesloan.com\/de\/produkt\/pinsel-und-zubehor\/mixmat\/#breadcrumb\"},\"inLanguage\":\"de-DE\",\"potentialAction\":[{\"@type\":\"ReadAction\",\"target\":[\"https:\/\/www.anniesloan.com\/de\/produkt\/pinsel-und-zubehor\/mixmat\/\"]}]},{\"@type\":\"ImageObject\",\"inLanguage\":\"de-DE\",\"@id\":\"https:\/\/www.anniesloan.com\/de\/produkt\/pinsel-und-zubehor\/mixmat\/#primaryimage\",\"url\":\"https:\/\/www.anniesloan.com\/de\/wp-content\/uploads\/sites\/3\/2020\/02\/220237_WIP_Mixmat_Cutout_1280x1024.png\",\"contentUrl\":\"https:\/\/www.anniesloan.com\/de\/wp-content\/uploads\/sites\/3\/2020\/02\/220237_WIP_Mixmat_Cutout_1280x1024.png\",\"width\":1280,\"height\":1024,\"caption\":\"Annie Sloan MixMat and Box Product Image\"},{\"@type\":\"BreadcrumbList\",\"@id\":\"https:\/\/www.anniesloan.com\/de\/produkt\/pinsel-und-zubehor\/mixmat\/#breadcrumb\",\"itemListElement\":[{\"@type\":\"ListItem\",\"position\":1,\"name\":\"Produkte\",\"item\":\"https:\/\/www.anniesloan.com\/de\/produkte\/\"},{\"@type\":\"ListItem\",\"position\":2,\"name\":\"Pinsel und Zubeh\u00f6r\",\"item\":\"https:\/\/www.anniesloan.com\/de\/produkte\/pinsel-und-zubehor\/\"},{\"@type\":\"ListItem\",\"position\":3,\"name\":\"MixMat\"}]},{\"@type\":\"WebSite\",\"@id\":\"https:\/\/www.anniesloan.com\/de\/#website\",\"url\":\"https:\/\/www.anniesloan.com\/de\/\",\"name\":\"Annie Sloan DE\",\"description\":\"Die Heimat der Chalk Paint\u2122\",\"potentialAction\":[{\"@type\":\"SearchAction\",\"target\":{\"@type\":\"EntryPoint\",\"urlTemplate\":\"https:\/\/www.anniesloan.com\/de\/?s={search_term_string}\"},\"query-input\":{\"@type\":\"PropertyValueSpecification\",\"valueRequired\":true,\"valueName\":\"search_term_string\"}}],\"inLanguage\":\"de-DE\"}]}<\/script>\n<meta property=\"product:price:amount\" content=\"24.95\" \/>\n<meta property=\"product:price:currency\" content=\"EUR\" \/>\n<meta property=\"og:availability\" content=\"instock\" \/>\n<meta property=\"product:availability\" content=\"instock\" \/>\n<meta property=\"product:retailer_item_id\" content=\"OMXM001.XX01.01\" \/>\n<meta property=\"product:condition\" content=\"new\" \/>\n<!-- \/ Yoast SEO Premium plugin. -->","yoast_head_json":{"title":"MixMat | Pinsel und Zubeh\u00f6r | Annie Sloan DE","description":"Die aus einem silikon\u00e4hnlichen Material hergestellte Annie Sloan MixMat kann zum Farbmischen, Stempeln und f\u00fcr vieles mehr verwendet werden!","robots":{"index":"index","follow":"follow","max-snippet":"max-snippet:-1","max-image-preview":"max-image-preview:large","max-video-preview":"max-video-preview:-1"},"canonical":"https:\/\/www.anniesloan.com\/de\/produkt\/pinsel-und-zubehor\/mixmat\/","og_locale":"de_DE","og_type":"article","og_title":"MixMat","og_description":"Die aus einem silikon\u00e4hnlichen Material hergestellte Annie Sloan MixMat kann zum Farbmischen, Stempeln und f\u00fcr vieles mehr verwendet werden!","og_url":"https:\/\/www.anniesloan.com\/de\/produkt\/pinsel-und-zubehor\/mixmat\/","og_site_name":"Annie Sloan DE","article_modified_time":"2026-04-22T06:30:56+00:00","og_image":[{"width":1280,"height":1024,"url":"https:\/\/www.anniesloan.com\/de\/wp-content\/uploads\/sites\/3\/2020\/02\/220237_WIP_Mixmat_Cutout_1280x1024.png","type":"image\/png"}],"twitter_card":"summary_large_image","twitter_misc":{"Price":"24.95&euro;","Availability":"In stock"},"schema":{"@context":"https:\/\/schema.org","@graph":[{"@type":"WebPage","@id":"https:\/\/www.anniesloan.com\/de\/produkt\/pinsel-und-zubehor\/mixmat\/","url":"https:\/\/www.anniesloan.com\/de\/produkt\/pinsel-und-zubehor\/mixmat\/","name":"MixMat | Pinsel und Zubeh\u00f6r | Annie Sloan DE","isPartOf":{"@id":"https:\/\/www.anniesloan.com\/de\/#website"},"primaryImageOfPage":{"@id":"https:\/\/www.anniesloan.com\/de\/produkt\/pinsel-und-zubehor\/mixmat\/#primaryimage"},"image":{"@id":"https:\/\/www.anniesloan.com\/de\/produkt\/pinsel-und-zubehor\/mixmat\/#primaryimage"},"thumbnailUrl":"https:\/\/www.anniesloan.com\/de\/wp-content\/uploads\/sites\/3\/2020\/02\/220237_WIP_Mixmat_Cutout_1280x1024.png","datePublished":"2020-02-07T15:21:48+00:00","dateModified":"2026-04-22T06:30:56+00:00","description":"Die aus einem silikon\u00e4hnlichen Material hergestellte Annie Sloan MixMat kann zum Farbmischen, Stempeln und f\u00fcr vieles mehr verwendet werden!","breadcrumb":{"@id":"https:\/\/www.anniesloan.com\/de\/produkt\/pinsel-und-zubehor\/mixmat\/#breadcrumb"},"inLanguage":"de-DE","potentialAction":[{"@type":"ReadAction","target":["https:\/\/www.anniesloan.com\/de\/produkt\/pinsel-und-zubehor\/mixmat\/"]}]},{"@type":"ImageObject","inLanguage":"de-DE","@id":"https:\/\/www.anniesloan.com\/de\/produkt\/pinsel-und-zubehor\/mixmat\/#primaryimage","url":"https:\/\/www.anniesloan.com\/de\/wp-content\/uploads\/sites\/3\/2020\/02\/220237_WIP_Mixmat_Cutout_1280x1024.png","contentUrl":"https:\/\/www.anniesloan.com\/de\/wp-content\/uploads\/sites\/3\/2020\/02\/220237_WIP_Mixmat_Cutout_1280x1024.png","width":1280,"height":1024,"caption":"Annie Sloan MixMat and Box Product Image"},{"@type":"BreadcrumbList","@id":"https:\/\/www.anniesloan.com\/de\/produkt\/pinsel-und-zubehor\/mixmat\/#breadcrumb","itemListElement":[{"@type":"ListItem","position":1,"name":"Produkte","item":"https:\/\/www.anniesloan.com\/de\/produkte\/"},{"@type":"ListItem","position":2,"name":"Pinsel und Zubeh\u00f6r","item":"https:\/\/www.anniesloan.com\/de\/produkte\/pinsel-und-zubehor\/"},{"@type":"ListItem","position":3,"name":"MixMat"}]},{"@type":"WebSite","@id":"https:\/\/www.anniesloan.com\/de\/#website","url":"https:\/\/www.anniesloan.com\/de\/","name":"Annie Sloan DE","description":"Die Heimat der Chalk Paint\u2122","potentialAction":[{"@type":"SearchAction","target":{"@type":"EntryPoint","urlTemplate":"https:\/\/www.anniesloan.com\/de\/?s={search_term_string}"},"query-input":{"@type":"PropertyValueSpecification","valueRequired":true,"valueName":"search_term_string"}}],"inLanguage":"de-DE"}]},"product_price_amount":"24.95","product_price_currency":"EUR","og_availability":"instock","product_availability":"instock","product_retailer_item_id":"OMXM001.XX01.01","product_condition":"new"},"_links":{"self":[{"href":"https:\/\/www.anniesloan.com\/de\/wp-json\/wp\/v2\/product\/21075","targetHints":{"allow":["GET"]}}],"collection":[{"href":"https:\/\/www.anniesloan.com\/de\/wp-json\/wp\/v2\/product"}],"about":[{"href":"https:\/\/www.anniesloan.com\/de\/wp-json\/wp\/v2\/types\/product"}],"wp:featuredmedia":[{"embeddable":true,"href":"https:\/\/www.anniesloan.com\/de\/wp-json\/wp\/v2\/media\/39182"}],"wp:attachment":[{"href":"https:\/\/www.anniesloan.com\/de\/wp-json\/wp\/v2\/media?parent=21075"}],"wp:term":[{"taxonomy":"product_brand","embeddable":true,"href":"https:\/\/www.anniesloan.com\/de\/wp-json\/wp\/v2\/product_brand?post=21075"},{"taxonomy":"product_cat","embeddable":true,"href":"https:\/\/www.anniesloan.com\/de\/wp-json\/wp\/v2\/product_cat?post=21075"},{"taxonomy":"product_tag","embeddable":true,"href":"https:\/\/www.anniesloan.com\/de\/wp-json\/wp\/v2\/product_tag?post=21075"}],"curies":[{"name":"wp","href":"https:\/\/api.w.org\/{rel}","templated":true}]}}