{"id":21049,"date":"2020-02-07T17:19:39","date_gmt":"2020-02-07T16:19:39","guid":{"rendered":"https:\/\/www.anniesloan.com\/product\/wall-paint-brushes\/"},"modified":"2026-04-29T10:31:02","modified_gmt":"2026-04-29T08:31:02","slug":"wandpinsel","status":"publish","type":"product","link":"https:\/\/www.anniesloan.com\/de\/produkt\/pinsel-und-zubehor\/wandpinsel\/","title":{"rendered":"Wandpinsel"},"content":{"rendered":"","protected":false},"excerpt":{"rendered":"<p>Die Wandpinsel von Annie Sloan bestehen aus einer sorgf\u00e4ltig abgestimmten Mischung nat\u00fcrlicher Fasern. Das sorgt f\u00fcr eine gleichm\u00e4\u00dfige, m\u00fchelose Anwendung der Wall Paint und ein besonders angenehmes Streicherlebnis.<\/p>\n<p>Dank der besonders dichten Borsten nehmen die Pinsel mehr Farbe auf und eignen sich ideal f\u00fcr gr\u00f6\u00dfere Fl\u00e4chen. Der ergonomisch geformte Griff liegt gut in der Hand und erm\u00f6glicht pr\u00e4zises, erm\u00fcdungsfreies Arbeiten.<\/p>\n<p>Annie selbst bevorzugt das Streichen mit Pinsel gegen\u00fcber Farbrollen \u2013 es geht schneller, spart Farbe und sorgt f\u00fcr ein wundersch\u00f6n strukturiertes Finish.<\/p>\n<p>Erh\u00e4ltlich in zwei Gr\u00f6\u00dfen: Klein (3 \u00d7 7 cm) und Gro\u00df (3 \u00d7 10 cm)<\/p>\n","protected":false},"featured_media":42486,"template":"","meta":{"_acf_changed":false,"_relevanssi_hide_post":"","_relevanssi_hide_content":"","_relevanssi_pin_for_all":"","_relevanssi_pin_keywords":"","_relevanssi_unpin_keywords":"","_relevanssi_related_keywords":"","_relevanssi_related_include_ids":"","_relevanssi_related_exclude_ids":"","_relevanssi_related_no_append":"","_relevanssi_related_not_related":"","_relevanssi_related_posts":"","_relevanssi_noindex_reason":""},"product_brand":[],"product_cat":[57],"product_tag":[],"class_list":{"0":"post-21049","1":"product","2":"type-product","3":"status-publish","4":"has-post-thumbnail","6":"product_cat-pinsel-und-zubehor","7":"product_shipping_class-warenpost","8":"pa_brush-size-gross","9":"pa_brush-size-klein","11":"first","12":"instock","13":"taxable","14":"shipping-taxable","15":"purchasable","16":"product-type-variable"},"acf":[],"yoast_head":"<!-- This site is optimized with the Yoast SEO Premium plugin v26.5 (Yoast SEO v26.5) - https:\/\/yoast.com\/wordpress\/plugins\/seo\/ -->\n<title>Wandpinsel | Annie Sloan DE<\/title>\n<meta name=\"description\" content=\"Annie Sloans Wandpinsel aus synthetischen und nat\u00fcrlichen Fasern wurden speziell f\u00fcr das glatte und einfache Auftragen von Wall Paint entwickelt.\" \/>\n<meta name=\"robots\" content=\"index, follow, max-snippet:-1, max-image-preview:large, max-video-preview:-1\" \/>\n<link rel=\"canonical\" href=\"https:\/\/www.anniesloan.com\/de\/produkt\/pinsel-und-zubehor\/wandpinsel\/\" \/>\n<meta property=\"og:locale\" content=\"de_DE\" \/>\n<meta property=\"og:type\" content=\"article\" \/>\n<meta property=\"og:title\" content=\"Wandpinsel\" \/>\n<meta property=\"og:description\" content=\"Annie Sloans Wandpinsel aus synthetischen und nat\u00fcrlichen Fasern wurden speziell f\u00fcr das glatte und einfache Auftragen von Wall Paint entwickelt.\" \/>\n<meta property=\"og:url\" content=\"https:\/\/www.anniesloan.com\/de\/produkt\/pinsel-und-zubehor\/wandpinsel\/\" \/>\n<meta property=\"og:site_name\" content=\"Annie Sloan DE\" \/>\n<meta property=\"article:modified_time\" content=\"2026-04-29T08:31:02+00:00\" \/>\n<meta property=\"og:image\" content=\"https:\/\/www.anniesloan.com\/de\/wp-content\/uploads\/sites\/3\/2020\/02\/230093-Wall-Paint-Brushes-Brown-Bristles-White-Bgrd-6-1280x1024-1.jpg\" \/>\n\t<meta property=\"og:image:width\" content=\"1280\" \/>\n\t<meta property=\"og:image:height\" content=\"1024\" \/>\n\t<meta property=\"og:image:type\" content=\"image\/jpeg\" \/>\n<meta name=\"twitter:card\" content=\"summary_large_image\" \/>\n<meta name=\"twitter:label1\" content=\"Availability\" \/>\n\t<meta name=\"twitter:data1\" content=\"In stock\" \/>\n<script type=\"application\/ld+json\" class=\"yoast-schema-graph\">{\"@context\":\"https:\/\/schema.org\",\"@graph\":[{\"@type\":\"WebPage\",\"@id\":\"https:\/\/www.anniesloan.com\/de\/produkt\/pinsel-und-zubehor\/wandpinsel\/\",\"url\":\"https:\/\/www.anniesloan.com\/de\/produkt\/pinsel-und-zubehor\/wandpinsel\/\",\"name\":\"Wandpinsel | Annie Sloan DE\",\"isPartOf\":{\"@id\":\"https:\/\/www.anniesloan.com\/de\/#website\"},\"primaryImageOfPage\":{\"@id\":\"https:\/\/www.anniesloan.com\/de\/produkt\/pinsel-und-zubehor\/wandpinsel\/#primaryimage\"},\"image\":{\"@id\":\"https:\/\/www.anniesloan.com\/de\/produkt\/pinsel-und-zubehor\/wandpinsel\/#primaryimage\"},\"thumbnailUrl\":\"https:\/\/www.anniesloan.com\/de\/wp-content\/uploads\/sites\/3\/2020\/02\/230093-Wall-Paint-Brushes-Brown-Bristles-White-Bgrd-6-1280x1024-1.jpg\",\"datePublished\":\"2020-02-07T16:19:39+00:00\",\"dateModified\":\"2026-04-29T08:31:02+00:00\",\"description\":\"Annie Sloans Wandpinsel aus synthetischen und nat\u00fcrlichen Fasern wurden speziell f\u00fcr das glatte und einfache Auftragen von Wall Paint entwickelt.\",\"breadcrumb\":{\"@id\":\"https:\/\/www.anniesloan.com\/de\/produkt\/pinsel-und-zubehor\/wandpinsel\/#breadcrumb\"},\"inLanguage\":\"de-DE\",\"potentialAction\":[{\"@type\":\"ReadAction\",\"target\":[\"https:\/\/www.anniesloan.com\/de\/produkt\/pinsel-und-zubehor\/wandpinsel\/\"]}]},{\"@type\":\"ImageObject\",\"inLanguage\":\"de-DE\",\"@id\":\"https:\/\/www.anniesloan.com\/de\/produkt\/pinsel-und-zubehor\/wandpinsel\/#primaryimage\",\"url\":\"https:\/\/www.anniesloan.com\/de\/wp-content\/uploads\/sites\/3\/2020\/02\/230093-Wall-Paint-Brushes-Brown-Bristles-White-Bgrd-6-1280x1024-1.jpg\",\"contentUrl\":\"https:\/\/www.anniesloan.com\/de\/wp-content\/uploads\/sites\/3\/2020\/02\/230093-Wall-Paint-Brushes-Brown-Bristles-White-Bgrd-6-1280x1024-1.jpg\",\"width\":1280,\"height\":1024},{\"@type\":\"BreadcrumbList\",\"@id\":\"https:\/\/www.anniesloan.com\/de\/produkt\/pinsel-und-zubehor\/wandpinsel\/#breadcrumb\",\"itemListElement\":[{\"@type\":\"ListItem\",\"position\":1,\"name\":\"Produkte\",\"item\":\"https:\/\/www.anniesloan.com\/de\/produkte\/\"},{\"@type\":\"ListItem\",\"position\":2,\"name\":\"Pinsel und Zubeh\u00f6r\",\"item\":\"https:\/\/www.anniesloan.com\/de\/produkte\/pinsel-und-zubehor\/\"},{\"@type\":\"ListItem\",\"position\":3,\"name\":\"Wandpinsel\"}]},{\"@type\":\"WebSite\",\"@id\":\"https:\/\/www.anniesloan.com\/de\/#website\",\"url\":\"https:\/\/www.anniesloan.com\/de\/\",\"name\":\"Annie Sloan DE\",\"description\":\"Die Heimat der Chalk Paint\u2122\",\"potentialAction\":[{\"@type\":\"SearchAction\",\"target\":{\"@type\":\"EntryPoint\",\"urlTemplate\":\"https:\/\/www.anniesloan.com\/de\/?s={search_term_string}\"},\"query-input\":{\"@type\":\"PropertyValueSpecification\",\"valueRequired\":true,\"valueName\":\"search_term_string\"}}],\"inLanguage\":\"de-DE\"}]}<\/script>\n<meta property=\"og:availability\" content=\"instock\" \/>\n<meta property=\"product:availability\" content=\"instock\" \/>\n<meta property=\"product:retailer_item_id\" content=\"WALL-PAINT\" \/>\n<meta property=\"product:condition\" content=\"new\" \/>\n<!-- \/ Yoast SEO Premium plugin. -->","yoast_head_json":{"title":"Wandpinsel | Annie Sloan DE","description":"Annie Sloans Wandpinsel aus synthetischen und nat\u00fcrlichen Fasern wurden speziell f\u00fcr das glatte und einfache Auftragen von Wall Paint entwickelt.","robots":{"index":"index","follow":"follow","max-snippet":"max-snippet:-1","max-image-preview":"max-image-preview:large","max-video-preview":"max-video-preview:-1"},"canonical":"https:\/\/www.anniesloan.com\/de\/produkt\/pinsel-und-zubehor\/wandpinsel\/","og_locale":"de_DE","og_type":"article","og_title":"Wandpinsel","og_description":"Annie Sloans Wandpinsel aus synthetischen und nat\u00fcrlichen Fasern wurden speziell f\u00fcr das glatte und einfache Auftragen von Wall Paint entwickelt.","og_url":"https:\/\/www.anniesloan.com\/de\/produkt\/pinsel-und-zubehor\/wandpinsel\/","og_site_name":"Annie Sloan DE","article_modified_time":"2026-04-29T08:31:02+00:00","og_image":[{"width":1280,"height":1024,"url":"https:\/\/www.anniesloan.com\/de\/wp-content\/uploads\/sites\/3\/2020\/02\/230093-Wall-Paint-Brushes-Brown-Bristles-White-Bgrd-6-1280x1024-1.jpg","type":"image\/jpeg"}],"twitter_card":"summary_large_image","twitter_misc":{"Availability":"In stock"},"schema":{"@context":"https:\/\/schema.org","@graph":[{"@type":"WebPage","@id":"https:\/\/www.anniesloan.com\/de\/produkt\/pinsel-und-zubehor\/wandpinsel\/","url":"https:\/\/www.anniesloan.com\/de\/produkt\/pinsel-und-zubehor\/wandpinsel\/","name":"Wandpinsel | Annie Sloan DE","isPartOf":{"@id":"https:\/\/www.anniesloan.com\/de\/#website"},"primaryImageOfPage":{"@id":"https:\/\/www.anniesloan.com\/de\/produkt\/pinsel-und-zubehor\/wandpinsel\/#primaryimage"},"image":{"@id":"https:\/\/www.anniesloan.com\/de\/produkt\/pinsel-und-zubehor\/wandpinsel\/#primaryimage"},"thumbnailUrl":"https:\/\/www.anniesloan.com\/de\/wp-content\/uploads\/sites\/3\/2020\/02\/230093-Wall-Paint-Brushes-Brown-Bristles-White-Bgrd-6-1280x1024-1.jpg","datePublished":"2020-02-07T16:19:39+00:00","dateModified":"2026-04-29T08:31:02+00:00","description":"Annie Sloans Wandpinsel aus synthetischen und nat\u00fcrlichen Fasern wurden speziell f\u00fcr das glatte und einfache Auftragen von Wall Paint entwickelt.","breadcrumb":{"@id":"https:\/\/www.anniesloan.com\/de\/produkt\/pinsel-und-zubehor\/wandpinsel\/#breadcrumb"},"inLanguage":"de-DE","potentialAction":[{"@type":"ReadAction","target":["https:\/\/www.anniesloan.com\/de\/produkt\/pinsel-und-zubehor\/wandpinsel\/"]}]},{"@type":"ImageObject","inLanguage":"de-DE","@id":"https:\/\/www.anniesloan.com\/de\/produkt\/pinsel-und-zubehor\/wandpinsel\/#primaryimage","url":"https:\/\/www.anniesloan.com\/de\/wp-content\/uploads\/sites\/3\/2020\/02\/230093-Wall-Paint-Brushes-Brown-Bristles-White-Bgrd-6-1280x1024-1.jpg","contentUrl":"https:\/\/www.anniesloan.com\/de\/wp-content\/uploads\/sites\/3\/2020\/02\/230093-Wall-Paint-Brushes-Brown-Bristles-White-Bgrd-6-1280x1024-1.jpg","width":1280,"height":1024},{"@type":"BreadcrumbList","@id":"https:\/\/www.anniesloan.com\/de\/produkt\/pinsel-und-zubehor\/wandpinsel\/#breadcrumb","itemListElement":[{"@type":"ListItem","position":1,"name":"Produkte","item":"https:\/\/www.anniesloan.com\/de\/produkte\/"},{"@type":"ListItem","position":2,"name":"Pinsel und Zubeh\u00f6r","item":"https:\/\/www.anniesloan.com\/de\/produkte\/pinsel-und-zubehor\/"},{"@type":"ListItem","position":3,"name":"Wandpinsel"}]},{"@type":"WebSite","@id":"https:\/\/www.anniesloan.com\/de\/#website","url":"https:\/\/www.anniesloan.com\/de\/","name":"Annie Sloan DE","description":"Die Heimat der Chalk Paint\u2122","potentialAction":[{"@type":"SearchAction","target":{"@type":"EntryPoint","urlTemplate":"https:\/\/www.anniesloan.com\/de\/?s={search_term_string}"},"query-input":{"@type":"PropertyValueSpecification","valueRequired":true,"valueName":"search_term_string"}}],"inLanguage":"de-DE"}]},"og_availability":"instock","product_availability":"instock","product_retailer_item_id":"WALL-PAINT","product_condition":"new"},"_links":{"self":[{"href":"https:\/\/www.anniesloan.com\/de\/wp-json\/wp\/v2\/product\/21049","targetHints":{"allow":["GET"]}}],"collection":[{"href":"https:\/\/www.anniesloan.com\/de\/wp-json\/wp\/v2\/product"}],"about":[{"href":"https:\/\/www.anniesloan.com\/de\/wp-json\/wp\/v2\/types\/product"}],"wp:featuredmedia":[{"embeddable":true,"href":"https:\/\/www.anniesloan.com\/de\/wp-json\/wp\/v2\/media\/42486"}],"wp:attachment":[{"href":"https:\/\/www.anniesloan.com\/de\/wp-json\/wp\/v2\/media?parent=21049"}],"wp:term":[{"taxonomy":"product_brand","embeddable":true,"href":"https:\/\/www.anniesloan.com\/de\/wp-json\/wp\/v2\/product_brand?post=21049"},{"taxonomy":"product_cat","embeddable":true,"href":"https:\/\/www.anniesloan.com\/de\/wp-json\/wp\/v2\/product_cat?post=21049"},{"taxonomy":"product_tag","embeddable":true,"href":"https:\/\/www.anniesloan.com\/de\/wp-json\/wp\/v2\/product_tag?post=21049"}],"curies":[{"name":"wp","href":"https:\/\/api.w.org\/{rel}","templated":true}]}}