{"id":21013,"date":"2020-02-07T16:15:58","date_gmt":"2020-02-07T15:15:58","guid":{"rendered":"https:\/\/www.anniesloan.com\/product\/chalk-paint-wax-brushes\/"},"modified":"2026-04-14T08:31:49","modified_gmt":"2026-04-14T06:31:49","slug":"chalk-paint-wachspinsel","status":"publish","type":"product","link":"https:\/\/www.anniesloan.com\/de\/produkt\/pinsel-und-zubehor\/chalk-paint-wachspinsel\/","title":{"rendered":"Chalk Paint\u2122 Wachspinsel"},"content":{"rendered":"","protected":false},"excerpt":{"rendered":"<p>Die ma\u00dfgeschneiderten Chalk Paint\u2122 Wachspinsel von Annie Sloan bestehen aus \u00fcberwiegend reinen Borsten mit nat\u00fcrlichen Spalt-Enden. Sie verf\u00fcgen \u00fcber ergonomisch geformte Griffe f\u00fcr das m\u00fchelose Auftragen von Wachsschichten auf gestrichene Oberfl\u00e4chen. Die spitzf\u00f6rmige Form erleichtert das Einarbeiten von Wachs in detaillierte Bereiche und Ecken.<\/p>\n<p>Erh\u00e4ltlich in klein (16 cm x 3.5 cm) und gro\u00df (23 cm x 4.5 cm).<\/p>\n","protected":false},"featured_media":39744,"template":"","meta":{"_acf_changed":false,"_relevanssi_hide_post":"","_relevanssi_hide_content":"","_relevanssi_pin_for_all":"","_relevanssi_pin_keywords":"","_relevanssi_unpin_keywords":"","_relevanssi_related_keywords":"","_relevanssi_related_include_ids":"","_relevanssi_related_exclude_ids":"","_relevanssi_related_no_append":"","_relevanssi_related_not_related":"","_relevanssi_related_posts":"","_relevanssi_noindex_reason":""},"product_brand":[],"product_cat":[57,65,1173],"product_tag":[],"class_list":{"0":"post-21013","1":"product","2":"type-product","3":"status-publish","4":"has-post-thumbnail","6":"product_cat-pinsel-und-zubehor","7":"product_cat-geschenkideen-und-sets","8":"product_cat-nikolaus-adventsgeschenke","9":"product_shipping_class-warenpost","10":"pa_brush-size-gross","11":"pa_brush-size-klein","13":"first","14":"instock","15":"taxable","16":"shipping-taxable","17":"purchasable","18":"product-type-variable"},"acf":[],"yoast_head":"<!-- This site is optimized with the Yoast SEO Premium plugin v26.5 (Yoast SEO v26.5) - https:\/\/yoast.com\/wordpress\/plugins\/seo\/ -->\n<title>Chalk Paint\u2122 Wachspinsel | Annie Sloan DE<\/title>\n<meta name=\"description\" content=\"Annie Sloans ma\u00dfgeschneiderte Chalk Paint\u2122-Wachspinsel bestehen aus \u00fcberwiegend reinen Borsten mit nat\u00fcrlichen Spalt-Enden f\u00fcr das Arbeiten am Detail.\" \/>\n<meta name=\"robots\" content=\"index, follow, max-snippet:-1, max-image-preview:large, max-video-preview:-1\" \/>\n<link rel=\"canonical\" href=\"https:\/\/www.anniesloan.com\/de\/produkt\/pinsel-und-zubehor\/chalk-paint-wachspinsel\/\" \/>\n<meta property=\"og:locale\" content=\"de_DE\" \/>\n<meta property=\"og:type\" content=\"article\" \/>\n<meta property=\"og:title\" content=\"Chalk Paint\u2122 Wachspinsel\" \/>\n<meta property=\"og:description\" content=\"Annie Sloans ma\u00dfgeschneiderte Chalk Paint\u2122-Wachspinsel bestehen aus \u00fcberwiegend reinen Borsten mit nat\u00fcrlichen Spalt-Enden f\u00fcr das Arbeiten am Detail.\" \/>\n<meta property=\"og:url\" content=\"https:\/\/www.anniesloan.com\/de\/produkt\/pinsel-und-zubehor\/chalk-paint-wachspinsel\/\" \/>\n<meta property=\"og:site_name\" content=\"Annie Sloan DE\" \/>\n<meta property=\"article:modified_time\" content=\"2026-04-14T06:31:49+00:00\" \/>\n<meta property=\"og:image\" content=\"https:\/\/www.anniesloan.com\/de\/wp-content\/uploads\/sites\/3\/2020\/02\/220371_WIP_Updated-WaxB-Group-Shots_1280x10240.jpg\" \/>\n\t<meta property=\"og:image:width\" content=\"1280\" \/>\n\t<meta property=\"og:image:height\" content=\"1024\" \/>\n\t<meta property=\"og:image:type\" content=\"image\/jpeg\" \/>\n<meta name=\"twitter:card\" content=\"summary_large_image\" \/>\n<meta name=\"twitter:label1\" content=\"Availability\" \/>\n\t<meta name=\"twitter:data1\" content=\"In stock\" \/>\n<script type=\"application\/ld+json\" class=\"yoast-schema-graph\">{\"@context\":\"https:\/\/schema.org\",\"@graph\":[{\"@type\":\"WebPage\",\"@id\":\"https:\/\/www.anniesloan.com\/de\/produkt\/pinsel-und-zubehor\/chalk-paint-wachspinsel\/\",\"url\":\"https:\/\/www.anniesloan.com\/de\/produkt\/pinsel-und-zubehor\/chalk-paint-wachspinsel\/\",\"name\":\"Chalk Paint\u2122 Wachspinsel | Annie Sloan DE\",\"isPartOf\":{\"@id\":\"https:\/\/www.anniesloan.com\/de\/#website\"},\"primaryImageOfPage\":{\"@id\":\"https:\/\/www.anniesloan.com\/de\/produkt\/pinsel-und-zubehor\/chalk-paint-wachspinsel\/#primaryimage\"},\"image\":{\"@id\":\"https:\/\/www.anniesloan.com\/de\/produkt\/pinsel-und-zubehor\/chalk-paint-wachspinsel\/#primaryimage\"},\"thumbnailUrl\":\"https:\/\/www.anniesloan.com\/de\/wp-content\/uploads\/sites\/3\/2020\/02\/220371_WIP_Updated-WaxB-Group-Shots_1280x10240.jpg\",\"datePublished\":\"2020-02-07T15:15:58+00:00\",\"dateModified\":\"2026-04-14T06:31:49+00:00\",\"description\":\"Annie Sloans ma\u00dfgeschneiderte Chalk Paint\u2122-Wachspinsel bestehen aus \u00fcberwiegend reinen Borsten mit nat\u00fcrlichen Spalt-Enden f\u00fcr das Arbeiten am Detail.\",\"breadcrumb\":{\"@id\":\"https:\/\/www.anniesloan.com\/de\/produkt\/pinsel-und-zubehor\/chalk-paint-wachspinsel\/#breadcrumb\"},\"inLanguage\":\"de-DE\",\"potentialAction\":[{\"@type\":\"ReadAction\",\"target\":[\"https:\/\/www.anniesloan.com\/de\/produkt\/pinsel-und-zubehor\/chalk-paint-wachspinsel\/\"]}]},{\"@type\":\"ImageObject\",\"inLanguage\":\"de-DE\",\"@id\":\"https:\/\/www.anniesloan.com\/de\/produkt\/pinsel-und-zubehor\/chalk-paint-wachspinsel\/#primaryimage\",\"url\":\"https:\/\/www.anniesloan.com\/de\/wp-content\/uploads\/sites\/3\/2020\/02\/220371_WIP_Updated-WaxB-Group-Shots_1280x10240.jpg\",\"contentUrl\":\"https:\/\/www.anniesloan.com\/de\/wp-content\/uploads\/sites\/3\/2020\/02\/220371_WIP_Updated-WaxB-Group-Shots_1280x10240.jpg\",\"width\":1280,\"height\":1024,\"caption\":\"Annie Sloan Wax Brushes All Sizes Group Shot\"},{\"@type\":\"BreadcrumbList\",\"@id\":\"https:\/\/www.anniesloan.com\/de\/produkt\/pinsel-und-zubehor\/chalk-paint-wachspinsel\/#breadcrumb\",\"itemListElement\":[{\"@type\":\"ListItem\",\"position\":1,\"name\":\"Produkte\",\"item\":\"https:\/\/www.anniesloan.com\/de\/produkte\/\"},{\"@type\":\"ListItem\",\"position\":2,\"name\":\"Pinsel und Zubeh\u00f6r\",\"item\":\"https:\/\/www.anniesloan.com\/de\/produkte\/pinsel-und-zubehor\/\"},{\"@type\":\"ListItem\",\"position\":3,\"name\":\"Chalk Paint\u2122 Wachspinsel\"}]},{\"@type\":\"WebSite\",\"@id\":\"https:\/\/www.anniesloan.com\/de\/#website\",\"url\":\"https:\/\/www.anniesloan.com\/de\/\",\"name\":\"Annie Sloan DE\",\"description\":\"Die Heimat der Chalk Paint\u2122\",\"potentialAction\":[{\"@type\":\"SearchAction\",\"target\":{\"@type\":\"EntryPoint\",\"urlTemplate\":\"https:\/\/www.anniesloan.com\/de\/?s={search_term_string}\"},\"query-input\":{\"@type\":\"PropertyValueSpecification\",\"valueRequired\":true,\"valueName\":\"search_term_string\"}}],\"inLanguage\":\"de-DE\"}]}<\/script>\n<meta property=\"og:availability\" content=\"instock\" \/>\n<meta property=\"product:availability\" content=\"instock\" \/>\n<meta property=\"product:retailer_item_id\" content=\"WAX-BRUSHES\" \/>\n<meta property=\"product:condition\" content=\"new\" \/>\n<!-- \/ Yoast SEO Premium plugin. -->","yoast_head_json":{"title":"Chalk Paint\u2122 Wachspinsel | Annie Sloan DE","description":"Annie Sloans ma\u00dfgeschneiderte Chalk Paint\u2122-Wachspinsel bestehen aus \u00fcberwiegend reinen Borsten mit nat\u00fcrlichen Spalt-Enden f\u00fcr das Arbeiten am Detail.","robots":{"index":"index","follow":"follow","max-snippet":"max-snippet:-1","max-image-preview":"max-image-preview:large","max-video-preview":"max-video-preview:-1"},"canonical":"https:\/\/www.anniesloan.com\/de\/produkt\/pinsel-und-zubehor\/chalk-paint-wachspinsel\/","og_locale":"de_DE","og_type":"article","og_title":"Chalk Paint\u2122 Wachspinsel","og_description":"Annie Sloans ma\u00dfgeschneiderte Chalk Paint\u2122-Wachspinsel bestehen aus \u00fcberwiegend reinen Borsten mit nat\u00fcrlichen Spalt-Enden f\u00fcr das Arbeiten am Detail.","og_url":"https:\/\/www.anniesloan.com\/de\/produkt\/pinsel-und-zubehor\/chalk-paint-wachspinsel\/","og_site_name":"Annie Sloan DE","article_modified_time":"2026-04-14T06:31:49+00:00","og_image":[{"width":1280,"height":1024,"url":"https:\/\/www.anniesloan.com\/de\/wp-content\/uploads\/sites\/3\/2020\/02\/220371_WIP_Updated-WaxB-Group-Shots_1280x10240.jpg","type":"image\/jpeg"}],"twitter_card":"summary_large_image","twitter_misc":{"Availability":"In stock"},"schema":{"@context":"https:\/\/schema.org","@graph":[{"@type":"WebPage","@id":"https:\/\/www.anniesloan.com\/de\/produkt\/pinsel-und-zubehor\/chalk-paint-wachspinsel\/","url":"https:\/\/www.anniesloan.com\/de\/produkt\/pinsel-und-zubehor\/chalk-paint-wachspinsel\/","name":"Chalk Paint\u2122 Wachspinsel | Annie Sloan DE","isPartOf":{"@id":"https:\/\/www.anniesloan.com\/de\/#website"},"primaryImageOfPage":{"@id":"https:\/\/www.anniesloan.com\/de\/produkt\/pinsel-und-zubehor\/chalk-paint-wachspinsel\/#primaryimage"},"image":{"@id":"https:\/\/www.anniesloan.com\/de\/produkt\/pinsel-und-zubehor\/chalk-paint-wachspinsel\/#primaryimage"},"thumbnailUrl":"https:\/\/www.anniesloan.com\/de\/wp-content\/uploads\/sites\/3\/2020\/02\/220371_WIP_Updated-WaxB-Group-Shots_1280x10240.jpg","datePublished":"2020-02-07T15:15:58+00:00","dateModified":"2026-04-14T06:31:49+00:00","description":"Annie Sloans ma\u00dfgeschneiderte Chalk Paint\u2122-Wachspinsel bestehen aus \u00fcberwiegend reinen Borsten mit nat\u00fcrlichen Spalt-Enden f\u00fcr das Arbeiten am Detail.","breadcrumb":{"@id":"https:\/\/www.anniesloan.com\/de\/produkt\/pinsel-und-zubehor\/chalk-paint-wachspinsel\/#breadcrumb"},"inLanguage":"de-DE","potentialAction":[{"@type":"ReadAction","target":["https:\/\/www.anniesloan.com\/de\/produkt\/pinsel-und-zubehor\/chalk-paint-wachspinsel\/"]}]},{"@type":"ImageObject","inLanguage":"de-DE","@id":"https:\/\/www.anniesloan.com\/de\/produkt\/pinsel-und-zubehor\/chalk-paint-wachspinsel\/#primaryimage","url":"https:\/\/www.anniesloan.com\/de\/wp-content\/uploads\/sites\/3\/2020\/02\/220371_WIP_Updated-WaxB-Group-Shots_1280x10240.jpg","contentUrl":"https:\/\/www.anniesloan.com\/de\/wp-content\/uploads\/sites\/3\/2020\/02\/220371_WIP_Updated-WaxB-Group-Shots_1280x10240.jpg","width":1280,"height":1024,"caption":"Annie Sloan Wax Brushes All Sizes Group Shot"},{"@type":"BreadcrumbList","@id":"https:\/\/www.anniesloan.com\/de\/produkt\/pinsel-und-zubehor\/chalk-paint-wachspinsel\/#breadcrumb","itemListElement":[{"@type":"ListItem","position":1,"name":"Produkte","item":"https:\/\/www.anniesloan.com\/de\/produkte\/"},{"@type":"ListItem","position":2,"name":"Pinsel und Zubeh\u00f6r","item":"https:\/\/www.anniesloan.com\/de\/produkte\/pinsel-und-zubehor\/"},{"@type":"ListItem","position":3,"name":"Chalk Paint\u2122 Wachspinsel"}]},{"@type":"WebSite","@id":"https:\/\/www.anniesloan.com\/de\/#website","url":"https:\/\/www.anniesloan.com\/de\/","name":"Annie Sloan DE","description":"Die Heimat der Chalk Paint\u2122","potentialAction":[{"@type":"SearchAction","target":{"@type":"EntryPoint","urlTemplate":"https:\/\/www.anniesloan.com\/de\/?s={search_term_string}"},"query-input":{"@type":"PropertyValueSpecification","valueRequired":true,"valueName":"search_term_string"}}],"inLanguage":"de-DE"}]},"og_availability":"instock","product_availability":"instock","product_retailer_item_id":"WAX-BRUSHES","product_condition":"new"},"_links":{"self":[{"href":"https:\/\/www.anniesloan.com\/de\/wp-json\/wp\/v2\/product\/21013","targetHints":{"allow":["GET"]}}],"collection":[{"href":"https:\/\/www.anniesloan.com\/de\/wp-json\/wp\/v2\/product"}],"about":[{"href":"https:\/\/www.anniesloan.com\/de\/wp-json\/wp\/v2\/types\/product"}],"wp:featuredmedia":[{"embeddable":true,"href":"https:\/\/www.anniesloan.com\/de\/wp-json\/wp\/v2\/media\/39744"}],"wp:attachment":[{"href":"https:\/\/www.anniesloan.com\/de\/wp-json\/wp\/v2\/media?parent=21013"}],"wp:term":[{"taxonomy":"product_brand","embeddable":true,"href":"https:\/\/www.anniesloan.com\/de\/wp-json\/wp\/v2\/product_brand?post=21013"},{"taxonomy":"product_cat","embeddable":true,"href":"https:\/\/www.anniesloan.com\/de\/wp-json\/wp\/v2\/product_cat?post=21013"},{"taxonomy":"product_tag","embeddable":true,"href":"https:\/\/www.anniesloan.com\/de\/wp-json\/wp\/v2\/product_tag?post=21013"}],"curies":[{"name":"wp","href":"https:\/\/api.w.org\/{rel}","templated":true}]}}