{"id":20864,"date":"2020-02-07T15:39:21","date_gmt":"2020-02-07T14:39:21","guid":{"rendered":"https:\/\/www.anniesloan.com\/product\/chalk-paint-lacquer\/"},"modified":"2026-05-01T12:02:40","modified_gmt":"2026-05-01T10:02:40","slug":"chalk-paint-lacquer","status":"publish","type":"product","link":"https:\/\/www.anniesloan.com\/de\/produkt\/wachse-und-finishes\/chalk-paint-lacquer\/","title":{"rendered":"Chalk Paint\u2122 Lacquer"},"content":{"rendered":"","protected":false},"excerpt":{"rendered":"<p>Chalk Paint\u2122 Lacquer ist ein strapazierf\u00e4higer, wasserbasierender Polyacryllack mit UV-Schutz. Auf Chalk Paint\u2122 aufgetragen, erhalten Sie ein robustes Finish, das allt\u00e4glichen Abnutzungseinfl\u00fcssen standh\u00e4lt \u2013 perfekt f\u00fcr Esstische, Gartenm\u00f6bel, Fu\u00dfb\u00f6den und Fu\u00dfbodenleisten. Er trocknet schnell aus und ist vollkommen transparent, ohne mit der Zeit zu vergilben. Weitere Informationen finden Sie auf unserem\u00a0<a href=\"https:\/\/www.anniesloan.com\/wp-content\/uploads\/2020\/02\/chalk-paint-lacquer-fact-sheet-de.pdf\" target=\"_blank\" rel=\"noopener noreferrer\">Informationsblatt<\/a>.<\/p>\n<p>In zwei Ausf\u00fchrungen erh\u00e4ltlich: als Matt- und Glanzlack. Erh\u00e4ltlich in 750-ml-Dosen. Der Mattlack verleiht eine matte Oberfl\u00e4che und verdunkelt \u00e4hnlich wie beim Chalk Paint\u2122 Wax leicht die Farbe der darunterliegenden Chalk Paint\u2122 Schicht. Der Glanzlack verleiht einen leichten Glanz, nicht jedoch einen Hochglanz.<\/p>\n","protected":false},"featured_media":35818,"template":"","meta":{"_acf_changed":false,"_relevanssi_hide_post":"","_relevanssi_hide_content":"","_relevanssi_pin_for_all":"","_relevanssi_pin_keywords":"","_relevanssi_unpin_keywords":"","_relevanssi_related_keywords":"","_relevanssi_related_include_ids":"","_relevanssi_related_exclude_ids":"","_relevanssi_related_no_append":"","_relevanssi_related_not_related":"","_relevanssi_related_posts":"","_relevanssi_noindex_reason":""},"product_brand":[],"product_cat":[44],"product_tag":[],"class_list":{"0":"post-20864","1":"product","2":"type-product","3":"status-publish","4":"has-post-thumbnail","6":"product_cat-wachse-und-finishes","7":"product_shipping_class-dhl","8":"pa_finish-glanzlack","9":"pa_finish-matt","11":"first","12":"instock","13":"taxable","14":"shipping-taxable","15":"purchasable","16":"product-type-variable"},"acf":[],"yoast_head":"<!-- This site is optimized with the Yoast SEO Premium plugin v26.5 (Yoast SEO v26.5) - https:\/\/yoast.com\/wordpress\/plugins\/seo\/ -->\n<title>Chalk Paint\u2122 Lacquer | Annie Sloan DE<\/title>\n<meta name=\"description\" content=\"Chalk Paint\u2122 Lacquer ist ein strapazierf\u00e4higer, wasserbasierender Polyacryllack mit UV-Schutz \u2013 perfekt f\u00fcr M\u00f6bel, Fu\u00dfb\u00f6den und mehr.\" \/>\n<meta name=\"robots\" content=\"index, follow, max-snippet:-1, max-image-preview:large, max-video-preview:-1\" \/>\n<link rel=\"canonical\" href=\"https:\/\/www.anniesloan.com\/de\/produkt\/wachse-und-finishes\/chalk-paint-lacquer\/\" \/>\n<meta property=\"og:locale\" content=\"de_DE\" \/>\n<meta property=\"og:type\" content=\"article\" \/>\n<meta property=\"og:title\" content=\"Chalk Paint\u2122 Lacquer\" \/>\n<meta property=\"og:description\" content=\"Chalk Paint\u2122 Lacquer ist ein strapazierf\u00e4higer, wasserbasierender Polyacryllack mit UV-Schutz \u2013 perfekt f\u00fcr M\u00f6bel, Fu\u00dfb\u00f6den und mehr.\" \/>\n<meta property=\"og:url\" content=\"https:\/\/www.anniesloan.com\/de\/produkt\/wachse-und-finishes\/chalk-paint-lacquer\/\" \/>\n<meta property=\"og:site_name\" content=\"Annie Sloan DE\" \/>\n<meta property=\"article:modified_time\" content=\"2026-05-01T10:02:40+00:00\" \/>\n<meta property=\"og:image\" content=\"https:\/\/www.anniesloan.com\/de\/wp-content\/uploads\/sites\/3\/2020\/02\/Untitled-1.jpg\" \/>\n\t<meta property=\"og:image:width\" content=\"2000\" \/>\n\t<meta property=\"og:image:height\" content=\"2000\" \/>\n\t<meta property=\"og:image:type\" content=\"image\/jpeg\" \/>\n<meta name=\"twitter:card\" content=\"summary_large_image\" \/>\n<meta name=\"twitter:label1\" content=\"Availability\" \/>\n\t<meta name=\"twitter:data1\" content=\"In stock\" \/>\n<script type=\"application\/ld+json\" class=\"yoast-schema-graph\">{\"@context\":\"https:\/\/schema.org\",\"@graph\":[{\"@type\":\"WebPage\",\"@id\":\"https:\/\/www.anniesloan.com\/de\/produkt\/wachse-und-finishes\/chalk-paint-lacquer\/\",\"url\":\"https:\/\/www.anniesloan.com\/de\/produkt\/wachse-und-finishes\/chalk-paint-lacquer\/\",\"name\":\"Chalk Paint\u2122 Lacquer | Annie Sloan DE\",\"isPartOf\":{\"@id\":\"https:\/\/www.anniesloan.com\/de\/#website\"},\"primaryImageOfPage\":{\"@id\":\"https:\/\/www.anniesloan.com\/de\/produkt\/wachse-und-finishes\/chalk-paint-lacquer\/#primaryimage\"},\"image\":{\"@id\":\"https:\/\/www.anniesloan.com\/de\/produkt\/wachse-und-finishes\/chalk-paint-lacquer\/#primaryimage\"},\"thumbnailUrl\":\"https:\/\/www.anniesloan.com\/de\/wp-content\/uploads\/sites\/3\/2020\/02\/Untitled-1.jpg\",\"datePublished\":\"2020-02-07T14:39:21+00:00\",\"dateModified\":\"2026-05-01T10:02:40+00:00\",\"description\":\"Chalk Paint\u2122 Lacquer ist ein strapazierf\u00e4higer, wasserbasierender Polyacryllack mit UV-Schutz \u2013 perfekt f\u00fcr M\u00f6bel, Fu\u00dfb\u00f6den und mehr.\",\"breadcrumb\":{\"@id\":\"https:\/\/www.anniesloan.com\/de\/produkt\/wachse-und-finishes\/chalk-paint-lacquer\/#breadcrumb\"},\"inLanguage\":\"de-DE\",\"potentialAction\":[{\"@type\":\"ReadAction\",\"target\":[\"https:\/\/www.anniesloan.com\/de\/produkt\/wachse-und-finishes\/chalk-paint-lacquer\/\"]}]},{\"@type\":\"ImageObject\",\"inLanguage\":\"de-DE\",\"@id\":\"https:\/\/www.anniesloan.com\/de\/produkt\/wachse-und-finishes\/chalk-paint-lacquer\/#primaryimage\",\"url\":\"https:\/\/www.anniesloan.com\/de\/wp-content\/uploads\/sites\/3\/2020\/02\/Untitled-1.jpg\",\"contentUrl\":\"https:\/\/www.anniesloan.com\/de\/wp-content\/uploads\/sites\/3\/2020\/02\/Untitled-1.jpg\",\"width\":2000,\"height\":2000},{\"@type\":\"BreadcrumbList\",\"@id\":\"https:\/\/www.anniesloan.com\/de\/produkt\/wachse-und-finishes\/chalk-paint-lacquer\/#breadcrumb\",\"itemListElement\":[{\"@type\":\"ListItem\",\"position\":1,\"name\":\"Produkte\",\"item\":\"https:\/\/www.anniesloan.com\/de\/produkte\/\"},{\"@type\":\"ListItem\",\"position\":2,\"name\":\"Wachse und Finishes\",\"item\":\"https:\/\/www.anniesloan.com\/de\/produkte\/wachse-und-finishes\/\"},{\"@type\":\"ListItem\",\"position\":3,\"name\":\"Chalk Paint\u2122 Lacquer\"}]},{\"@type\":\"WebSite\",\"@id\":\"https:\/\/www.anniesloan.com\/de\/#website\",\"url\":\"https:\/\/www.anniesloan.com\/de\/\",\"name\":\"Annie Sloan DE\",\"description\":\"Die Heimat der Chalk Paint\u2122\",\"potentialAction\":[{\"@type\":\"SearchAction\",\"target\":{\"@type\":\"EntryPoint\",\"urlTemplate\":\"https:\/\/www.anniesloan.com\/de\/?s={search_term_string}\"},\"query-input\":{\"@type\":\"PropertyValueSpecification\",\"valueRequired\":true,\"valueName\":\"search_term_string\"}}],\"inLanguage\":\"de-DE\"}]}<\/script>\n<meta property=\"og:availability\" content=\"instock\" \/>\n<meta property=\"product:availability\" content=\"instock\" \/>\n<meta property=\"product:retailer_item_id\" content=\"LACQUER\" \/>\n<meta property=\"product:condition\" content=\"new\" \/>\n<!-- \/ Yoast SEO Premium plugin. -->","yoast_head_json":{"title":"Chalk Paint\u2122 Lacquer | Annie Sloan DE","description":"Chalk Paint\u2122 Lacquer ist ein strapazierf\u00e4higer, wasserbasierender Polyacryllack mit UV-Schutz \u2013 perfekt f\u00fcr M\u00f6bel, Fu\u00dfb\u00f6den und mehr.","robots":{"index":"index","follow":"follow","max-snippet":"max-snippet:-1","max-image-preview":"max-image-preview:large","max-video-preview":"max-video-preview:-1"},"canonical":"https:\/\/www.anniesloan.com\/de\/produkt\/wachse-und-finishes\/chalk-paint-lacquer\/","og_locale":"de_DE","og_type":"article","og_title":"Chalk Paint\u2122 Lacquer","og_description":"Chalk Paint\u2122 Lacquer ist ein strapazierf\u00e4higer, wasserbasierender Polyacryllack mit UV-Schutz \u2013 perfekt f\u00fcr M\u00f6bel, Fu\u00dfb\u00f6den und mehr.","og_url":"https:\/\/www.anniesloan.com\/de\/produkt\/wachse-und-finishes\/chalk-paint-lacquer\/","og_site_name":"Annie Sloan DE","article_modified_time":"2026-05-01T10:02:40+00:00","og_image":[{"width":2000,"height":2000,"url":"https:\/\/www.anniesloan.com\/de\/wp-content\/uploads\/sites\/3\/2020\/02\/Untitled-1.jpg","type":"image\/jpeg"}],"twitter_card":"summary_large_image","twitter_misc":{"Availability":"In stock"},"schema":{"@context":"https:\/\/schema.org","@graph":[{"@type":"WebPage","@id":"https:\/\/www.anniesloan.com\/de\/produkt\/wachse-und-finishes\/chalk-paint-lacquer\/","url":"https:\/\/www.anniesloan.com\/de\/produkt\/wachse-und-finishes\/chalk-paint-lacquer\/","name":"Chalk Paint\u2122 Lacquer | Annie Sloan DE","isPartOf":{"@id":"https:\/\/www.anniesloan.com\/de\/#website"},"primaryImageOfPage":{"@id":"https:\/\/www.anniesloan.com\/de\/produkt\/wachse-und-finishes\/chalk-paint-lacquer\/#primaryimage"},"image":{"@id":"https:\/\/www.anniesloan.com\/de\/produkt\/wachse-und-finishes\/chalk-paint-lacquer\/#primaryimage"},"thumbnailUrl":"https:\/\/www.anniesloan.com\/de\/wp-content\/uploads\/sites\/3\/2020\/02\/Untitled-1.jpg","datePublished":"2020-02-07T14:39:21+00:00","dateModified":"2026-05-01T10:02:40+00:00","description":"Chalk Paint\u2122 Lacquer ist ein strapazierf\u00e4higer, wasserbasierender Polyacryllack mit UV-Schutz \u2013 perfekt f\u00fcr M\u00f6bel, Fu\u00dfb\u00f6den und mehr.","breadcrumb":{"@id":"https:\/\/www.anniesloan.com\/de\/produkt\/wachse-und-finishes\/chalk-paint-lacquer\/#breadcrumb"},"inLanguage":"de-DE","potentialAction":[{"@type":"ReadAction","target":["https:\/\/www.anniesloan.com\/de\/produkt\/wachse-und-finishes\/chalk-paint-lacquer\/"]}]},{"@type":"ImageObject","inLanguage":"de-DE","@id":"https:\/\/www.anniesloan.com\/de\/produkt\/wachse-und-finishes\/chalk-paint-lacquer\/#primaryimage","url":"https:\/\/www.anniesloan.com\/de\/wp-content\/uploads\/sites\/3\/2020\/02\/Untitled-1.jpg","contentUrl":"https:\/\/www.anniesloan.com\/de\/wp-content\/uploads\/sites\/3\/2020\/02\/Untitled-1.jpg","width":2000,"height":2000},{"@type":"BreadcrumbList","@id":"https:\/\/www.anniesloan.com\/de\/produkt\/wachse-und-finishes\/chalk-paint-lacquer\/#breadcrumb","itemListElement":[{"@type":"ListItem","position":1,"name":"Produkte","item":"https:\/\/www.anniesloan.com\/de\/produkte\/"},{"@type":"ListItem","position":2,"name":"Wachse und Finishes","item":"https:\/\/www.anniesloan.com\/de\/produkte\/wachse-und-finishes\/"},{"@type":"ListItem","position":3,"name":"Chalk Paint\u2122 Lacquer"}]},{"@type":"WebSite","@id":"https:\/\/www.anniesloan.com\/de\/#website","url":"https:\/\/www.anniesloan.com\/de\/","name":"Annie Sloan DE","description":"Die Heimat der Chalk Paint\u2122","potentialAction":[{"@type":"SearchAction","target":{"@type":"EntryPoint","urlTemplate":"https:\/\/www.anniesloan.com\/de\/?s={search_term_string}"},"query-input":{"@type":"PropertyValueSpecification","valueRequired":true,"valueName":"search_term_string"}}],"inLanguage":"de-DE"}]},"og_availability":"instock","product_availability":"instock","product_retailer_item_id":"LACQUER","product_condition":"new"},"_links":{"self":[{"href":"https:\/\/www.anniesloan.com\/de\/wp-json\/wp\/v2\/product\/20864","targetHints":{"allow":["GET"]}}],"collection":[{"href":"https:\/\/www.anniesloan.com\/de\/wp-json\/wp\/v2\/product"}],"about":[{"href":"https:\/\/www.anniesloan.com\/de\/wp-json\/wp\/v2\/types\/product"}],"wp:featuredmedia":[{"embeddable":true,"href":"https:\/\/www.anniesloan.com\/de\/wp-json\/wp\/v2\/media\/35818"}],"wp:attachment":[{"href":"https:\/\/www.anniesloan.com\/de\/wp-json\/wp\/v2\/media?parent=20864"}],"wp:term":[{"taxonomy":"product_brand","embeddable":true,"href":"https:\/\/www.anniesloan.com\/de\/wp-json\/wp\/v2\/product_brand?post=20864"},{"taxonomy":"product_cat","embeddable":true,"href":"https:\/\/www.anniesloan.com\/de\/wp-json\/wp\/v2\/product_cat?post=20864"},{"taxonomy":"product_tag","embeddable":true,"href":"https:\/\/www.anniesloan.com\/de\/wp-json\/wp\/v2\/product_tag?post=20864"}],"curies":[{"name":"wp","href":"https:\/\/api.w.org\/{rel}","templated":true}]}}