{"id":20830,"date":"2020-02-07T16:24:42","date_gmt":"2020-02-07T15:24:42","guid":{"rendered":"https:\/\/www.anniesloan.com\/product\/white-chalk-paint-wax\/"},"modified":"2026-04-01T14:33:45","modified_gmt":"2026-04-01T12:33:45","slug":"wachs-weiss","status":"publish","type":"product","link":"https:\/\/www.anniesloan.com\/de\/produkt\/wachse-und-finishes\/wachs-weiss\/","title":{"rendered":"White Chalk Paint\u2122 Wax"},"content":{"rendered":"","protected":false},"excerpt":{"rendered":"<p>White Chalk Paint\u2122 Wax wird verwendet um Farben weicher und heller zu machen. Es kann auch direkt auf unlackiertes Holz aufgetragen werden, um einen gekalkten Effekt zu erzielen. Chalk Paint Wax\u2122 versiegelt und sch\u00fctzt mit Chalk Paint\u2122 gestrichene M\u00f6bel oder W\u00e4nde.<\/p>\n<p>Man tr\u00e4gt eine d\u00fcnne Schicht wei\u00dfes Wachs auf und wischt \u00fcbersch\u00fcssiges Wachs mit einem sauberen Tuch ab. Weniger ist mehr. Das Wachs sollte deshalb nicht zu dick aufgetragen werden. Sollte man zu viel Wachs aufgetragen haben, tr\u00e4gt man das \u00fcbersch\u00fcssige Wachs einfach mit etwas transparentem Wachs ab. Dabei sollte jeder Fl\u00e4chenabschnitt des M\u00f6belst\u00fcckes zumindest einmal gewachst werden.<\/p>\n","protected":false},"featured_media":20831,"template":"","meta":{"_acf_changed":false,"_relevanssi_hide_post":"","_relevanssi_hide_content":"","_relevanssi_pin_for_all":"","_relevanssi_pin_keywords":"","_relevanssi_unpin_keywords":"","_relevanssi_related_keywords":"","_relevanssi_related_include_ids":"","_relevanssi_related_exclude_ids":"","_relevanssi_related_no_append":"","_relevanssi_related_not_related":"","_relevanssi_related_posts":"","_relevanssi_noindex_reason":""},"product_brand":[],"product_cat":[44,65,1172],"product_tag":[],"class_list":{"0":"post-20830","1":"product","2":"type-product","3":"status-publish","4":"has-post-thumbnail","6":"product_cat-wachse-und-finishes","7":"product_cat-geschenkideen-und-sets","8":"product_cat-geschenke-unter-30e","9":"pa_size-120-ml","10":"pa_size-500-ml","12":"first","13":"instock","14":"taxable","15":"shipping-taxable","16":"purchasable","17":"product-type-variable"},"acf":[],"yoast_head":"<!-- This site is optimized with the Yoast SEO Premium plugin v26.5 (Yoast SEO v26.5) - https:\/\/yoast.com\/wordpress\/plugins\/seo\/ -->\n<title>White Chalk Paint\u2122 Wax | Annie Sloan DE<\/title>\n<meta name=\"description\" content=\"Mit wei\u00dfem Chalk Paint\u2122 Wachs werden Chalk Paint\u2122 Farben weicher und heller \u2013 direkt auf unlackiertem Holz aufgetragen, erh\u00e4lt man einen gekalkten Effekt.\" \/>\n<meta name=\"robots\" content=\"index, follow, max-snippet:-1, max-image-preview:large, max-video-preview:-1\" \/>\n<link rel=\"canonical\" href=\"https:\/\/www.anniesloan.com\/de\/produkt\/wachse-und-finishes\/wachs-weiss\/\" \/>\n<meta property=\"og:locale\" content=\"de_DE\" \/>\n<meta property=\"og:type\" content=\"article\" \/>\n<meta property=\"og:title\" content=\"White Chalk Paint\u2122 Wax\" \/>\n<meta property=\"og:description\" content=\"Mit wei\u00dfem Chalk Paint\u2122 Wachs werden Chalk Paint\u2122 Farben weicher und heller \u2013 direkt auf unlackiertem Holz aufgetragen, erh\u00e4lt man einen gekalkten Effekt.\" \/>\n<meta property=\"og:url\" content=\"https:\/\/www.anniesloan.com\/de\/produkt\/wachse-und-finishes\/wachs-weiss\/\" \/>\n<meta property=\"og:site_name\" content=\"Annie Sloan DE\" \/>\n<meta property=\"article:modified_time\" content=\"2026-04-01T12:33:45+00:00\" \/>\n<meta property=\"og:image\" content=\"https:\/\/www.anniesloan.com\/de\/wp-content\/uploads\/sites\/3\/2021\/05\/White-Chalk-Paint-Wax-500ml-and-120ml-LORES-RGB.jpg\" \/>\n\t<meta property=\"og:image:width\" content=\"2000\" \/>\n\t<meta property=\"og:image:height\" content=\"2000\" \/>\n\t<meta property=\"og:image:type\" content=\"image\/jpeg\" \/>\n<meta name=\"twitter:card\" content=\"summary_large_image\" \/>\n<meta name=\"twitter:label1\" content=\"Availability\" \/>\n\t<meta name=\"twitter:data1\" content=\"In stock\" \/>\n<script type=\"application\/ld+json\" class=\"yoast-schema-graph\">{\"@context\":\"https:\/\/schema.org\",\"@graph\":[{\"@type\":\"WebPage\",\"@id\":\"https:\/\/www.anniesloan.com\/de\/produkt\/wachse-und-finishes\/wachs-weiss\/\",\"url\":\"https:\/\/www.anniesloan.com\/de\/produkt\/wachse-und-finishes\/wachs-weiss\/\",\"name\":\"White Chalk Paint\u2122 Wax | Annie Sloan DE\",\"isPartOf\":{\"@id\":\"https:\/\/www.anniesloan.com\/de\/#website\"},\"primaryImageOfPage\":{\"@id\":\"https:\/\/www.anniesloan.com\/de\/produkt\/wachse-und-finishes\/wachs-weiss\/#primaryimage\"},\"image\":{\"@id\":\"https:\/\/www.anniesloan.com\/de\/produkt\/wachse-und-finishes\/wachs-weiss\/#primaryimage\"},\"thumbnailUrl\":\"https:\/\/www.anniesloan.com\/de\/wp-content\/uploads\/sites\/3\/2021\/05\/White-Chalk-Paint-Wax-500ml-and-120ml-LORES-RGB.jpg\",\"datePublished\":\"2020-02-07T15:24:42+00:00\",\"dateModified\":\"2026-04-01T12:33:45+00:00\",\"description\":\"Mit wei\u00dfem Chalk Paint\u2122 Wachs werden Chalk Paint\u2122 Farben weicher und heller \u2013 direkt auf unlackiertem Holz aufgetragen, erh\u00e4lt man einen gekalkten Effekt.\",\"breadcrumb\":{\"@id\":\"https:\/\/www.anniesloan.com\/de\/produkt\/wachse-und-finishes\/wachs-weiss\/#breadcrumb\"},\"inLanguage\":\"de-DE\",\"potentialAction\":[{\"@type\":\"ReadAction\",\"target\":[\"https:\/\/www.anniesloan.com\/de\/produkt\/wachse-und-finishes\/wachs-weiss\/\"]}]},{\"@type\":\"ImageObject\",\"inLanguage\":\"de-DE\",\"@id\":\"https:\/\/www.anniesloan.com\/de\/produkt\/wachse-und-finishes\/wachs-weiss\/#primaryimage\",\"url\":\"https:\/\/www.anniesloan.com\/de\/wp-content\/uploads\/sites\/3\/2021\/05\/White-Chalk-Paint-Wax-500ml-and-120ml-LORES-RGB.jpg\",\"contentUrl\":\"https:\/\/www.anniesloan.com\/de\/wp-content\/uploads\/sites\/3\/2021\/05\/White-Chalk-Paint-Wax-500ml-and-120ml-LORES-RGB.jpg\",\"width\":2000,\"height\":2000},{\"@type\":\"BreadcrumbList\",\"@id\":\"https:\/\/www.anniesloan.com\/de\/produkt\/wachse-und-finishes\/wachs-weiss\/#breadcrumb\",\"itemListElement\":[{\"@type\":\"ListItem\",\"position\":1,\"name\":\"Produkte\",\"item\":\"https:\/\/www.anniesloan.com\/de\/produkte\/\"},{\"@type\":\"ListItem\",\"position\":2,\"name\":\"Wachse und Finishes\",\"item\":\"https:\/\/www.anniesloan.com\/de\/produkte\/wachse-und-finishes\/\"},{\"@type\":\"ListItem\",\"position\":3,\"name\":\"White Chalk Paint\u2122 Wax\"}]},{\"@type\":\"WebSite\",\"@id\":\"https:\/\/www.anniesloan.com\/de\/#website\",\"url\":\"https:\/\/www.anniesloan.com\/de\/\",\"name\":\"Annie Sloan DE\",\"description\":\"Die Heimat der Chalk Paint\u2122\",\"publisher\":{\"@id\":\"https:\/\/www.anniesloan.com\/de\/#organization\"},\"potentialAction\":[{\"@type\":\"SearchAction\",\"target\":{\"@type\":\"EntryPoint\",\"urlTemplate\":\"https:\/\/www.anniesloan.com\/de\/?s={search_term_string}\"},\"query-input\":{\"@type\":\"PropertyValueSpecification\",\"valueRequired\":true,\"valueName\":\"search_term_string\"}}],\"inLanguage\":\"de-DE\"},{\"@type\":\"Organization\",\"@id\":\"https:\/\/www.anniesloan.com\/de\/#organization\",\"name\":\"Annie Sloan\",\"url\":\"https:\/\/www.anniesloan.com\/de\/\",\"logo\":{\"@type\":\"ImageObject\",\"inLanguage\":\"de-DE\",\"@id\":\"https:\/\/www.anniesloan.com\/de\/#\/schema\/logo\/image\/\",\"url\":\"https:\/\/www.anniesloan.com\/de\/wp-content\/uploads\/sites\/3\/2021\/07\/anniesloan-logo.jpg\",\"contentUrl\":\"https:\/\/www.anniesloan.com\/de\/wp-content\/uploads\/sites\/3\/2021\/07\/anniesloan-logo.jpg\",\"width\":1200,\"height\":361,\"caption\":\"Annie Sloan\"},\"image\":{\"@id\":\"https:\/\/www.anniesloan.com\/de\/#\/schema\/logo\/image\/\"}}]}<\/script>\n<meta property=\"og:availability\" content=\"instock\" \/>\n<meta property=\"product:availability\" content=\"instock\" \/>\n<meta property=\"product:retailer_item_id\" content=\"WHITE-WAX\" \/>\n<meta property=\"product:condition\" content=\"new\" \/>\n<!-- \/ Yoast SEO Premium plugin. -->","yoast_head_json":{"title":"White Chalk Paint\u2122 Wax | Annie Sloan DE","description":"Mit wei\u00dfem Chalk Paint\u2122 Wachs werden Chalk Paint\u2122 Farben weicher und heller \u2013 direkt auf unlackiertem Holz aufgetragen, erh\u00e4lt man einen gekalkten Effekt.","robots":{"index":"index","follow":"follow","max-snippet":"max-snippet:-1","max-image-preview":"max-image-preview:large","max-video-preview":"max-video-preview:-1"},"canonical":"https:\/\/www.anniesloan.com\/de\/produkt\/wachse-und-finishes\/wachs-weiss\/","og_locale":"de_DE","og_type":"article","og_title":"White Chalk Paint\u2122 Wax","og_description":"Mit wei\u00dfem Chalk Paint\u2122 Wachs werden Chalk Paint\u2122 Farben weicher und heller \u2013 direkt auf unlackiertem Holz aufgetragen, erh\u00e4lt man einen gekalkten Effekt.","og_url":"https:\/\/www.anniesloan.com\/de\/produkt\/wachse-und-finishes\/wachs-weiss\/","og_site_name":"Annie Sloan DE","article_modified_time":"2026-04-01T12:33:45+00:00","og_image":[{"width":2000,"height":2000,"url":"https:\/\/www.anniesloan.com\/de\/wp-content\/uploads\/sites\/3\/2021\/05\/White-Chalk-Paint-Wax-500ml-and-120ml-LORES-RGB.jpg","type":"image\/jpeg"}],"twitter_card":"summary_large_image","twitter_misc":{"Availability":"In stock"},"schema":{"@context":"https:\/\/schema.org","@graph":[{"@type":"WebPage","@id":"https:\/\/www.anniesloan.com\/de\/produkt\/wachse-und-finishes\/wachs-weiss\/","url":"https:\/\/www.anniesloan.com\/de\/produkt\/wachse-und-finishes\/wachs-weiss\/","name":"White Chalk Paint\u2122 Wax | Annie Sloan DE","isPartOf":{"@id":"https:\/\/www.anniesloan.com\/de\/#website"},"primaryImageOfPage":{"@id":"https:\/\/www.anniesloan.com\/de\/produkt\/wachse-und-finishes\/wachs-weiss\/#primaryimage"},"image":{"@id":"https:\/\/www.anniesloan.com\/de\/produkt\/wachse-und-finishes\/wachs-weiss\/#primaryimage"},"thumbnailUrl":"https:\/\/www.anniesloan.com\/de\/wp-content\/uploads\/sites\/3\/2021\/05\/White-Chalk-Paint-Wax-500ml-and-120ml-LORES-RGB.jpg","datePublished":"2020-02-07T15:24:42+00:00","dateModified":"2026-04-01T12:33:45+00:00","description":"Mit wei\u00dfem Chalk Paint\u2122 Wachs werden Chalk Paint\u2122 Farben weicher und heller \u2013 direkt auf unlackiertem Holz aufgetragen, erh\u00e4lt man einen gekalkten Effekt.","breadcrumb":{"@id":"https:\/\/www.anniesloan.com\/de\/produkt\/wachse-und-finishes\/wachs-weiss\/#breadcrumb"},"inLanguage":"de-DE","potentialAction":[{"@type":"ReadAction","target":["https:\/\/www.anniesloan.com\/de\/produkt\/wachse-und-finishes\/wachs-weiss\/"]}]},{"@type":"ImageObject","inLanguage":"de-DE","@id":"https:\/\/www.anniesloan.com\/de\/produkt\/wachse-und-finishes\/wachs-weiss\/#primaryimage","url":"https:\/\/www.anniesloan.com\/de\/wp-content\/uploads\/sites\/3\/2021\/05\/White-Chalk-Paint-Wax-500ml-and-120ml-LORES-RGB.jpg","contentUrl":"https:\/\/www.anniesloan.com\/de\/wp-content\/uploads\/sites\/3\/2021\/05\/White-Chalk-Paint-Wax-500ml-and-120ml-LORES-RGB.jpg","width":2000,"height":2000},{"@type":"BreadcrumbList","@id":"https:\/\/www.anniesloan.com\/de\/produkt\/wachse-und-finishes\/wachs-weiss\/#breadcrumb","itemListElement":[{"@type":"ListItem","position":1,"name":"Produkte","item":"https:\/\/www.anniesloan.com\/de\/produkte\/"},{"@type":"ListItem","position":2,"name":"Wachse und Finishes","item":"https:\/\/www.anniesloan.com\/de\/produkte\/wachse-und-finishes\/"},{"@type":"ListItem","position":3,"name":"White Chalk Paint\u2122 Wax"}]},{"@type":"WebSite","@id":"https:\/\/www.anniesloan.com\/de\/#website","url":"https:\/\/www.anniesloan.com\/de\/","name":"Annie Sloan DE","description":"Die Heimat der Chalk Paint\u2122","publisher":{"@id":"https:\/\/www.anniesloan.com\/de\/#organization"},"potentialAction":[{"@type":"SearchAction","target":{"@type":"EntryPoint","urlTemplate":"https:\/\/www.anniesloan.com\/de\/?s={search_term_string}"},"query-input":{"@type":"PropertyValueSpecification","valueRequired":true,"valueName":"search_term_string"}}],"inLanguage":"de-DE"},{"@type":"Organization","@id":"https:\/\/www.anniesloan.com\/de\/#organization","name":"Annie Sloan","url":"https:\/\/www.anniesloan.com\/de\/","logo":{"@type":"ImageObject","inLanguage":"de-DE","@id":"https:\/\/www.anniesloan.com\/de\/#\/schema\/logo\/image\/","url":"https:\/\/www.anniesloan.com\/de\/wp-content\/uploads\/sites\/3\/2021\/07\/anniesloan-logo.jpg","contentUrl":"https:\/\/www.anniesloan.com\/de\/wp-content\/uploads\/sites\/3\/2021\/07\/anniesloan-logo.jpg","width":1200,"height":361,"caption":"Annie Sloan"},"image":{"@id":"https:\/\/www.anniesloan.com\/de\/#\/schema\/logo\/image\/"}}]},"og_availability":"instock","product_availability":"instock","product_retailer_item_id":"WHITE-WAX","product_condition":"new"},"_links":{"self":[{"href":"https:\/\/www.anniesloan.com\/de\/wp-json\/wp\/v2\/product\/20830","targetHints":{"allow":["GET"]}}],"collection":[{"href":"https:\/\/www.anniesloan.com\/de\/wp-json\/wp\/v2\/product"}],"about":[{"href":"https:\/\/www.anniesloan.com\/de\/wp-json\/wp\/v2\/types\/product"}],"wp:featuredmedia":[{"embeddable":true,"href":"https:\/\/www.anniesloan.com\/de\/wp-json\/wp\/v2\/media\/20831"}],"wp:attachment":[{"href":"https:\/\/www.anniesloan.com\/de\/wp-json\/wp\/v2\/media?parent=20830"}],"wp:term":[{"taxonomy":"product_brand","embeddable":true,"href":"https:\/\/www.anniesloan.com\/de\/wp-json\/wp\/v2\/product_brand?post=20830"},{"taxonomy":"product_cat","embeddable":true,"href":"https:\/\/www.anniesloan.com\/de\/wp-json\/wp\/v2\/product_cat?post=20830"},{"taxonomy":"product_tag","embeddable":true,"href":"https:\/\/www.anniesloan.com\/de\/wp-json\/wp\/v2\/product_tag?post=20830"}],"curies":[{"name":"wp","href":"https:\/\/api.w.org\/{rel}","templated":true}]}}