{"id":20814,"date":"2020-02-07T17:18:34","date_gmt":"2020-02-07T16:18:34","guid":{"rendered":"https:\/\/www.anniesloan.com\/product\/dark-chalk-paint-wax\/"},"modified":"2026-04-07T10:31:11","modified_gmt":"2026-04-07T08:31:11","slug":"wachs-dunkel","status":"publish","type":"product","link":"https:\/\/www.anniesloan.com\/de\/produkt\/wachse-und-finishes\/wachs-dunkel\/","title":{"rendered":"Dark Chalk Paint\u2122 Wax"},"content":{"rendered":"","protected":false},"excerpt":{"rendered":"<p>Dark Chalk Paint\u2122 Wax wird verwendet, um die Farboberfl\u00e4che eines M\u00f6belst\u00fcckes einen Antik-Effekt und Struktur zu verleihen. Man verwendet es zusammen mit Clear Chalk Paint\u2122 Wax, um die mit dekorativen Chalk Paint\u2122 Farben gestrichenen M\u00f6bel oder W\u00e4nde zu versiegeln und zu sch\u00fctzen.<\/p>\n<p>Um den f\u00fcr Annie typischen Stil zu erzielen, tr\u00e4gt man das Wachs mit einem Chalk Paint\u2122 Wachspinsel in einer d\u00fcnnen Schicht auf die Farboberfl\u00e4che auf. Dabei arbeitet man am Besten in kleineren Abschnitten und nimmt mit einem sauberen Tuch \u00fcbersch\u00fcssiges Wachs ab. Als n\u00e4chstes tr\u00e4gt man das dunkle Wachs auf und arbeitet es tief in die Oberfl\u00e4che ein, um so Pinselstriche, Strukturen und Vertiefungen hervorzuheben. \u00dcbersch\u00fcssiges dunkles Wachs kann man einfach mit etwas transparentem Wachs wieder abnehmen. Dabei sollte jeder Fl\u00e4chenabschnitt des M\u00f6belst\u00fcckes zumindest einmal gewachst sein.<\/p>\n","protected":false},"featured_media":20815,"template":"","meta":{"_acf_changed":false,"_relevanssi_hide_post":"","_relevanssi_hide_content":"","_relevanssi_pin_for_all":"","_relevanssi_pin_keywords":"","_relevanssi_unpin_keywords":"","_relevanssi_related_keywords":"","_relevanssi_related_include_ids":"","_relevanssi_related_exclude_ids":"","_relevanssi_related_no_append":"","_relevanssi_related_not_related":"","_relevanssi_related_posts":"","_relevanssi_noindex_reason":""},"product_brand":[],"product_cat":[44,65,1172],"product_tag":[],"class_list":{"0":"post-20814","1":"product","2":"type-product","3":"status-publish","4":"has-post-thumbnail","6":"product_cat-wachse-und-finishes","7":"product_cat-geschenkideen-und-sets","8":"product_cat-geschenke-unter-30e","9":"pa_size-120-ml","10":"pa_size-500-ml","12":"first","13":"instock","14":"taxable","15":"shipping-taxable","16":"purchasable","17":"product-type-variable"},"acf":[],"yoast_head":"<!-- This site is optimized with the Yoast SEO Premium plugin v26.5 (Yoast SEO v26.5) - https:\/\/yoast.com\/wordpress\/plugins\/seo\/ -->\n<title>Dark Chalk Paint\u2122 Wax | Annie Sloan DE<\/title>\n<meta name=\"description\" content=\"Verwenden Sie dunkles Chalk Paint\u2122 Wachs, um Farboberfl\u00e4chen einen Antik-Effekt und Struktur zu verleihen \u2013 perfekt f\u00fcr M\u00f6bel im Vintage-Stil.\" \/>\n<meta name=\"robots\" content=\"index, follow, max-snippet:-1, max-image-preview:large, max-video-preview:-1\" \/>\n<link rel=\"canonical\" href=\"https:\/\/www.anniesloan.com\/de\/produkt\/wachse-und-finishes\/wachs-dunkel\/\" \/>\n<meta property=\"og:locale\" content=\"de_DE\" \/>\n<meta property=\"og:type\" content=\"article\" \/>\n<meta property=\"og:title\" content=\"Dark Chalk Paint\u2122 Wax\" \/>\n<meta property=\"og:description\" content=\"Verwenden Sie dunkles Chalk Paint\u2122 Wachs, um Farboberfl\u00e4chen einen Antik-Effekt und Struktur zu verleihen \u2013 perfekt f\u00fcr M\u00f6bel im Vintage-Stil.\" \/>\n<meta property=\"og:url\" content=\"https:\/\/www.anniesloan.com\/de\/produkt\/wachse-und-finishes\/wachs-dunkel\/\" \/>\n<meta property=\"og:site_name\" content=\"Annie Sloan DE\" \/>\n<meta property=\"article:modified_time\" content=\"2026-04-07T08:31:11+00:00\" \/>\n<meta property=\"og:image\" content=\"https:\/\/www.anniesloan.com\/de\/wp-content\/uploads\/sites\/3\/2021\/05\/Dark-Chalk-Paint-Wax-500ml-and-120ml-LORES-RGB.jpg\" \/>\n\t<meta property=\"og:image:width\" content=\"2000\" \/>\n\t<meta property=\"og:image:height\" content=\"2000\" \/>\n\t<meta property=\"og:image:type\" content=\"image\/jpeg\" \/>\n<meta name=\"twitter:card\" content=\"summary_large_image\" \/>\n<meta name=\"twitter:label1\" content=\"Availability\" \/>\n\t<meta name=\"twitter:data1\" content=\"In stock\" \/>\n<script type=\"application\/ld+json\" class=\"yoast-schema-graph\">{\"@context\":\"https:\/\/schema.org\",\"@graph\":[{\"@type\":\"WebPage\",\"@id\":\"https:\/\/www.anniesloan.com\/de\/produkt\/wachse-und-finishes\/wachs-dunkel\/\",\"url\":\"https:\/\/www.anniesloan.com\/de\/produkt\/wachse-und-finishes\/wachs-dunkel\/\",\"name\":\"Dark Chalk Paint\u2122 Wax | Annie Sloan DE\",\"isPartOf\":{\"@id\":\"https:\/\/www.anniesloan.com\/de\/#website\"},\"primaryImageOfPage\":{\"@id\":\"https:\/\/www.anniesloan.com\/de\/produkt\/wachse-und-finishes\/wachs-dunkel\/#primaryimage\"},\"image\":{\"@id\":\"https:\/\/www.anniesloan.com\/de\/produkt\/wachse-und-finishes\/wachs-dunkel\/#primaryimage\"},\"thumbnailUrl\":\"https:\/\/www.anniesloan.com\/de\/wp-content\/uploads\/sites\/3\/2021\/05\/Dark-Chalk-Paint-Wax-500ml-and-120ml-LORES-RGB.jpg\",\"datePublished\":\"2020-02-07T16:18:34+00:00\",\"dateModified\":\"2026-04-07T08:31:11+00:00\",\"description\":\"Verwenden Sie dunkles Chalk Paint\u2122 Wachs, um Farboberfl\u00e4chen einen Antik-Effekt und Struktur zu verleihen \u2013 perfekt f\u00fcr M\u00f6bel im Vintage-Stil.\",\"breadcrumb\":{\"@id\":\"https:\/\/www.anniesloan.com\/de\/produkt\/wachse-und-finishes\/wachs-dunkel\/#breadcrumb\"},\"inLanguage\":\"de-DE\",\"potentialAction\":[{\"@type\":\"ReadAction\",\"target\":[\"https:\/\/www.anniesloan.com\/de\/produkt\/wachse-und-finishes\/wachs-dunkel\/\"]}]},{\"@type\":\"ImageObject\",\"inLanguage\":\"de-DE\",\"@id\":\"https:\/\/www.anniesloan.com\/de\/produkt\/wachse-und-finishes\/wachs-dunkel\/#primaryimage\",\"url\":\"https:\/\/www.anniesloan.com\/de\/wp-content\/uploads\/sites\/3\/2021\/05\/Dark-Chalk-Paint-Wax-500ml-and-120ml-LORES-RGB.jpg\",\"contentUrl\":\"https:\/\/www.anniesloan.com\/de\/wp-content\/uploads\/sites\/3\/2021\/05\/Dark-Chalk-Paint-Wax-500ml-and-120ml-LORES-RGB.jpg\",\"width\":2000,\"height\":2000},{\"@type\":\"BreadcrumbList\",\"@id\":\"https:\/\/www.anniesloan.com\/de\/produkt\/wachse-und-finishes\/wachs-dunkel\/#breadcrumb\",\"itemListElement\":[{\"@type\":\"ListItem\",\"position\":1,\"name\":\"Produkte\",\"item\":\"https:\/\/www.anniesloan.com\/de\/produkte\/\"},{\"@type\":\"ListItem\",\"position\":2,\"name\":\"Wachse und Finishes\",\"item\":\"https:\/\/www.anniesloan.com\/de\/produkte\/wachse-und-finishes\/\"},{\"@type\":\"ListItem\",\"position\":3,\"name\":\"Dark Chalk Paint\u2122 Wax\"}]},{\"@type\":\"WebSite\",\"@id\":\"https:\/\/www.anniesloan.com\/de\/#website\",\"url\":\"https:\/\/www.anniesloan.com\/de\/\",\"name\":\"Annie Sloan DE\",\"description\":\"Die Heimat der Chalk Paint\u2122\",\"publisher\":{\"@id\":\"https:\/\/www.anniesloan.com\/de\/#organization\"},\"potentialAction\":[{\"@type\":\"SearchAction\",\"target\":{\"@type\":\"EntryPoint\",\"urlTemplate\":\"https:\/\/www.anniesloan.com\/de\/?s={search_term_string}\"},\"query-input\":{\"@type\":\"PropertyValueSpecification\",\"valueRequired\":true,\"valueName\":\"search_term_string\"}}],\"inLanguage\":\"de-DE\"},{\"@type\":\"Organization\",\"@id\":\"https:\/\/www.anniesloan.com\/de\/#organization\",\"name\":\"Annie Sloan\",\"url\":\"https:\/\/www.anniesloan.com\/de\/\",\"logo\":{\"@type\":\"ImageObject\",\"inLanguage\":\"de-DE\",\"@id\":\"https:\/\/www.anniesloan.com\/de\/#\/schema\/logo\/image\/\",\"url\":\"https:\/\/www.anniesloan.com\/de\/wp-content\/uploads\/sites\/3\/2021\/07\/anniesloan-logo.jpg\",\"contentUrl\":\"https:\/\/www.anniesloan.com\/de\/wp-content\/uploads\/sites\/3\/2021\/07\/anniesloan-logo.jpg\",\"width\":1200,\"height\":361,\"caption\":\"Annie Sloan\"},\"image\":{\"@id\":\"https:\/\/www.anniesloan.com\/de\/#\/schema\/logo\/image\/\"}}]}<\/script>\n<meta property=\"og:availability\" content=\"instock\" \/>\n<meta property=\"product:availability\" content=\"instock\" \/>\n<meta property=\"product:retailer_item_id\" content=\"DARK-WAX\" \/>\n<meta property=\"product:condition\" content=\"new\" \/>\n<!-- \/ Yoast SEO Premium plugin. -->","yoast_head_json":{"title":"Dark Chalk Paint\u2122 Wax | Annie Sloan DE","description":"Verwenden Sie dunkles Chalk Paint\u2122 Wachs, um Farboberfl\u00e4chen einen Antik-Effekt und Struktur zu verleihen \u2013 perfekt f\u00fcr M\u00f6bel im Vintage-Stil.","robots":{"index":"index","follow":"follow","max-snippet":"max-snippet:-1","max-image-preview":"max-image-preview:large","max-video-preview":"max-video-preview:-1"},"canonical":"https:\/\/www.anniesloan.com\/de\/produkt\/wachse-und-finishes\/wachs-dunkel\/","og_locale":"de_DE","og_type":"article","og_title":"Dark Chalk Paint\u2122 Wax","og_description":"Verwenden Sie dunkles Chalk Paint\u2122 Wachs, um Farboberfl\u00e4chen einen Antik-Effekt und Struktur zu verleihen \u2013 perfekt f\u00fcr M\u00f6bel im Vintage-Stil.","og_url":"https:\/\/www.anniesloan.com\/de\/produkt\/wachse-und-finishes\/wachs-dunkel\/","og_site_name":"Annie Sloan DE","article_modified_time":"2026-04-07T08:31:11+00:00","og_image":[{"width":2000,"height":2000,"url":"https:\/\/www.anniesloan.com\/de\/wp-content\/uploads\/sites\/3\/2021\/05\/Dark-Chalk-Paint-Wax-500ml-and-120ml-LORES-RGB.jpg","type":"image\/jpeg"}],"twitter_card":"summary_large_image","twitter_misc":{"Availability":"In stock"},"schema":{"@context":"https:\/\/schema.org","@graph":[{"@type":"WebPage","@id":"https:\/\/www.anniesloan.com\/de\/produkt\/wachse-und-finishes\/wachs-dunkel\/","url":"https:\/\/www.anniesloan.com\/de\/produkt\/wachse-und-finishes\/wachs-dunkel\/","name":"Dark Chalk Paint\u2122 Wax | Annie Sloan DE","isPartOf":{"@id":"https:\/\/www.anniesloan.com\/de\/#website"},"primaryImageOfPage":{"@id":"https:\/\/www.anniesloan.com\/de\/produkt\/wachse-und-finishes\/wachs-dunkel\/#primaryimage"},"image":{"@id":"https:\/\/www.anniesloan.com\/de\/produkt\/wachse-und-finishes\/wachs-dunkel\/#primaryimage"},"thumbnailUrl":"https:\/\/www.anniesloan.com\/de\/wp-content\/uploads\/sites\/3\/2021\/05\/Dark-Chalk-Paint-Wax-500ml-and-120ml-LORES-RGB.jpg","datePublished":"2020-02-07T16:18:34+00:00","dateModified":"2026-04-07T08:31:11+00:00","description":"Verwenden Sie dunkles Chalk Paint\u2122 Wachs, um Farboberfl\u00e4chen einen Antik-Effekt und Struktur zu verleihen \u2013 perfekt f\u00fcr M\u00f6bel im Vintage-Stil.","breadcrumb":{"@id":"https:\/\/www.anniesloan.com\/de\/produkt\/wachse-und-finishes\/wachs-dunkel\/#breadcrumb"},"inLanguage":"de-DE","potentialAction":[{"@type":"ReadAction","target":["https:\/\/www.anniesloan.com\/de\/produkt\/wachse-und-finishes\/wachs-dunkel\/"]}]},{"@type":"ImageObject","inLanguage":"de-DE","@id":"https:\/\/www.anniesloan.com\/de\/produkt\/wachse-und-finishes\/wachs-dunkel\/#primaryimage","url":"https:\/\/www.anniesloan.com\/de\/wp-content\/uploads\/sites\/3\/2021\/05\/Dark-Chalk-Paint-Wax-500ml-and-120ml-LORES-RGB.jpg","contentUrl":"https:\/\/www.anniesloan.com\/de\/wp-content\/uploads\/sites\/3\/2021\/05\/Dark-Chalk-Paint-Wax-500ml-and-120ml-LORES-RGB.jpg","width":2000,"height":2000},{"@type":"BreadcrumbList","@id":"https:\/\/www.anniesloan.com\/de\/produkt\/wachse-und-finishes\/wachs-dunkel\/#breadcrumb","itemListElement":[{"@type":"ListItem","position":1,"name":"Produkte","item":"https:\/\/www.anniesloan.com\/de\/produkte\/"},{"@type":"ListItem","position":2,"name":"Wachse und Finishes","item":"https:\/\/www.anniesloan.com\/de\/produkte\/wachse-und-finishes\/"},{"@type":"ListItem","position":3,"name":"Dark Chalk Paint\u2122 Wax"}]},{"@type":"WebSite","@id":"https:\/\/www.anniesloan.com\/de\/#website","url":"https:\/\/www.anniesloan.com\/de\/","name":"Annie Sloan DE","description":"Die Heimat der Chalk Paint\u2122","publisher":{"@id":"https:\/\/www.anniesloan.com\/de\/#organization"},"potentialAction":[{"@type":"SearchAction","target":{"@type":"EntryPoint","urlTemplate":"https:\/\/www.anniesloan.com\/de\/?s={search_term_string}"},"query-input":{"@type":"PropertyValueSpecification","valueRequired":true,"valueName":"search_term_string"}}],"inLanguage":"de-DE"},{"@type":"Organization","@id":"https:\/\/www.anniesloan.com\/de\/#organization","name":"Annie Sloan","url":"https:\/\/www.anniesloan.com\/de\/","logo":{"@type":"ImageObject","inLanguage":"de-DE","@id":"https:\/\/www.anniesloan.com\/de\/#\/schema\/logo\/image\/","url":"https:\/\/www.anniesloan.com\/de\/wp-content\/uploads\/sites\/3\/2021\/07\/anniesloan-logo.jpg","contentUrl":"https:\/\/www.anniesloan.com\/de\/wp-content\/uploads\/sites\/3\/2021\/07\/anniesloan-logo.jpg","width":1200,"height":361,"caption":"Annie Sloan"},"image":{"@id":"https:\/\/www.anniesloan.com\/de\/#\/schema\/logo\/image\/"}}]},"og_availability":"instock","product_availability":"instock","product_retailer_item_id":"DARK-WAX","product_condition":"new"},"_links":{"self":[{"href":"https:\/\/www.anniesloan.com\/de\/wp-json\/wp\/v2\/product\/20814","targetHints":{"allow":["GET"]}}],"collection":[{"href":"https:\/\/www.anniesloan.com\/de\/wp-json\/wp\/v2\/product"}],"about":[{"href":"https:\/\/www.anniesloan.com\/de\/wp-json\/wp\/v2\/types\/product"}],"wp:featuredmedia":[{"embeddable":true,"href":"https:\/\/www.anniesloan.com\/de\/wp-json\/wp\/v2\/media\/20815"}],"wp:attachment":[{"href":"https:\/\/www.anniesloan.com\/de\/wp-json\/wp\/v2\/media?parent=20814"}],"wp:term":[{"taxonomy":"product_brand","embeddable":true,"href":"https:\/\/www.anniesloan.com\/de\/wp-json\/wp\/v2\/product_brand?post=20814"},{"taxonomy":"product_cat","embeddable":true,"href":"https:\/\/www.anniesloan.com\/de\/wp-json\/wp\/v2\/product_cat?post=20814"},{"taxonomy":"product_tag","embeddable":true,"href":"https:\/\/www.anniesloan.com\/de\/wp-json\/wp\/v2\/product_tag?post=20814"}],"curies":[{"name":"wp","href":"https:\/\/api.w.org\/{rel}","templated":true}]}}