{"id":20755,"date":"2020-02-07T16:11:43","date_gmt":"2020-02-07T15:11:43","guid":{"rendered":"https:\/\/www.anniesloan.com\/product\/clear-chalk-paint-wax\/"},"modified":"2026-04-16T11:08:27","modified_gmt":"2026-04-16T09:08:27","slug":"wachs-transparent","status":"publish","type":"product","link":"https:\/\/www.anniesloan.com\/de\/produkt\/wachse-und-finishes\/wachs-transparent\/","title":{"rendered":"Clear Chalk Paint\u2122 Wax"},"content":{"rendered":"","protected":false},"excerpt":{"rendered":"<p>Chalk Paint\u2122 Wax wird verwendet, um die mit Chalk Paint\u2122 Farben gestrichenen M\u00f6bel oder W\u00e4nde zu versiegeln und zu sch\u00fctzen. Chalk Paint\u2122 Wax hebt die Farbtiefe hervor und verleiht eine wunderbar weiche Oberfl\u00e4chenstruktur und kann je nach Wunsch auch auf Hochglanz poliert werden. Es ist au\u00dferdem wasserabweisend und kann daher f\u00fcr Esstische und K\u00fcchenschr\u00e4nke verwendet werden.<\/p>\n<p>Um den f\u00fcr Annie typischen Stil zu erzielen, tr\u00e4gt man das Wachs mit einem Chalk Paint\u2122 Wachspinsel in einer d\u00fcnnen Schicht auf die Farboberfl\u00e4che auf. Dabei arbeitet man am Besten in kleineren Abschnitten und nimmt mit einem sauberen Tuch \u00fcbersch\u00fcssiges Wachs ab. So k\u00f6nnen Antik-Effekte erzielt werden, indem die Oberfl\u00e4che nach dem Trocknen abgeschliffen wird und so die darunter liegende Farbschicht hervortreten l\u00e4sst. Danach tr\u00e4gt man dann eine zweite Wachsschicht auf.<\/p>\n","protected":false},"featured_media":20756,"template":"","meta":{"_acf_changed":false,"_relevanssi_hide_post":"","_relevanssi_hide_content":"","_relevanssi_pin_for_all":"","_relevanssi_pin_keywords":"","_relevanssi_unpin_keywords":"","_relevanssi_related_keywords":"","_relevanssi_related_include_ids":"","_relevanssi_related_exclude_ids":"","_relevanssi_related_no_append":"","_relevanssi_related_not_related":"","_relevanssi_related_posts":"","_relevanssi_noindex_reason":""},"product_brand":[],"product_cat":[44,65],"product_tag":[],"class_list":{"0":"post-20755","1":"product","2":"type-product","3":"status-publish","4":"has-post-thumbnail","6":"product_cat-wachse-und-finishes","7":"product_cat-geschenkideen-und-sets","8":"pa_size-120-ml","9":"pa_size-2-5-liter","10":"pa_size-500-ml","12":"first","13":"instock","14":"taxable","15":"shipping-taxable","16":"purchasable","17":"product-type-variable"},"acf":[],"yoast_head":"<!-- This site is optimized with the Yoast SEO Premium plugin v26.5 (Yoast SEO v26.5) - https:\/\/yoast.com\/wordpress\/plugins\/seo\/ -->\n<title>Clear Chalk Paint\u2122 Wax | Annie Sloan DE<\/title>\n<meta name=\"description\" content=\"Chalk Paint\u2122 Wachs zum Versiegeln und Schutz Ihrer mit Chalk Paint\u2122 gestrichenen M\u00f6bel oder W\u00e4nde \u2013 wasserabweisend, ideal f\u00fcr Esstische und mehr.\" \/>\n<meta name=\"robots\" content=\"index, follow, max-snippet:-1, max-image-preview:large, max-video-preview:-1\" \/>\n<link rel=\"canonical\" href=\"https:\/\/www.anniesloan.com\/de\/produkt\/wachse-und-finishes\/wachs-transparent\/\" \/>\n<meta property=\"og:locale\" content=\"de_DE\" \/>\n<meta property=\"og:type\" content=\"article\" \/>\n<meta property=\"og:title\" content=\"Clear Chalk Paint\u2122 Wax\" \/>\n<meta property=\"og:description\" content=\"Chalk Paint\u2122 Wachs zum Versiegeln und Schutz Ihrer mit Chalk Paint\u2122 gestrichenen M\u00f6bel oder W\u00e4nde \u2013 wasserabweisend, ideal f\u00fcr Esstische und mehr.\" \/>\n<meta property=\"og:url\" content=\"https:\/\/www.anniesloan.com\/de\/produkt\/wachse-und-finishes\/wachs-transparent\/\" \/>\n<meta property=\"og:site_name\" content=\"Annie Sloan DE\" \/>\n<meta property=\"article:modified_time\" content=\"2026-04-16T09:08:27+00:00\" \/>\n<meta property=\"og:image\" content=\"https:\/\/www.anniesloan.com\/de\/wp-content\/uploads\/sites\/3\/2021\/05\/Clear-Chalk-Paint-Wax-500ml-and-120ml-LORES-RGB.jpg\" \/>\n\t<meta property=\"og:image:width\" content=\"2000\" \/>\n\t<meta property=\"og:image:height\" content=\"2000\" \/>\n\t<meta property=\"og:image:type\" content=\"image\/jpeg\" \/>\n<meta name=\"twitter:card\" content=\"summary_large_image\" \/>\n<meta name=\"twitter:label1\" content=\"Availability\" \/>\n\t<meta name=\"twitter:data1\" content=\"In stock\" \/>\n<script type=\"application\/ld+json\" class=\"yoast-schema-graph\">{\"@context\":\"https:\/\/schema.org\",\"@graph\":[{\"@type\":\"WebPage\",\"@id\":\"https:\/\/www.anniesloan.com\/de\/produkt\/wachse-und-finishes\/wachs-transparent\/\",\"url\":\"https:\/\/www.anniesloan.com\/de\/produkt\/wachse-und-finishes\/wachs-transparent\/\",\"name\":\"Clear Chalk Paint\u2122 Wax | Annie Sloan DE\",\"isPartOf\":{\"@id\":\"https:\/\/www.anniesloan.com\/de\/#website\"},\"primaryImageOfPage\":{\"@id\":\"https:\/\/www.anniesloan.com\/de\/produkt\/wachse-und-finishes\/wachs-transparent\/#primaryimage\"},\"image\":{\"@id\":\"https:\/\/www.anniesloan.com\/de\/produkt\/wachse-und-finishes\/wachs-transparent\/#primaryimage\"},\"thumbnailUrl\":\"https:\/\/www.anniesloan.com\/de\/wp-content\/uploads\/sites\/3\/2021\/05\/Clear-Chalk-Paint-Wax-500ml-and-120ml-LORES-RGB.jpg\",\"datePublished\":\"2020-02-07T15:11:43+00:00\",\"dateModified\":\"2026-04-16T09:08:27+00:00\",\"description\":\"Chalk Paint\u2122 Wachs zum Versiegeln und Schutz Ihrer mit Chalk Paint\u2122 gestrichenen M\u00f6bel oder W\u00e4nde \u2013 wasserabweisend, ideal f\u00fcr Esstische und mehr.\",\"breadcrumb\":{\"@id\":\"https:\/\/www.anniesloan.com\/de\/produkt\/wachse-und-finishes\/wachs-transparent\/#breadcrumb\"},\"inLanguage\":\"de-DE\",\"potentialAction\":[{\"@type\":\"ReadAction\",\"target\":[\"https:\/\/www.anniesloan.com\/de\/produkt\/wachse-und-finishes\/wachs-transparent\/\"]}]},{\"@type\":\"ImageObject\",\"inLanguage\":\"de-DE\",\"@id\":\"https:\/\/www.anniesloan.com\/de\/produkt\/wachse-und-finishes\/wachs-transparent\/#primaryimage\",\"url\":\"https:\/\/www.anniesloan.com\/de\/wp-content\/uploads\/sites\/3\/2021\/05\/Clear-Chalk-Paint-Wax-500ml-and-120ml-LORES-RGB.jpg\",\"contentUrl\":\"https:\/\/www.anniesloan.com\/de\/wp-content\/uploads\/sites\/3\/2021\/05\/Clear-Chalk-Paint-Wax-500ml-and-120ml-LORES-RGB.jpg\",\"width\":2000,\"height\":2000},{\"@type\":\"BreadcrumbList\",\"@id\":\"https:\/\/www.anniesloan.com\/de\/produkt\/wachse-und-finishes\/wachs-transparent\/#breadcrumb\",\"itemListElement\":[{\"@type\":\"ListItem\",\"position\":1,\"name\":\"Produkte\",\"item\":\"https:\/\/www.anniesloan.com\/de\/produkte\/\"},{\"@type\":\"ListItem\",\"position\":2,\"name\":\"Wachse und Finishes\",\"item\":\"https:\/\/www.anniesloan.com\/de\/produkte\/wachse-und-finishes\/\"},{\"@type\":\"ListItem\",\"position\":3,\"name\":\"Clear Chalk Paint\u2122 Wax\"}]},{\"@type\":\"WebSite\",\"@id\":\"https:\/\/www.anniesloan.com\/de\/#website\",\"url\":\"https:\/\/www.anniesloan.com\/de\/\",\"name\":\"Annie Sloan DE\",\"description\":\"Die Heimat der Chalk Paint\u2122\",\"potentialAction\":[{\"@type\":\"SearchAction\",\"target\":{\"@type\":\"EntryPoint\",\"urlTemplate\":\"https:\/\/www.anniesloan.com\/de\/?s={search_term_string}\"},\"query-input\":{\"@type\":\"PropertyValueSpecification\",\"valueRequired\":true,\"valueName\":\"search_term_string\"}}],\"inLanguage\":\"de-DE\"}]}<\/script>\n<meta property=\"og:availability\" content=\"instock\" \/>\n<meta property=\"product:availability\" content=\"instock\" \/>\n<meta property=\"product:retailer_item_id\" content=\"CLEAR-WAX\" \/>\n<meta property=\"product:condition\" content=\"new\" \/>\n<!-- \/ Yoast SEO Premium plugin. -->","yoast_head_json":{"title":"Clear Chalk Paint\u2122 Wax | Annie Sloan DE","description":"Chalk Paint\u2122 Wachs zum Versiegeln und Schutz Ihrer mit Chalk Paint\u2122 gestrichenen M\u00f6bel oder W\u00e4nde \u2013 wasserabweisend, ideal f\u00fcr Esstische und mehr.","robots":{"index":"index","follow":"follow","max-snippet":"max-snippet:-1","max-image-preview":"max-image-preview:large","max-video-preview":"max-video-preview:-1"},"canonical":"https:\/\/www.anniesloan.com\/de\/produkt\/wachse-und-finishes\/wachs-transparent\/","og_locale":"de_DE","og_type":"article","og_title":"Clear Chalk Paint\u2122 Wax","og_description":"Chalk Paint\u2122 Wachs zum Versiegeln und Schutz Ihrer mit Chalk Paint\u2122 gestrichenen M\u00f6bel oder W\u00e4nde \u2013 wasserabweisend, ideal f\u00fcr Esstische und mehr.","og_url":"https:\/\/www.anniesloan.com\/de\/produkt\/wachse-und-finishes\/wachs-transparent\/","og_site_name":"Annie Sloan DE","article_modified_time":"2026-04-16T09:08:27+00:00","og_image":[{"width":2000,"height":2000,"url":"https:\/\/www.anniesloan.com\/de\/wp-content\/uploads\/sites\/3\/2021\/05\/Clear-Chalk-Paint-Wax-500ml-and-120ml-LORES-RGB.jpg","type":"image\/jpeg"}],"twitter_card":"summary_large_image","twitter_misc":{"Availability":"In stock"},"schema":{"@context":"https:\/\/schema.org","@graph":[{"@type":"WebPage","@id":"https:\/\/www.anniesloan.com\/de\/produkt\/wachse-und-finishes\/wachs-transparent\/","url":"https:\/\/www.anniesloan.com\/de\/produkt\/wachse-und-finishes\/wachs-transparent\/","name":"Clear Chalk Paint\u2122 Wax | Annie Sloan DE","isPartOf":{"@id":"https:\/\/www.anniesloan.com\/de\/#website"},"primaryImageOfPage":{"@id":"https:\/\/www.anniesloan.com\/de\/produkt\/wachse-und-finishes\/wachs-transparent\/#primaryimage"},"image":{"@id":"https:\/\/www.anniesloan.com\/de\/produkt\/wachse-und-finishes\/wachs-transparent\/#primaryimage"},"thumbnailUrl":"https:\/\/www.anniesloan.com\/de\/wp-content\/uploads\/sites\/3\/2021\/05\/Clear-Chalk-Paint-Wax-500ml-and-120ml-LORES-RGB.jpg","datePublished":"2020-02-07T15:11:43+00:00","dateModified":"2026-04-16T09:08:27+00:00","description":"Chalk Paint\u2122 Wachs zum Versiegeln und Schutz Ihrer mit Chalk Paint\u2122 gestrichenen M\u00f6bel oder W\u00e4nde \u2013 wasserabweisend, ideal f\u00fcr Esstische und mehr.","breadcrumb":{"@id":"https:\/\/www.anniesloan.com\/de\/produkt\/wachse-und-finishes\/wachs-transparent\/#breadcrumb"},"inLanguage":"de-DE","potentialAction":[{"@type":"ReadAction","target":["https:\/\/www.anniesloan.com\/de\/produkt\/wachse-und-finishes\/wachs-transparent\/"]}]},{"@type":"ImageObject","inLanguage":"de-DE","@id":"https:\/\/www.anniesloan.com\/de\/produkt\/wachse-und-finishes\/wachs-transparent\/#primaryimage","url":"https:\/\/www.anniesloan.com\/de\/wp-content\/uploads\/sites\/3\/2021\/05\/Clear-Chalk-Paint-Wax-500ml-and-120ml-LORES-RGB.jpg","contentUrl":"https:\/\/www.anniesloan.com\/de\/wp-content\/uploads\/sites\/3\/2021\/05\/Clear-Chalk-Paint-Wax-500ml-and-120ml-LORES-RGB.jpg","width":2000,"height":2000},{"@type":"BreadcrumbList","@id":"https:\/\/www.anniesloan.com\/de\/produkt\/wachse-und-finishes\/wachs-transparent\/#breadcrumb","itemListElement":[{"@type":"ListItem","position":1,"name":"Produkte","item":"https:\/\/www.anniesloan.com\/de\/produkte\/"},{"@type":"ListItem","position":2,"name":"Wachse und Finishes","item":"https:\/\/www.anniesloan.com\/de\/produkte\/wachse-und-finishes\/"},{"@type":"ListItem","position":3,"name":"Clear Chalk Paint\u2122 Wax"}]},{"@type":"WebSite","@id":"https:\/\/www.anniesloan.com\/de\/#website","url":"https:\/\/www.anniesloan.com\/de\/","name":"Annie Sloan DE","description":"Die Heimat der Chalk Paint\u2122","potentialAction":[{"@type":"SearchAction","target":{"@type":"EntryPoint","urlTemplate":"https:\/\/www.anniesloan.com\/de\/?s={search_term_string}"},"query-input":{"@type":"PropertyValueSpecification","valueRequired":true,"valueName":"search_term_string"}}],"inLanguage":"de-DE"}]},"og_availability":"instock","product_availability":"instock","product_retailer_item_id":"CLEAR-WAX","product_condition":"new"},"_links":{"self":[{"href":"https:\/\/www.anniesloan.com\/de\/wp-json\/wp\/v2\/product\/20755","targetHints":{"allow":["GET"]}}],"collection":[{"href":"https:\/\/www.anniesloan.com\/de\/wp-json\/wp\/v2\/product"}],"about":[{"href":"https:\/\/www.anniesloan.com\/de\/wp-json\/wp\/v2\/types\/product"}],"wp:featuredmedia":[{"embeddable":true,"href":"https:\/\/www.anniesloan.com\/de\/wp-json\/wp\/v2\/media\/20756"}],"wp:attachment":[{"href":"https:\/\/www.anniesloan.com\/de\/wp-json\/wp\/v2\/media?parent=20755"}],"wp:term":[{"taxonomy":"product_brand","embeddable":true,"href":"https:\/\/www.anniesloan.com\/de\/wp-json\/wp\/v2\/product_brand?post=20755"},{"taxonomy":"product_cat","embeddable":true,"href":"https:\/\/www.anniesloan.com\/de\/wp-json\/wp\/v2\/product_cat?post=20755"},{"taxonomy":"product_tag","embeddable":true,"href":"https:\/\/www.anniesloan.com\/de\/wp-json\/wp\/v2\/product_tag?post=20755"}],"curies":[{"name":"wp","href":"https:\/\/api.w.org\/{rel}","templated":true}]}}