{"id":20407,"date":"2020-02-07T12:21:57","date_gmt":"2020-02-07T11:21:57","guid":{"rendered":"https:\/\/www.anniesloan.com\/product\/firle\/"},"modified":"2026-04-28T15:31:26","modified_gmt":"2026-04-28T13:31:26","slug":"firle","status":"publish","type":"product","link":"https:\/\/www.anniesloan.com\/de\/produkt\/chalk-paint\/grun\/firle\/","title":{"rendered":"Firle"},"content":{"rendered":"","protected":false},"excerpt":{"rendered":"<p>Firle ist ein aufmunterndes und frisches, helles Gr\u00fcn. Dieser gr\u00fcne, \u00fcppige und spritzige Farbton, der von Natur aus fr\u00fchlingshaft ist, kann einen Raum mit Idealismus und Energie erf\u00fcllen. \u00a0Trimmen Sie Ihn auf Alt f\u00fcr einen romantischen, unkonventionellen Vintage-Look oder mit Neutral-T\u00f6nen und Barcelona Orange f\u00fcr einen atemberaubend coolen Mid-Century-Modern-Effekt.<\/p>\n","protected":false},"featured_media":38682,"template":"","meta":{"_acf_changed":false,"_relevanssi_hide_post":"","_relevanssi_hide_content":"","_relevanssi_pin_for_all":"","_relevanssi_pin_keywords":"","_relevanssi_unpin_keywords":"","_relevanssi_related_keywords":"","_relevanssi_related_include_ids":"","_relevanssi_related_exclude_ids":"","_relevanssi_related_no_append":"","_relevanssi_related_not_related":"","_relevanssi_related_posts":"","_relevanssi_noindex_reason":""},"product_brand":[],"product_cat":[19,38],"product_tag":[20],"class_list":{"0":"post-20407","1":"product","2":"type-product","3":"status-publish","4":"has-post-thumbnail","6":"product_cat-chalk-paint","7":"product_cat-grun","8":"product_tag-chalk-paint","9":"product_shipping_class-dhl","10":"pa_colour-filter-gruen","11":"pa_finish-chalk-paint","12":"pa_size-1-liter","13":"pa_size-120-ml","14":"pa_size-500-ml","16":"first","17":"instock","18":"taxable","19":"shipping-taxable","20":"purchasable","21":"product-type-variable","22":"has-default-attributes"},"acf":[],"yoast_head":"<!-- This site is optimized with the Yoast SEO Premium plugin v26.5 (Yoast SEO v26.5) - https:\/\/yoast.com\/wordpress\/plugins\/seo\/ -->\n<title>Firle | Chalk Paint\u2122 | Annie Sloan DE<\/title>\n<meta name=\"description\" content=\"Kaufen Sie Firle von Annie Sloan, um einen Raum mit Idealismus und Energie zu f\u00fcllen.\" \/>\n<meta name=\"robots\" content=\"index, follow, max-snippet:-1, max-image-preview:large, max-video-preview:-1\" \/>\n<link rel=\"canonical\" href=\"https:\/\/www.anniesloan.com\/de\/produkt\/chalk-paint\/grun\/firle\/\" \/>\n<meta property=\"og:locale\" content=\"de_DE\" \/>\n<meta property=\"og:type\" content=\"article\" \/>\n<meta property=\"og:title\" content=\"Firle\" \/>\n<meta property=\"og:description\" content=\"Kaufen Sie Firle von Annie Sloan, um einen Raum mit Idealismus und Energie zu f\u00fcllen.\" \/>\n<meta property=\"og:url\" content=\"https:\/\/www.anniesloan.com\/de\/produkt\/chalk-paint\/grun\/firle\/\" \/>\n<meta property=\"og:site_name\" content=\"Annie Sloan DE\" \/>\n<meta property=\"article:modified_time\" content=\"2026-04-28T13:31:26+00:00\" \/>\n<meta property=\"og:image\" content=\"https:\/\/www.anniesloan.com\/de\/wp-content\/uploads\/sites\/3\/2020\/02\/NEWRGB-72dpi-Firle.jpg\" \/>\n\t<meta property=\"og:image:width\" content=\"1224\" \/>\n\t<meta property=\"og:image:height\" content=\"936\" \/>\n\t<meta property=\"og:image:type\" content=\"image\/jpeg\" \/>\n<meta name=\"twitter:card\" content=\"summary_large_image\" \/>\n<meta name=\"twitter:label1\" content=\"Availability\" \/>\n\t<meta name=\"twitter:data1\" content=\"In stock\" \/>\n<script type=\"application\/ld+json\" class=\"yoast-schema-graph\">{\"@context\":\"https:\/\/schema.org\",\"@graph\":[{\"@type\":\"WebPage\",\"@id\":\"https:\/\/www.anniesloan.com\/de\/produkt\/chalk-paint\/grun\/firle\/\",\"url\":\"https:\/\/www.anniesloan.com\/de\/produkt\/chalk-paint\/grun\/firle\/\",\"name\":\"Firle | Chalk Paint\u2122 | Annie Sloan DE\",\"isPartOf\":{\"@id\":\"https:\/\/www.anniesloan.com\/de\/#website\"},\"primaryImageOfPage\":{\"@id\":\"https:\/\/www.anniesloan.com\/de\/produkt\/chalk-paint\/grun\/firle\/#primaryimage\"},\"image\":{\"@id\":\"https:\/\/www.anniesloan.com\/de\/produkt\/chalk-paint\/grun\/firle\/#primaryimage\"},\"thumbnailUrl\":\"https:\/\/www.anniesloan.com\/de\/wp-content\/uploads\/sites\/3\/2020\/02\/NEWRGB-72dpi-Firle.jpg\",\"datePublished\":\"2020-02-07T11:21:57+00:00\",\"dateModified\":\"2026-04-28T13:31:26+00:00\",\"description\":\"Kaufen Sie Firle von Annie Sloan, um einen Raum mit Idealismus und Energie zu f\u00fcllen.\",\"breadcrumb\":{\"@id\":\"https:\/\/www.anniesloan.com\/de\/produkt\/chalk-paint\/grun\/firle\/#breadcrumb\"},\"inLanguage\":\"de-DE\",\"potentialAction\":[{\"@type\":\"ReadAction\",\"target\":[\"https:\/\/www.anniesloan.com\/de\/produkt\/chalk-paint\/grun\/firle\/\"]}]},{\"@type\":\"ImageObject\",\"inLanguage\":\"de-DE\",\"@id\":\"https:\/\/www.anniesloan.com\/de\/produkt\/chalk-paint\/grun\/firle\/#primaryimage\",\"url\":\"https:\/\/www.anniesloan.com\/de\/wp-content\/uploads\/sites\/3\/2020\/02\/NEWRGB-72dpi-Firle.jpg\",\"contentUrl\":\"https:\/\/www.anniesloan.com\/de\/wp-content\/uploads\/sites\/3\/2020\/02\/NEWRGB-72dpi-Firle.jpg\",\"width\":1224,\"height\":936,\"caption\":\"Annie Sloan Paint Swatch Firle\"},{\"@type\":\"BreadcrumbList\",\"@id\":\"https:\/\/www.anniesloan.com\/de\/produkt\/chalk-paint\/grun\/firle\/#breadcrumb\",\"itemListElement\":[{\"@type\":\"ListItem\",\"position\":1,\"name\":\"Produkte\",\"item\":\"https:\/\/www.anniesloan.com\/de\/produkte\/\"},{\"@type\":\"ListItem\",\"position\":2,\"name\":\"Chalk Paint\",\"item\":\"https:\/\/www.anniesloan.com\/de\/produkte\/chalk-paint\/\"},{\"@type\":\"ListItem\",\"position\":3,\"name\":\"Chalk Paint in Gr\u00fcn\",\"item\":\"https:\/\/www.anniesloan.com\/de\/produkte\/chalk-paint\/grun\/\"},{\"@type\":\"ListItem\",\"position\":4,\"name\":\"Firle\"}]},{\"@type\":\"WebSite\",\"@id\":\"https:\/\/www.anniesloan.com\/de\/#website\",\"url\":\"https:\/\/www.anniesloan.com\/de\/\",\"name\":\"Annie Sloan DE\",\"description\":\"Die Heimat der Chalk Paint\u2122\",\"potentialAction\":[{\"@type\":\"SearchAction\",\"target\":{\"@type\":\"EntryPoint\",\"urlTemplate\":\"https:\/\/www.anniesloan.com\/de\/?s={search_term_string}\"},\"query-input\":{\"@type\":\"PropertyValueSpecification\",\"valueRequired\":true,\"valueName\":\"search_term_string\"}}],\"inLanguage\":\"de-DE\"}]}<\/script>\n<meta property=\"og:availability\" content=\"instock\" \/>\n<meta property=\"product:availability\" content=\"instock\" \/>\n<meta property=\"product:retailer_item_id\" content=\"FRLE\" \/>\n<meta property=\"product:condition\" content=\"new\" \/>\n<!-- \/ Yoast SEO Premium plugin. -->","yoast_head_json":{"title":"Firle | Chalk Paint\u2122 | Annie Sloan DE","description":"Kaufen Sie Firle von Annie Sloan, um einen Raum mit Idealismus und Energie zu f\u00fcllen.","robots":{"index":"index","follow":"follow","max-snippet":"max-snippet:-1","max-image-preview":"max-image-preview:large","max-video-preview":"max-video-preview:-1"},"canonical":"https:\/\/www.anniesloan.com\/de\/produkt\/chalk-paint\/grun\/firle\/","og_locale":"de_DE","og_type":"article","og_title":"Firle","og_description":"Kaufen Sie Firle von Annie Sloan, um einen Raum mit Idealismus und Energie zu f\u00fcllen.","og_url":"https:\/\/www.anniesloan.com\/de\/produkt\/chalk-paint\/grun\/firle\/","og_site_name":"Annie Sloan DE","article_modified_time":"2026-04-28T13:31:26+00:00","og_image":[{"width":1224,"height":936,"url":"https:\/\/www.anniesloan.com\/de\/wp-content\/uploads\/sites\/3\/2020\/02\/NEWRGB-72dpi-Firle.jpg","type":"image\/jpeg"}],"twitter_card":"summary_large_image","twitter_misc":{"Availability":"In stock"},"schema":{"@context":"https:\/\/schema.org","@graph":[{"@type":"WebPage","@id":"https:\/\/www.anniesloan.com\/de\/produkt\/chalk-paint\/grun\/firle\/","url":"https:\/\/www.anniesloan.com\/de\/produkt\/chalk-paint\/grun\/firle\/","name":"Firle | Chalk Paint\u2122 | Annie Sloan DE","isPartOf":{"@id":"https:\/\/www.anniesloan.com\/de\/#website"},"primaryImageOfPage":{"@id":"https:\/\/www.anniesloan.com\/de\/produkt\/chalk-paint\/grun\/firle\/#primaryimage"},"image":{"@id":"https:\/\/www.anniesloan.com\/de\/produkt\/chalk-paint\/grun\/firle\/#primaryimage"},"thumbnailUrl":"https:\/\/www.anniesloan.com\/de\/wp-content\/uploads\/sites\/3\/2020\/02\/NEWRGB-72dpi-Firle.jpg","datePublished":"2020-02-07T11:21:57+00:00","dateModified":"2026-04-28T13:31:26+00:00","description":"Kaufen Sie Firle von Annie Sloan, um einen Raum mit Idealismus und Energie zu f\u00fcllen.","breadcrumb":{"@id":"https:\/\/www.anniesloan.com\/de\/produkt\/chalk-paint\/grun\/firle\/#breadcrumb"},"inLanguage":"de-DE","potentialAction":[{"@type":"ReadAction","target":["https:\/\/www.anniesloan.com\/de\/produkt\/chalk-paint\/grun\/firle\/"]}]},{"@type":"ImageObject","inLanguage":"de-DE","@id":"https:\/\/www.anniesloan.com\/de\/produkt\/chalk-paint\/grun\/firle\/#primaryimage","url":"https:\/\/www.anniesloan.com\/de\/wp-content\/uploads\/sites\/3\/2020\/02\/NEWRGB-72dpi-Firle.jpg","contentUrl":"https:\/\/www.anniesloan.com\/de\/wp-content\/uploads\/sites\/3\/2020\/02\/NEWRGB-72dpi-Firle.jpg","width":1224,"height":936,"caption":"Annie Sloan Paint Swatch Firle"},{"@type":"BreadcrumbList","@id":"https:\/\/www.anniesloan.com\/de\/produkt\/chalk-paint\/grun\/firle\/#breadcrumb","itemListElement":[{"@type":"ListItem","position":1,"name":"Produkte","item":"https:\/\/www.anniesloan.com\/de\/produkte\/"},{"@type":"ListItem","position":2,"name":"Chalk Paint","item":"https:\/\/www.anniesloan.com\/de\/produkte\/chalk-paint\/"},{"@type":"ListItem","position":3,"name":"Chalk Paint in Gr\u00fcn","item":"https:\/\/www.anniesloan.com\/de\/produkte\/chalk-paint\/grun\/"},{"@type":"ListItem","position":4,"name":"Firle"}]},{"@type":"WebSite","@id":"https:\/\/www.anniesloan.com\/de\/#website","url":"https:\/\/www.anniesloan.com\/de\/","name":"Annie Sloan DE","description":"Die Heimat der Chalk Paint\u2122","potentialAction":[{"@type":"SearchAction","target":{"@type":"EntryPoint","urlTemplate":"https:\/\/www.anniesloan.com\/de\/?s={search_term_string}"},"query-input":{"@type":"PropertyValueSpecification","valueRequired":true,"valueName":"search_term_string"}}],"inLanguage":"de-DE"}]},"og_availability":"instock","product_availability":"instock","product_retailer_item_id":"FRLE","product_condition":"new"},"_links":{"self":[{"href":"https:\/\/www.anniesloan.com\/de\/wp-json\/wp\/v2\/product\/20407","targetHints":{"allow":["GET"]}}],"collection":[{"href":"https:\/\/www.anniesloan.com\/de\/wp-json\/wp\/v2\/product"}],"about":[{"href":"https:\/\/www.anniesloan.com\/de\/wp-json\/wp\/v2\/types\/product"}],"wp:featuredmedia":[{"embeddable":true,"href":"https:\/\/www.anniesloan.com\/de\/wp-json\/wp\/v2\/media\/38682"}],"wp:attachment":[{"href":"https:\/\/www.anniesloan.com\/de\/wp-json\/wp\/v2\/media?parent=20407"}],"wp:term":[{"taxonomy":"product_brand","embeddable":true,"href":"https:\/\/www.anniesloan.com\/de\/wp-json\/wp\/v2\/product_brand?post=20407"},{"taxonomy":"product_cat","embeddable":true,"href":"https:\/\/www.anniesloan.com\/de\/wp-json\/wp\/v2\/product_cat?post=20407"},{"taxonomy":"product_tag","embeddable":true,"href":"https:\/\/www.anniesloan.com\/de\/wp-json\/wp\/v2\/product_tag?post=20407"}],"curies":[{"name":"wp","href":"https:\/\/api.w.org\/{rel}","templated":true}]}}