{"id":20276,"date":"2020-02-07T12:21:54","date_gmt":"2020-02-07T11:21:54","guid":{"rendered":"https:\/\/www.anniesloan.com\/product\/honfleur\/"},"modified":"2026-04-29T11:31:28","modified_gmt":"2026-04-29T09:31:28","slug":"honfleur","status":"publish","type":"product","link":"https:\/\/www.anniesloan.com\/de\/produkt\/chalk-paint\/braun\/honfleur\/","title":{"rendered":"Honfleur"},"content":{"rendered":"","protected":false},"excerpt":{"rendered":"<p>Diese Farbe ist nach einer Hafenstadt in der Normandie benannt und findet ihre Inspiration in den intensiven, weichen Braunt\u00f6nen, die sich in der rustikalen franz\u00f6sischen Landschaft und im Design der 50er Jahre wiederfinden.<\/p>\n<p>Dieses intensive Braun ist genau der richtige Kontrast zu helleren Farbt\u00f6nen und kommt neben Farben wie Scandinavian Pink und Antibes Green wunderbar zur Geltung. Neben Farben wie dem pastellfarbenen Duck Egg Blue oder dem zarten Antoinette wirkt Honfleur elegant und klassisch.<\/p>\n","protected":false},"featured_media":38665,"template":"","meta":{"_acf_changed":false,"_relevanssi_hide_post":"","_relevanssi_hide_content":"","_relevanssi_pin_for_all":"","_relevanssi_pin_keywords":"","_relevanssi_unpin_keywords":"","_relevanssi_related_keywords":"","_relevanssi_related_include_ids":"","_relevanssi_related_exclude_ids":"","_relevanssi_related_no_append":"","_relevanssi_related_not_related":"","_relevanssi_related_posts":"","_relevanssi_noindex_reason":""},"product_brand":[],"product_cat":[19,22],"product_tag":[20],"class_list":{"0":"post-20276","1":"product","2":"type-product","3":"status-publish","4":"has-post-thumbnail","6":"product_cat-chalk-paint","7":"product_cat-braun","8":"product_tag-chalk-paint","9":"product_shipping_class-dhl","10":"pa_colour-filter-braun","11":"pa_finish-chalk-paint","12":"pa_size-1-liter","13":"pa_size-120-ml","14":"pa_size-500-ml","16":"first","17":"instock","18":"taxable","19":"shipping-taxable","20":"purchasable","21":"product-type-variable","22":"has-default-attributes"},"acf":[],"yoast_head":"<!-- This site is optimized with the Yoast SEO Premium plugin v26.5 (Yoast SEO v26.5) - https:\/\/yoast.com\/wordpress\/plugins\/seo\/ -->\n<title>Honfleur | Chalk Paint\u2122 | Annie Sloan DE<\/title>\n<meta name=\"description\" content=\"Honfleur ist ein intensives Braun in der Chalk Paint\u2122 Palette, inspiriert von den tiefen, warmen Braunt\u00f6nen l\u00e4ndlicher franz\u00f6sischer Landschaften.\" \/>\n<meta name=\"robots\" content=\"index, follow, max-snippet:-1, max-image-preview:large, max-video-preview:-1\" \/>\n<link rel=\"canonical\" href=\"https:\/\/www.anniesloan.com\/de\/produkt\/chalk-paint\/braun\/honfleur\/\" \/>\n<meta property=\"og:locale\" content=\"de_DE\" \/>\n<meta property=\"og:type\" content=\"article\" \/>\n<meta property=\"og:title\" content=\"Honfleur\" \/>\n<meta property=\"og:description\" content=\"Honfleur ist ein intensives Braun in der Chalk Paint\u2122 Palette, inspiriert von den tiefen, warmen Braunt\u00f6nen l\u00e4ndlicher franz\u00f6sischer Landschaften.\" \/>\n<meta property=\"og:url\" content=\"https:\/\/www.anniesloan.com\/de\/produkt\/chalk-paint\/braun\/honfleur\/\" \/>\n<meta property=\"og:site_name\" content=\"Annie Sloan DE\" \/>\n<meta property=\"article:modified_time\" content=\"2026-04-29T09:31:28+00:00\" \/>\n<meta property=\"og:image\" content=\"https:\/\/www.anniesloan.com\/de\/wp-content\/uploads\/sites\/3\/2020\/02\/NEWRGB-72dpi-Honfleur.jpg\" \/>\n\t<meta property=\"og:image:width\" content=\"1224\" \/>\n\t<meta property=\"og:image:height\" content=\"936\" \/>\n\t<meta property=\"og:image:type\" content=\"image\/jpeg\" \/>\n<meta name=\"twitter:card\" content=\"summary_large_image\" \/>\n<meta name=\"twitter:label1\" content=\"Availability\" \/>\n\t<meta name=\"twitter:data1\" content=\"In stock\" \/>\n<script type=\"application\/ld+json\" class=\"yoast-schema-graph\">{\"@context\":\"https:\/\/schema.org\",\"@graph\":[{\"@type\":\"WebPage\",\"@id\":\"https:\/\/www.anniesloan.com\/de\/produkt\/chalk-paint\/braun\/honfleur\/\",\"url\":\"https:\/\/www.anniesloan.com\/de\/produkt\/chalk-paint\/braun\/honfleur\/\",\"name\":\"Honfleur | Chalk Paint\u2122 | Annie Sloan DE\",\"isPartOf\":{\"@id\":\"https:\/\/www.anniesloan.com\/de\/#website\"},\"primaryImageOfPage\":{\"@id\":\"https:\/\/www.anniesloan.com\/de\/produkt\/chalk-paint\/braun\/honfleur\/#primaryimage\"},\"image\":{\"@id\":\"https:\/\/www.anniesloan.com\/de\/produkt\/chalk-paint\/braun\/honfleur\/#primaryimage\"},\"thumbnailUrl\":\"https:\/\/www.anniesloan.com\/de\/wp-content\/uploads\/sites\/3\/2020\/02\/NEWRGB-72dpi-Honfleur.jpg\",\"datePublished\":\"2020-02-07T11:21:54+00:00\",\"dateModified\":\"2026-04-29T09:31:28+00:00\",\"description\":\"Honfleur ist ein intensives Braun in der Chalk Paint\u2122 Palette, inspiriert von den tiefen, warmen Braunt\u00f6nen l\u00e4ndlicher franz\u00f6sischer Landschaften.\",\"breadcrumb\":{\"@id\":\"https:\/\/www.anniesloan.com\/de\/produkt\/chalk-paint\/braun\/honfleur\/#breadcrumb\"},\"inLanguage\":\"de-DE\",\"potentialAction\":[{\"@type\":\"ReadAction\",\"target\":[\"https:\/\/www.anniesloan.com\/de\/produkt\/chalk-paint\/braun\/honfleur\/\"]}]},{\"@type\":\"ImageObject\",\"inLanguage\":\"de-DE\",\"@id\":\"https:\/\/www.anniesloan.com\/de\/produkt\/chalk-paint\/braun\/honfleur\/#primaryimage\",\"url\":\"https:\/\/www.anniesloan.com\/de\/wp-content\/uploads\/sites\/3\/2020\/02\/NEWRGB-72dpi-Honfleur.jpg\",\"contentUrl\":\"https:\/\/www.anniesloan.com\/de\/wp-content\/uploads\/sites\/3\/2020\/02\/NEWRGB-72dpi-Honfleur.jpg\",\"width\":1224,\"height\":936,\"caption\":\"Annie Sloan Paint Swatch Honfleur\"},{\"@type\":\"BreadcrumbList\",\"@id\":\"https:\/\/www.anniesloan.com\/de\/produkt\/chalk-paint\/braun\/honfleur\/#breadcrumb\",\"itemListElement\":[{\"@type\":\"ListItem\",\"position\":1,\"name\":\"Produkte\",\"item\":\"https:\/\/www.anniesloan.com\/de\/produkte\/\"},{\"@type\":\"ListItem\",\"position\":2,\"name\":\"Chalk Paint\",\"item\":\"https:\/\/www.anniesloan.com\/de\/produkte\/chalk-paint\/\"},{\"@type\":\"ListItem\",\"position\":3,\"name\":\"Chalk Paint in Braun\",\"item\":\"https:\/\/www.anniesloan.com\/de\/produkte\/chalk-paint\/braun\/\"},{\"@type\":\"ListItem\",\"position\":4,\"name\":\"Honfleur\"}]},{\"@type\":\"WebSite\",\"@id\":\"https:\/\/www.anniesloan.com\/de\/#website\",\"url\":\"https:\/\/www.anniesloan.com\/de\/\",\"name\":\"Annie Sloan DE\",\"description\":\"Die Heimat der Chalk Paint\u2122\",\"potentialAction\":[{\"@type\":\"SearchAction\",\"target\":{\"@type\":\"EntryPoint\",\"urlTemplate\":\"https:\/\/www.anniesloan.com\/de\/?s={search_term_string}\"},\"query-input\":{\"@type\":\"PropertyValueSpecification\",\"valueRequired\":true,\"valueName\":\"search_term_string\"}}],\"inLanguage\":\"de-DE\"}]}<\/script>\n<meta property=\"og:availability\" content=\"instock\" \/>\n<meta property=\"product:availability\" content=\"instock\" \/>\n<meta property=\"product:retailer_item_id\" content=\"PHFL017.X101.01-group\" \/>\n<meta property=\"product:condition\" content=\"new\" \/>\n<!-- \/ Yoast SEO Premium plugin. -->","yoast_head_json":{"title":"Honfleur | Chalk Paint\u2122 | Annie Sloan DE","description":"Honfleur ist ein intensives Braun in der Chalk Paint\u2122 Palette, inspiriert von den tiefen, warmen Braunt\u00f6nen l\u00e4ndlicher franz\u00f6sischer Landschaften.","robots":{"index":"index","follow":"follow","max-snippet":"max-snippet:-1","max-image-preview":"max-image-preview:large","max-video-preview":"max-video-preview:-1"},"canonical":"https:\/\/www.anniesloan.com\/de\/produkt\/chalk-paint\/braun\/honfleur\/","og_locale":"de_DE","og_type":"article","og_title":"Honfleur","og_description":"Honfleur ist ein intensives Braun in der Chalk Paint\u2122 Palette, inspiriert von den tiefen, warmen Braunt\u00f6nen l\u00e4ndlicher franz\u00f6sischer Landschaften.","og_url":"https:\/\/www.anniesloan.com\/de\/produkt\/chalk-paint\/braun\/honfleur\/","og_site_name":"Annie Sloan DE","article_modified_time":"2026-04-29T09:31:28+00:00","og_image":[{"width":1224,"height":936,"url":"https:\/\/www.anniesloan.com\/de\/wp-content\/uploads\/sites\/3\/2020\/02\/NEWRGB-72dpi-Honfleur.jpg","type":"image\/jpeg"}],"twitter_card":"summary_large_image","twitter_misc":{"Availability":"In stock"},"schema":{"@context":"https:\/\/schema.org","@graph":[{"@type":"WebPage","@id":"https:\/\/www.anniesloan.com\/de\/produkt\/chalk-paint\/braun\/honfleur\/","url":"https:\/\/www.anniesloan.com\/de\/produkt\/chalk-paint\/braun\/honfleur\/","name":"Honfleur | Chalk Paint\u2122 | Annie Sloan DE","isPartOf":{"@id":"https:\/\/www.anniesloan.com\/de\/#website"},"primaryImageOfPage":{"@id":"https:\/\/www.anniesloan.com\/de\/produkt\/chalk-paint\/braun\/honfleur\/#primaryimage"},"image":{"@id":"https:\/\/www.anniesloan.com\/de\/produkt\/chalk-paint\/braun\/honfleur\/#primaryimage"},"thumbnailUrl":"https:\/\/www.anniesloan.com\/de\/wp-content\/uploads\/sites\/3\/2020\/02\/NEWRGB-72dpi-Honfleur.jpg","datePublished":"2020-02-07T11:21:54+00:00","dateModified":"2026-04-29T09:31:28+00:00","description":"Honfleur ist ein intensives Braun in der Chalk Paint\u2122 Palette, inspiriert von den tiefen, warmen Braunt\u00f6nen l\u00e4ndlicher franz\u00f6sischer Landschaften.","breadcrumb":{"@id":"https:\/\/www.anniesloan.com\/de\/produkt\/chalk-paint\/braun\/honfleur\/#breadcrumb"},"inLanguage":"de-DE","potentialAction":[{"@type":"ReadAction","target":["https:\/\/www.anniesloan.com\/de\/produkt\/chalk-paint\/braun\/honfleur\/"]}]},{"@type":"ImageObject","inLanguage":"de-DE","@id":"https:\/\/www.anniesloan.com\/de\/produkt\/chalk-paint\/braun\/honfleur\/#primaryimage","url":"https:\/\/www.anniesloan.com\/de\/wp-content\/uploads\/sites\/3\/2020\/02\/NEWRGB-72dpi-Honfleur.jpg","contentUrl":"https:\/\/www.anniesloan.com\/de\/wp-content\/uploads\/sites\/3\/2020\/02\/NEWRGB-72dpi-Honfleur.jpg","width":1224,"height":936,"caption":"Annie Sloan Paint Swatch Honfleur"},{"@type":"BreadcrumbList","@id":"https:\/\/www.anniesloan.com\/de\/produkt\/chalk-paint\/braun\/honfleur\/#breadcrumb","itemListElement":[{"@type":"ListItem","position":1,"name":"Produkte","item":"https:\/\/www.anniesloan.com\/de\/produkte\/"},{"@type":"ListItem","position":2,"name":"Chalk Paint","item":"https:\/\/www.anniesloan.com\/de\/produkte\/chalk-paint\/"},{"@type":"ListItem","position":3,"name":"Chalk Paint in Braun","item":"https:\/\/www.anniesloan.com\/de\/produkte\/chalk-paint\/braun\/"},{"@type":"ListItem","position":4,"name":"Honfleur"}]},{"@type":"WebSite","@id":"https:\/\/www.anniesloan.com\/de\/#website","url":"https:\/\/www.anniesloan.com\/de\/","name":"Annie Sloan DE","description":"Die Heimat der Chalk Paint\u2122","potentialAction":[{"@type":"SearchAction","target":{"@type":"EntryPoint","urlTemplate":"https:\/\/www.anniesloan.com\/de\/?s={search_term_string}"},"query-input":{"@type":"PropertyValueSpecification","valueRequired":true,"valueName":"search_term_string"}}],"inLanguage":"de-DE"}]},"og_availability":"instock","product_availability":"instock","product_retailer_item_id":"PHFL017.X101.01-group","product_condition":"new"},"_links":{"self":[{"href":"https:\/\/www.anniesloan.com\/de\/wp-json\/wp\/v2\/product\/20276","targetHints":{"allow":["GET"]}}],"collection":[{"href":"https:\/\/www.anniesloan.com\/de\/wp-json\/wp\/v2\/product"}],"about":[{"href":"https:\/\/www.anniesloan.com\/de\/wp-json\/wp\/v2\/types\/product"}],"wp:featuredmedia":[{"embeddable":true,"href":"https:\/\/www.anniesloan.com\/de\/wp-json\/wp\/v2\/media\/38665"}],"wp:attachment":[{"href":"https:\/\/www.anniesloan.com\/de\/wp-json\/wp\/v2\/media?parent=20276"}],"wp:term":[{"taxonomy":"product_brand","embeddable":true,"href":"https:\/\/www.anniesloan.com\/de\/wp-json\/wp\/v2\/product_brand?post=20276"},{"taxonomy":"product_cat","embeddable":true,"href":"https:\/\/www.anniesloan.com\/de\/wp-json\/wp\/v2\/product_cat?post=20276"},{"taxonomy":"product_tag","embeddable":true,"href":"https:\/\/www.anniesloan.com\/de\/wp-json\/wp\/v2\/product_tag?post=20276"}],"curies":[{"name":"wp","href":"https:\/\/api.w.org\/{rel}","templated":true}]}}