{"id":20027,"date":"2020-02-07T12:21:49","date_gmt":"2020-02-07T11:21:49","guid":{"rendered":"https:\/\/www.anniesloan.com\/product\/antibes-green\/"},"modified":"2026-03-27T14:31:41","modified_gmt":"2026-03-27T13:31:41","slug":"antibes-green","status":"publish","type":"product","link":"https:\/\/www.anniesloan.com\/de\/produkt\/chalk-paint\/grun\/antibes-green\/","title":{"rendered":"Antibes Green"},"content":{"rendered":"","protected":false},"excerpt":{"rendered":"<p>Die neoklassizistische Farbpalette umfasste einst dieses leuchtende Gr\u00fcn, manchmal unvermischt und manchmal mit Wei\u00df aufgehellt. Die Farbe findet sich auch auf rustikalen, l\u00e4ndlichen M\u00f6beln aus Irland und dem S\u00fcden Frankreichs wieder. Ein Stil den man mit dunklem Wachs wunderbar erzielen kann.<\/p>\n","protected":false},"featured_media":38681,"template":"","meta":{"_acf_changed":false,"_relevanssi_hide_post":"","_relevanssi_hide_content":"","_relevanssi_pin_for_all":"","_relevanssi_pin_keywords":"","_relevanssi_unpin_keywords":"","_relevanssi_related_keywords":"","_relevanssi_related_include_ids":"","_relevanssi_related_exclude_ids":"","_relevanssi_related_no_append":"","_relevanssi_related_not_related":"","_relevanssi_related_posts":"","_relevanssi_noindex_reason":""},"product_brand":[],"product_cat":[19,38],"product_tag":[20],"class_list":{"0":"post-20027","1":"product","2":"type-product","3":"status-publish","4":"has-post-thumbnail","6":"product_cat-chalk-paint","7":"product_cat-grun","8":"product_tag-chalk-paint","9":"product_shipping_class-dhl","10":"pa_colour-filter-gruen","11":"pa_finish-chalk-paint","12":"pa_size-1-liter","13":"pa_size-120-ml","14":"pa_size-500-ml","16":"first","17":"instock","18":"taxable","19":"shipping-taxable","20":"purchasable","21":"product-type-variable","22":"has-default-attributes"},"acf":[],"yoast_head":"<!-- This site is optimized with the Yoast SEO Premium plugin v26.5 (Yoast SEO v26.5) - https:\/\/yoast.com\/wordpress\/plugins\/seo\/ -->\n<title>Antibes Green | Chalk Paint\u2122 | Annie Sloan DE<\/title>\n<meta name=\"description\" content=\"Antibes Green ist ein leuchtendes, neoklassisches Gr\u00fcn in der Chalk Paint\u2122 Palette, das auf rustikalen Bauernm\u00f6beln in Irland und S\u00fcdfrankreich zu finden ist.\" \/>\n<meta name=\"robots\" content=\"index, follow, max-snippet:-1, max-image-preview:large, max-video-preview:-1\" \/>\n<link rel=\"canonical\" href=\"https:\/\/www.anniesloan.com\/de\/produkt\/chalk-paint\/grun\/antibes-green\/\" \/>\n<meta property=\"og:locale\" content=\"de_DE\" \/>\n<meta property=\"og:type\" content=\"article\" \/>\n<meta property=\"og:title\" content=\"Antibes Green\" \/>\n<meta property=\"og:description\" content=\"Antibes Green ist ein leuchtendes, neoklassisches Gr\u00fcn in der Chalk Paint\u2122 Palette, das auf rustikalen Bauernm\u00f6beln in Irland und S\u00fcdfrankreich zu finden ist.\" \/>\n<meta property=\"og:url\" content=\"https:\/\/www.anniesloan.com\/de\/produkt\/chalk-paint\/grun\/antibes-green\/\" \/>\n<meta property=\"og:site_name\" content=\"Annie Sloan DE\" \/>\n<meta property=\"article:modified_time\" content=\"2026-03-27T13:31:41+00:00\" \/>\n<meta property=\"og:image\" content=\"https:\/\/www.anniesloan.com\/de\/wp-content\/uploads\/sites\/3\/2020\/02\/NEWRGB-72dpi-Antibes-Green.jpg\" \/>\n\t<meta property=\"og:image:width\" content=\"1224\" \/>\n\t<meta property=\"og:image:height\" content=\"936\" \/>\n\t<meta property=\"og:image:type\" content=\"image\/jpeg\" \/>\n<meta name=\"twitter:card\" content=\"summary_large_image\" \/>\n<meta name=\"twitter:label1\" content=\"Availability\" \/>\n\t<meta name=\"twitter:data1\" content=\"In stock\" \/>\n<script type=\"application\/ld+json\" class=\"yoast-schema-graph\">{\"@context\":\"https:\/\/schema.org\",\"@graph\":[{\"@type\":\"WebPage\",\"@id\":\"https:\/\/www.anniesloan.com\/de\/produkt\/chalk-paint\/grun\/antibes-green\/\",\"url\":\"https:\/\/www.anniesloan.com\/de\/produkt\/chalk-paint\/grun\/antibes-green\/\",\"name\":\"Antibes Green | Chalk Paint\u2122 | Annie Sloan DE\",\"isPartOf\":{\"@id\":\"https:\/\/www.anniesloan.com\/de\/#website\"},\"primaryImageOfPage\":{\"@id\":\"https:\/\/www.anniesloan.com\/de\/produkt\/chalk-paint\/grun\/antibes-green\/#primaryimage\"},\"image\":{\"@id\":\"https:\/\/www.anniesloan.com\/de\/produkt\/chalk-paint\/grun\/antibes-green\/#primaryimage\"},\"thumbnailUrl\":\"https:\/\/www.anniesloan.com\/de\/wp-content\/uploads\/sites\/3\/2020\/02\/NEWRGB-72dpi-Antibes-Green.jpg\",\"datePublished\":\"2020-02-07T11:21:49+00:00\",\"dateModified\":\"2026-03-27T13:31:41+00:00\",\"description\":\"Antibes Green ist ein leuchtendes, neoklassisches Gr\u00fcn in der Chalk Paint\u2122 Palette, das auf rustikalen Bauernm\u00f6beln in Irland und S\u00fcdfrankreich zu finden ist.\",\"breadcrumb\":{\"@id\":\"https:\/\/www.anniesloan.com\/de\/produkt\/chalk-paint\/grun\/antibes-green\/#breadcrumb\"},\"inLanguage\":\"de-DE\",\"potentialAction\":[{\"@type\":\"ReadAction\",\"target\":[\"https:\/\/www.anniesloan.com\/de\/produkt\/chalk-paint\/grun\/antibes-green\/\"]}]},{\"@type\":\"ImageObject\",\"inLanguage\":\"de-DE\",\"@id\":\"https:\/\/www.anniesloan.com\/de\/produkt\/chalk-paint\/grun\/antibes-green\/#primaryimage\",\"url\":\"https:\/\/www.anniesloan.com\/de\/wp-content\/uploads\/sites\/3\/2020\/02\/NEWRGB-72dpi-Antibes-Green.jpg\",\"contentUrl\":\"https:\/\/www.anniesloan.com\/de\/wp-content\/uploads\/sites\/3\/2020\/02\/NEWRGB-72dpi-Antibes-Green.jpg\",\"width\":1224,\"height\":936,\"caption\":\"Annie Sloan Paint Swatch Antibes Green\"},{\"@type\":\"BreadcrumbList\",\"@id\":\"https:\/\/www.anniesloan.com\/de\/produkt\/chalk-paint\/grun\/antibes-green\/#breadcrumb\",\"itemListElement\":[{\"@type\":\"ListItem\",\"position\":1,\"name\":\"Produkte\",\"item\":\"https:\/\/www.anniesloan.com\/de\/produkte\/\"},{\"@type\":\"ListItem\",\"position\":2,\"name\":\"Chalk Paint\",\"item\":\"https:\/\/www.anniesloan.com\/de\/produkte\/chalk-paint\/\"},{\"@type\":\"ListItem\",\"position\":3,\"name\":\"Chalk Paint in Gr\u00fcn\",\"item\":\"https:\/\/www.anniesloan.com\/de\/produkte\/chalk-paint\/grun\/\"},{\"@type\":\"ListItem\",\"position\":4,\"name\":\"Antibes Green\"}]},{\"@type\":\"WebSite\",\"@id\":\"https:\/\/www.anniesloan.com\/de\/#website\",\"url\":\"https:\/\/www.anniesloan.com\/de\/\",\"name\":\"Annie Sloan DE\",\"description\":\"Die Heimat der Chalk Paint\u2122\",\"publisher\":{\"@id\":\"https:\/\/www.anniesloan.com\/de\/#organization\"},\"potentialAction\":[{\"@type\":\"SearchAction\",\"target\":{\"@type\":\"EntryPoint\",\"urlTemplate\":\"https:\/\/www.anniesloan.com\/de\/?s={search_term_string}\"},\"query-input\":{\"@type\":\"PropertyValueSpecification\",\"valueRequired\":true,\"valueName\":\"search_term_string\"}}],\"inLanguage\":\"de-DE\"},{\"@type\":\"Organization\",\"@id\":\"https:\/\/www.anniesloan.com\/de\/#organization\",\"name\":\"Annie Sloan\",\"url\":\"https:\/\/www.anniesloan.com\/de\/\",\"logo\":{\"@type\":\"ImageObject\",\"inLanguage\":\"de-DE\",\"@id\":\"https:\/\/www.anniesloan.com\/de\/#\/schema\/logo\/image\/\",\"url\":\"https:\/\/www.anniesloan.com\/de\/wp-content\/uploads\/sites\/3\/2021\/07\/anniesloan-logo.jpg\",\"contentUrl\":\"https:\/\/www.anniesloan.com\/de\/wp-content\/uploads\/sites\/3\/2021\/07\/anniesloan-logo.jpg\",\"width\":1200,\"height\":361,\"caption\":\"Annie Sloan\"},\"image\":{\"@id\":\"https:\/\/www.anniesloan.com\/de\/#\/schema\/logo\/image\/\"}}]}<\/script>\n<meta property=\"og:availability\" content=\"instock\" \/>\n<meta property=\"product:availability\" content=\"instock\" \/>\n<meta property=\"product:retailer_item_id\" content=\"4000-29-Antibes-Green\" \/>\n<meta property=\"product:condition\" content=\"new\" \/>\n<!-- \/ Yoast SEO Premium plugin. -->","yoast_head_json":{"title":"Antibes Green | Chalk Paint\u2122 | Annie Sloan DE","description":"Antibes Green ist ein leuchtendes, neoklassisches Gr\u00fcn in der Chalk Paint\u2122 Palette, das auf rustikalen Bauernm\u00f6beln in Irland und S\u00fcdfrankreich zu finden ist.","robots":{"index":"index","follow":"follow","max-snippet":"max-snippet:-1","max-image-preview":"max-image-preview:large","max-video-preview":"max-video-preview:-1"},"canonical":"https:\/\/www.anniesloan.com\/de\/produkt\/chalk-paint\/grun\/antibes-green\/","og_locale":"de_DE","og_type":"article","og_title":"Antibes Green","og_description":"Antibes Green ist ein leuchtendes, neoklassisches Gr\u00fcn in der Chalk Paint\u2122 Palette, das auf rustikalen Bauernm\u00f6beln in Irland und S\u00fcdfrankreich zu finden ist.","og_url":"https:\/\/www.anniesloan.com\/de\/produkt\/chalk-paint\/grun\/antibes-green\/","og_site_name":"Annie Sloan DE","article_modified_time":"2026-03-27T13:31:41+00:00","og_image":[{"width":1224,"height":936,"url":"https:\/\/www.anniesloan.com\/de\/wp-content\/uploads\/sites\/3\/2020\/02\/NEWRGB-72dpi-Antibes-Green.jpg","type":"image\/jpeg"}],"twitter_card":"summary_large_image","twitter_misc":{"Availability":"In stock"},"schema":{"@context":"https:\/\/schema.org","@graph":[{"@type":"WebPage","@id":"https:\/\/www.anniesloan.com\/de\/produkt\/chalk-paint\/grun\/antibes-green\/","url":"https:\/\/www.anniesloan.com\/de\/produkt\/chalk-paint\/grun\/antibes-green\/","name":"Antibes Green | Chalk Paint\u2122 | Annie Sloan DE","isPartOf":{"@id":"https:\/\/www.anniesloan.com\/de\/#website"},"primaryImageOfPage":{"@id":"https:\/\/www.anniesloan.com\/de\/produkt\/chalk-paint\/grun\/antibes-green\/#primaryimage"},"image":{"@id":"https:\/\/www.anniesloan.com\/de\/produkt\/chalk-paint\/grun\/antibes-green\/#primaryimage"},"thumbnailUrl":"https:\/\/www.anniesloan.com\/de\/wp-content\/uploads\/sites\/3\/2020\/02\/NEWRGB-72dpi-Antibes-Green.jpg","datePublished":"2020-02-07T11:21:49+00:00","dateModified":"2026-03-27T13:31:41+00:00","description":"Antibes Green ist ein leuchtendes, neoklassisches Gr\u00fcn in der Chalk Paint\u2122 Palette, das auf rustikalen Bauernm\u00f6beln in Irland und S\u00fcdfrankreich zu finden ist.","breadcrumb":{"@id":"https:\/\/www.anniesloan.com\/de\/produkt\/chalk-paint\/grun\/antibes-green\/#breadcrumb"},"inLanguage":"de-DE","potentialAction":[{"@type":"ReadAction","target":["https:\/\/www.anniesloan.com\/de\/produkt\/chalk-paint\/grun\/antibes-green\/"]}]},{"@type":"ImageObject","inLanguage":"de-DE","@id":"https:\/\/www.anniesloan.com\/de\/produkt\/chalk-paint\/grun\/antibes-green\/#primaryimage","url":"https:\/\/www.anniesloan.com\/de\/wp-content\/uploads\/sites\/3\/2020\/02\/NEWRGB-72dpi-Antibes-Green.jpg","contentUrl":"https:\/\/www.anniesloan.com\/de\/wp-content\/uploads\/sites\/3\/2020\/02\/NEWRGB-72dpi-Antibes-Green.jpg","width":1224,"height":936,"caption":"Annie Sloan Paint Swatch Antibes Green"},{"@type":"BreadcrumbList","@id":"https:\/\/www.anniesloan.com\/de\/produkt\/chalk-paint\/grun\/antibes-green\/#breadcrumb","itemListElement":[{"@type":"ListItem","position":1,"name":"Produkte","item":"https:\/\/www.anniesloan.com\/de\/produkte\/"},{"@type":"ListItem","position":2,"name":"Chalk Paint","item":"https:\/\/www.anniesloan.com\/de\/produkte\/chalk-paint\/"},{"@type":"ListItem","position":3,"name":"Chalk Paint in Gr\u00fcn","item":"https:\/\/www.anniesloan.com\/de\/produkte\/chalk-paint\/grun\/"},{"@type":"ListItem","position":4,"name":"Antibes Green"}]},{"@type":"WebSite","@id":"https:\/\/www.anniesloan.com\/de\/#website","url":"https:\/\/www.anniesloan.com\/de\/","name":"Annie Sloan DE","description":"Die Heimat der Chalk Paint\u2122","publisher":{"@id":"https:\/\/www.anniesloan.com\/de\/#organization"},"potentialAction":[{"@type":"SearchAction","target":{"@type":"EntryPoint","urlTemplate":"https:\/\/www.anniesloan.com\/de\/?s={search_term_string}"},"query-input":{"@type":"PropertyValueSpecification","valueRequired":true,"valueName":"search_term_string"}}],"inLanguage":"de-DE"},{"@type":"Organization","@id":"https:\/\/www.anniesloan.com\/de\/#organization","name":"Annie Sloan","url":"https:\/\/www.anniesloan.com\/de\/","logo":{"@type":"ImageObject","inLanguage":"de-DE","@id":"https:\/\/www.anniesloan.com\/de\/#\/schema\/logo\/image\/","url":"https:\/\/www.anniesloan.com\/de\/wp-content\/uploads\/sites\/3\/2021\/07\/anniesloan-logo.jpg","contentUrl":"https:\/\/www.anniesloan.com\/de\/wp-content\/uploads\/sites\/3\/2021\/07\/anniesloan-logo.jpg","width":1200,"height":361,"caption":"Annie Sloan"},"image":{"@id":"https:\/\/www.anniesloan.com\/de\/#\/schema\/logo\/image\/"}}]},"og_availability":"instock","product_availability":"instock","product_retailer_item_id":"4000-29-Antibes-Green","product_condition":"new"},"_links":{"self":[{"href":"https:\/\/www.anniesloan.com\/de\/wp-json\/wp\/v2\/product\/20027","targetHints":{"allow":["GET"]}}],"collection":[{"href":"https:\/\/www.anniesloan.com\/de\/wp-json\/wp\/v2\/product"}],"about":[{"href":"https:\/\/www.anniesloan.com\/de\/wp-json\/wp\/v2\/types\/product"}],"wp:featuredmedia":[{"embeddable":true,"href":"https:\/\/www.anniesloan.com\/de\/wp-json\/wp\/v2\/media\/38681"}],"wp:attachment":[{"href":"https:\/\/www.anniesloan.com\/de\/wp-json\/wp\/v2\/media?parent=20027"}],"wp:term":[{"taxonomy":"product_brand","embeddable":true,"href":"https:\/\/www.anniesloan.com\/de\/wp-json\/wp\/v2\/product_brand?post=20027"},{"taxonomy":"product_cat","embeddable":true,"href":"https:\/\/www.anniesloan.com\/de\/wp-json\/wp\/v2\/product_cat?post=20027"},{"taxonomy":"product_tag","embeddable":true,"href":"https:\/\/www.anniesloan.com\/de\/wp-json\/wp\/v2\/product_tag?post=20027"}],"curies":[{"name":"wp","href":"https:\/\/api.w.org\/{rel}","templated":true}]}}