{"id":19883,"date":"2020-02-07T12:21:43","date_gmt":"2020-02-07T11:21:43","guid":{"rendered":"https:\/\/www.anniesloan.com\/product\/arles\/"},"modified":"2026-04-30T16:30:31","modified_gmt":"2026-04-30T14:30:31","slug":"arles","status":"publish","type":"product","link":"https:\/\/www.anniesloan.com\/de\/produkt\/chalk-paint\/gelb\/arles\/","title":{"rendered":"Arles"},"content":{"rendered":"","protected":false},"excerpt":{"rendered":"<p>Dieses intensive, tiefe Gelb fand seine Inspiration in der Stadt Arles im S\u00fcden Frankreichs, wo eine breite Palette erdiger, gelber Ockert\u00f6ne direkt aus dem Boden gewonnen werden. Es ist sowohl eine nat\u00fcrliche, rustikale als auch eine absolut moderne Farbe.<\/p>\n","protected":false},"featured_media":38688,"template":"","meta":{"_acf_changed":false,"_relevanssi_hide_post":"","_relevanssi_hide_content":"","_relevanssi_pin_for_all":"","_relevanssi_pin_keywords":"","_relevanssi_unpin_keywords":"","_relevanssi_related_keywords":"","_relevanssi_related_include_ids":"","_relevanssi_related_exclude_ids":"","_relevanssi_related_no_append":"","_relevanssi_related_not_related":"","_relevanssi_related_posts":"","_relevanssi_noindex_reason":""},"product_brand":[],"product_cat":[19,32,30],"product_tag":[20],"class_list":{"0":"post-19883","1":"product","2":"type-product","3":"status-publish","4":"has-post-thumbnail","6":"product_cat-chalk-paint","7":"product_cat-orange","8":"product_cat-gelb","9":"product_tag-chalk-paint","10":"product_shipping_class-dhl","11":"pa_colour-filter-gelb","12":"pa_colour-filter-oranges","13":"pa_finish-chalk-paint","14":"pa_size-1-liter","15":"pa_size-120-ml","16":"pa_size-500-ml","18":"first","19":"instock","20":"taxable","21":"shipping-taxable","22":"purchasable","23":"product-type-variable","24":"has-default-attributes"},"acf":[],"yoast_head":"<!-- This site is optimized with the Yoast SEO Premium plugin v26.5 (Yoast SEO v26.5) - https:\/\/yoast.com\/wordpress\/plugins\/seo\/ -->\n<title>Arles | Chalk Paint\u2122 | Annie Sloan DE<\/title>\n<meta name=\"description\" content=\"Arles ist ein helles, leuchtendes Orangegelb in der Chalk Paint\u2122 Palette, benannt nach der franz\u00f6sischen Stadt Arles, in der erdig gelbe Ocker gewonnen werden.\" \/>\n<meta name=\"robots\" content=\"index, follow, max-snippet:-1, max-image-preview:large, max-video-preview:-1\" \/>\n<link rel=\"canonical\" href=\"https:\/\/www.anniesloan.com\/de\/produkt\/chalk-paint\/gelb\/arles\/\" \/>\n<meta property=\"og:locale\" content=\"de_DE\" \/>\n<meta property=\"og:type\" content=\"article\" \/>\n<meta property=\"og:title\" content=\"Arles\" \/>\n<meta property=\"og:description\" content=\"Arles ist ein helles, leuchtendes Orangegelb in der Chalk Paint\u2122 Palette, benannt nach der franz\u00f6sischen Stadt Arles, in der erdig gelbe Ocker gewonnen werden.\" \/>\n<meta property=\"og:url\" content=\"https:\/\/www.anniesloan.com\/de\/produkt\/chalk-paint\/gelb\/arles\/\" \/>\n<meta property=\"og:site_name\" content=\"Annie Sloan DE\" \/>\n<meta property=\"article:modified_time\" content=\"2026-04-30T14:30:31+00:00\" \/>\n<meta property=\"og:image\" content=\"https:\/\/www.anniesloan.com\/de\/wp-content\/uploads\/sites\/3\/2020\/02\/NEWRGB-72dpi-Arles.jpg\" \/>\n\t<meta property=\"og:image:width\" content=\"1224\" \/>\n\t<meta property=\"og:image:height\" content=\"936\" \/>\n\t<meta property=\"og:image:type\" content=\"image\/jpeg\" \/>\n<meta name=\"twitter:card\" content=\"summary_large_image\" \/>\n<meta name=\"twitter:label1\" content=\"Availability\" \/>\n\t<meta name=\"twitter:data1\" content=\"In stock\" \/>\n<script type=\"application\/ld+json\" class=\"yoast-schema-graph\">{\"@context\":\"https:\/\/schema.org\",\"@graph\":[{\"@type\":\"WebPage\",\"@id\":\"https:\/\/www.anniesloan.com\/de\/produkt\/chalk-paint\/gelb\/arles\/\",\"url\":\"https:\/\/www.anniesloan.com\/de\/produkt\/chalk-paint\/gelb\/arles\/\",\"name\":\"Arles | Chalk Paint\u2122 | Annie Sloan DE\",\"isPartOf\":{\"@id\":\"https:\/\/www.anniesloan.com\/de\/#website\"},\"primaryImageOfPage\":{\"@id\":\"https:\/\/www.anniesloan.com\/de\/produkt\/chalk-paint\/gelb\/arles\/#primaryimage\"},\"image\":{\"@id\":\"https:\/\/www.anniesloan.com\/de\/produkt\/chalk-paint\/gelb\/arles\/#primaryimage\"},\"thumbnailUrl\":\"https:\/\/www.anniesloan.com\/de\/wp-content\/uploads\/sites\/3\/2020\/02\/NEWRGB-72dpi-Arles.jpg\",\"datePublished\":\"2020-02-07T11:21:43+00:00\",\"dateModified\":\"2026-04-30T14:30:31+00:00\",\"description\":\"Arles ist ein helles, leuchtendes Orangegelb in der Chalk Paint\u2122 Palette, benannt nach der franz\u00f6sischen Stadt Arles, in der erdig gelbe Ocker gewonnen werden.\",\"breadcrumb\":{\"@id\":\"https:\/\/www.anniesloan.com\/de\/produkt\/chalk-paint\/gelb\/arles\/#breadcrumb\"},\"inLanguage\":\"de-DE\",\"potentialAction\":[{\"@type\":\"ReadAction\",\"target\":[\"https:\/\/www.anniesloan.com\/de\/produkt\/chalk-paint\/gelb\/arles\/\"]}]},{\"@type\":\"ImageObject\",\"inLanguage\":\"de-DE\",\"@id\":\"https:\/\/www.anniesloan.com\/de\/produkt\/chalk-paint\/gelb\/arles\/#primaryimage\",\"url\":\"https:\/\/www.anniesloan.com\/de\/wp-content\/uploads\/sites\/3\/2020\/02\/NEWRGB-72dpi-Arles.jpg\",\"contentUrl\":\"https:\/\/www.anniesloan.com\/de\/wp-content\/uploads\/sites\/3\/2020\/02\/NEWRGB-72dpi-Arles.jpg\",\"width\":1224,\"height\":936,\"caption\":\"Annie Sloan Paint Swatch Arles\"},{\"@type\":\"BreadcrumbList\",\"@id\":\"https:\/\/www.anniesloan.com\/de\/produkt\/chalk-paint\/gelb\/arles\/#breadcrumb\",\"itemListElement\":[{\"@type\":\"ListItem\",\"position\":1,\"name\":\"Produkte\",\"item\":\"https:\/\/www.anniesloan.com\/de\/produkte\/\"},{\"@type\":\"ListItem\",\"position\":2,\"name\":\"Chalk Paint\",\"item\":\"https:\/\/www.anniesloan.com\/de\/produkte\/chalk-paint\/\"},{\"@type\":\"ListItem\",\"position\":3,\"name\":\"Chalk Paint in Orange\",\"item\":\"https:\/\/www.anniesloan.com\/de\/produkte\/chalk-paint\/orange\/\"},{\"@type\":\"ListItem\",\"position\":4,\"name\":\"Arles\"}]},{\"@type\":\"WebSite\",\"@id\":\"https:\/\/www.anniesloan.com\/de\/#website\",\"url\":\"https:\/\/www.anniesloan.com\/de\/\",\"name\":\"Annie Sloan DE\",\"description\":\"Die Heimat der Chalk Paint\u2122\",\"potentialAction\":[{\"@type\":\"SearchAction\",\"target\":{\"@type\":\"EntryPoint\",\"urlTemplate\":\"https:\/\/www.anniesloan.com\/de\/?s={search_term_string}\"},\"query-input\":{\"@type\":\"PropertyValueSpecification\",\"valueRequired\":true,\"valueName\":\"search_term_string\"}}],\"inLanguage\":\"de-DE\"}]}<\/script>\n<meta property=\"og:availability\" content=\"instock\" \/>\n<meta property=\"product:availability\" content=\"instock\" \/>\n<meta property=\"product:retailer_item_id\" content=\"4000-42-Arles-CP\" \/>\n<meta property=\"product:condition\" content=\"new\" \/>\n<!-- \/ Yoast SEO Premium plugin. -->","yoast_head_json":{"title":"Arles | Chalk Paint\u2122 | Annie Sloan DE","description":"Arles ist ein helles, leuchtendes Orangegelb in der Chalk Paint\u2122 Palette, benannt nach der franz\u00f6sischen Stadt Arles, in der erdig gelbe Ocker gewonnen werden.","robots":{"index":"index","follow":"follow","max-snippet":"max-snippet:-1","max-image-preview":"max-image-preview:large","max-video-preview":"max-video-preview:-1"},"canonical":"https:\/\/www.anniesloan.com\/de\/produkt\/chalk-paint\/gelb\/arles\/","og_locale":"de_DE","og_type":"article","og_title":"Arles","og_description":"Arles ist ein helles, leuchtendes Orangegelb in der Chalk Paint\u2122 Palette, benannt nach der franz\u00f6sischen Stadt Arles, in der erdig gelbe Ocker gewonnen werden.","og_url":"https:\/\/www.anniesloan.com\/de\/produkt\/chalk-paint\/gelb\/arles\/","og_site_name":"Annie Sloan DE","article_modified_time":"2026-04-30T14:30:31+00:00","og_image":[{"width":1224,"height":936,"url":"https:\/\/www.anniesloan.com\/de\/wp-content\/uploads\/sites\/3\/2020\/02\/NEWRGB-72dpi-Arles.jpg","type":"image\/jpeg"}],"twitter_card":"summary_large_image","twitter_misc":{"Availability":"In stock"},"schema":{"@context":"https:\/\/schema.org","@graph":[{"@type":"WebPage","@id":"https:\/\/www.anniesloan.com\/de\/produkt\/chalk-paint\/gelb\/arles\/","url":"https:\/\/www.anniesloan.com\/de\/produkt\/chalk-paint\/gelb\/arles\/","name":"Arles | Chalk Paint\u2122 | Annie Sloan DE","isPartOf":{"@id":"https:\/\/www.anniesloan.com\/de\/#website"},"primaryImageOfPage":{"@id":"https:\/\/www.anniesloan.com\/de\/produkt\/chalk-paint\/gelb\/arles\/#primaryimage"},"image":{"@id":"https:\/\/www.anniesloan.com\/de\/produkt\/chalk-paint\/gelb\/arles\/#primaryimage"},"thumbnailUrl":"https:\/\/www.anniesloan.com\/de\/wp-content\/uploads\/sites\/3\/2020\/02\/NEWRGB-72dpi-Arles.jpg","datePublished":"2020-02-07T11:21:43+00:00","dateModified":"2026-04-30T14:30:31+00:00","description":"Arles ist ein helles, leuchtendes Orangegelb in der Chalk Paint\u2122 Palette, benannt nach der franz\u00f6sischen Stadt Arles, in der erdig gelbe Ocker gewonnen werden.","breadcrumb":{"@id":"https:\/\/www.anniesloan.com\/de\/produkt\/chalk-paint\/gelb\/arles\/#breadcrumb"},"inLanguage":"de-DE","potentialAction":[{"@type":"ReadAction","target":["https:\/\/www.anniesloan.com\/de\/produkt\/chalk-paint\/gelb\/arles\/"]}]},{"@type":"ImageObject","inLanguage":"de-DE","@id":"https:\/\/www.anniesloan.com\/de\/produkt\/chalk-paint\/gelb\/arles\/#primaryimage","url":"https:\/\/www.anniesloan.com\/de\/wp-content\/uploads\/sites\/3\/2020\/02\/NEWRGB-72dpi-Arles.jpg","contentUrl":"https:\/\/www.anniesloan.com\/de\/wp-content\/uploads\/sites\/3\/2020\/02\/NEWRGB-72dpi-Arles.jpg","width":1224,"height":936,"caption":"Annie Sloan Paint Swatch Arles"},{"@type":"BreadcrumbList","@id":"https:\/\/www.anniesloan.com\/de\/produkt\/chalk-paint\/gelb\/arles\/#breadcrumb","itemListElement":[{"@type":"ListItem","position":1,"name":"Produkte","item":"https:\/\/www.anniesloan.com\/de\/produkte\/"},{"@type":"ListItem","position":2,"name":"Chalk Paint","item":"https:\/\/www.anniesloan.com\/de\/produkte\/chalk-paint\/"},{"@type":"ListItem","position":3,"name":"Chalk Paint in Orange","item":"https:\/\/www.anniesloan.com\/de\/produkte\/chalk-paint\/orange\/"},{"@type":"ListItem","position":4,"name":"Arles"}]},{"@type":"WebSite","@id":"https:\/\/www.anniesloan.com\/de\/#website","url":"https:\/\/www.anniesloan.com\/de\/","name":"Annie Sloan DE","description":"Die Heimat der Chalk Paint\u2122","potentialAction":[{"@type":"SearchAction","target":{"@type":"EntryPoint","urlTemplate":"https:\/\/www.anniesloan.com\/de\/?s={search_term_string}"},"query-input":{"@type":"PropertyValueSpecification","valueRequired":true,"valueName":"search_term_string"}}],"inLanguage":"de-DE"}]},"og_availability":"instock","product_availability":"instock","product_retailer_item_id":"4000-42-Arles-CP","product_condition":"new"},"_links":{"self":[{"href":"https:\/\/www.anniesloan.com\/de\/wp-json\/wp\/v2\/product\/19883","targetHints":{"allow":["GET"]}}],"collection":[{"href":"https:\/\/www.anniesloan.com\/de\/wp-json\/wp\/v2\/product"}],"about":[{"href":"https:\/\/www.anniesloan.com\/de\/wp-json\/wp\/v2\/types\/product"}],"wp:featuredmedia":[{"embeddable":true,"href":"https:\/\/www.anniesloan.com\/de\/wp-json\/wp\/v2\/media\/38688"}],"wp:attachment":[{"href":"https:\/\/www.anniesloan.com\/de\/wp-json\/wp\/v2\/media?parent=19883"}],"wp:term":[{"taxonomy":"product_brand","embeddable":true,"href":"https:\/\/www.anniesloan.com\/de\/wp-json\/wp\/v2\/product_brand?post=19883"},{"taxonomy":"product_cat","embeddable":true,"href":"https:\/\/www.anniesloan.com\/de\/wp-json\/wp\/v2\/product_cat?post=19883"},{"taxonomy":"product_tag","embeddable":true,"href":"https:\/\/www.anniesloan.com\/de\/wp-json\/wp\/v2\/product_tag?post=19883"}],"curies":[{"name":"wp","href":"https:\/\/api.w.org\/{rel}","templated":true}]}}