{"id":19830,"date":"2020-02-07T12:21:43","date_gmt":"2020-02-07T11:21:43","guid":{"rendered":"https:\/\/www.anniesloan.com\/product\/old-ochre\/"},"modified":"2026-04-25T23:30:33","modified_gmt":"2026-04-25T21:30:33","slug":"old-ochre","status":"publish","type":"product","link":"https:\/\/www.anniesloan.com\/de\/produkt\/chalk-paint\/gelb\/old-ochre\/","title":{"rendered":"Old Ochre"},"content":{"rendered":"","protected":false},"excerpt":{"rendered":"<p>Old Ochre ist ein blasser Cremeton, der an alte farblich eingefasste M\u00f6bel, Holzobjekte und Au\u00dfenseiten von Haust\u00fcren im franz\u00f6sischen Stil erinnert. Aufgetragen mit Chalk Paint\u2122 Wax \u2013 Dunkel kann man die Farbe intensiver gestalten, die dann an Paris erinnert oder man l\u00e4sst sie unbehandelt um einen neutralen Untergrund f\u00fcr andere Farben zu schaffen.<\/p>\n","protected":false},"featured_media":38644,"template":"","meta":{"_acf_changed":false,"_relevanssi_hide_post":"","_relevanssi_hide_content":"","_relevanssi_pin_for_all":"","_relevanssi_pin_keywords":"","_relevanssi_unpin_keywords":"","_relevanssi_related_keywords":"","_relevanssi_related_include_ids":"","_relevanssi_related_exclude_ids":"","_relevanssi_related_no_append":"","_relevanssi_related_not_related":"","_relevanssi_related_posts":"","_relevanssi_noindex_reason":""},"product_brand":[],"product_cat":[19,30],"product_tag":[20],"class_list":{"0":"post-19830","1":"product","2":"type-product","3":"status-publish","4":"has-post-thumbnail","6":"product_cat-chalk-paint","7":"product_cat-gelb","8":"product_tag-chalk-paint","9":"product_shipping_class-dhl","10":"pa_colour-filter-gelb","11":"pa_colour-filter-neutral","12":"pa_colour-filter-weiss","13":"pa_finish-chalk-paint","14":"pa_size-1-liter","15":"pa_size-120-ml","16":"pa_size-500-ml","18":"first","19":"instock","20":"taxable","21":"shipping-taxable","22":"purchasable","23":"product-type-variable","24":"has-default-attributes"},"acf":[],"yoast_head":"<!-- This site is optimized with the Yoast SEO Premium plugin v26.5 (Yoast SEO v26.5) - https:\/\/yoast.com\/wordpress\/plugins\/seo\/ -->\n<title>Old Ochre | Chalk Paint\u2122 | Annie Sloan DE<\/title>\n<meta name=\"description\" content=\"Old Ochre ist ein warmer, weicher, dunkler Cremeton in der Chalk Paint\u2122 Palette, der an alte franz\u00f6sische M\u00f6bel, Holzarbeiten und Pariser T\u00fcren erinnert.\" \/>\n<meta name=\"robots\" content=\"index, follow, max-snippet:-1, max-image-preview:large, max-video-preview:-1\" \/>\n<link rel=\"canonical\" href=\"https:\/\/www.anniesloan.com\/de\/produkt\/chalk-paint\/gelb\/old-ochre\/\" \/>\n<meta property=\"og:locale\" content=\"de_DE\" \/>\n<meta property=\"og:type\" content=\"article\" \/>\n<meta property=\"og:title\" content=\"Old Ochre\" \/>\n<meta property=\"og:description\" content=\"Old Ochre ist ein warmer, weicher, dunkler Cremeton in der Chalk Paint\u2122 Palette, der an alte franz\u00f6sische M\u00f6bel, Holzarbeiten und Pariser T\u00fcren erinnert.\" \/>\n<meta property=\"og:url\" content=\"https:\/\/www.anniesloan.com\/de\/produkt\/chalk-paint\/gelb\/old-ochre\/\" \/>\n<meta property=\"og:site_name\" content=\"Annie Sloan DE\" \/>\n<meta property=\"article:modified_time\" content=\"2026-04-25T21:30:33+00:00\" \/>\n<meta property=\"og:image\" content=\"https:\/\/www.anniesloan.com\/de\/wp-content\/uploads\/sites\/3\/2021\/09\/NEWRGB-72dpi-Old-Ochre.jpg\" \/>\n\t<meta property=\"og:image:width\" content=\"1224\" \/>\n\t<meta property=\"og:image:height\" content=\"936\" \/>\n\t<meta property=\"og:image:type\" content=\"image\/jpeg\" \/>\n<meta name=\"twitter:card\" content=\"summary_large_image\" \/>\n<meta name=\"twitter:label1\" content=\"Availability\" \/>\n\t<meta name=\"twitter:data1\" content=\"In stock\" \/>\n<script type=\"application\/ld+json\" class=\"yoast-schema-graph\">{\"@context\":\"https:\/\/schema.org\",\"@graph\":[{\"@type\":\"WebPage\",\"@id\":\"https:\/\/www.anniesloan.com\/de\/produkt\/chalk-paint\/gelb\/old-ochre\/\",\"url\":\"https:\/\/www.anniesloan.com\/de\/produkt\/chalk-paint\/gelb\/old-ochre\/\",\"name\":\"Old Ochre | Chalk Paint\u2122 | Annie Sloan DE\",\"isPartOf\":{\"@id\":\"https:\/\/www.anniesloan.com\/de\/#website\"},\"primaryImageOfPage\":{\"@id\":\"https:\/\/www.anniesloan.com\/de\/produkt\/chalk-paint\/gelb\/old-ochre\/#primaryimage\"},\"image\":{\"@id\":\"https:\/\/www.anniesloan.com\/de\/produkt\/chalk-paint\/gelb\/old-ochre\/#primaryimage\"},\"thumbnailUrl\":\"https:\/\/www.anniesloan.com\/de\/wp-content\/uploads\/sites\/3\/2021\/09\/NEWRGB-72dpi-Old-Ochre.jpg\",\"datePublished\":\"2020-02-07T11:21:43+00:00\",\"dateModified\":\"2026-04-25T21:30:33+00:00\",\"description\":\"Old Ochre ist ein warmer, weicher, dunkler Cremeton in der Chalk Paint\u2122 Palette, der an alte franz\u00f6sische M\u00f6bel, Holzarbeiten und Pariser T\u00fcren erinnert.\",\"breadcrumb\":{\"@id\":\"https:\/\/www.anniesloan.com\/de\/produkt\/chalk-paint\/gelb\/old-ochre\/#breadcrumb\"},\"inLanguage\":\"de-DE\",\"potentialAction\":[{\"@type\":\"ReadAction\",\"target\":[\"https:\/\/www.anniesloan.com\/de\/produkt\/chalk-paint\/gelb\/old-ochre\/\"]}]},{\"@type\":\"ImageObject\",\"inLanguage\":\"de-DE\",\"@id\":\"https:\/\/www.anniesloan.com\/de\/produkt\/chalk-paint\/gelb\/old-ochre\/#primaryimage\",\"url\":\"https:\/\/www.anniesloan.com\/de\/wp-content\/uploads\/sites\/3\/2021\/09\/NEWRGB-72dpi-Old-Ochre.jpg\",\"contentUrl\":\"https:\/\/www.anniesloan.com\/de\/wp-content\/uploads\/sites\/3\/2021\/09\/NEWRGB-72dpi-Old-Ochre.jpg\",\"width\":1224,\"height\":936,\"caption\":\"Annie Sloan Paint Swatch Old Ochre\"},{\"@type\":\"BreadcrumbList\",\"@id\":\"https:\/\/www.anniesloan.com\/de\/produkt\/chalk-paint\/gelb\/old-ochre\/#breadcrumb\",\"itemListElement\":[{\"@type\":\"ListItem\",\"position\":1,\"name\":\"Produkte\",\"item\":\"https:\/\/www.anniesloan.com\/de\/produkte\/\"},{\"@type\":\"ListItem\",\"position\":2,\"name\":\"Chalk Paint\",\"item\":\"https:\/\/www.anniesloan.com\/de\/produkte\/chalk-paint\/\"},{\"@type\":\"ListItem\",\"position\":3,\"name\":\"Chalk Paint in Gelb\",\"item\":\"https:\/\/www.anniesloan.com\/de\/produkte\/chalk-paint\/gelb\/\"},{\"@type\":\"ListItem\",\"position\":4,\"name\":\"Old Ochre\"}]},{\"@type\":\"WebSite\",\"@id\":\"https:\/\/www.anniesloan.com\/de\/#website\",\"url\":\"https:\/\/www.anniesloan.com\/de\/\",\"name\":\"Annie Sloan DE\",\"description\":\"Die Heimat der Chalk Paint\u2122\",\"potentialAction\":[{\"@type\":\"SearchAction\",\"target\":{\"@type\":\"EntryPoint\",\"urlTemplate\":\"https:\/\/www.anniesloan.com\/de\/?s={search_term_string}\"},\"query-input\":{\"@type\":\"PropertyValueSpecification\",\"valueRequired\":true,\"valueName\":\"search_term_string\"}}],\"inLanguage\":\"de-DE\"}]}<\/script>\n<meta property=\"og:availability\" content=\"instock\" \/>\n<meta property=\"product:availability\" content=\"instock\" \/>\n<meta property=\"product:retailer_item_id\" content=\"4000-12-Old-Ochre-CP\" \/>\n<meta property=\"product:condition\" content=\"new\" \/>\n<!-- \/ Yoast SEO Premium plugin. -->","yoast_head_json":{"title":"Old Ochre | Chalk Paint\u2122 | Annie Sloan DE","description":"Old Ochre ist ein warmer, weicher, dunkler Cremeton in der Chalk Paint\u2122 Palette, der an alte franz\u00f6sische M\u00f6bel, Holzarbeiten und Pariser T\u00fcren erinnert.","robots":{"index":"index","follow":"follow","max-snippet":"max-snippet:-1","max-image-preview":"max-image-preview:large","max-video-preview":"max-video-preview:-1"},"canonical":"https:\/\/www.anniesloan.com\/de\/produkt\/chalk-paint\/gelb\/old-ochre\/","og_locale":"de_DE","og_type":"article","og_title":"Old Ochre","og_description":"Old Ochre ist ein warmer, weicher, dunkler Cremeton in der Chalk Paint\u2122 Palette, der an alte franz\u00f6sische M\u00f6bel, Holzarbeiten und Pariser T\u00fcren erinnert.","og_url":"https:\/\/www.anniesloan.com\/de\/produkt\/chalk-paint\/gelb\/old-ochre\/","og_site_name":"Annie Sloan DE","article_modified_time":"2026-04-25T21:30:33+00:00","og_image":[{"width":1224,"height":936,"url":"https:\/\/www.anniesloan.com\/de\/wp-content\/uploads\/sites\/3\/2021\/09\/NEWRGB-72dpi-Old-Ochre.jpg","type":"image\/jpeg"}],"twitter_card":"summary_large_image","twitter_misc":{"Availability":"In stock"},"schema":{"@context":"https:\/\/schema.org","@graph":[{"@type":"WebPage","@id":"https:\/\/www.anniesloan.com\/de\/produkt\/chalk-paint\/gelb\/old-ochre\/","url":"https:\/\/www.anniesloan.com\/de\/produkt\/chalk-paint\/gelb\/old-ochre\/","name":"Old Ochre | Chalk Paint\u2122 | Annie Sloan DE","isPartOf":{"@id":"https:\/\/www.anniesloan.com\/de\/#website"},"primaryImageOfPage":{"@id":"https:\/\/www.anniesloan.com\/de\/produkt\/chalk-paint\/gelb\/old-ochre\/#primaryimage"},"image":{"@id":"https:\/\/www.anniesloan.com\/de\/produkt\/chalk-paint\/gelb\/old-ochre\/#primaryimage"},"thumbnailUrl":"https:\/\/www.anniesloan.com\/de\/wp-content\/uploads\/sites\/3\/2021\/09\/NEWRGB-72dpi-Old-Ochre.jpg","datePublished":"2020-02-07T11:21:43+00:00","dateModified":"2026-04-25T21:30:33+00:00","description":"Old Ochre ist ein warmer, weicher, dunkler Cremeton in der Chalk Paint\u2122 Palette, der an alte franz\u00f6sische M\u00f6bel, Holzarbeiten und Pariser T\u00fcren erinnert.","breadcrumb":{"@id":"https:\/\/www.anniesloan.com\/de\/produkt\/chalk-paint\/gelb\/old-ochre\/#breadcrumb"},"inLanguage":"de-DE","potentialAction":[{"@type":"ReadAction","target":["https:\/\/www.anniesloan.com\/de\/produkt\/chalk-paint\/gelb\/old-ochre\/"]}]},{"@type":"ImageObject","inLanguage":"de-DE","@id":"https:\/\/www.anniesloan.com\/de\/produkt\/chalk-paint\/gelb\/old-ochre\/#primaryimage","url":"https:\/\/www.anniesloan.com\/de\/wp-content\/uploads\/sites\/3\/2021\/09\/NEWRGB-72dpi-Old-Ochre.jpg","contentUrl":"https:\/\/www.anniesloan.com\/de\/wp-content\/uploads\/sites\/3\/2021\/09\/NEWRGB-72dpi-Old-Ochre.jpg","width":1224,"height":936,"caption":"Annie Sloan Paint Swatch Old Ochre"},{"@type":"BreadcrumbList","@id":"https:\/\/www.anniesloan.com\/de\/produkt\/chalk-paint\/gelb\/old-ochre\/#breadcrumb","itemListElement":[{"@type":"ListItem","position":1,"name":"Produkte","item":"https:\/\/www.anniesloan.com\/de\/produkte\/"},{"@type":"ListItem","position":2,"name":"Chalk Paint","item":"https:\/\/www.anniesloan.com\/de\/produkte\/chalk-paint\/"},{"@type":"ListItem","position":3,"name":"Chalk Paint in Gelb","item":"https:\/\/www.anniesloan.com\/de\/produkte\/chalk-paint\/gelb\/"},{"@type":"ListItem","position":4,"name":"Old Ochre"}]},{"@type":"WebSite","@id":"https:\/\/www.anniesloan.com\/de\/#website","url":"https:\/\/www.anniesloan.com\/de\/","name":"Annie Sloan DE","description":"Die Heimat der Chalk Paint\u2122","potentialAction":[{"@type":"SearchAction","target":{"@type":"EntryPoint","urlTemplate":"https:\/\/www.anniesloan.com\/de\/?s={search_term_string}"},"query-input":{"@type":"PropertyValueSpecification","valueRequired":true,"valueName":"search_term_string"}}],"inLanguage":"de-DE"}]},"og_availability":"instock","product_availability":"instock","product_retailer_item_id":"4000-12-Old-Ochre-CP","product_condition":"new"},"_links":{"self":[{"href":"https:\/\/www.anniesloan.com\/de\/wp-json\/wp\/v2\/product\/19830","targetHints":{"allow":["GET"]}}],"collection":[{"href":"https:\/\/www.anniesloan.com\/de\/wp-json\/wp\/v2\/product"}],"about":[{"href":"https:\/\/www.anniesloan.com\/de\/wp-json\/wp\/v2\/types\/product"}],"wp:featuredmedia":[{"embeddable":true,"href":"https:\/\/www.anniesloan.com\/de\/wp-json\/wp\/v2\/media\/38644"}],"wp:attachment":[{"href":"https:\/\/www.anniesloan.com\/de\/wp-json\/wp\/v2\/media?parent=19830"}],"wp:term":[{"taxonomy":"product_brand","embeddable":true,"href":"https:\/\/www.anniesloan.com\/de\/wp-json\/wp\/v2\/product_brand?post=19830"},{"taxonomy":"product_cat","embeddable":true,"href":"https:\/\/www.anniesloan.com\/de\/wp-json\/wp\/v2\/product_cat?post=19830"},{"taxonomy":"product_tag","embeddable":true,"href":"https:\/\/www.anniesloan.com\/de\/wp-json\/wp\/v2\/product_tag?post=19830"}],"curies":[{"name":"wp","href":"https:\/\/api.w.org\/{rel}","templated":true}]}}