{"id":38256,"date":"2022-03-21T15:16:21","date_gmt":"2022-03-21T15:16:21","guid":{"rendered":"https:\/\/www.anniesloan.com\/?page_id=105263"},"modified":"2023-07-12T15:49:23","modified_gmt":"2023-07-12T13:49:23","slug":"gruen","status":"publish","type":"page","link":"https:\/\/www.anniesloan.com\/de\/farbe\/gruen\/","title":{"rendered":"Gr\u00fcn"},"content":{"rendered":"<p>Mit Farbt\u00f6nen von einem frischen Limettengr\u00fcn bis hin zu einem sanften Salbeigr\u00fcn bietet die Annie Sloan Palette das perfekte Gr\u00fcn f\u00fcr Ihr n\u00e4chstes dekoratives Projekt. Annie Sloan hat eine Reihe von Gr\u00fcnt\u00f6nen entwickelt, die sowohl von der Natur als auch von historischen Interieurs inspiriert sind, und Farben geschaffen, die sowohl f\u00fcr Innen- als auch Au\u00dfenbereiche, auf M\u00f6beln und dar\u00fcber hinaus geeignet sind. Gr\u00fcn l\u00e4sst sich wunderbar mit Wei\u00df- und Graut\u00f6nen kombinieren, sollte Ihnen nicht der Sinn nach kr\u00e4ftigen Farben stehen. F\u00fcr ein etwas mutigeres Designkonzept hingegen k\u00f6nnen Sie Gr\u00fcn auch mit warmen Rosat\u00f6nen kontrastieren.<\/p>\n<p><strong>\u00a0<\/strong><\/p>\n<p data-pm-slice=\"1 1 []\"><div class=\"c-ShortcodeButton  c-ShortcodeButton--padtoprem c-ShortcodeButton--padbotrem\"><a href=\"\/de\/farbe\/\" class=\"[ c-Btn c-Btn--outline-grey ]\" >Alle Farben anzeigen<\/a><\/div><\/p>\n","protected":false},"excerpt":{"rendered":"<p>Mit Farbt\u00f6nen von einem frischen Limettengr\u00fcn bis hin zu einem sanften Salbeigr\u00fcn bietet die Annie Sloan Palette das perfekte Gr\u00fcn f\u00fcr Ihr n\u00e4chstes dekoratives Projekt. Annie Sloan hat eine Reihe von Gr\u00fcnt\u00f6nen entwickelt, die sowohl von der Natur als auch von historischen Interieurs inspiriert sind, und Farben geschaffen, die sowohl f\u00fcr Innen- als auch Au\u00dfenbereiche, [&hellip;]<\/p>\n","protected":false},"author":11,"featured_media":0,"parent":38250,"menu_order":0,"comment_status":"closed","ping_status":"closed","template":"page-tpl-paint.php","meta":{"_acf_changed":false,"_relevanssi_hide_post":"","_relevanssi_hide_content":"","_relevanssi_pin_for_all":"","_relevanssi_pin_keywords":"","_relevanssi_unpin_keywords":"","_relevanssi_related_keywords":"","_relevanssi_related_include_ids":"","_relevanssi_related_exclude_ids":"","_relevanssi_related_no_append":"","_relevanssi_related_not_related":"","_relevanssi_related_posts":"","_relevanssi_noindex_reason":"","footnotes":""},"class_list":["post-38256","page","type-page","status-publish","hentry"],"acf":[],"yoast_head":"<!-- This site is optimized with the Yoast SEO Premium plugin v26.5 (Yoast SEO v26.5) - https:\/\/yoast.com\/wordpress\/plugins\/seo\/ -->\n<title>Gr\u00fcn | Annie Sloan DE<\/title>\n<meta name=\"robots\" content=\"index, follow, max-snippet:-1, max-image-preview:large, max-video-preview:-1\" \/>\n<link rel=\"canonical\" href=\"https:\/\/www.anniesloan.com\/de\/farbe\/gruen\/\" \/>\n<meta property=\"og:locale\" content=\"de_DE\" \/>\n<meta property=\"og:type\" content=\"article\" \/>\n<meta property=\"og:title\" content=\"Gr\u00fcn\" \/>\n<meta property=\"og:description\" content=\"Mit Farbt\u00f6nen von einem frischen Limettengr\u00fcn bis hin zu einem sanften Salbeigr\u00fcn bietet die Annie Sloan Palette das perfekte Gr\u00fcn f\u00fcr Ihr n\u00e4chstes dekoratives Projekt. Annie Sloan hat eine Reihe von Gr\u00fcnt\u00f6nen entwickelt, die sowohl von der Natur als auch von historischen Interieurs inspiriert sind, und Farben geschaffen, die sowohl f\u00fcr Innen- als auch Au\u00dfenbereiche, [&hellip;]\" \/>\n<meta property=\"og:url\" content=\"https:\/\/www.anniesloan.com\/de\/farbe\/gruen\/\" \/>\n<meta property=\"og:site_name\" content=\"Annie Sloan DE\" \/>\n<meta property=\"article:modified_time\" content=\"2023-07-12T13:49:23+00:00\" \/>\n<meta name=\"twitter:card\" content=\"summary_large_image\" \/>\n<meta name=\"twitter:label1\" content=\"Gesch\u00e4tzte Lesezeit\" \/>\n\t<meta name=\"twitter:data1\" content=\"1 Minute\" \/>\n<script type=\"application\/ld+json\" class=\"yoast-schema-graph\">{\"@context\":\"https:\/\/schema.org\",\"@graph\":[{\"@type\":\"WebPage\",\"@id\":\"https:\/\/www.anniesloan.com\/de\/farbe\/gruen\/\",\"url\":\"https:\/\/www.anniesloan.com\/de\/farbe\/gruen\/\",\"name\":\"Gr\u00fcn | Annie Sloan DE\",\"isPartOf\":{\"@id\":\"https:\/\/www.anniesloan.com\/de\/#website\"},\"datePublished\":\"2022-03-21T15:16:21+00:00\",\"dateModified\":\"2023-07-12T13:49:23+00:00\",\"breadcrumb\":{\"@id\":\"https:\/\/www.anniesloan.com\/de\/farbe\/gruen\/#breadcrumb\"},\"inLanguage\":\"de-DE\",\"potentialAction\":[{\"@type\":\"ReadAction\",\"target\":[\"https:\/\/www.anniesloan.com\/de\/farbe\/gruen\/\"]}]},{\"@type\":\"BreadcrumbList\",\"@id\":\"https:\/\/www.anniesloan.com\/de\/farbe\/gruen\/#breadcrumb\",\"itemListElement\":[{\"@type\":\"ListItem\",\"position\":1,\"name\":\"Alle Farben\",\"item\":\"https:\/\/www.anniesloan.com\/de\/farbe\/\"},{\"@type\":\"ListItem\",\"position\":2,\"name\":\"Gr\u00fcn\"}]},{\"@type\":\"WebSite\",\"@id\":\"https:\/\/www.anniesloan.com\/de\/#website\",\"url\":\"https:\/\/www.anniesloan.com\/de\/\",\"name\":\"Annie Sloan DE\",\"description\":\"Die Heimat der Chalk Paint\u2122\",\"potentialAction\":[{\"@type\":\"SearchAction\",\"target\":{\"@type\":\"EntryPoint\",\"urlTemplate\":\"https:\/\/www.anniesloan.com\/de\/?s={search_term_string}\"},\"query-input\":{\"@type\":\"PropertyValueSpecification\",\"valueRequired\":true,\"valueName\":\"search_term_string\"}}],\"inLanguage\":\"de-DE\"}]}<\/script>\n<!-- \/ Yoast SEO Premium plugin. -->","yoast_head_json":{"title":"Gr\u00fcn | Annie Sloan DE","robots":{"index":"index","follow":"follow","max-snippet":"max-snippet:-1","max-image-preview":"max-image-preview:large","max-video-preview":"max-video-preview:-1"},"canonical":"https:\/\/www.anniesloan.com\/de\/farbe\/gruen\/","og_locale":"de_DE","og_type":"article","og_title":"Gr\u00fcn","og_description":"Mit Farbt\u00f6nen von einem frischen Limettengr\u00fcn bis hin zu einem sanften Salbeigr\u00fcn bietet die Annie Sloan Palette das perfekte Gr\u00fcn f\u00fcr Ihr n\u00e4chstes dekoratives Projekt. Annie Sloan hat eine Reihe von Gr\u00fcnt\u00f6nen entwickelt, die sowohl von der Natur als auch von historischen Interieurs inspiriert sind, und Farben geschaffen, die sowohl f\u00fcr Innen- als auch Au\u00dfenbereiche, [&hellip;]","og_url":"https:\/\/www.anniesloan.com\/de\/farbe\/gruen\/","og_site_name":"Annie Sloan DE","article_modified_time":"2023-07-12T13:49:23+00:00","twitter_card":"summary_large_image","twitter_misc":{"Gesch\u00e4tzte Lesezeit":"1 Minute"},"schema":{"@context":"https:\/\/schema.org","@graph":[{"@type":"WebPage","@id":"https:\/\/www.anniesloan.com\/de\/farbe\/gruen\/","url":"https:\/\/www.anniesloan.com\/de\/farbe\/gruen\/","name":"Gr\u00fcn | Annie Sloan DE","isPartOf":{"@id":"https:\/\/www.anniesloan.com\/de\/#website"},"datePublished":"2022-03-21T15:16:21+00:00","dateModified":"2023-07-12T13:49:23+00:00","breadcrumb":{"@id":"https:\/\/www.anniesloan.com\/de\/farbe\/gruen\/#breadcrumb"},"inLanguage":"de-DE","potentialAction":[{"@type":"ReadAction","target":["https:\/\/www.anniesloan.com\/de\/farbe\/gruen\/"]}]},{"@type":"BreadcrumbList","@id":"https:\/\/www.anniesloan.com\/de\/farbe\/gruen\/#breadcrumb","itemListElement":[{"@type":"ListItem","position":1,"name":"Alle Farben","item":"https:\/\/www.anniesloan.com\/de\/farbe\/"},{"@type":"ListItem","position":2,"name":"Gr\u00fcn"}]},{"@type":"WebSite","@id":"https:\/\/www.anniesloan.com\/de\/#website","url":"https:\/\/www.anniesloan.com\/de\/","name":"Annie Sloan DE","description":"Die Heimat der Chalk Paint\u2122","potentialAction":[{"@type":"SearchAction","target":{"@type":"EntryPoint","urlTemplate":"https:\/\/www.anniesloan.com\/de\/?s={search_term_string}"},"query-input":{"@type":"PropertyValueSpecification","valueRequired":true,"valueName":"search_term_string"}}],"inLanguage":"de-DE"}]}},"_links":{"self":[{"href":"https:\/\/www.anniesloan.com\/de\/wp-json\/wp\/v2\/pages\/38256","targetHints":{"allow":["GET"]}}],"collection":[{"href":"https:\/\/www.anniesloan.com\/de\/wp-json\/wp\/v2\/pages"}],"about":[{"href":"https:\/\/www.anniesloan.com\/de\/wp-json\/wp\/v2\/types\/page"}],"author":[{"embeddable":true,"href":"https:\/\/www.anniesloan.com\/de\/wp-json\/wp\/v2\/users\/11"}],"replies":[{"embeddable":true,"href":"https:\/\/www.anniesloan.com\/de\/wp-json\/wp\/v2\/comments?post=38256"}],"version-history":[{"count":0,"href":"https:\/\/www.anniesloan.com\/de\/wp-json\/wp\/v2\/pages\/38256\/revisions"}],"up":[{"embeddable":true,"href":"https:\/\/www.anniesloan.com\/de\/wp-json\/wp\/v2\/pages\/38250"}],"wp:attachment":[{"href":"https:\/\/www.anniesloan.com\/de\/wp-json\/wp\/v2\/media?parent=38256"}],"curies":[{"name":"wp","href":"https:\/\/api.w.org\/{rel}","templated":true}]}}