{"id":36661,"date":"2021-10-21T16:31:24","date_gmt":"2021-10-21T16:31:24","guid":{"rendered":"https:\/\/www.anniesloan.com\/?page_id=93278"},"modified":"2021-10-22T10:11:31","modified_gmt":"2021-10-22T10:11:31","slug":"wallpaintcolourcard","status":"publish","type":"page","link":"https:\/\/www.anniesloan.com\/de\/wallpaintcolourcard\/","title":{"rendered":"Wall Paint Colour Card"},"content":{"rendered":"<p>1. \u03b5\u03bb\u03bb\u03b7\u03bd\u03b9\u03ba\u03ac<br \/>\n2. suomi<br \/>\n3. fran\u00e7ais<br \/>\n4. magyar<br \/>\n5. \u65e5\u672c\u8a9e<br \/>\n6. norsk<br \/>\n7. limba rom\u00e2n\u0103<br \/>\n8. sloven\u010dina<br \/>\n9. svenska<\/p>\n<p><strong><br \/>\n1. \u03b5\u03bb\u03bb\u03b7\u03bd\u03b9\u03ba\u03ac<\/strong><\/p>\n<p><strong>\u0395\u03a0\u0399\u039c\u0395\u039b\u0395\u0399\u0391<\/strong><\/p>\n<p>\u0397 Annie Sloan, Interior Designer \u03ba\u03b1\u03b9 Paint Expert \u03b5\u03c0\u03b9\u03bc\u03b5\u03bb\u03ae\u03b8\u03b7\u03ba\u03b5 \u03bc\u03b9\u03b1 \u03c3\u03b5\u03b9\u03c1\u03ac capsule \u03b1\u03c0\u03cc \u03b5\u03be\u03b1\u03b9\u03c1\u03b5\u03c4\u03b9\u03ba\u03ae\u03c2 \u03c0\u03bf\u03b9\u03cc\u03c4\u03b7\u03c4\u03b1\u03c2 \u03bc\u03b1\u03c4 \u03b3\u03b1\u03bb\u03b1\u03ba\u03c4\u03ce\u03bc\u03b1\u03c4\u03b1 \u03bc\u03b5 \u03b2\u03ac\u03c3\u03b7 \u03c4\u03bf \u03bd\u03b5\u03c1\u03cc \u03b3\u03b9\u03b1 \u03c4\u03bf\u03c5\u03c2 \u03c4\u03bf\u03af\u03c7\u03bf\u03c5\u03c2 \u03c3\u03b1\u03c2. \u039a\u03b1\u03b8\u03b5\u03bc\u03af\u03b1 \u03b1\u03c0\u03cc \u03c4\u03b9\u03c2 \u03b2\u03b1\u03b8\u03b9\u03ad\u03c2 \u03b1\u03c0\u03bf\u03c7\u03c1\u03ce\u03c3\u03b5\u03b9\u03c2 \u03c0\u03c1\u03bf\u03c3\u03c6\u03ad\u03c1\u03b5\u03b9 \u03b4\u03b9\u03ac\u03c1\u03ba\u03b5\u03b9\u03b1, \u03b5\u03cd\u03ba\u03bf\u03bb\u03bf \u03c3\u03ba\u03bf\u03cd\u03c0\u03b9\u03c3\u03bc\u03b1 \u03ba\u03b1\u03b9 \u03ba\u03ac\u03bb\u03c5\u03c8\u03b7 \u03b5\u03bd\u03cc\u03c2 \u03b2\u03ae\u03bc\u03b1\u03c4\u03bf\u03c2. \u03a5\u03c8\u03b7\u03bb\u03ae\u03c2 \u03c0\u03bf\u03b9\u03cc\u03c4\u03b7\u03c4\u03b1\u03c2 \u03c7\u03c1\u03c9\u03c3\u03c4\u03b9\u03ba\u03ad\u03c2 \u03bf\u03c5\u03c3\u03af\u03b5\u03c2, \u03ba\u03bf\u03c1\u03c5\u03c6\u03b1\u03af\u03b1 \u03c4\u03b5\u03c7\u03bd\u03bf\u03b3\u03bd\u03c9\u03c3\u03af\u03b1 \u03c3\u03c4\u03bf\u03bd \u03ba\u03bb\u03ac\u03b4\u03bf \u03ba\u03b1\u03b9 \u03ad\u03bd\u03b1\u03c2 \u03bf\u03bb\u03cc\u03ba\u03bb\u03b7\u03c1\u03bf\u03c2 \u03ba\u03cc\u03c3\u03bc\u03bf\u03c2 \u0399\u03c3\u03c4\u03bf\u03c1\u03af\u03b1\u03c2 \u03c4\u03b7\u03c2 \u03a4\u03ad\u03c7\u03bd\u03b7\u03c2 \u03bc\u03ad\u03c3\u03b1 \u03c3\u03b5 \u03ba\u03ac\u03b8\u03b5 \u03b4\u03bf\u03c7\u03b5\u03af\u03bf.<\/p>\n<p><strong>\u0394\u0397\u039c\u0399\u039f\u03a5\u03a1\u0393\u0399\u0391<\/strong><\/p>\n<p>\u0397 \u03b5\u03c0\u03b9\u03bc\u03ad\u03bb\u03b5\u03b9\u03b1 \u03ad\u03b3\u03b9\u03bd\u03b5 \u03c3\u03c4\u03b7\u03bd \u039f\u03be\u03c6\u03cc\u03c1\u03b4\u03b7, \u03c3\u03c4\u03b7\u03bd \u03ad\u03b4\u03c1\u03b1 \u03c4\u03bf\u03c5 Chalk Paint, \u03ba\u03b1\u03b9 \u03b7 \u03c0\u03b1\u03c1\u03b1\u03c3\u03ba\u03b5\u03c5\u03ae \u03c0\u03c1\u03bf\u03c2 \u03c4\u03b7\u03bd \u03c4\u03b5\u03bb\u03b5\u03b9\u03cc\u03c4\u03b7\u03c4\u03b1 \u03ad\u03b3\u03b9\u03bd\u03b5 \u03bc\u03b5 \u03c4\u03b7\u03bd \u03b5\u03be\u03b5\u03b9\u03b4\u03af\u03ba\u03b5\u03c5\u03c3\u03b7 \u03c4\u03b7\u03c2 Annie \u03c3\u03c4\u03b9\u03c2 \u03c7\u03c1\u03c9\u03c3\u03c4\u03b9\u03ba\u03ad\u03c2 \u03bf\u03c5\u03c3\u03af\u03b5\u03c2 \u03ba\u03b1\u03b9 \u03c3\u03c4\u03b9\u03c2 \u03b2\u03b1\u03c6\u03ad\u03c2 \u03ce\u03c3\u03c4\u03b5 \u03bd\u03b1 \u03b5\u03c0\u03b9\u03c4\u03b5\u03c5\u03c7\u03b8\u03b5\u03af \u03ad\u03bd\u03b1 \u03b1\u03c0\u03b1\u03c1\u03ac\u03bc\u03b9\u03bb\u03bb\u03bf \u03c6\u03b9\u03bd\u03af\u03c1\u03b9\u03c3\u03bc\u03b1.<\/p>\n<p><strong>\u0395\u039c\u03a0\u0399\u03a3\u03a4\u039f\u03a3\u03a5\u039d\u0397<\/strong><\/p>\n<p>\u0394\u03bf\u03ba\u03b9\u03bc\u03b1\u03c3\u03bc\u03ad\u03bd\u03b7 \u03b1\u03c0\u03cc \u03b5\u03b9\u03b4\u03b9\u03ba\u03bf\u03cd\u03c2 \u03b3\u03b9\u03b1 \u03b5\u03ba\u03c0\u03bb\u03b7\u03ba\u03c4\u03b9\u03ba\u03ac \u03b1\u03c0\u03bf\u03c4\u03b5\u03bb\u03ad\u03c3\u03bc\u03b1\u03c4\u03b1 \u03c0\u03bf\u03c5 \u03bc\u03c0\u03bf\u03c1\u03b5\u03af\u03c4\u03b5 \u03bd\u03b1 \u03b5\u03bc\u03c0\u03b9\u03c3\u03c4\u03b5\u03c5\u03c4\u03b5\u03af\u03c4\u03b5. \u0397 \u0392\u03b1\u03c6\u03ae \u03c4\u03bf\u03af\u03c7\u03bf\u03c5 \u03b5\u03af\u03bd\u03b1\u03b9 \u03bc\u03b9\u03b1 \u03c5\u03c8\u03b7\u03bb\u03ae\u03c2 \u03b1\u03c0\u03cc\u03b4\u03bf\u03c3\u03b7\u03c2 \u03b2\u03b1\u03c6\u03ae \u03b5\u03bd\u03cc\u03c2 \u03b2\u03ae\u03bc\u03b1\u03c4\u03bf\u03c2, \u03c0\u03bf\u03c5 \u03c0\u03b1\u03c1\u03ad\u03c7\u03b5\u03b9 \u03b1\u03c0\u03bf\u03b4\u03b5\u03b4\u03b5\u03b9\u03b3\u03bc\u03ad\u03bd\u03b1 \u03ba\u03b1\u03b9 \u03c4\u03ad\u03bb\u03b5\u03b9\u03b1 \u03ba\u03ac\u03bb\u03c5\u03c8\u03b7 \u03ba\u03b1\u03b9 \u03c6\u03b9\u03bd\u03af\u03c1\u03b9\u03c3\u03bc\u03b1 \u03c0\u03bf\u03c5 \u03c0\u03bb\u03ad\u03bd\u03b5\u03c4\u03b1\u03b9 \u03ba\u03b1\u03b9 \u03c3\u03ba\u03bf\u03c5\u03c0\u03af\u03b6\u03b5\u03c4\u03b1\u03b9.<\/p>\n<ul>\n<li>\u0394\u039f\u039a\u0399\u039c\u0391\u03a3\u039c\u0395\u039d\u0397 \u0391\u03a0\u039f \u0395\u0399\u0394\u0399\u039a\u039f\u03a5\u03a3<\/li>\n<li>\u03a3\u03a4\u0395\u0393\u039d\u03a9\u039d\u0395\u0399 \u0393\u03a1\u0397\u0393\u039f\u03a1\u0391<\/li>\n<li>\u03a0\u039b\u0395\u039d\u0395\u03a4\u0391\u0399 \u039a\u0391\u0399 \u03a3\u039a\u039f\u03a5\u03a0\u0399\u0396\u0395\u03a4\u0391\u0399<\/li>\n<li>\u03a0\u039b\u039f\u03a5\u03a3\u0399\u0395\u03a3 \u03a7\u03a1\u03a9\u03a3\u03a4\u0399\u039a\u0395\u03a3 \u039f\u03a5\u03a3\u0399\u0395\u03a3<\/li>\n<li>\u039c\u0391\u03a4 \u03a6\u0399\u039d\u0399\u03a1\u0399\u03a3\u039c\u0391<\/li>\n<li>\u039c\u0395 \u0392\u0391\u03a3\u0397 \u03a4\u039f \u039d\u0395\u03a1\u039f<\/li>\n<\/ul>\n<p><strong>2. suomi<\/strong><\/p>\n<p><strong>VALIKOITU<\/strong><\/p>\n<p>Annie Sloan, sisustuksen ja maalien asiantuntija, on koonnut edustavan valikoiman erinomaisen korkealaatuisia vesiohenteisia mattaemulsiomaaleja seinien maalaamiseen. Jokainen syv\u00e4n vivahteikas s\u00e4vy tarjoaa jo yhdess\u00e4 maalikerroksessa kest\u00e4vyytt\u00e4, pyyhitt\u00e4vyytt\u00e4 ja peitt\u00e4vyytt\u00e4. Laadukkaimmat v\u00e4riaineet, alan johtava asiantuntemus ja koko taidehistorian maailma jokaisessa purkissa.<\/p>\n<p><strong>K\u00c4SITY\u00d6N\u00c4 TEHTY<\/strong><\/p>\n<p>Chalk Paint \u2011maalien kotipaikassa Oxfordissa valikoitu mallisto on hiottu t\u00e4ydelliseksi Annien v\u00e4riaineiden ja maalien asiantuntemuksella, joten lopputulos on vertaansa vailla.<\/p>\n<p><strong>LUOTETTAVA<\/strong><\/p>\n<p>Voit luottaa asiantuntijoiden testaamiin loistaviin tuloksiin. Sein\u00e4maalit ovat huippulaadukkaita maaleja, joiden jokaisen kerroksen on todistettu tarjoavan sek\u00e4 upeaa peitt\u00e4vyytt\u00e4 ett\u00e4 pest\u00e4v\u00e4n ja pyyhitt\u00e4v\u00e4n pinnan.<\/p>\n<ul>\n<li>ASIANTUNTIJOIDEN TESTAAMA<\/li>\n<li>NOPEASTI KUIVUVA<\/li>\n<li>PEST\u00c4V\u00c4 JA PYYHITT\u00c4V\u00c4<\/li>\n<li>V\u00c4RIAINEPITOINEN<\/li>\n<li>MATTAPINTAINEN<\/li>\n<li>VESIOHENTEINEN<\/li>\n<\/ul>\n<p><strong>3. fran\u00e7ais<\/strong><\/p>\n<p><strong>\u00c9LABOR\u00c9<\/strong><\/p>\n<p>Annie Sloan, designer d\u2019int\u00e9rieur et experte en peinture, a \u00e9labor\u00e9 une vari\u00e9t\u00e9 d\u2019\u00e9mulsions mates exceptionnelles de qualit\u00e9 \u00e0 base d\u2019eau pour vos murs. Chaque teinte aux nuances profondes offre durabilit\u00e9, facilit\u00e9 de nettoyage et couverture en une seule \u00e9tape. Des pigments de la plus grande qualit\u00e9, une expertise \u00e0 la fine pointe et toute l\u2019histoire de l\u2019art se retrouvent dans chaque pot.<\/p>\n<p><strong>FABRIQU\u00c9<\/strong><\/p>\n<p>\u00c9labor\u00e9 \u00e0 Oxford, lieu d\u2019origine de la peinture Chalk Paint,et fabriqu\u00e9 \u00e0 la perfection en utilisant l\u2019expertise d\u2019Annie en mati\u00e8re de pigments et de peintures pour obtenir un r\u00e9sultat in\u00e9gal\u00e9.<\/p>\n<p><strong>CONFIANCE<\/strong><\/p>\n<p>Test\u00e9 par des experts pour offrir des r\u00e9sultats exceptionnels dignes de confiance. La peinture murale est une peinture haute performance en une seule \u00e9tape con\u00e7ue pour offrir une excellente couverture et pour offrir un fini qui se lave facilement.<\/p>\n<ul>\n<li>TEST\u00c9 PAR DES EXPERTS<\/li>\n<li>S\u00c9CHAGE RAPIDE<\/li>\n<li>LAVABLE ET ESSUYABLE<\/li>\n<li>RICHE EN PIGMENTS<\/li>\n<li>FINI MAT<\/li>\n<li>\u00c0 BASE D\u2019EAU<\/li>\n<\/ul>\n<p><strong>4. magyar<\/strong><\/p>\n<p><strong>ODAFIGYEL\u00c9SSEL K\u00c9SZ\u00dcLT<\/strong><\/p>\n<p>Annie Sloan bels\u0151\u00e9p\u00edt\u00e9sz \u00e9s fest\u00e9kszak\u00e9rt\u0151 saj\u00e1t maga fel\u00fcgyelte a kiv\u00e1l\u00f3 min\u0151s\u00e9g\u0171, v\u00edzb\u00e1zis\u00fa matt fest\u00e9kkollekci\u00f3 l\u00e9trej\u00f6tt\u00e9t. Mindegyik rendk\u00edv\u00fcl finom \u00e1rnyalat egy felvitellel tart\u00f3s \u00e9s t\u00f6r\u00f6lhet\u0151 fed\u00e9st biztos\u00edt. Minden egyes doboz magas min\u0151s\u00e9g\u0171 sz\u00ednez\u0151anyagokat, vezet\u0151 ipar\u00e1gi szak\u00e9rtelmet \u00e9s a m\u0171v\u00e9szett\u00f6rt\u00e9net egy mer\u0151ben \u00faj vil\u00e1g\u00e1t rejti.<\/p>\n<p><strong>T\u00d6K\u00c9LYRE FEJLESZTETT<\/strong><\/p>\n<p>A fest\u00e9kkollekci\u00f3 Oxfordban, a Chalk Paint otthon\u00e1ban k\u00e9sz\u00fclt, Annie sz\u00ednez\u0151anyagokkal \u00e9s fest\u00e9kekkel kapcsolatos szak\u00e9rtelm\u00e9t felhaszn\u00e1lva, \u00edgy a v\u00e9geredm\u00e9ny egy semmihez sem foghat\u00f3 fel\u00fclet.<\/p>\n<p><strong>MEGB\u00cdZHAT\u00d3<\/strong><\/p>\n<p>Szak\u00e9rt\u0151k \u00e1ltal tesztelve a megb\u00edzhat\u00f3, szemet gy\u00f6ny\u00f6rk\u00f6dtet\u0151 v\u00e9geredm\u00e9ny\u00e9rt. Az Annie Sloan falfest\u00e9k egy felvitel ut\u00e1n is magas min\u0151s\u00e9get ny\u00fajt: remek fed\u00e9st biztos\u00edt, moshat\u00f3 \u00e9s t\u00f6r\u00f6lhet\u0151.<\/p>\n<ul>\n<li>SZAK\u00c9RT\u0150K \u00c1LTAL TESZTELVE<\/li>\n<li>GYORSAN SZ\u00c1RAD<\/li>\n<li>MOSHAT\u00d3 \u00c9S T\u00d6R\u00d6LHET\u0150<\/li>\n<li>GAZDAGON PIGMENT\u00c1LT<\/li>\n<li>MATT FEL\u00dcLET<\/li>\n<li>V\u00cdZB\u00c1ZIS\u00da<\/li>\n<\/ul>\n<p><strong>5. \u65e5\u672c\u8a9e<\/strong><\/p>\n<p><strong>\u8003\u6848<\/strong><\/p>\n<p>Annie Sloan\u304c\u3001\u5c0f\u898f\u6a21\u306e\u30e9\u30a4\u30f3\u30ca\u30c3\u30d7\u3067\u6700\u4e0a\u7d1a\u306e\u58c1\u9762\u7528\u6c34\u6027\u30de\u30c3\u30c8\u30a8\u30de\u30eb\u30b8\u30e7\u30f3\u3092\u8003\u6848\u3057\u307e\u3057\u305f\u3002\u3069\u306e\u8272\u5f69\u3082\u6df1\u307f\u306e\u3042\u308b\u30cb\u30e5\u30a2\u30f3\u30b9\u3067\u3001\u8010\u4e45\u6027\u3001\u8010\u6c34\u6027\u3001\u307e\u305f\u3001\u30ab\u30d0\u30fc\u529b\u304c\u4e00\u6bb5\u3068\u9ad8\u304f\u306a\u3063\u3066\u3044\u307e\u3059\u3002\u6700\u9ad8\u54c1\u8cea\u306e\u9854\u6599\u3001\u696d\u754c\u30c8\u30c3\u30d7\u306e\u6280\u8853\u3001\u7f8e\u8853\u6587\u5316\u306e\u4e16\u754c\u3059\u3079\u3066\u304c\u305d\u308c\u305e\u308c\u306e\u7f36\u306b\u8a70\u3081\u8fbc\u307e\u308c\u3066\u3044\u307e\u3059\u3002<\/p>\n<p><strong>\u5236\u4f5c<\/strong><\/p>\n<p>Chalk Paint \u306e\u672c\u62e0\u5730\u3067\u3042\u308b\u30aa\u30c3\u30af\u30b9\u30d5\u30a9\u30fc\u30c9\u3067\u8003\u6848\u3055\u308c\u3001Annie\u306e\u9854\u6599\u3068\u5857\u6599\u306b\u95a2\u3059\u308b\u5c02\u9580\u77e5\u8b58\u3092\u4f7f\u3044\u524d\u4f8b\u306b\u306a\u3044\u307b\u3069\u306e\u4ed5\u4e0a\u304c\u308a\u3092\u76ee\u6307\u3057\u4e07\u5168\u306b\u5236\u4f5c\u3055\u308c\u307e\u3057\u305f\u3002<\/p>\n<p><strong>\u4fe1\u983c<\/strong><\/p>\n<p>\u4fe1\u983c\u3067\u304d\u308b\u7d20\u6674\u3089\u3057\u3044\u6210\u679c\u3092\u5f97\u3089\u308c\u308b\u3088\u3046\u5c02\u9580\u5bb6\u304c\u30c6\u30b9\u30c8\u3057\u307e\u3057\u305f\u3002Wall Paint \u306f\u3001\u5857\u88c5\u5f8c\u306b\u6d17\u3063\u305f\u308a\u3001\u62ed\u3044\u305f\u308a\u3059\u308b\u3053\u3068\u304c\u53ef\u80fd\u3067\u3001\u307e\u305f\u3001\u512a\u308c\u305f\u30ab\u30d0\u30fc\u529b\u304c\u3042\u308b\u305f\u3081\u3001\u4e00\u969b\u9ad8\u3044\u6027\u80fd\u306e\u5857\u6599\u3067\u3059\u3002<\/p>\n<ul>\n<li>\u5c02\u9580\u5bb6\u306b\u3088\u308b\u30c6\u30b9\u30c8\u6e08<\/li>\n<li>\u7d20\u65e9\u3044\u4e7e\u71e5<\/li>\n<li>\u6d17\u3046\u3053\u3068\uff06\u62ed\u304f\u3053\u3068\u304c\u53ef\u80fd<\/li>\n<li>\u6fc3\u539a\u306a\u9854\u6599<\/li>\n<li>\u30de\u30c3\u30c8\u30d5\u30a3\u30cb\u30c3\u30b7\u30e5<\/li>\n<li>\u6c34\u6027\u30d9\u30fc\u30b9<\/li>\n<\/ul>\n<p><strong>6. norsk<\/strong><\/p>\n<p><strong>GJENNOMTENKT<\/strong><\/p>\n<p>Annie Sloan, interi\u00f8rdesigner og malingsekspert, har satt sammen en kapselkolleksjon av vannbaserte matte emulsjoner av enest\u00e5ende kvalitet til veggene dine. Med hver av de dype nyansene f\u00e5r du holdbarhet, t\u00f8rkbarhet og dekning i ett trinn. Hvert spann inneholder pigmenter av h\u00f8yeste kvalitet, bransjeledende ekspertise og en hel verden av kunsthistorie.<\/p>\n<p><strong>GJENNOMARBEIDET<\/strong><\/p>\n<p>Nyansene velges ut i Oxford, Chalk Paints hjemby, og formes til perfeksjon ved hjelp av Annies ekspertise innen pigment og maling for \u00e5 oppn\u00e5 en enest\u00e5ende finish.<\/p>\n<p><strong>GRUNDIG UTPR\u00d8VD<\/strong><\/p>\n<p>Testet av eksperter, s\u00e5 du kan v\u00e6re trygg p\u00e5 at du f\u00e5r et vakkert resultat. Wall Paint er en h\u00f8ytytende ett-trinns maling som er p\u00e5vist \u00e5 b\u00e5de gi glimrende dekning og en vaskbar, t\u00f8rkbar finish.<\/p>\n<ul>\n<li>TESTET AV EKSPERTER<\/li>\n<li>HURTIGT\u00d8RKENDE<\/li>\n<li>VASKBAR OG T\u00d8RKBAR<\/li>\n<li>PIGMENTRIK<\/li>\n<li>MATT FINISH<\/li>\n<li>VANNBASERT<\/li>\n<\/ul>\n<p><strong>7. limba rom\u00e2n\u0103<\/strong><\/p>\n<p><strong>COLEC\u021aIE<\/strong><\/p>\n<p>Annie Sloan, designer de interior \u0219i expert \u00een vopsea, a creat o colec\u021bie restr\u00e2ns\u0103 de emulsii mate de calitate excep\u021bional\u0103, pe baz\u0103 de ap\u0103, pentru pere\u021bii dumneavoastr\u0103. Fiecare nuan\u021b\u0103 cu tonuri profunde ofer\u0103 durabilitate, acoperire \u0219i posibilitate de \u0219tergere \u00eentr-un singur pas. Pigmen\u021bi de cea mai \u00eenalt\u0103 calitate, expertiz\u0103 de top \u00een domeniu \u0219i un \u00eentreg univers de istorie a artei \u00een fiecare cutie.<\/p>\n<p><strong>ME\u0218TE\u0218UG<\/strong><\/p>\n<p>Colec\u021bie creat\u0103 la Oxford, locul de origine al Chalk Paint, \u0219i des\u0103v\u00e2r\u0219it\u0103 datorit\u0103 expertizei lui Annie \u00een pigmen\u021bi \u0219i vopsele, pentru a ob\u021bine un finisaj f\u0103r\u0103 egal.<\/p>\n<p><strong>\u00ceNCREDERE<\/strong><\/p>\n<p>Testat\u0103 de exper\u021bi pentru rezultate excep\u021bionale, \u00een care pute\u021bi avea \u00eencredere. Vopsea de perete este o vopsea de \u00eenalt\u0103 performan\u021b\u0103 cu aplicare \u00eentr-un singur pas, dovedit\u0103 a oferi o acoperire extraordinar\u0103 \u0219i un finisaj lavabil, cu posibilitate de \u0219tergere.<\/p>\n<ul>\n<li>TESTAT\u0102 DE EXPER\u021aI<\/li>\n<li>USCARE RAPID\u0102<\/li>\n<li>LAVABIL, CU POSIBILITATE DE \u0218TERGERE<\/li>\n<li>BOGAT\u0102 \u00ceN PIGMEN\u021aI<\/li>\n<li>FINISAJ MAT<\/li>\n<li>PE BAZ\u0102 DE AP\u0102<\/li>\n<\/ul>\n<p><strong>8. sloven\u010dina<\/strong><\/p>\n<p><strong>VYBERAN\u00c9<\/strong><\/p>\n<p>Annie Sloan, interi\u00e9rov\u00e1 dizajn\u00e9rka a\u00a0odborn\u00ed\u010dka na farby vybrala pre va\u0161e steny kapsulov\u00fa radu v\u00fdnimo\u010dne kvalitn\u00fdch emulzi\u00ed na b\u00e1ze vody. Aj najjemnej\u0161\u00ed odtie\u0148 pon\u00faka prin\u00e1\u0161a trv\u00e1cnos\u0165, utierate\u013enos\u0165 aj krytie u\u017e v\u00a0jednom kroku. Ka\u017ed\u00e1 plechovka predstavuje najkvalitnej\u0161ie pigmenty, \u0161pi\u010dkov\u00e9 odborn\u00e9 znalosti a cel\u00e9 dejiny umenia.<\/p>\n<p><strong>VYTVOREN\u00c9 S CITOM<\/strong><\/p>\n<p>Annie pri v\u00fdbere farieb a\u00a0ich dotv\u00e1ran\u00ed v\u00a0Oxforde, domovine farieb Chalk Paint, vyu\u017e\u00edvala svoje sk\u00fasenosti s\u00a0pigmentami a\u00a0farbami, aby prin\u00e1\u0161ali bezkonkuren\u010dn\u00fd v\u00fdsledok.<\/p>\n<p><strong>SPO\u013dAHLIV\u00c9<\/strong><\/p>\n<p>Produkty testovali odborn\u00edci, aby ste mali v\u00fdnimo\u010dn\u00e9 mo\u017enosti, ktor\u00fdm m\u00f4\u017eete d\u00f4verova\u0165. Farba na stenu je mimoriadne kvalitn\u00e1, um\u00fdvate\u013en\u00e1 aj utierate\u013en\u00e1 a\u00a0dok\u00e1zate\u013ene pon\u00faka skvel\u00e9 krytie u\u017e v\u00a0jednom kroku.<\/p>\n<ul>\n<li>ODBORNE TESTOVAN\u00c9<\/li>\n<li>R\u00ddCHLOSCHN\u00daCE<\/li>\n<li>UMYVATE\u013dN\u00c9 AJ UTIERATE\u013dN\u00c9<\/li>\n<li>BOHAT\u00c9 PIGMENTY<\/li>\n<li>MATN\u00dd N\u00c1TER<\/li>\n<li>NA B\u00c1ZE VODY<\/li>\n<\/ul>\n<p><strong>9. svenska<\/strong><\/p>\n<p><strong>HANDPLOCKAD SERIE<\/strong><\/p>\n<p>Experten p\u00e5 inredning och f\u00e4rg, Annie Sloan, har handplockat en kapselserie med matt vattenbaserad emulsionsf\u00e4rg f\u00f6r dina v\u00e4ggar. Varje djup nyans ger h\u00e5llbarhet i ett steg, den kan torkas av och \u00e4r t\u00e4ckande. Pigment av h\u00f6gsta kvalitet, branschledande expertis och en hel v\u00e4rld av konsthistoria i varje burk.<\/p>\n<p><strong>ETT VERKLIGT HANTVERK<\/strong><\/p>\n<p>Serien har handplockats i Oxford, hemmet till Chalk Paint, och sedan utformats till perfektion med Annies expertis inom pigment och f\u00e4rg f\u00f6r att uppn\u00e5 en o\u00f6vertr\u00e4ffad finish.<\/p>\n<p><strong>ST\u00d6DDIG<\/strong><\/p>\n<p>Har testats av experter f\u00f6r att ge fantastiska resultat som du kan lita p\u00e5. Wall Paint \u00e4r en h\u00f6gpresterande f\u00e4rg som appliceras i ett steg och som bevisligen ger b\u00e5de h\u00f6g t\u00e4ckning och en tv\u00e4ttbar yta som ocks\u00e5 kan torkas.<\/p>\n<ul>\n<li>TESTAD AV EXPERTER<\/li>\n<li>TORKAR SNABBT<\/li>\n<li>TV\u00c4TTBAR OCH TORKBAR<\/li>\n<li>RIK P\u00c5 PIGMENT<\/li>\n<li>MATT FINISH<\/li>\n<li>VATTENBASERAD<\/li>\n<\/ul>\n","protected":false},"excerpt":{"rendered":"<p>1. \u03b5\u03bb\u03bb\u03b7\u03bd\u03b9\u03ba\u03ac 2. suomi 3. fran\u00e7ais 4. magyar 5. \u65e5\u672c\u8a9e 6. norsk 7. limba rom\u00e2n\u0103 8. sloven\u010dina 9. svenska 1. \u03b5\u03bb\u03bb\u03b7\u03bd\u03b9\u03ba\u03ac \u0395\u03a0\u0399\u039c\u0395\u039b\u0395\u0399\u0391 \u0397 Annie Sloan, Interior Designer \u03ba\u03b1\u03b9 Paint Expert \u03b5\u03c0\u03b9\u03bc\u03b5\u03bb\u03ae\u03b8\u03b7\u03ba\u03b5 \u03bc\u03b9\u03b1 \u03c3\u03b5\u03b9\u03c1\u03ac capsule \u03b1\u03c0\u03cc \u03b5\u03be\u03b1\u03b9\u03c1\u03b5\u03c4\u03b9\u03ba\u03ae\u03c2 \u03c0\u03bf\u03b9\u03cc\u03c4\u03b7\u03c4\u03b1\u03c2 \u03bc\u03b1\u03c4 \u03b3\u03b1\u03bb\u03b1\u03ba\u03c4\u03ce\u03bc\u03b1\u03c4\u03b1 \u03bc\u03b5 \u03b2\u03ac\u03c3\u03b7 \u03c4\u03bf \u03bd\u03b5\u03c1\u03cc \u03b3\u03b9\u03b1 \u03c4\u03bf\u03c5\u03c2 \u03c4\u03bf\u03af\u03c7\u03bf\u03c5\u03c2 \u03c3\u03b1\u03c2. \u039a\u03b1\u03b8\u03b5\u03bc\u03af\u03b1 \u03b1\u03c0\u03cc \u03c4\u03b9\u03c2 \u03b2\u03b1\u03b8\u03b9\u03ad\u03c2 \u03b1\u03c0\u03bf\u03c7\u03c1\u03ce\u03c3\u03b5\u03b9\u03c2 \u03c0\u03c1\u03bf\u03c3\u03c6\u03ad\u03c1\u03b5\u03b9 \u03b4\u03b9\u03ac\u03c1\u03ba\u03b5\u03b9\u03b1, \u03b5\u03cd\u03ba\u03bf\u03bb\u03bf [&hellip;]<\/p>\n","protected":false},"author":27,"featured_media":0,"parent":0,"menu_order":0,"comment_status":"closed","ping_status":"closed","template":"","meta":{"_acf_changed":false,"_relevanssi_hide_post":"","_relevanssi_hide_content":"","_relevanssi_pin_for_all":"","_relevanssi_pin_keywords":"","_relevanssi_unpin_keywords":"","_relevanssi_related_keywords":"","_relevanssi_related_include_ids":"","_relevanssi_related_exclude_ids":"","_relevanssi_related_no_append":"","_relevanssi_related_not_related":"","_relevanssi_related_posts":"","_relevanssi_noindex_reason":"","footnotes":""},"class_list":["post-36661","page","type-page","status-publish","hentry"],"acf":[],"yoast_head":"<!-- This site is optimized with the Yoast SEO Premium plugin v26.5 (Yoast SEO v26.5) - https:\/\/yoast.com\/wordpress\/plugins\/seo\/ -->\n<title>Wall Paint Colour Card Translations | Annie Sloan<\/title>\n<meta name=\"robots\" content=\"index, follow, max-snippet:-1, max-image-preview:large, max-video-preview:-1\" \/>\n<link rel=\"canonical\" href=\"https:\/\/www.anniesloan.com\/de\/wallpaintcolourcard\/\" \/>\n<meta property=\"og:locale\" content=\"de_DE\" \/>\n<meta property=\"og:type\" content=\"article\" \/>\n<meta property=\"og:title\" content=\"Wall Paint Colour Card\" \/>\n<meta property=\"og:description\" content=\"1. \u03b5\u03bb\u03bb\u03b7\u03bd\u03b9\u03ba\u03ac 2. suomi 3. fran\u00e7ais 4. magyar 5. \u65e5\u672c\u8a9e 6. norsk 7. limba rom\u00e2n\u0103 8. sloven\u010dina 9. svenska 1. \u03b5\u03bb\u03bb\u03b7\u03bd\u03b9\u03ba\u03ac \u0395\u03a0\u0399\u039c\u0395\u039b\u0395\u0399\u0391 \u0397 Annie Sloan, Interior Designer \u03ba\u03b1\u03b9 Paint Expert \u03b5\u03c0\u03b9\u03bc\u03b5\u03bb\u03ae\u03b8\u03b7\u03ba\u03b5 \u03bc\u03b9\u03b1 \u03c3\u03b5\u03b9\u03c1\u03ac capsule \u03b1\u03c0\u03cc \u03b5\u03be\u03b1\u03b9\u03c1\u03b5\u03c4\u03b9\u03ba\u03ae\u03c2 \u03c0\u03bf\u03b9\u03cc\u03c4\u03b7\u03c4\u03b1\u03c2 \u03bc\u03b1\u03c4 \u03b3\u03b1\u03bb\u03b1\u03ba\u03c4\u03ce\u03bc\u03b1\u03c4\u03b1 \u03bc\u03b5 \u03b2\u03ac\u03c3\u03b7 \u03c4\u03bf \u03bd\u03b5\u03c1\u03cc \u03b3\u03b9\u03b1 \u03c4\u03bf\u03c5\u03c2 \u03c4\u03bf\u03af\u03c7\u03bf\u03c5\u03c2 \u03c3\u03b1\u03c2. \u039a\u03b1\u03b8\u03b5\u03bc\u03af\u03b1 \u03b1\u03c0\u03cc \u03c4\u03b9\u03c2 \u03b2\u03b1\u03b8\u03b9\u03ad\u03c2 \u03b1\u03c0\u03bf\u03c7\u03c1\u03ce\u03c3\u03b5\u03b9\u03c2 \u03c0\u03c1\u03bf\u03c3\u03c6\u03ad\u03c1\u03b5\u03b9 \u03b4\u03b9\u03ac\u03c1\u03ba\u03b5\u03b9\u03b1, \u03b5\u03cd\u03ba\u03bf\u03bb\u03bf [&hellip;]\" \/>\n<meta property=\"og:url\" content=\"https:\/\/www.anniesloan.com\/de\/wallpaintcolourcard\/\" \/>\n<meta property=\"og:site_name\" content=\"Annie Sloan DE\" \/>\n<meta property=\"article:modified_time\" content=\"2021-10-22T10:11:31+00:00\" \/>\n<meta name=\"twitter:card\" content=\"summary_large_image\" \/>\n<meta name=\"twitter:label1\" content=\"Gesch\u00e4tzte Lesezeit\" \/>\n\t<meta name=\"twitter:data1\" content=\"5 Minuten\" \/>\n<script type=\"application\/ld+json\" class=\"yoast-schema-graph\">{\"@context\":\"https:\/\/schema.org\",\"@graph\":[{\"@type\":\"WebPage\",\"@id\":\"https:\/\/www.anniesloan.com\/de\/wallpaintcolourcard\/\",\"url\":\"https:\/\/www.anniesloan.com\/de\/wallpaintcolourcard\/\",\"name\":\"Wall Paint Colour Card Translations | Annie Sloan\",\"isPartOf\":{\"@id\":\"https:\/\/www.anniesloan.com\/de\/#website\"},\"datePublished\":\"2021-10-21T16:31:24+00:00\",\"dateModified\":\"2021-10-22T10:11:31+00:00\",\"inLanguage\":\"de-DE\",\"potentialAction\":[{\"@type\":\"ReadAction\",\"target\":[\"https:\/\/www.anniesloan.com\/de\/wallpaintcolourcard\/\"]}]},{\"@type\":\"WebSite\",\"@id\":\"https:\/\/www.anniesloan.com\/de\/#website\",\"url\":\"https:\/\/www.anniesloan.com\/de\/\",\"name\":\"Annie Sloan DE\",\"description\":\"Die Heimat der Chalk Paint\u2122\",\"potentialAction\":[{\"@type\":\"SearchAction\",\"target\":{\"@type\":\"EntryPoint\",\"urlTemplate\":\"https:\/\/www.anniesloan.com\/de\/?s={search_term_string}\"},\"query-input\":{\"@type\":\"PropertyValueSpecification\",\"valueRequired\":true,\"valueName\":\"search_term_string\"}}],\"inLanguage\":\"de-DE\"}]}<\/script>\n<!-- \/ Yoast SEO Premium plugin. -->","yoast_head_json":{"title":"Wall Paint Colour Card Translations | Annie Sloan","robots":{"index":"index","follow":"follow","max-snippet":"max-snippet:-1","max-image-preview":"max-image-preview:large","max-video-preview":"max-video-preview:-1"},"canonical":"https:\/\/www.anniesloan.com\/de\/wallpaintcolourcard\/","og_locale":"de_DE","og_type":"article","og_title":"Wall Paint Colour Card","og_description":"1. \u03b5\u03bb\u03bb\u03b7\u03bd\u03b9\u03ba\u03ac 2. suomi 3. fran\u00e7ais 4. magyar 5. \u65e5\u672c\u8a9e 6. norsk 7. limba rom\u00e2n\u0103 8. sloven\u010dina 9. svenska 1. \u03b5\u03bb\u03bb\u03b7\u03bd\u03b9\u03ba\u03ac \u0395\u03a0\u0399\u039c\u0395\u039b\u0395\u0399\u0391 \u0397 Annie Sloan, Interior Designer \u03ba\u03b1\u03b9 Paint Expert \u03b5\u03c0\u03b9\u03bc\u03b5\u03bb\u03ae\u03b8\u03b7\u03ba\u03b5 \u03bc\u03b9\u03b1 \u03c3\u03b5\u03b9\u03c1\u03ac capsule \u03b1\u03c0\u03cc \u03b5\u03be\u03b1\u03b9\u03c1\u03b5\u03c4\u03b9\u03ba\u03ae\u03c2 \u03c0\u03bf\u03b9\u03cc\u03c4\u03b7\u03c4\u03b1\u03c2 \u03bc\u03b1\u03c4 \u03b3\u03b1\u03bb\u03b1\u03ba\u03c4\u03ce\u03bc\u03b1\u03c4\u03b1 \u03bc\u03b5 \u03b2\u03ac\u03c3\u03b7 \u03c4\u03bf \u03bd\u03b5\u03c1\u03cc \u03b3\u03b9\u03b1 \u03c4\u03bf\u03c5\u03c2 \u03c4\u03bf\u03af\u03c7\u03bf\u03c5\u03c2 \u03c3\u03b1\u03c2. \u039a\u03b1\u03b8\u03b5\u03bc\u03af\u03b1 \u03b1\u03c0\u03cc \u03c4\u03b9\u03c2 \u03b2\u03b1\u03b8\u03b9\u03ad\u03c2 \u03b1\u03c0\u03bf\u03c7\u03c1\u03ce\u03c3\u03b5\u03b9\u03c2 \u03c0\u03c1\u03bf\u03c3\u03c6\u03ad\u03c1\u03b5\u03b9 \u03b4\u03b9\u03ac\u03c1\u03ba\u03b5\u03b9\u03b1, \u03b5\u03cd\u03ba\u03bf\u03bb\u03bf [&hellip;]","og_url":"https:\/\/www.anniesloan.com\/de\/wallpaintcolourcard\/","og_site_name":"Annie Sloan DE","article_modified_time":"2021-10-22T10:11:31+00:00","twitter_card":"summary_large_image","twitter_misc":{"Gesch\u00e4tzte Lesezeit":"5 Minuten"},"schema":{"@context":"https:\/\/schema.org","@graph":[{"@type":"WebPage","@id":"https:\/\/www.anniesloan.com\/de\/wallpaintcolourcard\/","url":"https:\/\/www.anniesloan.com\/de\/wallpaintcolourcard\/","name":"Wall Paint Colour Card Translations | Annie Sloan","isPartOf":{"@id":"https:\/\/www.anniesloan.com\/de\/#website"},"datePublished":"2021-10-21T16:31:24+00:00","dateModified":"2021-10-22T10:11:31+00:00","inLanguage":"de-DE","potentialAction":[{"@type":"ReadAction","target":["https:\/\/www.anniesloan.com\/de\/wallpaintcolourcard\/"]}]},{"@type":"WebSite","@id":"https:\/\/www.anniesloan.com\/de\/#website","url":"https:\/\/www.anniesloan.com\/de\/","name":"Annie Sloan DE","description":"Die Heimat der Chalk Paint\u2122","potentialAction":[{"@type":"SearchAction","target":{"@type":"EntryPoint","urlTemplate":"https:\/\/www.anniesloan.com\/de\/?s={search_term_string}"},"query-input":{"@type":"PropertyValueSpecification","valueRequired":true,"valueName":"search_term_string"}}],"inLanguage":"de-DE"}]}},"_links":{"self":[{"href":"https:\/\/www.anniesloan.com\/de\/wp-json\/wp\/v2\/pages\/36661","targetHints":{"allow":["GET"]}}],"collection":[{"href":"https:\/\/www.anniesloan.com\/de\/wp-json\/wp\/v2\/pages"}],"about":[{"href":"https:\/\/www.anniesloan.com\/de\/wp-json\/wp\/v2\/types\/page"}],"author":[{"embeddable":true,"href":"https:\/\/www.anniesloan.com\/de\/wp-json\/wp\/v2\/users\/27"}],"replies":[{"embeddable":true,"href":"https:\/\/www.anniesloan.com\/de\/wp-json\/wp\/v2\/comments?post=36661"}],"version-history":[{"count":0,"href":"https:\/\/www.anniesloan.com\/de\/wp-json\/wp\/v2\/pages\/36661\/revisions"}],"wp:attachment":[{"href":"https:\/\/www.anniesloan.com\/de\/wp-json\/wp\/v2\/media?parent=36661"}],"curies":[{"name":"wp","href":"https:\/\/api.w.org\/{rel}","templated":true}]}}