{"id":25559,"date":"2021-06-29T08:06:29","date_gmt":"2021-06-29T08:06:29","guid":{"rendered":"https:\/\/www.anniesloan.com\/?page_id=25559"},"modified":"2022-10-21T11:31:01","modified_gmt":"2022-10-21T09:31:01","slug":"klarna","status":"publish","type":"page","link":"https:\/\/www.anniesloan.com\/de\/klarna\/","title":{"rendered":"Klarna"},"content":{"rendered":"<p class=\"p1\"><span class=\"s1\">In Zusammenarbeit mit Klarna Bank AB (publ), Sveav\u00e4gen 46, 111 34 Stockholm, Schweden, bieten wir die folgenden Zahlungsoptionen an. Die Zahlung erfolgt jeweils an Klarna:<\/span><\/p>\n<ul class=\"ul1\">\n<li class=\"li2\"><span class=\"s1\">Rechnung: Die Zahlungsfrist betr\u00e4gt 14 Tage ab Versand der Ware\/ des Tickets\/ oder, bei sonstigen Dienstleistungen, der Zurverf\u00fcgungstellung der Dienstleistung. Die Rechnungsbedingungen Rechnungskauf f\u00fcr Lieferungen nach Deutschland finden Sie unter https:\/\/cdn.klarna.com\/1.0\/shared\/content\/legal\/terms\/EID\/de_de\/invoice?fee=0 und f\u00fcr Lieferungen nach \u00d6sterreich unter https:\/\/cdn.klarna.com\/1.0\/shared\/content\/legal\/terms\/EID\/de_at\/invoice?fee=0.<\/span><\/li>\n<li class=\"li2\"><span class=\"s1\">Ratenkauf : Mit dem Finanzierungsservice von Klarna k\u00f6nnen Sie Ihren Einkauf flexibel in monatlichen Raten von mindestens 1\/24 des Gesamtbetrages (mindestens jedoch 6,95 EUR) oder unter den sonst in der Kasse angegebenen Bedingungen bezahlen. Die Ratenzahlung ist jeweils zum Ende des Monats nach \u00dcbersendung einer Monatsrechnung durch Klarna f\u00e4llig. Weitere Informationen zum Ratenkauf einschlie\u00dflich der Allgemeinen Gesch\u00e4ftsbedingungen und der europ\u00e4ischen Standardinformationen f\u00fcr Verbraucherkredite finden Sie hier: https:\/\/cdn.klarna.com\/1.0\/shared\/content\/legal\/terms\/EID\/de_de\/account<\/span><\/li>\n<li class=\"li2\"><span class=\"s1\">Sofort: Die Belastung Ihres Kontos erfolgt unmittelbar nach Abgabe der Bestellung.<\/span><\/li>\n<li class=\"li2\"><span class=\"s1\">Lastschrift: Die Abbuchung erfolgt nach Versand der Ware. Der Zeitpunkt wird Ihnen per E-Mail mitgeteilt. (Bitte f\u00fchren Sie hier nur solche Zahlungsarten auf, die auch von Ihnen angeboten werden.)<\/span><\/li>\n<\/ul>\n<p class=\"p3\"><span class=\"s3\">Die Nutzung der Zahlungsarten Rechnung, Ratenkauf und Lastschrift setzt eine positive Bonit\u00e4tspr\u00fcfung voraus. Insofern leiten wir Ihre Daten im Rahmen der Kaufanbahnung und Abwicklung des Kaufvertrages an Klarna zum Zwecke der Adress- und Bonit\u00e4tspr\u00fcfung weiter. Bitte haben Sie Verst\u00e4ndnis daf\u00fcr, dass wir Ihnen nur diejenigen Zahlarten anbieten k\u00f6nnen, die aufgrund der Ergebnisse der Bonit\u00e4tspr\u00fcfung zul\u00e4ssig sind. Weitere Informationen und Klarnas Nutzungsbedingungen f\u00fcr Deutschland finden Sie hier: https:\/\/cdn.klarna.com\/1.0\/shared\/content\/legal\/terms\/K502554\/de_de\/user und f\u00fcr \u00d6sterreich hier: https:\/\/cdn.klarna.com\/1.0\/shared\/content\/legal\/terms\/K502554\/de_at\/user. Allgemeine Informationen zu Klarna erhalten Sie hier: www.klarna.com. Ihre Personenangaben werden von Klarna in \u00dcbereinstimmung mit den geltenden Datenschutzbestimmungen und entsprechend den Angaben in Klarnas Datenschutzbestimmung Deutschland\/ \u00d6sterreich behandelt.<\/span><\/p>\n","protected":false},"excerpt":{"rendered":"<p>In Zusammenarbeit mit Klarna Bank AB (publ), Sveav\u00e4gen 46, 111 34 Stockholm, Schweden, bieten wir die folgenden Zahlungsoptionen an. Die Zahlung erfolgt jeweils an Klarna: Rechnung: Die Zahlungsfrist betr\u00e4gt 14 Tage ab Versand der Ware\/ des Tickets\/ oder, bei sonstigen Dienstleistungen, der Zurverf\u00fcgungstellung der Dienstleistung. Die Rechnungsbedingungen Rechnungskauf f\u00fcr Lieferungen nach Deutschland finden Sie unter [&hellip;]<\/p>\n","protected":false},"author":2,"featured_media":25560,"parent":0,"menu_order":0,"comment_status":"closed","ping_status":"closed","template":"","meta":{"_acf_changed":false,"_relevanssi_hide_post":"","_relevanssi_hide_content":"","_relevanssi_pin_for_all":"","_relevanssi_pin_keywords":"","_relevanssi_unpin_keywords":"","_relevanssi_related_keywords":"","_relevanssi_related_include_ids":"","_relevanssi_related_exclude_ids":"","_relevanssi_related_no_append":"","_relevanssi_related_not_related":"","_relevanssi_related_posts":"","_relevanssi_noindex_reason":"","footnotes":""},"class_list":["post-25559","page","type-page","status-publish","has-post-thumbnail","hentry"],"acf":[],"yoast_head":"<!-- This site is optimized with the Yoast SEO Premium plugin v26.5 (Yoast SEO v26.5) - https:\/\/yoast.com\/wordpress\/plugins\/seo\/ -->\n<title>Klarna | Annie Sloan DE<\/title>\n<meta name=\"robots\" content=\"index, follow, max-snippet:-1, max-image-preview:large, max-video-preview:-1\" \/>\n<link rel=\"canonical\" href=\"https:\/\/www.anniesloan.com\/de\/klarna\/\" \/>\n<meta property=\"og:locale\" content=\"de_DE\" \/>\n<meta property=\"og:type\" content=\"article\" \/>\n<meta property=\"og:title\" content=\"Klarna\" \/>\n<meta property=\"og:description\" content=\"In Zusammenarbeit mit Klarna Bank AB (publ), Sveav\u00e4gen 46, 111 34 Stockholm, Schweden, bieten wir die folgenden Zahlungsoptionen an. Die Zahlung erfolgt jeweils an Klarna: Rechnung: Die Zahlungsfrist betr\u00e4gt 14 Tage ab Versand der Ware\/ des Tickets\/ oder, bei sonstigen Dienstleistungen, der Zurverf\u00fcgungstellung der Dienstleistung. Die Rechnungsbedingungen Rechnungskauf f\u00fcr Lieferungen nach Deutschland finden Sie unter [&hellip;]\" \/>\n<meta property=\"og:url\" content=\"https:\/\/www.anniesloan.com\/de\/klarna\/\" \/>\n<meta property=\"og:site_name\" content=\"Annie Sloan DE\" \/>\n<meta property=\"article:modified_time\" content=\"2022-10-21T09:31:01+00:00\" \/>\n<meta property=\"og:image\" content=\"https:\/\/www.anniesloan.com\/de\/wp-content\/uploads\/sites\/3\/2021\/06\/AnnieSloanLogoForKlarna.jpg\" \/>\n\t<meta property=\"og:image:width\" content=\"500\" \/>\n\t<meta property=\"og:image:height\" content=\"500\" \/>\n\t<meta property=\"og:image:type\" content=\"image\/jpeg\" \/>\n<meta name=\"twitter:card\" content=\"summary_large_image\" \/>\n<meta name=\"twitter:label1\" content=\"Gesch\u00e4tzte Lesezeit\" \/>\n\t<meta name=\"twitter:data1\" content=\"2 Minuten\" \/>\n<script type=\"application\/ld+json\" class=\"yoast-schema-graph\">{\"@context\":\"https:\/\/schema.org\",\"@graph\":[{\"@type\":\"WebPage\",\"@id\":\"https:\/\/www.anniesloan.com\/de\/klarna\/\",\"url\":\"https:\/\/www.anniesloan.com\/de\/klarna\/\",\"name\":\"Klarna | Annie Sloan DE\",\"isPartOf\":{\"@id\":\"https:\/\/www.anniesloan.com\/de\/#website\"},\"primaryImageOfPage\":{\"@id\":\"https:\/\/www.anniesloan.com\/de\/klarna\/#primaryimage\"},\"image\":{\"@id\":\"https:\/\/www.anniesloan.com\/de\/klarna\/#primaryimage\"},\"thumbnailUrl\":\"https:\/\/www.anniesloan.com\/de\/wp-content\/uploads\/sites\/3\/2021\/06\/AnnieSloanLogoForKlarna.jpg\",\"datePublished\":\"2021-06-29T08:06:29+00:00\",\"dateModified\":\"2022-10-21T09:31:01+00:00\",\"inLanguage\":\"de-DE\",\"potentialAction\":[{\"@type\":\"ReadAction\",\"target\":[\"https:\/\/www.anniesloan.com\/de\/klarna\/\"]}]},{\"@type\":\"ImageObject\",\"inLanguage\":\"de-DE\",\"@id\":\"https:\/\/www.anniesloan.com\/de\/klarna\/#primaryimage\",\"url\":\"https:\/\/www.anniesloan.com\/de\/wp-content\/uploads\/sites\/3\/2021\/06\/AnnieSloanLogoForKlarna.jpg\",\"contentUrl\":\"https:\/\/www.anniesloan.com\/de\/wp-content\/uploads\/sites\/3\/2021\/06\/AnnieSloanLogoForKlarna.jpg\",\"width\":500,\"height\":500,\"caption\":\"Annie Sloan Logo\"},{\"@type\":\"WebSite\",\"@id\":\"https:\/\/www.anniesloan.com\/de\/#website\",\"url\":\"https:\/\/www.anniesloan.com\/de\/\",\"name\":\"Annie Sloan DE\",\"description\":\"Die Heimat der Chalk Paint\u2122\",\"potentialAction\":[{\"@type\":\"SearchAction\",\"target\":{\"@type\":\"EntryPoint\",\"urlTemplate\":\"https:\/\/www.anniesloan.com\/de\/?s={search_term_string}\"},\"query-input\":{\"@type\":\"PropertyValueSpecification\",\"valueRequired\":true,\"valueName\":\"search_term_string\"}}],\"inLanguage\":\"de-DE\"}]}<\/script>\n<!-- \/ Yoast SEO Premium plugin. -->","yoast_head_json":{"title":"Klarna | Annie Sloan DE","robots":{"index":"index","follow":"follow","max-snippet":"max-snippet:-1","max-image-preview":"max-image-preview:large","max-video-preview":"max-video-preview:-1"},"canonical":"https:\/\/www.anniesloan.com\/de\/klarna\/","og_locale":"de_DE","og_type":"article","og_title":"Klarna","og_description":"In Zusammenarbeit mit Klarna Bank AB (publ), Sveav\u00e4gen 46, 111 34 Stockholm, Schweden, bieten wir die folgenden Zahlungsoptionen an. Die Zahlung erfolgt jeweils an Klarna: Rechnung: Die Zahlungsfrist betr\u00e4gt 14 Tage ab Versand der Ware\/ des Tickets\/ oder, bei sonstigen Dienstleistungen, der Zurverf\u00fcgungstellung der Dienstleistung. Die Rechnungsbedingungen Rechnungskauf f\u00fcr Lieferungen nach Deutschland finden Sie unter [&hellip;]","og_url":"https:\/\/www.anniesloan.com\/de\/klarna\/","og_site_name":"Annie Sloan DE","article_modified_time":"2022-10-21T09:31:01+00:00","og_image":[{"width":500,"height":500,"url":"https:\/\/www.anniesloan.com\/de\/wp-content\/uploads\/sites\/3\/2021\/06\/AnnieSloanLogoForKlarna.jpg","type":"image\/jpeg"}],"twitter_card":"summary_large_image","twitter_misc":{"Gesch\u00e4tzte Lesezeit":"2 Minuten"},"schema":{"@context":"https:\/\/schema.org","@graph":[{"@type":"WebPage","@id":"https:\/\/www.anniesloan.com\/de\/klarna\/","url":"https:\/\/www.anniesloan.com\/de\/klarna\/","name":"Klarna | Annie Sloan DE","isPartOf":{"@id":"https:\/\/www.anniesloan.com\/de\/#website"},"primaryImageOfPage":{"@id":"https:\/\/www.anniesloan.com\/de\/klarna\/#primaryimage"},"image":{"@id":"https:\/\/www.anniesloan.com\/de\/klarna\/#primaryimage"},"thumbnailUrl":"https:\/\/www.anniesloan.com\/de\/wp-content\/uploads\/sites\/3\/2021\/06\/AnnieSloanLogoForKlarna.jpg","datePublished":"2021-06-29T08:06:29+00:00","dateModified":"2022-10-21T09:31:01+00:00","inLanguage":"de-DE","potentialAction":[{"@type":"ReadAction","target":["https:\/\/www.anniesloan.com\/de\/klarna\/"]}]},{"@type":"ImageObject","inLanguage":"de-DE","@id":"https:\/\/www.anniesloan.com\/de\/klarna\/#primaryimage","url":"https:\/\/www.anniesloan.com\/de\/wp-content\/uploads\/sites\/3\/2021\/06\/AnnieSloanLogoForKlarna.jpg","contentUrl":"https:\/\/www.anniesloan.com\/de\/wp-content\/uploads\/sites\/3\/2021\/06\/AnnieSloanLogoForKlarna.jpg","width":500,"height":500,"caption":"Annie Sloan Logo"},{"@type":"WebSite","@id":"https:\/\/www.anniesloan.com\/de\/#website","url":"https:\/\/www.anniesloan.com\/de\/","name":"Annie Sloan DE","description":"Die Heimat der Chalk Paint\u2122","potentialAction":[{"@type":"SearchAction","target":{"@type":"EntryPoint","urlTemplate":"https:\/\/www.anniesloan.com\/de\/?s={search_term_string}"},"query-input":{"@type":"PropertyValueSpecification","valueRequired":true,"valueName":"search_term_string"}}],"inLanguage":"de-DE"}]}},"_links":{"self":[{"href":"https:\/\/www.anniesloan.com\/de\/wp-json\/wp\/v2\/pages\/25559","targetHints":{"allow":["GET"]}}],"collection":[{"href":"https:\/\/www.anniesloan.com\/de\/wp-json\/wp\/v2\/pages"}],"about":[{"href":"https:\/\/www.anniesloan.com\/de\/wp-json\/wp\/v2\/types\/page"}],"author":[{"embeddable":true,"href":"https:\/\/www.anniesloan.com\/de\/wp-json\/wp\/v2\/users\/2"}],"replies":[{"embeddable":true,"href":"https:\/\/www.anniesloan.com\/de\/wp-json\/wp\/v2\/comments?post=25559"}],"version-history":[{"count":0,"href":"https:\/\/www.anniesloan.com\/de\/wp-json\/wp\/v2\/pages\/25559\/revisions"}],"wp:featuredmedia":[{"embeddable":true,"href":"https:\/\/www.anniesloan.com\/de\/wp-json\/wp\/v2\/media\/25560"}],"wp:attachment":[{"href":"https:\/\/www.anniesloan.com\/de\/wp-json\/wp\/v2\/media?parent=25559"}],"curies":[{"name":"wp","href":"https:\/\/api.w.org\/{rel}","templated":true}]}}