{"id":22290,"date":"2019-07-15T15:40:41","date_gmt":"2019-07-15T15:40:41","guid":{"rendered":"https:\/\/www.anniesloan.com\/product-information\/"},"modified":"2022-04-21T12:12:20","modified_gmt":"2022-04-21T12:12:20","slug":"produktinformationen","status":"publish","type":"page","link":"https:\/\/www.anniesloan.com\/de\/produktinformationen\/","title":{"rendered":"Produktinformationen"},"content":{"rendered":"<h3>Chalk Paint\u2122 Dekorationsfarbe von Annie Sloan<\/h3>\n<p><a href=\"\/de\/produkte\/chalk-paint\/\">Chalk Paint\u2122<\/a> &#8211; Die Dekorationsfarbe von Annie Sloan Chalk Paint\u2122 ist der Markenname f\u00fcr Annie&#8217;s einzigartige wasserbasierte Dekorationsfarbe. Die Farbe ist ungiftig und nahezu geruchsneutral, mit 0,13% enth\u00e4lt sie ein Minimum an fl\u00fcchtigen organischen Verbindungen (VOCs). Der EU Grenzwert f\u00fcr dieses Produkt (cat.a) betr\u00e4gt 30g\/l (2010)). Die Farbe wurde von Annie Sloan speziell f\u00fcr M\u00f6bel entwickelt wurde, l\u00e4sst sich aber auf die meisten Oberfl\u00e4chen auftragen und erfordert nur in den seltensten F\u00e4llen eine Grundierung oder ein Schleifen vor dem Anstrich. Sie kann auf W\u00e4nden, B\u00f6den, Holz, Beton, Metall, mattem Plastik, Steingut, Ziegel, Stein, Leder u.\u00e4. verwendet werden, im in Innen- sowie im Au\u00dfenbereichen. Es k\u00f6nnen sogar Polster bemalt und Stoffe gef\u00e4rbt werden.<\/p>\n<p>Chalk Paint\u2122 ist mit 13,9 m\u00b2 pro Liter extrem ergiebig (entspricht einer kleinen Kommode); ein Anstrich reicht \u00fcblicherweise aus. Die Farbe kann mit Wasser verd\u00fcnnt und als Lasur verwendet werden. Sie kann auch als Impasto (dick) angewandt werden \u2014 lassen Sie die Dose \u00fcber Nacht ge\u00f6ffnet, damit die Farbe eindickt. F\u00fcr einen dezenten Glanz, Schutz und Haltbarkeit wird <a href=\"\/de\/produkt\/wachse-und-finishes\/wachs-transparent\/\">Chalk Paint\u2122 Wax<\/a> aufgetragen nach dem Anstreichen. Um einen Antik-Look zu schaffen, verwendet man <a href=\"\/de\/produkt\/wachse-und-finishes\/wachs-dunkel\/\">Chalk Paint\u2122 Wax &#8211; Dunkel<\/a>. Um Farben heller erscheinen zu lassen oder einen gek\u00e4lkten Effekt zu erzielen, kann <a href=\"\/de\/produkt\/wachse-und-finishes\/wachs-weiss\/\">Chalk Paint\u2122 Wax &#8211; Wei\u00df<\/a> verwendet werden. Praktisch alle Effekte k\u00f6nnen mit unseren Produkten erzielt werden!<\/p>\n<hr \/>\n<h3>Annie Sloan Wall Paint<\/h3>\n<p><a href=\"\/de\/produkte\/wall-paint\/\">Wall Paint<\/a> ist Annie Sloans strapazierf\u00e4hige Wandfarbe. Sie ist ungiftig und nahezu geruchsneutral, mit 0,02g\/l enth\u00e4lt sie ein Minimum an fl\u00fcchtigen organischen Verbindungen (VOCs). Der EU Grenzwert f\u00fcr dieses Produkt (cat.a) betr\u00e4gt 30g\/l (2010)). Sie wurde von Annie Sloan speziell f\u00fcr W\u00e4nde und Decken entwickelt und bietet einen langlebiges, mattes Finish. Sie ist abwaschbar und kann ruhig mal geschrubbt werden; Flecken lassen sich einfach entfernen, was sie zu einer au\u00dfergew\u00f6hnlich praktischen, hochleistungsf\u00e4higen Farbe macht. Wall Paint ist mit 14,5 m2 pro Liter extrem ergiebig; ein Anstrich reicht in der Regel aus. Wall Paint kann ohne Wachs oder Lack verwendet werden.<\/p>\n<hr \/>\n<h3>Annie Sloan Satin Paint<\/h3>\n<p><a href=\"https:\/\/www.anniesloan.com\/de\/produkte\/satin-paint\/\">Annie Sloan Satin Paint<\/a> wurde f\u00fcr die Verwendung in Innenr\u00e4umen entwickelt.Annie Sloan Satin Paint verleiht jeder Holz- oder Metalloberfl\u00e4che in Innenbereichen ein strapazierf\u00e4higes und dennoch elegantes, weich gl\u00e4nzendes Finish. Annie Sloan Satin Paint ist abwaschbar, schnelltrocknend und auf Wasserbasis hergestellt. Sie hat einen Glanzgrad von 10%. Sie ist als spielzeugsicher zertifiziert (EU-Richtlinie \u00fcber die Sicherheit von Spielzeug BS EN 71-3:2019) und hat einen EU-Innenraumluftwert von A+.<\/p>\n<p>F\u00fcr eine l\u00e4ngere Haltbarkeit f\u00fcllen Sie gebrauchte Dosen, die weniger als halb voll sind, in kleinere, fest verschlossene Beh\u00e4lter um. F\u00fcr beste Ergebnisse innerhalb von 12 Monaten nach dem Kauf verwenden.<\/p>\n<p class=\"Standard\"><span class=\"T6\"><span id=\"m-tgroup_50\" class=\"m-tgroup\" dir=\"ltr\" data-position=\"51\">VOC-Gehalt: <\/span><\/span><span class=\"T6\"><span id=\"m-tgroup_51\" class=\"m-tgroup in-ctx-preview-highlight-group\" dir=\"ltr\" data-position=\"52\">VOC GEHALT &lt; 5 g\/l (<\/span><\/span><span class=\"T6\"><span id=\"m-tgroup_52\" class=\"m-tgroup\" dir=\"ltr\" data-position=\"53\">UK\/EU &#8211; Minimal &amp; <\/span><\/span><span class=\"T6\"><span id=\"m-tgroup_53\" class=\"m-tgroup\" dir=\"ltr\" data-position=\"54\">US\/CA &#8211; sehr gering)<\/span><\/span><\/p>\n<hr \/>\n<h3>Annie Sloan Farbe und Wachse In Der Schwangerschaft<\/h3>\n<p>Wir raten schwangeren Frauen, eine andere Person zu bitten, Chalk Paint\u2122 Wachse an ihrer Stelle aufzutragen. Obwohl das Wachs in keiner Weise sch\u00e4dlich ist, k\u00f6nnen die D\u00e4mpfe, die das Wachs beim Trocknen erzeugt, das Gef\u00fchl von \u00dcbelkeit verursachen, wof\u00fcr schwangere Frauen eventuell anf\u00e4lliger sind. Au\u00dfer dem direkten Gef\u00fchl von Benommenheit oder Schwindel gibt es keine anhaltenden, sch\u00e4dlichen Auswirkungen durch die Verwendung unseres Chalk Paint\u2122 Wax.<\/p>\n<hr \/>\n<h3>Kinderzimmer und Spielzeugsicherheit<\/h3>\n<p>Sowohl Chalk Paint\u2122 als auch Wall Paint sind ungiftig und absolut sicher f\u00fcr Kinderm\u00f6bel und W\u00e4nde von Kinderzimmern. Dar\u00fcber hinaus wurden Muster von Chalk Paint\u2122, Wall Paint und Chalk Paint\u2122 Wax unabh\u00e4ngig getestet und sind als spielzeugsicher entsprechend strikter europ\u00e4ischer Bestimmungen (BS EN 71-3:2013) zertifiziert. F\u00fcr Dinge, die Kinder eventuell in den Mund stecken k\u00f6nnen, raten wir, das Wachs 5 &#8211; 21 Tage trocknen zu lassen, um sicherzustellen, dass es vollst\u00e4ndig ausgeh\u00e4rtet ist.<\/p>\n<hr \/>\n<h3>Entflammbarkeit<\/h3>\n<p>Sowohl Chalk Paint\u2122 als auch Wall Paint sind wasserbasierte Farben und nicht entflammbar. Sie sind jedoch keine feuerhemmende Farben. Sie k\u00f6nnen in Bereichen um Kamine, Heizk\u00f6rper und \u00d6fen verwendet werden.<\/p>\n<p>Die Stoffe, die zurzeit von Annie Sloan Interiors geliefert werden, sind als Raumtextilien gedacht und nicht B1 ausgestattet.<\/p>\n<hr \/>\n<h3>Tierversuche<\/h3>\n<p>Keines unserer Produkte wurde an Tieren getestet. Chalk Paint\u2122 und <a href=\"\/de\/produkt\/wachse-und-finishes\/chalk-paint-lacquer\/\">Chalk Paint\u2122 Lacquer<\/a> enthalten keine tierischen Produkte, Chalk Paint\u2122 Wax (sowohl Transparent als auch Dunkel) enth\u00e4lt jedoch Bienenwachs.<\/p>\n<hr \/>\n<h3>Haltbarkeit<\/h3>\n<p>Wie alle herk\u00f6mmlichen Farben haben auch Annie Sloans Farben eine gewisse Haltbarkeit. Wir wissen, dass Chalk Paint\u2122 und Wall Paint bei sorgf\u00e4ltiger Lagerung \u00fcber lange Jahre hinweg haltbar sind. Wir wissen jedoch nicht, unter welchen Bedingungen unsere Produkte gelagert werden, sobald sie unsere Farbmanufaktur verlassen. Wir empfehlen daher, die Farbe innerhalb eines Jahres ab dem Kaufdatum zu verwenden.<\/p>\n<p>Die Haltbarkeit kann m\u00f6glicherweise beeintr\u00e4chtigt werden, wenn die Farbe unter extremen oder schwankenden Temperaturbedingungen gelagert wird. Die Haltbarkeit der Farbe ist auch durch das \u00d6ffnen der Dose beeintr\u00e4chtigt. Durch eingetretene Luft kann es unabh\u00e4ngig von der Lagertemperatur zur Rostbildung innerhalb der Dose kommen. Verhindern Sie eine Verschmutzung der Farbe, indem sie diese abf\u00fcllen, bevor Sie sie mit Wasser mischen. Mischen Sie also nicht direkt in der Dose.<\/p>\n<p>In den meisten F\u00e4llen kann mit \u201ealten\u201c Farben problemlos gearbeitet werden. Sollte die Farbe etwas zu dickfl\u00fcssig sein, geben Sie etwas Wasser hinzu und schon kann es losgehen!<\/p>\n<hr \/>\n<h3>Stoffe<\/h3>\n<p><a href=\"\/de\/produkte\/stoffe\/\">Annie Sloan Stoffe<\/a> eignen sich hervorragend f\u00fcr Vorh\u00e4nge, Stoffrollos, Wohntextilien und Polsterarbeiten. Die <a href=\"\/de\/produkte\/stoffe\/bedruckte-stoffe\/\">bedruckten Stoffe<\/a> haben einen Martindale-Wert von 20.000, die <a href=\"\/de\/produkte\/stoffe\/bezugsstoffe\/\">Bezugsstoffe<\/a> von 24.000 und die <a href=\"\/de\/produkte\/stoffe\/halbleinen\/\">Linen Union Stoffe<\/a> von 25.000. F\u00fcr Polsterarbeiten ist es generell notwendig, Annie Sloan Stoffe zusammen mit einem feuerhemmenden Zwischenmaterial gem\u00e4\u00df Anhang 3 BS 5852 zu verwenden: Teil 2 Quelle 5.<\/p>\n<p>Auf Grund der nat\u00fcrlichen Zusammensetzung unseres Leinenstoffes kann es dazu kommen, dass die Farben im Laufe der Zeit auf nat\u00fcrliche Weise verblassen.<\/p>\n<hr \/>\n<p>Weitere Informationen zur Verwendung von Chalk Paint\u2122 und anderen Annie Sloan Produkten finden Sie auf der Seite <a href=\"\/de\/techniken\/\">Tipps &amp; Techniken<\/a>.<\/p>\n<p>Bei Fragen zu unseren Produkte, wenden Sie sich bitte an die Hauptgesch\u00e4ftsstelle in Gro\u00dfbritannien: <a href=\"mailto:enquiries@anniesloan.com\">enquiries@anniesloan.com<\/a><\/p>\n","protected":false},"excerpt":{"rendered":"<p>Chalk Paint\u2122 Dekorationsfarbe von Annie Sloan Chalk Paint\u2122 &#8211; Die Dekorationsfarbe von Annie Sloan Chalk Paint\u2122 ist der Markenname f\u00fcr Annie&#8217;s einzigartige wasserbasierte Dekorationsfarbe. Die Farbe ist ungiftig und nahezu geruchsneutral, mit 0,13% enth\u00e4lt sie ein Minimum an fl\u00fcchtigen organischen Verbindungen (VOCs). Der EU Grenzwert f\u00fcr dieses Produkt (cat.a) betr\u00e4gt 30g\/l (2010)). Die Farbe wurde [&hellip;]<\/p>\n","protected":false},"author":2,"featured_media":22291,"parent":0,"menu_order":0,"comment_status":"open","ping_status":"open","template":"","meta":{"_acf_changed":false,"_relevanssi_hide_post":"","_relevanssi_hide_content":"","_relevanssi_pin_for_all":"","_relevanssi_pin_keywords":"","_relevanssi_unpin_keywords":"","_relevanssi_related_keywords":"","_relevanssi_related_include_ids":"","_relevanssi_related_exclude_ids":"","_relevanssi_related_no_append":"","_relevanssi_related_not_related":"","_relevanssi_related_posts":"","_relevanssi_noindex_reason":"","footnotes":""},"class_list":["post-22290","page","type-page","status-publish","has-post-thumbnail","hentry"],"acf":[],"yoast_head":"<!-- This site is optimized with the Yoast SEO Premium plugin v26.5 (Yoast SEO v26.5) - https:\/\/yoast.com\/wordpress\/plugins\/seo\/ -->\n<title>Produktinformationen | Annie Sloan DE<\/title>\n<meta name=\"description\" content=\"Bitte lesen Sie die Annie Sloan Produktinformation f\u00fcr Einzelheiten zu Farbinhaltsstoffen und Sicherheitshinweisen.\" \/>\n<meta name=\"robots\" content=\"index, follow, max-snippet:-1, max-image-preview:large, max-video-preview:-1\" \/>\n<link rel=\"canonical\" href=\"https:\/\/www.anniesloan.com\/de\/produktinformationen\/\" \/>\n<meta property=\"og:locale\" content=\"de_DE\" \/>\n<meta property=\"og:type\" content=\"article\" \/>\n<meta property=\"og:title\" content=\"Produktinformationen\" \/>\n<meta property=\"og:description\" content=\"Bitte lesen Sie die Annie Sloan Produktinformation f\u00fcr Einzelheiten zu Farbinhaltsstoffen und Sicherheitshinweisen.\" \/>\n<meta property=\"og:url\" content=\"https:\/\/www.anniesloan.com\/de\/produktinformationen\/\" \/>\n<meta property=\"og:site_name\" content=\"Annie Sloan DE\" \/>\n<meta property=\"article:modified_time\" content=\"2022-04-21T12:12:20+00:00\" \/>\n<meta property=\"og:image\" content=\"https:\/\/www.anniesloan.com\/de\/wp-content\/uploads\/sites\/3\/2021\/05\/Malachite-Effect-Table-Top-painted-by-Annie-Sloan-with-Chalk-Paint-from-The-Colourist-Issue-Three-you-will-need-2000.jpg\" \/>\n\t<meta property=\"og:image:width\" content=\"916\" \/>\n\t<meta property=\"og:image:height\" content=\"1024\" \/>\n\t<meta property=\"og:image:type\" content=\"image\/jpeg\" \/>\n<meta name=\"twitter:card\" content=\"summary_large_image\" \/>\n<meta name=\"twitter:label1\" content=\"Gesch\u00e4tzte Lesezeit\" \/>\n\t<meta name=\"twitter:data1\" content=\"5 Minuten\" \/>\n<script type=\"application\/ld+json\" class=\"yoast-schema-graph\">{\"@context\":\"https:\/\/schema.org\",\"@graph\":[{\"@type\":\"WebPage\",\"@id\":\"https:\/\/www.anniesloan.com\/de\/produktinformationen\/\",\"url\":\"https:\/\/www.anniesloan.com\/de\/produktinformationen\/\",\"name\":\"Produktinformationen | Annie Sloan DE\",\"isPartOf\":{\"@id\":\"https:\/\/www.anniesloan.com\/de\/#website\"},\"primaryImageOfPage\":{\"@id\":\"https:\/\/www.anniesloan.com\/de\/produktinformationen\/#primaryimage\"},\"image\":{\"@id\":\"https:\/\/www.anniesloan.com\/de\/produktinformationen\/#primaryimage\"},\"thumbnailUrl\":\"https:\/\/www.anniesloan.com\/de\/wp-content\/uploads\/sites\/3\/2021\/05\/Malachite-Effect-Table-Top-painted-by-Annie-Sloan-with-Chalk-Paint-from-The-Colourist-Issue-Three-you-will-need-2000.jpg\",\"datePublished\":\"2019-07-15T15:40:41+00:00\",\"dateModified\":\"2022-04-21T12:12:20+00:00\",\"description\":\"Bitte lesen Sie die Annie Sloan Produktinformation f\u00fcr Einzelheiten zu Farbinhaltsstoffen und Sicherheitshinweisen.\",\"inLanguage\":\"de-DE\",\"potentialAction\":[{\"@type\":\"ReadAction\",\"target\":[\"https:\/\/www.anniesloan.com\/de\/produktinformationen\/\"]}]},{\"@type\":\"ImageObject\",\"inLanguage\":\"de-DE\",\"@id\":\"https:\/\/www.anniesloan.com\/de\/produktinformationen\/#primaryimage\",\"url\":\"https:\/\/www.anniesloan.com\/de\/wp-content\/uploads\/sites\/3\/2021\/05\/Malachite-Effect-Table-Top-painted-by-Annie-Sloan-with-Chalk-Paint-from-The-Colourist-Issue-Three-you-will-need-2000.jpg\",\"contentUrl\":\"https:\/\/www.anniesloan.com\/de\/wp-content\/uploads\/sites\/3\/2021\/05\/Malachite-Effect-Table-Top-painted-by-Annie-Sloan-with-Chalk-Paint-from-The-Colourist-Issue-Three-you-will-need-2000.jpg\",\"width\":916,\"height\":1024,\"caption\":\"How to paint a Malachite Effect Table Top painted by Annie Sloan with Chalk Paint\u00ae in Florence and Amsterdam Green from The Colourist Issue 3 - products you will need\"},{\"@type\":\"WebSite\",\"@id\":\"https:\/\/www.anniesloan.com\/de\/#website\",\"url\":\"https:\/\/www.anniesloan.com\/de\/\",\"name\":\"Annie Sloan DE\",\"description\":\"Die Heimat der Chalk Paint\u2122\",\"potentialAction\":[{\"@type\":\"SearchAction\",\"target\":{\"@type\":\"EntryPoint\",\"urlTemplate\":\"https:\/\/www.anniesloan.com\/de\/?s={search_term_string}\"},\"query-input\":{\"@type\":\"PropertyValueSpecification\",\"valueRequired\":true,\"valueName\":\"search_term_string\"}}],\"inLanguage\":\"de-DE\"}]}<\/script>\n<!-- \/ Yoast SEO Premium plugin. -->","yoast_head_json":{"title":"Produktinformationen | Annie Sloan DE","description":"Bitte lesen Sie die Annie Sloan Produktinformation f\u00fcr Einzelheiten zu Farbinhaltsstoffen und Sicherheitshinweisen.","robots":{"index":"index","follow":"follow","max-snippet":"max-snippet:-1","max-image-preview":"max-image-preview:large","max-video-preview":"max-video-preview:-1"},"canonical":"https:\/\/www.anniesloan.com\/de\/produktinformationen\/","og_locale":"de_DE","og_type":"article","og_title":"Produktinformationen","og_description":"Bitte lesen Sie die Annie Sloan Produktinformation f\u00fcr Einzelheiten zu Farbinhaltsstoffen und Sicherheitshinweisen.","og_url":"https:\/\/www.anniesloan.com\/de\/produktinformationen\/","og_site_name":"Annie Sloan DE","article_modified_time":"2022-04-21T12:12:20+00:00","og_image":[{"width":916,"height":1024,"url":"https:\/\/www.anniesloan.com\/de\/wp-content\/uploads\/sites\/3\/2021\/05\/Malachite-Effect-Table-Top-painted-by-Annie-Sloan-with-Chalk-Paint-from-The-Colourist-Issue-Three-you-will-need-2000.jpg","type":"image\/jpeg"}],"twitter_card":"summary_large_image","twitter_misc":{"Gesch\u00e4tzte Lesezeit":"5 Minuten"},"schema":{"@context":"https:\/\/schema.org","@graph":[{"@type":"WebPage","@id":"https:\/\/www.anniesloan.com\/de\/produktinformationen\/","url":"https:\/\/www.anniesloan.com\/de\/produktinformationen\/","name":"Produktinformationen | Annie Sloan DE","isPartOf":{"@id":"https:\/\/www.anniesloan.com\/de\/#website"},"primaryImageOfPage":{"@id":"https:\/\/www.anniesloan.com\/de\/produktinformationen\/#primaryimage"},"image":{"@id":"https:\/\/www.anniesloan.com\/de\/produktinformationen\/#primaryimage"},"thumbnailUrl":"https:\/\/www.anniesloan.com\/de\/wp-content\/uploads\/sites\/3\/2021\/05\/Malachite-Effect-Table-Top-painted-by-Annie-Sloan-with-Chalk-Paint-from-The-Colourist-Issue-Three-you-will-need-2000.jpg","datePublished":"2019-07-15T15:40:41+00:00","dateModified":"2022-04-21T12:12:20+00:00","description":"Bitte lesen Sie die Annie Sloan Produktinformation f\u00fcr Einzelheiten zu Farbinhaltsstoffen und Sicherheitshinweisen.","inLanguage":"de-DE","potentialAction":[{"@type":"ReadAction","target":["https:\/\/www.anniesloan.com\/de\/produktinformationen\/"]}]},{"@type":"ImageObject","inLanguage":"de-DE","@id":"https:\/\/www.anniesloan.com\/de\/produktinformationen\/#primaryimage","url":"https:\/\/www.anniesloan.com\/de\/wp-content\/uploads\/sites\/3\/2021\/05\/Malachite-Effect-Table-Top-painted-by-Annie-Sloan-with-Chalk-Paint-from-The-Colourist-Issue-Three-you-will-need-2000.jpg","contentUrl":"https:\/\/www.anniesloan.com\/de\/wp-content\/uploads\/sites\/3\/2021\/05\/Malachite-Effect-Table-Top-painted-by-Annie-Sloan-with-Chalk-Paint-from-The-Colourist-Issue-Three-you-will-need-2000.jpg","width":916,"height":1024,"caption":"How to paint a Malachite Effect Table Top painted by Annie Sloan with Chalk Paint\u00ae in Florence and Amsterdam Green from The Colourist Issue 3 - products you will need"},{"@type":"WebSite","@id":"https:\/\/www.anniesloan.com\/de\/#website","url":"https:\/\/www.anniesloan.com\/de\/","name":"Annie Sloan DE","description":"Die Heimat der Chalk Paint\u2122","potentialAction":[{"@type":"SearchAction","target":{"@type":"EntryPoint","urlTemplate":"https:\/\/www.anniesloan.com\/de\/?s={search_term_string}"},"query-input":{"@type":"PropertyValueSpecification","valueRequired":true,"valueName":"search_term_string"}}],"inLanguage":"de-DE"}]}},"_links":{"self":[{"href":"https:\/\/www.anniesloan.com\/de\/wp-json\/wp\/v2\/pages\/22290","targetHints":{"allow":["GET"]}}],"collection":[{"href":"https:\/\/www.anniesloan.com\/de\/wp-json\/wp\/v2\/pages"}],"about":[{"href":"https:\/\/www.anniesloan.com\/de\/wp-json\/wp\/v2\/types\/page"}],"author":[{"embeddable":true,"href":"https:\/\/www.anniesloan.com\/de\/wp-json\/wp\/v2\/users\/2"}],"replies":[{"embeddable":true,"href":"https:\/\/www.anniesloan.com\/de\/wp-json\/wp\/v2\/comments?post=22290"}],"version-history":[{"count":0,"href":"https:\/\/www.anniesloan.com\/de\/wp-json\/wp\/v2\/pages\/22290\/revisions"}],"wp:featuredmedia":[{"embeddable":true,"href":"https:\/\/www.anniesloan.com\/de\/wp-json\/wp\/v2\/media\/22291"}],"wp:attachment":[{"href":"https:\/\/www.anniesloan.com\/de\/wp-json\/wp\/v2\/media?parent=22290"}],"curies":[{"name":"wp","href":"https:\/\/api.w.org\/{rel}","templated":true}]}}