{"id":22257,"date":"2019-07-08T15:49:19","date_gmt":"2019-07-08T15:49:19","guid":{"rendered":"https:\/\/www.anniesloan.com\/stockists\/"},"modified":"2024-04-15T13:10:05","modified_gmt":"2024-04-15T11:10:05","slug":"fachhandler","status":"publish","type":"page","link":"https:\/\/www.anniesloan.com\/de\/fachhandler\/","title":{"rendered":"Fachh\u00e4ndler"},"content":{"rendered":"","protected":false},"excerpt":{"rendered":"","protected":false},"author":2,"featured_media":33367,"parent":0,"menu_order":0,"comment_status":"open","ping_status":"open","template":"tpl-stockists.php","meta":{"_acf_changed":false,"_relevanssi_hide_post":"","_relevanssi_hide_content":"","_relevanssi_pin_for_all":"","_relevanssi_pin_keywords":"","_relevanssi_unpin_keywords":"","_relevanssi_related_keywords":"","_relevanssi_related_include_ids":"","_relevanssi_related_exclude_ids":"","_relevanssi_related_no_append":"","_relevanssi_related_not_related":"","_relevanssi_related_posts":"","_relevanssi_noindex_reason":"","footnotes":""},"class_list":["post-22257","page","type-page","status-publish","has-post-thumbnail","hentry"],"acf":[],"yoast_head":"<!-- This site is optimized with the Yoast SEO Premium plugin v26.5 (Yoast SEO v26.5) - https:\/\/yoast.com\/wordpress\/plugins\/seo\/ -->\n<title>Fachh\u00e4ndler | Annie Sloan DE<\/title>\n<meta name=\"description\" content=\"Annie Sloans sorgf\u00e4ltig ausgew\u00e4hltes Netzwerk von unabh\u00e4ngigen Gesch\u00e4ften und Fachh\u00e4ndlern.\" \/>\n<meta name=\"robots\" content=\"index, follow, max-snippet:-1, max-image-preview:large, max-video-preview:-1\" \/>\n<link rel=\"canonical\" href=\"https:\/\/www.anniesloan.com\/de\/fachhandler\/\" \/>\n<meta property=\"og:locale\" content=\"de_DE\" \/>\n<meta property=\"og:type\" content=\"article\" \/>\n<meta property=\"og:title\" content=\"Fachh\u00e4ndler\" \/>\n<meta property=\"og:description\" content=\"Annie Sloans sorgf\u00e4ltig ausgew\u00e4hltes Netzwerk von unabh\u00e4ngigen Gesch\u00e4ften und Fachh\u00e4ndlern.\" \/>\n<meta property=\"og:url\" content=\"https:\/\/www.anniesloan.com\/de\/fachhandler\/\" \/>\n<meta property=\"og:site_name\" content=\"Annie Sloan DE\" \/>\n<meta property=\"article:modified_time\" content=\"2024-04-15T11:10:05+00:00\" \/>\n<meta property=\"og:image\" content=\"https:\/\/www.anniesloan.com\/de\/wp-content\/uploads\/sites\/3\/2021\/07\/Schwagerlwirtschaft-annie-sloan-Stockist-germany-2000.jpg\" \/>\n\t<meta property=\"og:image:width\" content=\"1535\" \/>\n\t<meta property=\"og:image:height\" content=\"1024\" \/>\n\t<meta property=\"og:image:type\" content=\"image\/jpeg\" \/>\n<meta name=\"twitter:card\" content=\"summary_large_image\" \/>\n<script type=\"application\/ld+json\" class=\"yoast-schema-graph\">{\"@context\":\"https:\/\/schema.org\",\"@graph\":[{\"@type\":\"WebPage\",\"@id\":\"https:\/\/www.anniesloan.com\/de\/fachhandler\/\",\"url\":\"https:\/\/www.anniesloan.com\/de\/fachhandler\/\",\"name\":\"Fachh\u00e4ndler | Annie Sloan DE\",\"isPartOf\":{\"@id\":\"https:\/\/www.anniesloan.com\/de\/#website\"},\"primaryImageOfPage\":{\"@id\":\"https:\/\/www.anniesloan.com\/de\/fachhandler\/#primaryimage\"},\"image\":{\"@id\":\"https:\/\/www.anniesloan.com\/de\/fachhandler\/#primaryimage\"},\"thumbnailUrl\":\"https:\/\/www.anniesloan.com\/de\/wp-content\/uploads\/sites\/3\/2021\/07\/Schwagerlwirtschaft-annie-sloan-Stockist-germany-2000.jpg\",\"datePublished\":\"2019-07-08T15:49:19+00:00\",\"dateModified\":\"2024-04-15T11:10:05+00:00\",\"description\":\"Annie Sloans sorgf\u00e4ltig ausgew\u00e4hltes Netzwerk von unabh\u00e4ngigen Gesch\u00e4ften und Fachh\u00e4ndlern.\",\"inLanguage\":\"de-DE\",\"potentialAction\":[{\"@type\":\"ReadAction\",\"target\":[\"https:\/\/www.anniesloan.com\/de\/fachhandler\/\"]}]},{\"@type\":\"ImageObject\",\"inLanguage\":\"de-DE\",\"@id\":\"https:\/\/www.anniesloan.com\/de\/fachhandler\/#primaryimage\",\"url\":\"https:\/\/www.anniesloan.com\/de\/wp-content\/uploads\/sites\/3\/2021\/07\/Schwagerlwirtschaft-annie-sloan-Stockist-germany-2000.jpg\",\"contentUrl\":\"https:\/\/www.anniesloan.com\/de\/wp-content\/uploads\/sites\/3\/2021\/07\/Schwagerlwirtschaft-annie-sloan-Stockist-germany-2000.jpg\",\"width\":1535,\"height\":1024,\"caption\":\"Schw\u00e4gerlwirtschaft Annie Sloan Deutsch Fachh\u00e4ndler\"},{\"@type\":\"WebSite\",\"@id\":\"https:\/\/www.anniesloan.com\/de\/#website\",\"url\":\"https:\/\/www.anniesloan.com\/de\/\",\"name\":\"Annie Sloan DE\",\"description\":\"Die Heimat der Chalk Paint\u2122\",\"potentialAction\":[{\"@type\":\"SearchAction\",\"target\":{\"@type\":\"EntryPoint\",\"urlTemplate\":\"https:\/\/www.anniesloan.com\/de\/?s={search_term_string}\"},\"query-input\":{\"@type\":\"PropertyValueSpecification\",\"valueRequired\":true,\"valueName\":\"search_term_string\"}}],\"inLanguage\":\"de-DE\"}]}<\/script>\n<!-- \/ Yoast SEO Premium plugin. -->","yoast_head_json":{"title":"Fachh\u00e4ndler | Annie Sloan DE","description":"Annie Sloans sorgf\u00e4ltig ausgew\u00e4hltes Netzwerk von unabh\u00e4ngigen Gesch\u00e4ften und Fachh\u00e4ndlern.","robots":{"index":"index","follow":"follow","max-snippet":"max-snippet:-1","max-image-preview":"max-image-preview:large","max-video-preview":"max-video-preview:-1"},"canonical":"https:\/\/www.anniesloan.com\/de\/fachhandler\/","og_locale":"de_DE","og_type":"article","og_title":"Fachh\u00e4ndler","og_description":"Annie Sloans sorgf\u00e4ltig ausgew\u00e4hltes Netzwerk von unabh\u00e4ngigen Gesch\u00e4ften und Fachh\u00e4ndlern.","og_url":"https:\/\/www.anniesloan.com\/de\/fachhandler\/","og_site_name":"Annie Sloan DE","article_modified_time":"2024-04-15T11:10:05+00:00","og_image":[{"width":1535,"height":1024,"url":"https:\/\/www.anniesloan.com\/de\/wp-content\/uploads\/sites\/3\/2021\/07\/Schwagerlwirtschaft-annie-sloan-Stockist-germany-2000.jpg","type":"image\/jpeg"}],"twitter_card":"summary_large_image","schema":{"@context":"https:\/\/schema.org","@graph":[{"@type":"WebPage","@id":"https:\/\/www.anniesloan.com\/de\/fachhandler\/","url":"https:\/\/www.anniesloan.com\/de\/fachhandler\/","name":"Fachh\u00e4ndler | Annie Sloan DE","isPartOf":{"@id":"https:\/\/www.anniesloan.com\/de\/#website"},"primaryImageOfPage":{"@id":"https:\/\/www.anniesloan.com\/de\/fachhandler\/#primaryimage"},"image":{"@id":"https:\/\/www.anniesloan.com\/de\/fachhandler\/#primaryimage"},"thumbnailUrl":"https:\/\/www.anniesloan.com\/de\/wp-content\/uploads\/sites\/3\/2021\/07\/Schwagerlwirtschaft-annie-sloan-Stockist-germany-2000.jpg","datePublished":"2019-07-08T15:49:19+00:00","dateModified":"2024-04-15T11:10:05+00:00","description":"Annie Sloans sorgf\u00e4ltig ausgew\u00e4hltes Netzwerk von unabh\u00e4ngigen Gesch\u00e4ften und Fachh\u00e4ndlern.","inLanguage":"de-DE","potentialAction":[{"@type":"ReadAction","target":["https:\/\/www.anniesloan.com\/de\/fachhandler\/"]}]},{"@type":"ImageObject","inLanguage":"de-DE","@id":"https:\/\/www.anniesloan.com\/de\/fachhandler\/#primaryimage","url":"https:\/\/www.anniesloan.com\/de\/wp-content\/uploads\/sites\/3\/2021\/07\/Schwagerlwirtschaft-annie-sloan-Stockist-germany-2000.jpg","contentUrl":"https:\/\/www.anniesloan.com\/de\/wp-content\/uploads\/sites\/3\/2021\/07\/Schwagerlwirtschaft-annie-sloan-Stockist-germany-2000.jpg","width":1535,"height":1024,"caption":"Schw\u00e4gerlwirtschaft Annie Sloan Deutsch Fachh\u00e4ndler"},{"@type":"WebSite","@id":"https:\/\/www.anniesloan.com\/de\/#website","url":"https:\/\/www.anniesloan.com\/de\/","name":"Annie Sloan DE","description":"Die Heimat der Chalk Paint\u2122","potentialAction":[{"@type":"SearchAction","target":{"@type":"EntryPoint","urlTemplate":"https:\/\/www.anniesloan.com\/de\/?s={search_term_string}"},"query-input":{"@type":"PropertyValueSpecification","valueRequired":true,"valueName":"search_term_string"}}],"inLanguage":"de-DE"}]}},"_links":{"self":[{"href":"https:\/\/www.anniesloan.com\/de\/wp-json\/wp\/v2\/pages\/22257","targetHints":{"allow":["GET"]}}],"collection":[{"href":"https:\/\/www.anniesloan.com\/de\/wp-json\/wp\/v2\/pages"}],"about":[{"href":"https:\/\/www.anniesloan.com\/de\/wp-json\/wp\/v2\/types\/page"}],"author":[{"embeddable":true,"href":"https:\/\/www.anniesloan.com\/de\/wp-json\/wp\/v2\/users\/2"}],"replies":[{"embeddable":true,"href":"https:\/\/www.anniesloan.com\/de\/wp-json\/wp\/v2\/comments?post=22257"}],"version-history":[{"count":0,"href":"https:\/\/www.anniesloan.com\/de\/wp-json\/wp\/v2\/pages\/22257\/revisions"}],"wp:featuredmedia":[{"embeddable":true,"href":"https:\/\/www.anniesloan.com\/de\/wp-json\/wp\/v2\/media\/33367"}],"wp:attachment":[{"href":"https:\/\/www.anniesloan.com\/de\/wp-json\/wp\/v2\/media?parent=22257"}],"curies":[{"name":"wp","href":"https:\/\/api.w.org\/{rel}","templated":true}]}}